{"id":46,"date":"2014-09-17T16:53:45","date_gmt":"2014-09-17T16:53:45","guid":{"rendered":"http:\/\/agora.xtec.cat\/ies-mediterrania-castelldefels\/?page_id=46"},"modified":"2026-04-14T17:06:50","modified_gmt":"2026-04-14T15:06:50","slug":"organigrama","status":"publish","type":"page","link":"https:\/\/agora.xtec.cat\/ies-mediterrania-castelldefels\/linstitut\/organigrama\/","title":{"rendered":"Organitzaci\u00f3 del centre"},"content":{"rendered":"\n<h5 class=\"wp-block-heading\"><span style=\"color: #333333;\"><strong>CURS 2025-2026<\/strong><\/span><\/h5>\n\n\n\n<p><strong>Equip directiu<\/strong><\/p>\n\n\n\n<figure class=\"wp-block-table\"><table class=\"has-fixed-layout\"><tbody><tr><td>Director<\/td><td>Ferran Sanz<\/td><\/tr><tr><td>Cap d\u2019Estudis<\/td><td>Ver\u00f3nica Mart\u00edn<\/td><\/tr><tr><td>Cap d\u2019Estudis de Formaci\u00f3 Professional<\/td><td>Cristina Planell<\/td><\/tr><tr><td>Cap d\u2019Estudis adjunta<\/td><td>Eva Romagosa<\/td><\/tr><tr><td>Coordinadora Pedag\u00f2gica<\/td><td>Arantxa Alonso<\/td><\/tr><tr><td>Secret\u00e0ria<\/td><td>Carme Navarro<\/td><\/tr><\/tbody><\/table><\/figure>\n\n\n\n<p><strong>Coordinacions<\/strong><\/p>\n\n\n\n<figure class=\"wp-block-table\"><table class=\"has-fixed-layout\"><tbody><tr><td>Coordinaci\u00f3 de 1r d\u2019ESO<\/td><td>Mireia Rodr\u00edguez<\/td><\/tr><tr><td>Coordinaci\u00f3 de 2n d\u2019ESO<\/td><td>S\u00edlvia Gimeno<\/td><\/tr><tr><td>Coordinaci\u00f3 de 3r d\u2019ESO<\/td><td>Fernando Rodr\u00edguez<\/td><\/tr><tr><td>Coordinaci\u00f3 de 4t d\u2019ESO<\/td><td>Rafael Piquer<\/td><\/tr><tr><td>Coordinaci\u00f3 de Batxillerat<\/td><td>Lorena Navarro<\/td><\/tr><tr><td>Coordinaci\u00f3 de Formaci\u00f3 Professional i FP Dual<\/td><td>Alberto Mart\u00ednez<\/td><\/tr><tr><td>Coordinaci\u00f3 de Formaci\u00f3 i Activitats a CF<\/td><td>Bel\u00e9n Taraz\u00f3n<\/td><\/tr><tr><td>Coordinaci\u00f3 Cultura digital<\/td><td>Pablo Yamuza<\/td><\/tr><tr><td>Coordinaci\u00f3 de Riscos Laborals<\/td><td>Alberto Molero<\/td><\/tr><tr><td>Coordinaci\u00f3 COCOBE (conviv\u00e8ncia i benestar emocional)<\/td><td>Laura Orriols<\/td><\/tr><tr><td>Coordinaci\u00f3 LIC<\/td><td>Cristina Carreras<\/td><\/tr><tr><td>Coordinaci\u00f3 del Pla catal\u00e0 d\u2019esport a l\u2019escola<\/td><td>Toni Cruz<\/td><\/tr><tr><td>Coordinaci\u00f3 de comunicaci\u00f3, espai web i activitats<\/td><td>Mar Costa<\/td><\/tr><tr><td>Coordinaci\u00f3 de Mobilitat Internacional<\/td><td>M. del Mar Marchante<\/td><\/tr><tr><td>Coordinaci\u00f3 d\u2019Escola Verda<\/td><td>Montse Garc\u00eda<\/td><\/tr><tr><td>Coordinaci\u00f3 de Projectes d\u2019innovaci\u00f3 (FP)<\/td><td>Maria Pilar Gonzalo<\/td><\/tr><tr><td>Coordinaci\u00f3 Emprenedoria<\/td><td>Reme Lucena<\/td><\/tr><\/tbody><\/table><\/figure>\n\n\n\n<p><strong>Caps de departament<\/strong><\/p>\n\n\n\n<figure class=\"wp-block-table\"><table class=\"has-fixed-layout\"><tbody><tr><td>Cap de Departament de Tecnologia i Digitalitzaci\u00f3<\/td><td>Montse Bellot<\/td><\/tr><tr><td>Cap de departament d\u2019Expressi\u00f3 Art\u00edstica<\/td><td>Alberto Molero<\/td><\/tr><tr><td>Cap de Departament d\u2019Educaci\u00f3 F\u00edsica<\/td><td>Susana Rodr\u00edguez<\/td><\/tr><tr><td>Cap de Departament de Ci\u00e8ncies Experimentals<\/td><td>Rosa Fern\u00e1ndez<\/td><\/tr><tr><td>Cap de Departament de Ci\u00e8ncies Socials<\/td><td>Eva P\u00e9rez<\/td><\/tr><tr><td>Cap de Departament de Matem\u00e0tiques<\/td><td>F. Xavier Teira<\/td><\/tr><tr><td>Cap de Departament de Llengua catalana i literatura<\/td><td>Mireia Tort<\/td><\/tr><tr><td>Cap de Departament de Llengua castellana i literatura<\/td><td>Ana Teruel<\/td><\/tr><tr><td>Cap de Departament de Lleng\u00fces estrangeres<\/td><td>Cristina Carreras<\/td><\/tr><tr><td>Cap de Departament d\u2019Orientaci\u00f3<\/td><td>Aurora Conrado<\/td><\/tr><tr><td>Cap de Departament de Comer\u00e7 i M\u00e0rqueting<\/td><td>Bego\u00f1a Garc\u00eda<\/td><\/tr><tr><td>Cap de Departament d\u2019Inform\u00e0tica i Comunicacions<\/td><td>Enric Gamas<\/td><\/tr><tr><td>Cap de Departament de Gesti\u00f3 Administrativa<\/td><td>Carles Alcover<\/td><\/tr><tr><td>Cap de Departament de Formaci\u00f3 i Orientaci\u00f3 Laboral<\/td><td>Mar\u00eda Pilar Gonzalo<\/td><\/tr><tr><td>Cap de Departament d\u2019Hoteleria i Turisme<\/td><td>David Cisneros<\/td><\/tr><tr><td>Cap de Departament d&#8217;Activitats F\u00edsiques i Esportives<\/td><td>Toni Cruz<\/td><\/tr><tr><td>Cap de Seminari Inform\u00e0tica<\/td><td>Albert Santiago<\/td><\/tr><\/tbody><\/table><\/figure>\n\n\n\n<p><strong style=\"font-family: inherit; font-size: 1em;\">Tutories t\u00e8cniques<\/strong><\/p>\n\n\n\n<figure class=\"wp-block-table\"><table class=\"has-fixed-layout\"><tbody><tr><td>Tutoria T\u00e8cnica de Biblioteca<\/td><td>Joan Albert Pern\u00eda<\/td><\/tr><tr><td>Tutoria T\u00e8cnica suport a la Coordinaci\u00f3 TIC<\/td><td>Sergio Alcal\u00e1<\/td><\/tr><tr><td>Tutoria T\u00e8cnica de Coordinaci\u00f3 MUPFS<\/td><td>Rosa Carb\u00f3<\/td><\/tr><tr><td>Tutoria T\u00e8cnica de Manteniment de Xarxes Socials<\/td><td>S\u00edlvia P\u00e9rez<\/td><\/tr><tr><td>Tutoria T\u00e8cnica d\u2019Eslora<\/td><td>David Tello<\/td><\/tr><\/tbody><\/table><\/figure>\n\n\n\n<p><strong>Secretaria \/ Administraci\u00f3<\/strong><\/p>\n\n\n\n<figure class=\"wp-block-table\"><table class=\"has-fixed-layout\"><tbody><tr><td>Sheila Pern\u00eda<\/td><\/tr><tr><td>Xavi Mart\u00edn<\/td><\/tr><tr><td>Natalia Mateos<\/td><\/tr><\/tbody><\/table><\/figure>\n\n\n\n<p><strong>Consergeria<\/strong><\/p>\n\n\n\n<figure class=\"wp-block-table\"><table class=\"has-fixed-layout\"><tbody><tr><td>Manuela Quer<\/td><\/tr><tr><td>Joan Esteve<\/td><\/tr><tr><td><\/td><\/tr><\/tbody><\/table><\/figure>\n\n\n\n<p><strong>Cantina \/ Menjador<\/strong><\/p>\n\n\n\n<figure class=\"wp-block-table\"><table class=\"has-fixed-layout\"><tbody><tr><td>Oscar S\u00e1nchez<\/td><\/tr><tr><td>Rafael Palaz\u00f3n<\/td><\/tr><\/tbody><\/table><\/figure>\n\n\n\n<p><strong>Neteja<\/strong><\/p>\n\n\n\n<figure class=\"wp-block-table\"><table class=\"has-fixed-layout\"><tbody><tr><td>Ana Mar\u00eda Fern\u00e1ndez<\/td><\/tr><tr><td>Daniela Hegdeus<\/td><\/tr><tr><td>Irina Coloji<\/td><\/tr><tr><td>Mirna Brnad<\/td><\/tr><\/tbody><\/table><\/figure>\n\n\n\n<p><strong>Manteniment<\/strong><\/p>\n\n\n\n<figure class=\"wp-block-table\"><table class=\"has-fixed-layout\"><tbody><tr><td>Pedro Flores<\/td><\/tr><tr><td>Aitor Cabanillas<\/td><\/tr><tr><td>Jorge Tobajas<\/td><\/tr><\/tbody><\/table><\/figure>\n\n\n\n<p>&nbsp;<\/p>\n","protected":false},"excerpt":{"rendered":"<p>CURS 2025-2026 Equip directiu Director Ferran Sanz Cap d\u2019Estudis Ver\u00f3nica Mart\u00edn Cap d\u2019Estudis de Formaci\u00f3 Professional Cristina Planell Cap d\u2019Estudis adjunta Eva Romagosa Coordinadora Pedag\u00f2gica Arantxa Alonso Secret\u00e0ria Carme Navarro Coordinacions Coordinaci\u00f3 de 1r d\u2019ESO Mireia Rodr\u00edguez Coordinaci\u00f3 de 2n d\u2019ESO S\u00edlvia Gimeno Coordinaci\u00f3 de 3r d\u2019ESO Fernando Rodr\u00edguez Coordinaci\u00f3 de 4t d\u2019ESO Rafael Piquer [&hellip;]<\/p>\n","protected":false},"author":1,"featured_media":0,"parent":19,"menu_order":50,"comment_status":"closed","ping_status":"closed","template":"","meta":{"_bbp_topic_count":0,"_bbp_reply_count":0,"_bbp_total_topic_count":0,"_bbp_total_reply_count":0,"_bbp_voice_count":0,"_bbp_anonymous_reply_count":0,"_bbp_topic_count_hidden":0,"_bbp_reply_count_hidden":0,"_bbp_forum_subforum_count":0,"site-sidebar-layout":"default","site-content-layout":"","ast-site-content-layout":"default","site-content-style":"default","site-sidebar-style":"default","ast-global-header-display":"","ast-banner-title-visibility":"","ast-main-header-display":"","ast-hfb-above-header-display":"","ast-hfb-below-header-display":"","ast-hfb-mobile-header-display":"","site-post-title":"","ast-breadcrumbs-content":"","ast-featured-img":"","footer-sml-layout":"","theme-transparent-header-meta":"","adv-header-id-meta":"","stick-header-meta":"","header-above-stick-meta":"","header-main-stick-meta":"","header-below-stick-meta":"","astra-migrate-meta-layouts":"set","ast-page-background-enabled":"default","ast-page-background-meta":{"desktop":{"background-color":"var(--ast-global-color-4)","background-image":"","background-repeat":"repeat","background-position":"center center","background-size":"auto","background-attachment":"scroll","background-type":"","background-media":"","overlay-type":"","overlay-color":"","overlay-opacity":"","overlay-gradient":""},"tablet":{"background-color":"","background-image":"","background-repeat":"repeat","background-position":"center center","background-size":"auto","background-attachment":"scroll","background-type":"","background-media":"","overlay-type":"","overlay-color":"","overlay-opacity":"","overlay-gradient":""},"mobile":{"background-color":"","background-image":"","background-repeat":"repeat","background-position":"center center","background-size":"auto","background-attachment":"scroll","background-type":"","background-media":"","overlay-type":"","overlay-color":"","overlay-opacity":"","overlay-gradient":""}},"ast-content-background-meta":{"desktop":{"background-color":"var(--ast-global-color-5)","background-image":"","background-repeat":"repeat","background-position":"center center","background-size":"auto","background-attachment":"scroll","background-type":"","background-media":"","overlay-type":"","overlay-color":"","overlay-opacity":"","overlay-gradient":""},"tablet":{"background-color":"var(--ast-global-color-5)","background-image":"","background-repeat":"repeat","background-position":"center center","background-size":"auto","background-attachment":"scroll","background-type":"","background-media":"","overlay-type":"","overlay-color":"","overlay-opacity":"","overlay-gradient":""},"mobile":{"background-color":"var(--ast-global-color-5)","background-image":"","background-repeat":"repeat","background-position":"center center","background-size":"auto","background-attachment":"scroll","background-type":"","background-media":"","overlay-type":"","overlay-color":"","overlay-opacity":"","overlay-gradient":""}},"footnotes":""},"class_list":["post-46","page","type-page","status-publish","hentry"],"post_mailing_queue_ids":[],"_links":{"self":[{"href":"https:\/\/agora.xtec.cat\/ies-mediterrania-castelldefels\/wp-json\/wp\/v2\/pages\/46","targetHints":{"allow":["GET"]}}],"collection":[{"href":"https:\/\/agora.xtec.cat\/ies-mediterrania-castelldefels\/wp-json\/wp\/v2\/pages"}],"about":[{"href":"https:\/\/agora.xtec.cat\/ies-mediterrania-castelldefels\/wp-json\/wp\/v2\/types\/page"}],"author":[{"embeddable":true,"href":"https:\/\/agora.xtec.cat\/ies-mediterrania-castelldefels\/wp-json\/wp\/v2\/users\/1"}],"replies":[{"embeddable":true,"href":"https:\/\/agora.xtec.cat\/ies-mediterrania-castelldefels\/wp-json\/wp\/v2\/comments?post=46"}],"version-history":[{"count":6,"href":"https:\/\/agora.xtec.cat\/ies-mediterrania-castelldefels\/wp-json\/wp\/v2\/pages\/46\/revisions"}],"predecessor-version":[{"id":13164,"href":"https:\/\/agora.xtec.cat\/ies-mediterrania-castelldefels\/wp-json\/wp\/v2\/pages\/46\/revisions\/13164"}],"up":[{"embeddable":true,"href":"https:\/\/agora.xtec.cat\/ies-mediterrania-castelldefels\/wp-json\/wp\/v2\/pages\/19"}],"wp:attachment":[{"href":"https:\/\/agora.xtec.cat\/ies-mediterrania-castelldefels\/wp-json\/wp\/v2\/media?parent=46"}],"curies":[{"name":"wp","href":"https:\/\/api.w.org\/{rel}","templated":true}]}}