{"id":3936,"date":"2019-09-26T21:31:33","date_gmt":"2019-09-26T19:31:33","guid":{"rendered":"http:\/\/agora.xtec.cat\/ies-mediterrania-castelldefels\/?page_id=3936"},"modified":"2026-01-26T18:56:34","modified_gmt":"2026-01-26T17:56:34","slug":"tutories-eso","status":"publish","type":"page","link":"https:\/\/agora.xtec.cat\/ies-mediterrania-castelldefels\/linstitut\/tutories-eso\/","title":{"rendered":"Tutories"},"content":{"rendered":"\n<h2 class=\"wp-block-heading\">ESO<\/h2>\n\n\n\n<p><strong>1r<\/strong> <strong> ESO<\/strong><\/p>\n\n\n\n<figure style=\"padding-top:0;padding-right:0;padding-bottom:0;padding-left:0\" class=\"wp-block-table\"><table><tbody><tr><td>S\u00cdLVIA P\u00c9REZ<\/td><td>A1<\/td><td>silvia.perez@ins-mediterrania.cat<\/td><\/tr><tr><td>MARTA HERRUZO<\/td><td>A2<\/td><td>marta.herruzo@ins-mediterrania.cat<\/td><\/tr><tr><td>JOS\u00c9 LUIS GARC\u00cdA<\/td><td>A3<\/td><td>joseluis.garcia@ins-mediterrania.cat<\/td><\/tr><tr><td>ARIANA CAMPILLO<\/td><td>B1<\/td><td>ariana.campillo@ins-mediterrania.cat<\/td><\/tr><tr><td>NOELIA FERN\u00c1NDEZ<\/td><td>B2<\/td><td>noelia.fernandez@ins-mediterrania.cat<\/td><\/tr><\/tbody><\/table><\/figure>\n\n\n\n<p>Coordinaci\u00f3 1r ESO&nbsp; &nbsp; Mireia Rodr\u00edguez&nbsp; mireia.rodriguez@ins-mediterrania.cat<\/p>\n\n\n\n<p><strong>2n ESO<\/strong><\/p>\n\n\n\n<figure class=\"wp-block-table\"><table><tbody><tr><td>MARTA MA\u00d1ANES<\/td><td>A1<\/td><td>marta.mananes@ins-mediterrania.cat<\/td><\/tr><tr><td>JAVIER RODR\u00cdGUEZ<\/td><td>A2<\/td><td>fjavier.rodriguez@ins-mediterrania.cat<\/td><\/tr><tr><td>JAVIER TOBARRA<\/td><td>A3<\/td><td>javier.tobarra@ins-mediterrania.cat<\/td><\/tr><tr><td>MAR COSTA<\/td><td>B1<\/td><td>mar.costa@ins-mediterrania.cat<\/td><\/tr><tr><td>LAURA ORRIOLS<\/td><td>B2<\/td><td>laura.orriols@ins-mediterrania.cat<\/td><\/tr><\/tbody><\/table><\/figure>\n\n\n\n<p>Coordinaci\u00f3 2n ESO&nbsp; &nbsp; S\u00edlvia Gimeno&nbsp; silvia.gimeno@ins-mediterrania.cat<\/p>\n\n\n\n<p><strong>3r ESO<\/strong><\/p>\n\n\n\n<figure class=\"wp-block-table\"><table><tbody><tr><td>JOS\u00c9 C. CAPAFONS<\/td><td>A1<\/td><td>josecarlos.capafons@ins-mediterrania.cat<\/td><\/tr><tr><td>CRISTINA BLANCH<\/td><td>A2<\/td><td>cristina.blanch@ins-mediterrania.cat<\/td><\/tr><tr><td>C\u00c9SAR PARRA<\/td><td>A3<\/td><td>cesar.parra@ins-mediterrania.cat<\/td><\/tr><tr><td>ANABEL MAUDOS<\/td><td>B1<\/td><td>anabel.maudos@ins-mediterrania.cat<\/td><\/tr><tr><td>AURORA CONRADO<\/td><td>B1<\/td><td>aurora.conrado@ins-mediterrania.cat<\/td><\/tr><\/tbody><\/table><\/figure>\n\n\n\n<p>Coordinaci\u00f3 3r ESO&nbsp; &nbsp; &nbsp;Fernando Rodr\u00edguez&nbsp; &nbsp; &nbsp;fernando.rodriguez@ins-mediterrania.cat<\/p>\n\n\n\n<p><strong>4t ESO<\/strong><\/p>\n\n\n\n<figure class=\"wp-block-table\"><table><tbody><tr><td>DAVID TELLO<\/td><td>A1<\/td><td>david.tello@ins-mediterrania.cat<\/td><\/tr><tr><td>ALBA CALVET<\/td><td>A2<\/td><td>alba.calvet@ins-mediterrania.cat<\/td><\/tr><tr><td>GEMMA GUITART<\/td><td>A3<\/td><td>gemma.guitart@ins-mediterrania.cat<\/td><\/tr><tr><td>\u00c1LEX RAMOS<\/td><td>B1<\/td><td>alex.ramos@ins-mediterrania.cat<\/td><\/tr><tr><td>ADRIANA CASTRO<\/td><td>B2<\/td><td>adriana.castro@ins-mediterrania.cat<\/td><\/tr><\/tbody><\/table><\/figure>\n\n\n\n<p>Coordinaci\u00f3 4t ESO&nbsp; &nbsp; Rafael Piquer&nbsp; &nbsp; &nbsp;rafa.piquer@ins-mediterrania.cat<\/p>\n\n\n\n<p><strong>Aula d&#8217;acollida<\/strong><\/p>\n\n\n\n<figure class=\"wp-block-table\"><table><tbody><tr><td>ANTONI OLIVA<\/td><td>antoni.oliva@ins-mediterrania.cat<\/td><\/tr><\/tbody><\/table><\/figure>\n\n\n\n<h2 class=\"wp-block-heading\">Batxillerat<\/h2>\n\n\n\n<p><strong>1r BAT<\/strong><\/p>\n\n\n\n<figure class=\"wp-block-table\"><table><tbody><tr><td>PILAR VIVES<\/td><td>A<\/td><td>pilar.vives@ins-mediterrania.cat<\/td><\/tr><tr><td>ROGER ANGUELA<\/td><td>B<\/td><td>roger.anguela@ins-mediterrania.cat<\/td><\/tr><tr><td>ANA REY<\/td><td>C<\/td><td>ana.rey@ins-mediterrania.cat<\/td><\/tr><tr><td>LAIA PORTA<\/td><td>D<\/td><td>laia.porta@ins-mediterrania.cat<\/td><\/tr><tr><td>\u00c9LISE OLIVIER<\/td><td>Batxibac<\/td><td>elise.olivier@ins-mediterrania.cat<\/td><\/tr><\/tbody><\/table><\/figure>\n\n\n\n<p><strong>2n BAT<\/strong><\/p>\n\n\n\n<figure class=\"wp-block-table\"><table><tbody><tr><td>IRENE MATEO<\/td><td>A<\/td><td>irene.mateo@ins-mediterrania.cat<\/td><\/tr><tr><td>ISABEL MART\u00cdN<\/td><td>B<\/td><td>isabel.martin@ins-mediterrania.cat<\/td><\/tr><tr><td>MANEL GALINDO<\/td><td>C<\/td><td>manel.galindo@ins-mediterrania.cat<\/td><\/tr><tr><td>MARIA LLOP<\/td><td>D<\/td><td>maria.llop@ins-mediterrania.cat<\/td><\/tr><tr><td>SERGIO OJEDA<\/td><td>Batxibac<\/td><td>sergio.ojeda@ins-mediterrania.cat<\/td><\/tr><\/tbody><\/table><\/figure>\n\n\n\n<h2 class=\"wp-block-heading\">Cicles Formatius<\/h2>\n\n\n\n<p><strong>CF Grau Mitj\u00e0<\/strong><\/p>\n\n\n\n<figure class=\"wp-block-table\"><table><tbody><tr><td>ESTER SAL\u00c9S<\/td><td>AC1<\/td><td>ester.sales@ins-mediterrania.cat<\/td><\/tr><tr><td>REME LUCENA<\/td><td>AC2<\/td><td>reme.lucena@ins-mediterrania.cat<\/td><\/tr><tr><td>SERGI PROUS<\/td><td>GA1<\/td><td>sergi.prous@ins-mediterrania.cat<\/td><\/tr><tr><td>MARIA GOMEZ<\/td><td>GA2<\/td><td>maria.gomez@ins-mediterrania.cat<\/td><\/tr><tr><td>JOS\u00c9 A. IB\u00c1\u00d1EZ<\/td><td>SMIX1A<\/td><td>joseantonio.ibanez@ins-mediterrania.cat<\/td><\/tr><tr><td>J. MIGUEL G. MART\u00cd<\/td><td>SMIX1B<\/td><td>miguel.marti@ins-mediterrania.cat<\/td><\/tr><tr><td>ALBERTO MART\u00cdNEZ<\/td><td>SMIX2A<\/td><td>alberto.martinez@ins-mediterrania.cat<\/td><\/tr><tr><td>BERNAT TORT<\/td><td>SMIX2B<\/td><td>bernat.tort@ins-mediterrania.cat<\/td><\/tr><tr><td>ANTONI SOLER<\/td><td>GMN1A<\/td><td>antoni.soler@ins-mediterrania.cat<\/td><\/tr><tr><td>\u00c8LIA GIM\u00c9NEZ<\/td><td>GMN1B<\/td><td>elia.gimenez@ins-mediterrania.cat<\/td><\/tr><tr><td>JORDI QUERALT<\/td><td>GMN2A<\/td><td>jordi.queralt@ins-mediterrania.cat<\/td><\/tr><tr><td>CRISTIAN SANTIAGO<\/td><td>GMN2B<\/td><td>cristian.santiago@ins-mediterrania.cat<\/td><\/tr><\/tbody><\/table><\/figure>\n\n\n\n<p><strong>CF Grau Superior<\/strong><\/p>\n\n\n\n<figure class=\"wp-block-table\"><table><tbody><tr><td>ANA MARIA BARROS<\/td><td>AVGE1 GIAT1<\/td><td>ana.barros@ins-mediterrania.cat<\/td><\/tr><tr><td>&nbsp;YOLANDA \u00c1LVAREZ<\/td><td>AVGE2 GIAT2<\/td><td>yolanda.alvarez@ins-mediterrania.cat<\/td><\/tr><\/tbody><\/table><\/figure>\n","protected":false},"excerpt":{"rendered":"<p>ESO 1r ESO S\u00cdLVIA P\u00c9REZ A1 silvia.perez@ins-mediterrania.cat MARTA HERRUZO A2 marta.herruzo@ins-mediterrania.cat JOS\u00c9 LUIS GARC\u00cdA A3 joseluis.garcia@ins-mediterrania.cat ARIANA CAMPILLO B1 ariana.campillo@ins-mediterrania.cat NOELIA FERN\u00c1NDEZ B2 noelia.fernandez@ins-mediterrania.cat Coordinaci\u00f3 1r ESO&nbsp; &nbsp; Mireia Rodr\u00edguez&nbsp; mireia.rodriguez@ins-mediterrania.cat 2n ESO MARTA MA\u00d1ANES A1 marta.mananes@ins-mediterrania.cat JAVIER RODR\u00cdGUEZ A2 fjavier.rodriguez@ins-mediterrania.cat JAVIER TOBARRA A3 javier.tobarra@ins-mediterrania.cat MAR COSTA B1 mar.costa@ins-mediterrania.cat LAURA ORRIOLS B2 laura.orriols@ins-mediterrania.cat Coordinaci\u00f3 2n [&hellip;]<\/p>\n","protected":false},"author":1,"featured_media":0,"parent":19,"menu_order":10,"comment_status":"closed","ping_status":"closed","template":"","meta":{"_bbp_topic_count":0,"_bbp_reply_count":0,"_bbp_total_topic_count":0,"_bbp_total_reply_count":0,"_bbp_voice_count":0,"_bbp_anonymous_reply_count":0,"_bbp_topic_count_hidden":0,"_bbp_reply_count_hidden":0,"_bbp_forum_subforum_count":0,"site-sidebar-layout":"default","site-content-layout":"","ast-site-content-layout":"default","site-content-style":"default","site-sidebar-style":"default","ast-global-header-display":"","ast-banner-title-visibility":"","ast-main-header-display":"","ast-hfb-above-header-display":"","ast-hfb-below-header-display":"","ast-hfb-mobile-header-display":"","site-post-title":"","ast-breadcrumbs-content":"","ast-featured-img":"","footer-sml-layout":"","theme-transparent-header-meta":"","adv-header-id-meta":"","stick-header-meta":"","header-above-stick-meta":"","header-main-stick-meta":"","header-below-stick-meta":"","astra-migrate-meta-layouts":"set","ast-page-background-enabled":"default","ast-page-background-meta":{"desktop":{"background-color":"var(--ast-global-color-4)","background-image":"","background-repeat":"repeat","background-position":"center center","background-size":"auto","background-attachment":"scroll","background-type":"","background-media":"","overlay-type":"","overlay-color":"","overlay-opacity":"","overlay-gradient":""},"tablet":{"background-color":"","background-image":"","background-repeat":"repeat","background-position":"center center","background-size":"auto","background-attachment":"scroll","background-type":"","background-media":"","overlay-type":"","overlay-color":"","overlay-opacity":"","overlay-gradient":""},"mobile":{"background-color":"","background-image":"","background-repeat":"repeat","background-position":"center center","background-size":"auto","background-attachment":"scroll","background-type":"","background-media":"","overlay-type":"","overlay-color":"","overlay-opacity":"","overlay-gradient":""}},"ast-content-background-meta":{"desktop":{"background-color":"var(--ast-global-color-5)","background-image":"","background-repeat":"repeat","background-position":"center center","background-size":"auto","background-attachment":"scroll","background-type":"","background-media":"","overlay-type":"","overlay-color":"","overlay-opacity":"","overlay-gradient":""},"tablet":{"background-color":"var(--ast-global-color-5)","background-image":"","background-repeat":"repeat","background-position":"center center","background-size":"auto","background-attachment":"scroll","background-type":"","background-media":"","overlay-type":"","overlay-color":"","overlay-opacity":"","overlay-gradient":""},"mobile":{"background-color":"var(--ast-global-color-5)","background-image":"","background-repeat":"repeat","background-position":"center center","background-size":"auto","background-attachment":"scroll","background-type":"","background-media":"","overlay-type":"","overlay-color":"","overlay-opacity":"","overlay-gradient":""}},"footnotes":""},"class_list":["post-3936","page","type-page","status-publish","hentry"],"post_mailing_queue_ids":[],"_links":{"self":[{"href":"https:\/\/agora.xtec.cat\/ies-mediterrania-castelldefels\/wp-json\/wp\/v2\/pages\/3936","targetHints":{"allow":["GET"]}}],"collection":[{"href":"https:\/\/agora.xtec.cat\/ies-mediterrania-castelldefels\/wp-json\/wp\/v2\/pages"}],"about":[{"href":"https:\/\/agora.xtec.cat\/ies-mediterrania-castelldefels\/wp-json\/wp\/v2\/types\/page"}],"author":[{"embeddable":true,"href":"https:\/\/agora.xtec.cat\/ies-mediterrania-castelldefels\/wp-json\/wp\/v2\/users\/1"}],"replies":[{"embeddable":true,"href":"https:\/\/agora.xtec.cat\/ies-mediterrania-castelldefels\/wp-json\/wp\/v2\/comments?post=3936"}],"version-history":[{"count":6,"href":"https:\/\/agora.xtec.cat\/ies-mediterrania-castelldefels\/wp-json\/wp\/v2\/pages\/3936\/revisions"}],"predecessor-version":[{"id":12719,"href":"https:\/\/agora.xtec.cat\/ies-mediterrania-castelldefels\/wp-json\/wp\/v2\/pages\/3936\/revisions\/12719"}],"up":[{"embeddable":true,"href":"https:\/\/agora.xtec.cat\/ies-mediterrania-castelldefels\/wp-json\/wp\/v2\/pages\/19"}],"wp:attachment":[{"href":"https:\/\/agora.xtec.cat\/ies-mediterrania-castelldefels\/wp-json\/wp\/v2\/media?parent=3936"}],"curies":[{"name":"wp","href":"https:\/\/api.w.org\/{rel}","templated":true}]}}