{"id":3253,"date":"2019-03-03T19:13:58","date_gmt":"2019-03-03T18:13:58","guid":{"rendered":"http:\/\/agora.xtec.cat\/ies-mediterrania-castelldefels\/?page_id=3253"},"modified":"2024-09-23T23:17:12","modified_gmt":"2024-09-23T21:17:12","slug":"jornada-matematica","status":"publish","type":"page","link":"https:\/\/agora.xtec.cat\/ies-mediterrania-castelldefels\/projectes\/jornada-matematica\/","title":{"rendered":"Jornada Matem\u00e0tica"},"content":{"rendered":"<p>Des del curs 2010-2011 s&#8217;organitza i presenta\u00a0 una Jornada Matem\u00e0tica a l&#8217;Institut Mediterr\u00e0nia.. Totes les Jornades Matem\u00e0tiques han estat dissenyades i organitzades pel professor Xavi Pech, amb la col\u00b7laboraci\u00f3 puntual d&#8217;altres membres del Departament de Matem\u00e0tiques.<\/p>\n<p>Podeu tobar m\u00e9s informaci\u00f3n <a href=\"https:\/\/drive.google.com\/file\/d\/1Eb61VmGjsjDlNyh_2yLF0TPFIQE5ZVTB\/view?usp=sharing\" target=\"_blank\" rel=\"noopener noreferrer\">aqu\u00ed<\/a>.<\/p>\n<p><span style=\"color: #ff6600;\"><strong>Curs 2022-23\u00a0 \u00a0 \u00a0 \u00a0 <\/strong><a href=\"https:\/\/photos.app.goo.gl\/9etaVbtYmLY29te37\" target=\"_blank\" rel=\"noopener\">\u00c0lbum de fotos<\/a><\/span><\/p>\n<p><img loading=\"lazy\" decoding=\"async\" class=\"alignnone wp-image-9089\" src=\"https:\/\/agora.xtec.cat\/ies-mediterrania-castelldefels\/wp-content\/uploads\/usu1078\/2023\/05\/IMG-20230502-WA0036-300x225.jpg\" alt=\"\" width=\"297\" height=\"223\" srcset=\"https:\/\/agora.xtec.cat\/ies-mediterrania-castelldefels\/wp-content\/uploads\/usu1078\/2023\/05\/IMG-20230502-WA0036-300x225.jpg 300w, https:\/\/agora.xtec.cat\/ies-mediterrania-castelldefels\/wp-content\/uploads\/usu1078\/2023\/05\/IMG-20230502-WA0036-1024x768.jpg 1024w, https:\/\/agora.xtec.cat\/ies-mediterrania-castelldefels\/wp-content\/uploads\/usu1078\/2023\/05\/IMG-20230502-WA0036-768x576.jpg 768w, https:\/\/agora.xtec.cat\/ies-mediterrania-castelldefels\/wp-content\/uploads\/usu1078\/2023\/05\/IMG-20230502-WA0036-1536x1152.jpg 1536w, https:\/\/agora.xtec.cat\/ies-mediterrania-castelldefels\/wp-content\/uploads\/usu1078\/2023\/05\/IMG-20230502-WA0036-200x150.jpg 200w, https:\/\/agora.xtec.cat\/ies-mediterrania-castelldefels\/wp-content\/uploads\/usu1078\/2023\/05\/IMG-20230502-WA0036.jpg 1600w\" sizes=\"auto, (max-width: 297px) 100vw, 297px\" \/><\/p>\n<p><span style=\"color: #ff6600;\"><strong>Curs 2021-22\u00a0 \u00a0 \u00a0 \u00a0 <\/strong><span style=\"color: #000000;\"><a href=\"https:\/\/agora.xtec.cat\/ies-mediterrania-castelldefels\/wp-content\/uploads\/usu1078\/2022\/05\/20220511_110437B.jpg\" target=\"_blank\" rel=\"noopener\">Programa<\/a>\u00a0 \u00a0 \u00a0 \u00a0 <a href=\"https:\/\/photos.app.goo.gl\/mft92a9gkKN3qGxr8\" target=\"_blank\" rel=\"noopener\">\u00c0lbum de fotos<\/a><\/span><\/span><\/p>\n<p><img loading=\"lazy\" decoding=\"async\" class=\"alignnone wp-image-9434\" src=\"https:\/\/agora.xtec.cat\/ies-mediterrania-castelldefels\/wp-content\/uploads\/usu1078\/2023\/09\/IMG-20220512-WA0011-300x225.jpg\" alt=\"\" width=\"297\" height=\"223\" srcset=\"https:\/\/agora.xtec.cat\/ies-mediterrania-castelldefels\/wp-content\/uploads\/usu1078\/2023\/09\/IMG-20220512-WA0011-300x225.jpg 300w, https:\/\/agora.xtec.cat\/ies-mediterrania-castelldefels\/wp-content\/uploads\/usu1078\/2023\/09\/IMG-20220512-WA0011-1024x768.jpg 1024w, https:\/\/agora.xtec.cat\/ies-mediterrania-castelldefels\/wp-content\/uploads\/usu1078\/2023\/09\/IMG-20220512-WA0011-768x576.jpg 768w, https:\/\/agora.xtec.cat\/ies-mediterrania-castelldefels\/wp-content\/uploads\/usu1078\/2023\/09\/IMG-20220512-WA0011-1536x1152.jpg 1536w, https:\/\/agora.xtec.cat\/ies-mediterrania-castelldefels\/wp-content\/uploads\/usu1078\/2023\/09\/IMG-20220512-WA0011-200x150.jpg 200w, https:\/\/agora.xtec.cat\/ies-mediterrania-castelldefels\/wp-content\/uploads\/usu1078\/2023\/09\/IMG-20220512-WA0011.jpg 2048w\" sizes=\"auto, (max-width: 297px) 100vw, 297px\" \/><\/p>\n<p><span style=\"color: #ff6600;\"><strong>Curs 2019-20<\/strong><\/span><\/p>\n<p><a href=\"https:\/\/drive.google.com\/open?id=1TOJhA5RCzjtHkNc3PiDlLrbA7-YwvCvo\" target=\"_blank\" rel=\"noopener noreferrer\"><img loading=\"lazy\" decoding=\"async\" class=\"wp-image-4836 alignnone\" src=\"https:\/\/agora.xtec.cat\/ies-mediterrania-castelldefels\/wp-content\/uploads\/usu1078\/2020\/05\/Jorn-Mate-2020.jpg\" alt=\"\" width=\"297\" height=\"169\" srcset=\"https:\/\/agora.xtec.cat\/ies-mediterrania-castelldefels\/wp-content\/uploads\/usu1078\/2020\/05\/Jorn-Mate-2020.jpg 767w, https:\/\/agora.xtec.cat\/ies-mediterrania-castelldefels\/wp-content\/uploads\/usu1078\/2020\/05\/Jorn-Mate-2020-300x171.jpg 300w\" sizes=\"auto, (max-width: 297px) 100vw, 297px\" \/><\/a><\/p>\n<p><span style=\"color: #ff6600;\"><strong>Curs 2017-18<\/strong><\/span>\u00a0\u00a0\u00a0\u00a0\u00a0\u00a0\u00a0 <a href=\"https:\/\/drive.google.com\/open?id=1hC1EC7167eRgUAmuWRGNwBFfktZnpMMe\" target=\"_blank\" rel=\"noopener noreferrer\">Programa<\/a>\u00a0\u00a0\u00a0\u00a0\u00a0 \u00a0 <a href=\"https:\/\/drive.google.com\/open?id=1ALZhiJqq6bOMIEhp1H-mfD4L1Z8-SJkN\" target=\"_blank\" rel=\"noopener noreferrer\">Planificaci\u00f3<\/a><\/p>\n<p><img loading=\"lazy\" decoding=\"async\" class=\"alignnone wp-image-3277 size-medium\" src=\"https:\/\/agora.xtec.cat\/ies-mediterrania-castelldefels\/wp-content\/uploads\/usu1078\/2019\/03\/Curs-2017-2018-1-300x169.jpg\" alt=\"\" width=\"300\" height=\"169\" srcset=\"https:\/\/agora.xtec.cat\/ies-mediterrania-castelldefels\/wp-content\/uploads\/usu1078\/2019\/03\/Curs-2017-2018-1-300x169.jpg 300w, https:\/\/agora.xtec.cat\/ies-mediterrania-castelldefels\/wp-content\/uploads\/usu1078\/2019\/03\/Curs-2017-2018-1-768x432.jpg 768w, https:\/\/agora.xtec.cat\/ies-mediterrania-castelldefels\/wp-content\/uploads\/usu1078\/2019\/03\/Curs-2017-2018-1-1024x576.jpg 1024w\" sizes=\"auto, (max-width: 300px) 100vw, 300px\" \/>\u00a0\u00a0 \u00a0 <img loading=\"lazy\" decoding=\"async\" class=\"alignnone wp-image-3278 size-medium\" src=\"https:\/\/agora.xtec.cat\/ies-mediterrania-castelldefels\/wp-content\/uploads\/usu1078\/2019\/03\/Curs-2017-2018-2-300x169.jpg\" alt=\"\" width=\"300\" height=\"169\" srcset=\"https:\/\/agora.xtec.cat\/ies-mediterrania-castelldefels\/wp-content\/uploads\/usu1078\/2019\/03\/Curs-2017-2018-2-300x169.jpg 300w, https:\/\/agora.xtec.cat\/ies-mediterrania-castelldefels\/wp-content\/uploads\/usu1078\/2019\/03\/Curs-2017-2018-2-768x432.jpg 768w, https:\/\/agora.xtec.cat\/ies-mediterrania-castelldefels\/wp-content\/uploads\/usu1078\/2019\/03\/Curs-2017-2018-2-1024x576.jpg 1024w\" sizes=\"auto, (max-width: 300px) 100vw, 300px\" \/><\/p>\n<p><img loading=\"lazy\" decoding=\"async\" class=\"alignnone wp-image-3279 size-medium\" src=\"https:\/\/agora.xtec.cat\/ies-mediterrania-castelldefels\/wp-content\/uploads\/usu1078\/2019\/03\/Curs-2017-2018-3-300x169.jpg\" alt=\"\" width=\"300\" height=\"169\" srcset=\"https:\/\/agora.xtec.cat\/ies-mediterrania-castelldefels\/wp-content\/uploads\/usu1078\/2019\/03\/Curs-2017-2018-3-300x169.jpg 300w, https:\/\/agora.xtec.cat\/ies-mediterrania-castelldefels\/wp-content\/uploads\/usu1078\/2019\/03\/Curs-2017-2018-3-768x432.jpg 768w, https:\/\/agora.xtec.cat\/ies-mediterrania-castelldefels\/wp-content\/uploads\/usu1078\/2019\/03\/Curs-2017-2018-3-1024x576.jpg 1024w\" sizes=\"auto, (max-width: 300px) 100vw, 300px\" \/><\/p>\n<p><span style=\"color: #ff6600;\"><strong>Curs 2016-17<\/strong><\/span>\u00a0\u00a0\u00a0\u00a0\u00a0\u00a0\u00a0 <a href=\"https:\/\/drive.google.com\/open?id=1GPWouWoYScUnKe_UdxCRSoRe9NcyECkI\" target=\"_blank\" rel=\"noopener noreferrer\">Programa<\/a>\u00a0\u00a0\u00a0\u00a0\u00a0\u00a0 \u00a0Planificaci\u00f3<\/p>\n<p><img loading=\"lazy\" decoding=\"async\" class=\"alignnone wp-image-3270 size-medium\" src=\"https:\/\/agora.xtec.cat\/ies-mediterrania-castelldefels\/wp-content\/uploads\/usu1078\/2019\/03\/Curs-2016-2017-1-300x169.jpg\" alt=\"\" width=\"300\" height=\"169\" srcset=\"https:\/\/agora.xtec.cat\/ies-mediterrania-castelldefels\/wp-content\/uploads\/usu1078\/2019\/03\/Curs-2016-2017-1-300x169.jpg 300w, https:\/\/agora.xtec.cat\/ies-mediterrania-castelldefels\/wp-content\/uploads\/usu1078\/2019\/03\/Curs-2016-2017-1-768x432.jpg 768w, https:\/\/agora.xtec.cat\/ies-mediterrania-castelldefels\/wp-content\/uploads\/usu1078\/2019\/03\/Curs-2016-2017-1-1024x576.jpg 1024w\" sizes=\"auto, (max-width: 300px) 100vw, 300px\" \/>\u00a0\u00a0 \u00a0 <img loading=\"lazy\" decoding=\"async\" class=\"alignnone wp-image-3271 size-medium\" src=\"https:\/\/agora.xtec.cat\/ies-mediterrania-castelldefels\/wp-content\/uploads\/usu1078\/2019\/03\/Curs-2016-2017-2-300x169.jpg\" alt=\"\" width=\"300\" height=\"169\" srcset=\"https:\/\/agora.xtec.cat\/ies-mediterrania-castelldefels\/wp-content\/uploads\/usu1078\/2019\/03\/Curs-2016-2017-2-300x169.jpg 300w, https:\/\/agora.xtec.cat\/ies-mediterrania-castelldefels\/wp-content\/uploads\/usu1078\/2019\/03\/Curs-2016-2017-2-768x432.jpg 768w, https:\/\/agora.xtec.cat\/ies-mediterrania-castelldefels\/wp-content\/uploads\/usu1078\/2019\/03\/Curs-2016-2017-2-1024x576.jpg 1024w\" sizes=\"auto, (max-width: 300px) 100vw, 300px\" \/><\/p>\n<p><img loading=\"lazy\" decoding=\"async\" class=\"alignnone wp-image-3272 size-medium\" src=\"https:\/\/agora.xtec.cat\/ies-mediterrania-castelldefels\/wp-content\/uploads\/usu1078\/2019\/03\/Curs-2016-2017-3-300x169.jpg\" alt=\"\" width=\"300\" height=\"169\" srcset=\"https:\/\/agora.xtec.cat\/ies-mediterrania-castelldefels\/wp-content\/uploads\/usu1078\/2019\/03\/Curs-2016-2017-3-300x169.jpg 300w, https:\/\/agora.xtec.cat\/ies-mediterrania-castelldefels\/wp-content\/uploads\/usu1078\/2019\/03\/Curs-2016-2017-3-768x432.jpg 768w, https:\/\/agora.xtec.cat\/ies-mediterrania-castelldefels\/wp-content\/uploads\/usu1078\/2019\/03\/Curs-2016-2017-3-1024x576.jpg 1024w\" sizes=\"auto, (max-width: 300px) 100vw, 300px\" \/>\u00a0\u00a0 \u00a0 <img loading=\"lazy\" decoding=\"async\" class=\"alignnone wp-image-3273 size-medium\" src=\"https:\/\/agora.xtec.cat\/ies-mediterrania-castelldefels\/wp-content\/uploads\/usu1078\/2019\/03\/Curs-2016-2017-4-300x169.jpg\" alt=\"\" width=\"300\" height=\"169\" srcset=\"https:\/\/agora.xtec.cat\/ies-mediterrania-castelldefels\/wp-content\/uploads\/usu1078\/2019\/03\/Curs-2016-2017-4-300x169.jpg 300w, https:\/\/agora.xtec.cat\/ies-mediterrania-castelldefels\/wp-content\/uploads\/usu1078\/2019\/03\/Curs-2016-2017-4-768x432.jpg 768w, https:\/\/agora.xtec.cat\/ies-mediterrania-castelldefels\/wp-content\/uploads\/usu1078\/2019\/03\/Curs-2016-2017-4-1024x576.jpg 1024w\" sizes=\"auto, (max-width: 300px) 100vw, 300px\" \/><\/p>\n<p><span style=\"color: #ff6600;\"><strong>Curs 2015-16<\/strong><\/span>\u00a0\u00a0\u00a0\u00a0\u00a0\u00a0\u00a0 <a href=\"https:\/\/drive.google.com\/open?id=1kN3soVumivByFJoV2nLStMNxTFEWHfbM\" target=\"_blank\" rel=\"noopener noreferrer\">Programa<\/a>\u00a0\u00a0\u00a0\u00a0 \u00a0\u00a0 <a href=\"https:\/\/drive.google.com\/open?id=1kSiqF5jKGqKWpRjXgJxazNAMIHY_N3i8\" target=\"_blank\" rel=\"noopener noreferrer\">Planificaci\u00f3<\/a><\/p>\n<p><img loading=\"lazy\" decoding=\"async\" class=\"alignnone wp-image-3268 size-medium\" src=\"https:\/\/agora.xtec.cat\/ies-mediterrania-castelldefels\/wp-content\/uploads\/usu1078\/2019\/03\/Curs-2015-2016-1-300x169.jpg\" alt=\"\" width=\"300\" height=\"169\" srcset=\"https:\/\/agora.xtec.cat\/ies-mediterrania-castelldefels\/wp-content\/uploads\/usu1078\/2019\/03\/Curs-2015-2016-1-300x169.jpg 300w, https:\/\/agora.xtec.cat\/ies-mediterrania-castelldefels\/wp-content\/uploads\/usu1078\/2019\/03\/Curs-2015-2016-1-768x432.jpg 768w, https:\/\/agora.xtec.cat\/ies-mediterrania-castelldefels\/wp-content\/uploads\/usu1078\/2019\/03\/Curs-2015-2016-1-1024x576.jpg 1024w, https:\/\/agora.xtec.cat\/ies-mediterrania-castelldefels\/wp-content\/uploads\/usu1078\/2019\/03\/Curs-2015-2016-1.jpg 1600w\" sizes=\"auto, (max-width: 300px) 100vw, 300px\" \/>\u00a0 \u00a0\u00a0 <img loading=\"lazy\" decoding=\"async\" class=\"alignnone wp-image-3269 size-medium\" src=\"https:\/\/agora.xtec.cat\/ies-mediterrania-castelldefels\/wp-content\/uploads\/usu1078\/2019\/03\/Curs-2015-2016-2-300x169.jpg\" alt=\"\" width=\"300\" height=\"169\" srcset=\"https:\/\/agora.xtec.cat\/ies-mediterrania-castelldefels\/wp-content\/uploads\/usu1078\/2019\/03\/Curs-2015-2016-2-300x169.jpg 300w, https:\/\/agora.xtec.cat\/ies-mediterrania-castelldefels\/wp-content\/uploads\/usu1078\/2019\/03\/Curs-2015-2016-2-768x432.jpg 768w, https:\/\/agora.xtec.cat\/ies-mediterrania-castelldefels\/wp-content\/uploads\/usu1078\/2019\/03\/Curs-2015-2016-2-1024x576.jpg 1024w, https:\/\/agora.xtec.cat\/ies-mediterrania-castelldefels\/wp-content\/uploads\/usu1078\/2019\/03\/Curs-2015-2016-2.jpg 1600w\" sizes=\"auto, (max-width: 300px) 100vw, 300px\" \/><\/p>\n<p><span style=\"color: #008000;\"><span style=\"color: #ff6600;\"><strong>Curs 2013-14<\/strong><\/span>\u00a0<\/span>\u00a0\u00a0\u00a0\u00a0\u00a0\u00a0 <a href=\"https:\/\/drive.google.com\/open?id=1Zj6JwvaiOf1FMiguUwA1I6wdDzhT_T91\" target=\"_blank\" rel=\"noopener noreferrer\">Programa<\/a>\u00a0\u00a0\u00a0\u00a0\u00a0\u00a0 \u00a0<a href=\"https:\/\/drive.google.com\/open?id=1SUQVaQdMCJTTEO2fs92cohuMBbaO6CBF\" target=\"_blank\" rel=\"noopener noreferrer\">Planificaci\u00f3<\/a><\/p>\n<p><span style=\"color: #ff6600;\"><strong>Curs 2012-13<\/strong><\/span>\u00a0\u00a0\u00a0\u00a0\u00a0\u00a0\u00a0 <a href=\"https:\/\/drive.google.com\/open?id=1h5yEEUMV7v08eZWrSsWY0rcYifLQCvMe\" target=\"_blank\" rel=\"noopener noreferrer\">Programa<\/a>\u00a0\u00a0\u00a0\u00a0\u00a0\u00a0 \u00a0<a href=\"https:\/\/drive.google.com\/open?id=1VBRWSMqFBTvtInCT_bf-Tl6YkcKtls_7\" target=\"_blank\" rel=\"noopener noreferrer\">Planificaci\u00f3<\/a><\/p>\n<p><span style=\"color: #ff6600;\"><strong>Curs 2011-12<\/strong><\/span>\u00a0\u00a0\u00a0\u00a0\u00a0\u00a0\u00a0 <a href=\"https:\/\/drive.google.com\/open?id=112tCzEbpsuH7yrTjyPsDDQNvCVaDHQaz\" target=\"_blank\" rel=\"noopener noreferrer\">Programa<\/a>\u00a0\u00a0\u00a0\u00a0 \u00a0\u00a0 <a href=\"https:\/\/drive.google.com\/open?id=1JD7SGXm_-Ba58oXQjOAaHGOzUQO70neX\" target=\"_blank\" rel=\"noopener noreferrer\">Planificaci\u00f3<\/a><\/p>\n<p><span style=\"color: #ff6600;\"><strong>Curs 2010-11<\/strong><\/span>\u00a0\u00a0 \u00a0\u00a0\u00a0\u00a0 <a href=\"https:\/\/drive.google.com\/open?id=13VT9HCerzU0dJiBMW7gbsa_OIXN3QEOn\" target=\"_blank\" rel=\"noopener noreferrer\">Programa<\/a>\u00a0\u00a0\u00a0 \u00a0\u00a0\u00a0 <a href=\"https:\/\/drive.google.com\/open?id=19nCa4RQsdo1O02Hq7iDmJlhci22YQzcY\" target=\"_blank\" rel=\"noopener noreferrer\">Planificaci\u00f3<\/a><\/p>\n","protected":false},"excerpt":{"rendered":"<p>Des del curs 2010-2011 s&#8217;organitza i presenta\u00a0 una Jornada Matem\u00e0tica a l&#8217;Institut Mediterr\u00e0nia.. Totes les Jornades Matem\u00e0tiques han estat dissenyades i organitzades pel professor Xavi Pech, amb la col\u00b7laboraci\u00f3 puntual d&#8217;altres membres del Departament de Matem\u00e0tiques. Podeu tobar m\u00e9s informaci\u00f3n aqu\u00ed. Curs 2022-23\u00a0 \u00a0 \u00a0 \u00a0 \u00c0lbum de fotos Curs 2021-22\u00a0 \u00a0 \u00a0 \u00a0 Programa\u00a0 [&hellip;]<\/p>\n","protected":false},"author":1,"featured_media":0,"parent":1012,"menu_order":70,"comment_status":"closed","ping_status":"closed","template":"page-templates\/side-menu.php","meta":{"_bbp_topic_count":0,"_bbp_reply_count":0,"_bbp_total_topic_count":0,"_bbp_total_reply_count":0,"_bbp_voice_count":0,"_bbp_anonymous_reply_count":0,"_bbp_topic_count_hidden":0,"_bbp_reply_count_hidden":0,"_bbp_forum_subforum_count":0,"site-sidebar-layout":"default","site-content-layout":"","ast-site-content-layout":"","site-content-style":"default","site-sidebar-style":"default","ast-global-header-display":"","ast-banner-title-visibility":"","ast-main-header-display":"","ast-hfb-above-header-display":"","ast-hfb-below-header-display":"","ast-hfb-mobile-header-display":"","site-post-title":"","ast-breadcrumbs-content":"","ast-featured-img":"","footer-sml-layout":"","theme-transparent-header-meta":"","adv-header-id-meta":"","stick-header-meta":"","header-above-stick-meta":"","header-main-stick-meta":"","header-below-stick-meta":"","astra-migrate-meta-layouts":"default","ast-page-background-enabled":"default","ast-page-background-meta":{"desktop":{"background-color":"var(--ast-global-color-4)","background-image":"","background-repeat":"repeat","background-position":"center center","background-size":"auto","background-attachment":"scroll","background-type":"","background-media":"","overlay-type":"","overlay-color":"","overlay-opacity":"","overlay-gradient":""},"tablet":{"background-color":"","background-image":"","background-repeat":"repeat","background-position":"center center","background-size":"auto","background-attachment":"scroll","background-type":"","background-media":"","overlay-type":"","overlay-color":"","overlay-opacity":"","overlay-gradient":""},"mobile":{"background-color":"","background-image":"","background-repeat":"repeat","background-position":"center center","background-size":"auto","background-attachment":"scroll","background-type":"","background-media":"","overlay-type":"","overlay-color":"","overlay-opacity":"","overlay-gradient":""}},"ast-content-background-meta":{"desktop":{"background-color":"var(--ast-global-color-5)","background-image":"","background-repeat":"repeat","background-position":"center center","background-size":"auto","background-attachment":"scroll","background-type":"","background-media":"","overlay-type":"","overlay-color":"","overlay-opacity":"","overlay-gradient":""},"tablet":{"background-color":"var(--ast-global-color-5)","background-image":"","background-repeat":"repeat","background-position":"center center","background-size":"auto","background-attachment":"scroll","background-type":"","background-media":"","overlay-type":"","overlay-color":"","overlay-opacity":"","overlay-gradient":""},"mobile":{"background-color":"var(--ast-global-color-5)","background-image":"","background-repeat":"repeat","background-position":"center center","background-size":"auto","background-attachment":"scroll","background-type":"","background-media":"","overlay-type":"","overlay-color":"","overlay-opacity":"","overlay-gradient":""}},"footnotes":""},"class_list":["post-3253","page","type-page","status-publish","hentry"],"post_mailing_queue_ids":[],"_links":{"self":[{"href":"https:\/\/agora.xtec.cat\/ies-mediterrania-castelldefels\/wp-json\/wp\/v2\/pages\/3253","targetHints":{"allow":["GET"]}}],"collection":[{"href":"https:\/\/agora.xtec.cat\/ies-mediterrania-castelldefels\/wp-json\/wp\/v2\/pages"}],"about":[{"href":"https:\/\/agora.xtec.cat\/ies-mediterrania-castelldefels\/wp-json\/wp\/v2\/types\/page"}],"author":[{"embeddable":true,"href":"https:\/\/agora.xtec.cat\/ies-mediterrania-castelldefels\/wp-json\/wp\/v2\/users\/1"}],"replies":[{"embeddable":true,"href":"https:\/\/agora.xtec.cat\/ies-mediterrania-castelldefels\/wp-json\/wp\/v2\/comments?post=3253"}],"version-history":[{"count":6,"href":"https:\/\/agora.xtec.cat\/ies-mediterrania-castelldefels\/wp-json\/wp\/v2\/pages\/3253\/revisions"}],"predecessor-version":[{"id":10930,"href":"https:\/\/agora.xtec.cat\/ies-mediterrania-castelldefels\/wp-json\/wp\/v2\/pages\/3253\/revisions\/10930"}],"up":[{"embeddable":true,"href":"https:\/\/agora.xtec.cat\/ies-mediterrania-castelldefels\/wp-json\/wp\/v2\/pages\/1012"}],"wp:attachment":[{"href":"https:\/\/agora.xtec.cat\/ies-mediterrania-castelldefels\/wp-json\/wp\/v2\/media?parent=3253"}],"curies":[{"name":"wp","href":"https:\/\/api.w.org\/{rel}","templated":true}]}}