{"id":3080,"date":"2019-02-13T18:34:05","date_gmt":"2019-02-13T17:34:05","guid":{"rendered":"http:\/\/agora.xtec.cat\/ies-mediterrania-castelldefels\/?page_id=3080"},"modified":"2026-03-19T11:45:18","modified_gmt":"2026-03-19T10:45:18","slug":"proves-geso","status":"publish","type":"page","link":"https:\/\/agora.xtec.cat\/ies-mediterrania-castelldefels\/estudis\/eso\/proves-geso\/","title":{"rendered":"Proves GESO"},"content":{"rendered":"\n<p>Cada any es convoquen les proves per a l&#8217;obtenci\u00f3 del t\u00edtol de Graduat en Educaci\u00f3 Secund\u00e0ria Obligat\u00f2ria (GESO), per a l&#8217;alumnat que no l&#8217;hagi obtingut en finalitzar l&#8217;etapa.<\/p>\n\n\n\n<p><a href=\"http:\/\/educacio.gencat.cat\/ca\/serveis-tramits\/proves\/proves-lliures-obtencio-titols\/obtencio-titol-eso\/\" target=\"_blank\" rel=\"noreferrer noopener\"><strong>Informaci\u00f3 general<\/strong><\/a><\/p>\n\n\n\n<p><a href=\"https:\/\/drive.google.com\/file\/d\/1oVCHdnEWee9XsJRB9TBAZ0hE7jhbEWc4\/view?usp=sharing\" target=\"_blank\" rel=\"noreferrer noopener\">Calendari de les proves 2026<\/a><\/p>\n\n\n\n<p><strong><a href=\"https:\/\/drive.google.com\/file\/d\/1a5b8XiDenpYNzljHomke_Hui6M4rHWD-\/view?usp=sharing\" target=\"_blank\" rel=\"noreferrer noopener\">Qualificacions de l&#8217;alumnat adm\u00e8s a les proves GESO 2026<\/a><\/strong><\/p>\n\n\n\n<div style=\"height:41px\" aria-hidden=\"true\" class=\"wp-block-spacer\"><\/div>\n\n\n\n<p class=\"has-large-font-size\"><strong>Continguts m\u00ednims de les mat\u00e8ries:&nbsp;<\/strong><\/p>\n\n\n\n<p>&#8211; <a href=\"https:\/\/drive.google.com\/file\/d\/1FiSK7WrV9kETnpZk7bFxiZsAqEsSapMe\/view?usp=sharing\" target=\"_blank\" rel=\"noreferrer noopener\">Llengua catalana<\/a><\/p>\n\n\n\n<p>&#8211; <a href=\"https:\/\/drive.google.com\/file\/d\/1XyUpdx5QsyUKevN2Z0M0rX2IqlfAX7sY\/view?usp=sharing\" target=\"_blank\" rel=\"noreferrer noopener\">Llengua castellana<\/a><\/p>\n\n\n\n<p>&#8211; <a href=\"https:\/\/drive.google.com\/file\/d\/1IL3hkWn4uBl4GV1TDANdXT712wViVZvw\/view?usp=sharing\" target=\"_blank\" rel=\"noreferrer noopener\">Llengua anglesa<\/a><\/p>\n\n\n\n<p>&#8211; <a href=\"https:\/\/drive.google.com\/file\/d\/1V6VNtfopuEBqwtrbV3KmHgBGdLBZf_z8\/view?usp=sharing\" target=\"_blank\" rel=\"noreferrer noopener\">Matem\u00e0tiques<\/a><\/p>\n\n\n\n<p>&#8211; <a href=\"https:\/\/drive.google.com\/file\/d\/1692qjwsgQ6pQJA3JAHZynICqsz3dwOUR\/view?usp=sharing\" target=\"_blank\" rel=\"noreferrer noopener\">Biologia i Geologia<\/a><\/p>\n\n\n\n<p>&#8211; <a href=\"https:\/\/drive.google.com\/file\/d\/1bAAMcjcMIfqsrtG8qbDUtSXTr5t9VfNH\/view?usp=sharing\" target=\"_blank\" rel=\"noreferrer noopener\">F\u00edsica i Qu\u00edmica<\/a><\/p>\n\n\n\n<p>&#8211; <a href=\"https:\/\/drive.google.com\/file\/d\/1SrW4AGfuEG6Q7kQLza980cj51N15201X\/view?usp=sharing\" target=\"_blank\" rel=\"noreferrer noopener\">Tecnologia<\/a><\/p>\n\n\n\n<p>&#8211; <a href=\"https:\/\/drive.google.com\/file\/d\/1LtkFU7e8DoODusWh-xtmng4sBi4nVEKB\/view?usp=sharing\" target=\"_blank\" rel=\"noreferrer noopener\">Ci\u00e8ncies socials<\/a><\/p>\n\n\n\n<p>&#8211; <a href=\"https:\/\/drive.google.com\/file\/d\/13opxCBMagXQssM6hRs1sKETkOrh6PuuP\/view?usp=sharing\" target=\"_blank\" rel=\"noreferrer noopener\">Educaci\u00f3 F\u00edsica<\/a><\/p>\n","protected":false},"excerpt":{"rendered":"<p>Cada any es convoquen les proves per a l&#8217;obtenci\u00f3 del t\u00edtol de Graduat en Educaci\u00f3 Secund\u00e0ria Obligat\u00f2ria (GESO), per a l&#8217;alumnat que no l&#8217;hagi obtingut en finalitzar l&#8217;etapa. Informaci\u00f3 general Calendari de les proves 2026 Qualificacions de l&#8217;alumnat adm\u00e8s a les proves GESO 2026 Continguts m\u00ednims de les mat\u00e8ries:&nbsp; &#8211; Llengua catalana &#8211; Llengua castellana [&hellip;]<\/p>\n","protected":false},"author":1,"featured_media":0,"parent":586,"menu_order":30,"comment_status":"closed","ping_status":"closed","template":"","meta":{"_bbp_topic_count":0,"_bbp_reply_count":0,"_bbp_total_topic_count":0,"_bbp_total_reply_count":0,"_bbp_voice_count":0,"_bbp_anonymous_reply_count":0,"_bbp_topic_count_hidden":0,"_bbp_reply_count_hidden":0,"_bbp_forum_subforum_count":0,"site-sidebar-layout":"default","site-content-layout":"","ast-site-content-layout":"default","site-content-style":"default","site-sidebar-style":"default","ast-global-header-display":"","ast-banner-title-visibility":"","ast-main-header-display":"","ast-hfb-above-header-display":"","ast-hfb-below-header-display":"","ast-hfb-mobile-header-display":"","site-post-title":"","ast-breadcrumbs-content":"","ast-featured-img":"","footer-sml-layout":"","theme-transparent-header-meta":"","adv-header-id-meta":"","stick-header-meta":"","header-above-stick-meta":"","header-main-stick-meta":"","header-below-stick-meta":"","astra-migrate-meta-layouts":"set","ast-page-background-enabled":"default","ast-page-background-meta":{"desktop":{"background-color":"var(--ast-global-color-4)","background-image":"","background-repeat":"repeat","background-position":"center center","background-size":"auto","background-attachment":"scroll","background-type":"","background-media":"","overlay-type":"","overlay-color":"","overlay-opacity":"","overlay-gradient":""},"tablet":{"background-color":"","background-image":"","background-repeat":"repeat","background-position":"center center","background-size":"auto","background-attachment":"scroll","background-type":"","background-media":"","overlay-type":"","overlay-color":"","overlay-opacity":"","overlay-gradient":""},"mobile":{"background-color":"","background-image":"","background-repeat":"repeat","background-position":"center center","background-size":"auto","background-attachment":"scroll","background-type":"","background-media":"","overlay-type":"","overlay-color":"","overlay-opacity":"","overlay-gradient":""}},"ast-content-background-meta":{"desktop":{"background-color":"var(--ast-global-color-5)","background-image":"","background-repeat":"repeat","background-position":"center center","background-size":"auto","background-attachment":"scroll","background-type":"","background-media":"","overlay-type":"","overlay-color":"","overlay-opacity":"","overlay-gradient":""},"tablet":{"background-color":"var(--ast-global-color-5)","background-image":"","background-repeat":"repeat","background-position":"center center","background-size":"auto","background-attachment":"scroll","background-type":"","background-media":"","overlay-type":"","overlay-color":"","overlay-opacity":"","overlay-gradient":""},"mobile":{"background-color":"var(--ast-global-color-5)","background-image":"","background-repeat":"repeat","background-position":"center center","background-size":"auto","background-attachment":"scroll","background-type":"","background-media":"","overlay-type":"","overlay-color":"","overlay-opacity":"","overlay-gradient":""}},"footnotes":""},"class_list":["post-3080","page","type-page","status-publish","hentry"],"post_mailing_queue_ids":[],"_links":{"self":[{"href":"https:\/\/agora.xtec.cat\/ies-mediterrania-castelldefels\/wp-json\/wp\/v2\/pages\/3080","targetHints":{"allow":["GET"]}}],"collection":[{"href":"https:\/\/agora.xtec.cat\/ies-mediterrania-castelldefels\/wp-json\/wp\/v2\/pages"}],"about":[{"href":"https:\/\/agora.xtec.cat\/ies-mediterrania-castelldefels\/wp-json\/wp\/v2\/types\/page"}],"author":[{"embeddable":true,"href":"https:\/\/agora.xtec.cat\/ies-mediterrania-castelldefels\/wp-json\/wp\/v2\/users\/1"}],"replies":[{"embeddable":true,"href":"https:\/\/agora.xtec.cat\/ies-mediterrania-castelldefels\/wp-json\/wp\/v2\/comments?post=3080"}],"version-history":[{"count":6,"href":"https:\/\/agora.xtec.cat\/ies-mediterrania-castelldefels\/wp-json\/wp\/v2\/pages\/3080\/revisions"}],"predecessor-version":[{"id":13096,"href":"https:\/\/agora.xtec.cat\/ies-mediterrania-castelldefels\/wp-json\/wp\/v2\/pages\/3080\/revisions\/13096"}],"up":[{"embeddable":true,"href":"https:\/\/agora.xtec.cat\/ies-mediterrania-castelldefels\/wp-json\/wp\/v2\/pages\/586"}],"wp:attachment":[{"href":"https:\/\/agora.xtec.cat\/ies-mediterrania-castelldefels\/wp-json\/wp\/v2\/media?parent=3080"}],"curies":[{"name":"wp","href":"https:\/\/api.w.org\/{rel}","templated":true}]}}