{"id":2037,"date":"2018-07-17T19:32:25","date_gmt":"2018-07-17T17:32:25","guid":{"rendered":"http:\/\/agora.xtec.cat\/ies-mediterrania-castelldefels\/?page_id=2037"},"modified":"2026-02-02T10:47:17","modified_gmt":"2026-02-02T09:47:17","slug":"servei-tecnic","status":"publish","type":"page","link":"https:\/\/agora.xtec.cat\/ies-mediterrania-castelldefels\/serveis\/servei-tecnic\/","title":{"rendered":"Servei T\u00e8cnic Inform\u00e0tic (STIIM)"},"content":{"rendered":"\n<p>El teu port\u00e0til va lent? Tens problemes amb la pantalla o amb algun programa?&nbsp;<\/p>\n\n\n\n<p>No et preocupis! Al Servei T\u00e8cnic de l&#8217;Institut Mediterr\u00e0nia&#8230; tenim la soluci\u00f3!<\/p>\n\n\n\n<h3 class=\"wp-block-heading has-medium-font-size\">Som alumnes de 2n del&nbsp;<strong>Cicle Formatiu d&#8217;Inform\u00e0tica&nbsp;<\/strong>i oferim servei t\u00e8cnic gratu\u00eft per a:<\/h3>\n\n\n\n<ul class=\"wp-block-list\">\n<li>Alumnat<\/li>\n\n\n\n<li>Professorat<\/li>\n\n\n\n<li>Fam\u00edlies<\/li>\n\n\n\n<li>Personal d&#8217;administraci\u00f3 i serveis<\/li>\n<\/ul>\n\n\n\n<h3 class=\"wp-block-heading has-medium-font-size\"><strong>En qu\u00e8 et podem ajudar?<\/strong><\/h3>\n\n\n\n<ul class=\"wp-block-list\">\n<li>&nbsp;Instal\u00b7laci\u00f3 i manteniment de programari (sistemes operatius, programes, antivirus, etc.)<\/li>\n\n\n\n<li>&nbsp;Neteja interna d&#8217;equips (que alenteix l&#8217;ordinador)<\/li>\n\n\n\n<li>&nbsp;Muntatge i reparaci\u00f3 d&#8217;equips inform\u00e0tics<\/li>\n\n\n\n<li>&nbsp;Assessorament t\u00e8cnic (t&#8217;ajudem a triar components o resoldre dubtes)<\/li>\n<\/ul>\n\n\n\n<h3 class=\"wp-block-heading has-medium-font-size\"><strong>Per qu\u00e8 has de confiar en nosaltres?<\/strong><\/h3>\n\n\n\n<ul class=\"wp-block-list\">\n<li>&nbsp;Som r\u00e0pids i eficients<\/li>\n\n\n\n<li>&nbsp;El teu equip estar\u00e0 en bones mans<\/li>\n<\/ul>\n\n\n\n<h3 class=\"wp-block-heading has-medium-font-size\"><strong>Com podeu posar-vos en contacte amb nosaltres?<\/strong><\/h3>\n\n\n\n<ul class=\"wp-block-list\">\n<li>Passa pel nostre punt d&#8217;informaci\u00f3, situat davant de l&#8217;<strong>aula de Tecno-3 a la planta baixa del centre.<\/strong><\/li>\n<\/ul>\n\n\n\n<h3 class=\"wp-block-heading has-medium-font-size\">Horari d&#8217;atenci\u00f3:<\/h3>\n\n\n\n<ul class=\"wp-block-list\">\n<li><strong>&nbsp; &nbsp; Dijous: 15:00 a 20:30<\/strong><\/li>\n\n\n\n<li><strong>&nbsp; &nbsp; Divendres: 15:00 a 18:30<\/strong><\/li>\n<\/ul>\n\n\n\n<p>Escriu-nos al correu:&nbsp;<strong><a href=\"mailto:sti@ins-mediterrania.cat\" target=\"_blank\" rel=\"noreferrer noopener\">sti@ins-mediterrania.cat<\/a><\/strong>&nbsp;per a qualsevol consulta.<\/p>\n\n\n\n<p>Estarem encantats d&#8217;ajudar-te.<\/p>\n","protected":false},"excerpt":{"rendered":"<p>El teu port\u00e0til va lent? Tens problemes amb la pantalla o amb algun programa?&nbsp; No et preocupis! Al Servei T\u00e8cnic de l&#8217;Institut Mediterr\u00e0nia&#8230; tenim la soluci\u00f3! Som alumnes de 2n del&nbsp;Cicle Formatiu d&#8217;Inform\u00e0tica&nbsp;i oferim servei t\u00e8cnic gratu\u00eft per a: En qu\u00e8 et podem ajudar? Per qu\u00e8 has de confiar en nosaltres? Com podeu posar-vos en [&hellip;]<\/p>\n","protected":false},"author":1,"featured_media":0,"parent":63,"menu_order":30,"comment_status":"closed","ping_status":"closed","template":"","meta":{"_bbp_topic_count":0,"_bbp_reply_count":0,"_bbp_total_topic_count":0,"_bbp_total_reply_count":0,"_bbp_voice_count":0,"_bbp_anonymous_reply_count":0,"_bbp_topic_count_hidden":0,"_bbp_reply_count_hidden":0,"_bbp_forum_subforum_count":0,"site-sidebar-layout":"left-sidebar","site-content-layout":"","ast-site-content-layout":"default","site-content-style":"default","site-sidebar-style":"default","ast-global-header-display":"","ast-banner-title-visibility":"","ast-main-header-display":"","ast-hfb-above-header-display":"","ast-hfb-below-header-display":"","ast-hfb-mobile-header-display":"","site-post-title":"","ast-breadcrumbs-content":"","ast-featured-img":"","footer-sml-layout":"","theme-transparent-header-meta":"","adv-header-id-meta":"","stick-header-meta":"","header-above-stick-meta":"","header-main-stick-meta":"","header-below-stick-meta":"","astra-migrate-meta-layouts":"set","ast-page-background-enabled":"default","ast-page-background-meta":{"desktop":{"background-color":"var(--ast-global-color-4)","background-image":"","background-repeat":"repeat","background-position":"center center","background-size":"auto","background-attachment":"scroll","background-type":"","background-media":"","overlay-type":"","overlay-color":"","overlay-opacity":"","overlay-gradient":""},"tablet":{"background-color":"","background-image":"","background-repeat":"repeat","background-position":"center center","background-size":"auto","background-attachment":"scroll","background-type":"","background-media":"","overlay-type":"","overlay-color":"","overlay-opacity":"","overlay-gradient":""},"mobile":{"background-color":"","background-image":"","background-repeat":"repeat","background-position":"center center","background-size":"auto","background-attachment":"scroll","background-type":"","background-media":"","overlay-type":"","overlay-color":"","overlay-opacity":"","overlay-gradient":""}},"ast-content-background-meta":{"desktop":{"background-color":"var(--ast-global-color-5)","background-image":"","background-repeat":"repeat","background-position":"center center","background-size":"auto","background-attachment":"scroll","background-type":"","background-media":"","overlay-type":"","overlay-color":"","overlay-opacity":"","overlay-gradient":""},"tablet":{"background-color":"var(--ast-global-color-5)","background-image":"","background-repeat":"repeat","background-position":"center center","background-size":"auto","background-attachment":"scroll","background-type":"","background-media":"","overlay-type":"","overlay-color":"","overlay-opacity":"","overlay-gradient":""},"mobile":{"background-color":"var(--ast-global-color-5)","background-image":"","background-repeat":"repeat","background-position":"center center","background-size":"auto","background-attachment":"scroll","background-type":"","background-media":"","overlay-type":"","overlay-color":"","overlay-opacity":"","overlay-gradient":""}},"footnotes":""},"class_list":["post-2037","page","type-page","status-publish","hentry"],"post_mailing_queue_ids":[],"_links":{"self":[{"href":"https:\/\/agora.xtec.cat\/ies-mediterrania-castelldefels\/wp-json\/wp\/v2\/pages\/2037","targetHints":{"allow":["GET"]}}],"collection":[{"href":"https:\/\/agora.xtec.cat\/ies-mediterrania-castelldefels\/wp-json\/wp\/v2\/pages"}],"about":[{"href":"https:\/\/agora.xtec.cat\/ies-mediterrania-castelldefels\/wp-json\/wp\/v2\/types\/page"}],"author":[{"embeddable":true,"href":"https:\/\/agora.xtec.cat\/ies-mediterrania-castelldefels\/wp-json\/wp\/v2\/users\/1"}],"replies":[{"embeddable":true,"href":"https:\/\/agora.xtec.cat\/ies-mediterrania-castelldefels\/wp-json\/wp\/v2\/comments?post=2037"}],"version-history":[{"count":6,"href":"https:\/\/agora.xtec.cat\/ies-mediterrania-castelldefels\/wp-json\/wp\/v2\/pages\/2037\/revisions"}],"predecessor-version":[{"id":12931,"href":"https:\/\/agora.xtec.cat\/ies-mediterrania-castelldefels\/wp-json\/wp\/v2\/pages\/2037\/revisions\/12931"}],"up":[{"embeddable":true,"href":"https:\/\/agora.xtec.cat\/ies-mediterrania-castelldefels\/wp-json\/wp\/v2\/pages\/63"}],"wp:attachment":[{"href":"https:\/\/agora.xtec.cat\/ies-mediterrania-castelldefels\/wp-json\/wp\/v2\/media?parent=2037"}],"curies":[{"name":"wp","href":"https:\/\/api.w.org\/{rel}","templated":true}]}}