{"id":195,"date":"2014-09-22T10:39:39","date_gmt":"2014-09-22T10:39:39","guid":{"rendered":"http:\/\/agora.xtec.cat\/ies-mediterrania-castelldefels\/?page_id=195"},"modified":"2026-04-17T21:09:06","modified_gmt":"2026-04-17T19:09:06","slug":"estudis","status":"publish","type":"page","link":"https:\/\/agora.xtec.cat\/ies-mediterrania-castelldefels\/estudis\/","title":{"rendered":"Oferta Educativa"},"content":{"rendered":"\n<p>L&#8217;Institut Mediterr\u00e0nia \u00e9s un centre p\u00fablic que dep\u00e8n del Departament d&#8217;Educaci\u00f3 i Formaci\u00f3 Professional de la Generalitat de Catalunya.<\/p>\n\n\n\n<p>La nostra oferta educativa \u00e9s la seg\u00fcent:<\/p>\n\n\n\n<p class=\"has-large-font-size\"><strong><a href=\"https:\/\/agora.xtec.cat\/ies-mediterrania-castelldefels\/estudis\/eso\/\">ESO<\/a><\/strong><\/p>\n\n\n\n<ul class=\"wp-block-list\">\n<li>1r ESO<\/li>\n\n\n\n<li>2n ESO<\/li>\n\n\n\n<li>3r ESO<\/li>\n\n\n\n<li>4t ESO<\/li>\n<\/ul>\n\n\n\n<h1 class=\"wp-block-heading has-large-font-size\"><a href=\"https:\/\/agora.xtec.cat\/ies-mediterrania-castelldefels\/estudis\/batxillerat\/\">Batxillerat<\/a><\/h1>\n\n\n\n<ul class=\"wp-block-list\">\n<li>Modalitat Humanitats i Ci\u00e8ncies Socials<\/li>\n\n\n\n<li>Modalitat Ci\u00e8ncies i Tecnologia<\/li>\n<\/ul>\n\n\n\n<h1 class=\"wp-block-heading has-large-font-size\"><a href=\"https:\/\/agora.xtec.cat\/ies-mediterrania-castelldefels\/estudis\/batxillerat\/batxibac\/\">Batxibac<\/a><\/h1>\n\n\n\n<ul class=\"wp-block-list\">\n<li>Modalitat Humanitats i Ci\u00e8ncies Socials<\/li>\n\n\n\n<li>Modalitat Ci\u00e8ncies i Tecnologia<\/li>\n<\/ul>\n\n\n\n<p><\/p>\n\n\n\n<h1 class=\"wp-block-heading has-large-font-size\"><a href=\"https:\/\/agora.xtec.cat\/ies-mediterrania-castelldefels\/formacio-professional\/\">Formaci\u00f3 Professional<\/a><\/h1>\n\n\n\n<p class=\"has-medium-font-size\">&#8211; <strong><a href=\"https:\/\/agora.xtec.cat\/ies-mediterrania-castelldefels\/cicles-formatius-de-grau-basic\/\">Cicles Formatius de Grau B\u00e0sic<\/a><\/strong><\/p>\n\n\n\n<p class=\"has-medium-font-size\">&#8211;  <strong><a href=\"https:\/\/agora.xtec.cat\/ies-mediterrania-castelldefels\/estudis\/eso-1\/\">Cicles Formatius de Grau Mitj\u00e0<\/a><\/strong><\/p>\n\n\n\n<ul class=\"wp-block-list\">\n<li>Activitats Comercials (AC)<\/li>\n\n\n\n<li>Sistemes Microinform\u00e0tics i Xarxes (SMIX)<\/li>\n\n\n\n<li>Gesti\u00f3 administrativa<\/li>\n\n\n\n<li>Guia en el medi Natural i de temps de lleure (GMN)<\/li>\n<\/ul>\n\n\n\n<p class=\"has-medium-font-size\">&#8211; <strong><a href=\"https:\/\/agora.xtec.cat\/ies-mediterrania-castelldefels\/cicles-formatius-de-grau-superior\/\">Cicles Formatius de Grau Superior<\/a><\/strong><\/p>\n\n\n\n<ul class=\"wp-block-list\">\n<li>Ag\u00e8ncies de Viatges i Gesti\u00f3 d&#8217;Esdeveniments (AVGE)<\/li>\n\n\n\n<li>Gesti\u00f3 d&#8217;Allotjaments Tur\u00edstics (GAT)<\/li>\n<\/ul>\n\n\n\n<p class=\"has-medium-font-size\"><strong><a href=\"https:\/\/agora.xtec.cat\/ies-mediterrania-castelldefels\/estudis\/pfi\/\">&#8211; <\/a><\/strong> <strong><a href=\"https:\/\/agora.xtec.cat\/ies-mediterrania-castelldefels\/estudis\/pfi\/\">Programes de Formaci\u00f3 i Inserci\u00f3 (PFI)<\/a><\/strong><\/p>\n\n\n\n<p class=\"has-medium-font-size\">&#8211; <strong><a href=\"https:\/\/agora.xtec.cat\/ies-mediterrania-castelldefels\/certificats-de-professionalitat\/\">Certificats de professionalitat<\/a><\/strong><\/p>\n\n\n\n<p><\/p>\n","protected":false},"excerpt":{"rendered":"<p>L&#8217;Institut Mediterr\u00e0nia \u00e9s un centre p\u00fablic que dep\u00e8n del Departament d&#8217;Educaci\u00f3 i Formaci\u00f3 Professional de la Generalitat de Catalunya. La nostra oferta educativa \u00e9s la seg\u00fcent: ESO Batxillerat Batxibac Formaci\u00f3 Professional &#8211; Cicles Formatius de Grau B\u00e0sic &#8211; Cicles Formatius de Grau Mitj\u00e0 &#8211; Cicles Formatius de Grau Superior &#8211; Programes de Formaci\u00f3 i Inserci\u00f3 [&hellip;]<\/p>\n","protected":false},"author":1,"featured_media":0,"parent":0,"menu_order":0,"comment_status":"closed","ping_status":"closed","template":"","meta":{"_bbp_topic_count":0,"_bbp_reply_count":0,"_bbp_total_topic_count":0,"_bbp_total_reply_count":0,"_bbp_voice_count":0,"_bbp_anonymous_reply_count":0,"_bbp_topic_count_hidden":0,"_bbp_reply_count_hidden":0,"_bbp_forum_subforum_count":0,"site-sidebar-layout":"default","site-content-layout":"","ast-site-content-layout":"default","site-content-style":"default","site-sidebar-style":"default","ast-global-header-display":"","ast-banner-title-visibility":"","ast-main-header-display":"","ast-hfb-above-header-display":"","ast-hfb-below-header-display":"","ast-hfb-mobile-header-display":"","site-post-title":"","ast-breadcrumbs-content":"","ast-featured-img":"","footer-sml-layout":"","theme-transparent-header-meta":"","adv-header-id-meta":"","stick-header-meta":"","header-above-stick-meta":"","header-main-stick-meta":"","header-below-stick-meta":"","astra-migrate-meta-layouts":"set","ast-page-background-enabled":"default","ast-page-background-meta":{"desktop":{"background-color":"var(--ast-global-color-4)","background-image":"","background-repeat":"repeat","background-position":"center center","background-size":"auto","background-attachment":"scroll","background-type":"","background-media":"","overlay-type":"","overlay-color":"","overlay-opacity":"","overlay-gradient":""},"tablet":{"background-color":"","background-image":"","background-repeat":"repeat","background-position":"center center","background-size":"auto","background-attachment":"scroll","background-type":"","background-media":"","overlay-type":"","overlay-color":"","overlay-opacity":"","overlay-gradient":""},"mobile":{"background-color":"","background-image":"","background-repeat":"repeat","background-position":"center center","background-size":"auto","background-attachment":"scroll","background-type":"","background-media":"","overlay-type":"","overlay-color":"","overlay-opacity":"","overlay-gradient":""}},"ast-content-background-meta":{"desktop":{"background-color":"var(--ast-global-color-5)","background-image":"","background-repeat":"repeat","background-position":"center center","background-size":"auto","background-attachment":"scroll","background-type":"","background-media":"","overlay-type":"","overlay-color":"","overlay-opacity":"","overlay-gradient":""},"tablet":{"background-color":"var(--ast-global-color-5)","background-image":"","background-repeat":"repeat","background-position":"center center","background-size":"auto","background-attachment":"scroll","background-type":"","background-media":"","overlay-type":"","overlay-color":"","overlay-opacity":"","overlay-gradient":""},"mobile":{"background-color":"var(--ast-global-color-5)","background-image":"","background-repeat":"repeat","background-position":"center center","background-size":"auto","background-attachment":"scroll","background-type":"","background-media":"","overlay-type":"","overlay-color":"","overlay-opacity":"","overlay-gradient":""}},"footnotes":""},"class_list":["post-195","page","type-page","status-publish","hentry"],"post_mailing_queue_ids":[],"_links":{"self":[{"href":"https:\/\/agora.xtec.cat\/ies-mediterrania-castelldefels\/wp-json\/wp\/v2\/pages\/195","targetHints":{"allow":["GET"]}}],"collection":[{"href":"https:\/\/agora.xtec.cat\/ies-mediterrania-castelldefels\/wp-json\/wp\/v2\/pages"}],"about":[{"href":"https:\/\/agora.xtec.cat\/ies-mediterrania-castelldefels\/wp-json\/wp\/v2\/types\/page"}],"author":[{"embeddable":true,"href":"https:\/\/agora.xtec.cat\/ies-mediterrania-castelldefels\/wp-json\/wp\/v2\/users\/1"}],"replies":[{"embeddable":true,"href":"https:\/\/agora.xtec.cat\/ies-mediterrania-castelldefels\/wp-json\/wp\/v2\/comments?post=195"}],"version-history":[{"count":6,"href":"https:\/\/agora.xtec.cat\/ies-mediterrania-castelldefels\/wp-json\/wp\/v2\/pages\/195\/revisions"}],"predecessor-version":[{"id":13203,"href":"https:\/\/agora.xtec.cat\/ies-mediterrania-castelldefels\/wp-json\/wp\/v2\/pages\/195\/revisions\/13203"}],"wp:attachment":[{"href":"https:\/\/agora.xtec.cat\/ies-mediterrania-castelldefels\/wp-json\/wp\/v2\/media?parent=195"}],"curies":[{"name":"wp","href":"https:\/\/api.w.org\/{rel}","templated":true}]}}