{"id":1913,"date":"2018-07-15T19:07:15","date_gmt":"2018-07-15T17:07:15","guid":{"rendered":"http:\/\/agora.xtec.cat\/ies-mediterrania-castelldefels\/?page_id=1913"},"modified":"2026-01-26T10:51:02","modified_gmt":"2026-01-26T09:51:02","slug":"erasmus","status":"publish","type":"page","link":"https:\/\/agora.xtec.cat\/ies-mediterrania-castelldefels\/estudis\/eso-1\/erasmus\/","title":{"rendered":"Erasmus+"},"content":{"rendered":"\n<figure class=\"wp-block-image alignright\"><img loading=\"lazy\" decoding=\"async\" width=\"300\" height=\"65\" src=\"https:\/\/agora.xtec.cat\/ies-mediterrania-castelldefels\/wp-content\/uploads\/usu1078\/2022\/02\/erasmuspluslogo-7.jpg\" alt=\"\" class=\"wp-image-7355\"\/><\/figure>\n\n\n\n<figure class=\"wp-block-image alignright\"><a href=\"http:\/\/sepie.es\/\" target=\"_blank\" rel=\"noopener\"><img loading=\"lazy\" decoding=\"async\" width=\"230\" height=\"128\" src=\"https:\/\/agora.xtec.cat\/ies-mediterrania-castelldefels\/wp-content\/uploads\/usu1078\/2023\/09\/Sepie.jpg\" alt=\"\" class=\"wp-image-9484\"\/><\/a><\/figure>\n\n\n\n<p><strong>Erasmus+<\/strong> \u00e9s un programa europeu que ofereix la possibilitat de fer el m\u00f2dul o part del m\u00f2dul de la <strong>FCT <\/strong>(Formaci\u00f3&nbsp;en Centres de Treball) <strong>a l&#8217;estranger<\/strong>. Es tracta d&#8217;estades formatives en empreses o institucions&nbsp;d&#8217;altres pa\u00efsos de la Comunitat Europea.<br><\/p>\n\n\n\n<figure class=\"wp-block-image alignright size-full is-style-default\" style=\"margin-top:0;margin-bottom:0\"><a href=\"https:\/\/drive.google.com\/file\/d\/1M2P_Of6c9ND6m7mW9Qr2kx39ujpCyqfv\/view?usp=sharing\" target=\"_blank\" rel=\"noopener\"><img loading=\"lazy\" decoding=\"async\" width=\"300\" height=\"169\" src=\"https:\/\/agora.xtec.cat\/ies-mediterrania-castelldefels\/wp-content\/uploads\/usu1078\/2022\/10\/Info1.gif\" alt=\"\" class=\"wp-image-8395\"\/><\/a><\/figure>\n\n\n\n<p class=\"has-ast-global-color-3-color has-text-color\"><a href=\"https:\/\/drive.google.com\/file\/d\/1F3w6wspPw5YA1ZenEaZ7B5o66WAt1GgS\/view?usp=sharing\" target=\"_blank\" rel=\"noopener noreferrer\"><span style=\"color: #ff6600;\">Erasmus Charter for Higher Education 2021-2027 (Carta ECHE)<\/span><\/a><\/p>\n\n\n\n<p><strong><span style=\"color: #ff6600;\">Nou!!! <a href=\"https:\/\/drive.google.com\/file\/d\/1SrLeyIJvyRUaUkDrebQ_dS8GjJhkVrgG\/view?usp=sharing\" target=\"_blank\" rel=\"noopener\"><span style=\"color: #000080;\"><span style=\"color: #000000;\">Sol\u00b7licitud Erasmus+ CFGM<\/span><\/span><\/a><\/span><\/strong><\/p>\n\n\n\n<p><strong><span style=\"color: #ff6600;\">Nou!!! <a href=\"https:\/\/drive.google.com\/file\/d\/1Fn60IXCTYGyOCoRDJUgPHkddPHVa-5ki\/view?usp=sharing\" target=\"_blank\" rel=\"noopener\"><span style=\"color: #000080;\"><span style=\"color: #000000;\">Sol\u00b7licitud Erasmus+ CFGS<\/span><\/span><\/a><\/span><\/strong><\/p>\n\n\n\n<p><a href=\"https:\/\/drive.google.com\/file\/d\/165A8XcQXQQPhvqy5W5t4RHVnYDvwjRxM\/view?usp=sharing\" target=\"_blank\" rel=\"noopener\">Acreditaci\u00f3 Erasmus SEPIE<\/a><\/p>\n\n\n\n<p><a href=\"https:\/\/drive.google.com\/file\/d\/1JQU0mslgk1dULgDoQx6qgS3q3dN_M970\/view?usp=sharing\" target=\"_blank\" rel=\"noopener\">Presentaci\u00f3 Erasmus+ 2025\/2026<\/a><\/p>\n\n\n\n<p><a href=\"https:\/\/drive.google.com\/file\/d\/12RwWXD5Vl-qlRlMtNQYY9W7hjbjRsDvq\/view?usp=sharing\" target=\"_blank\" rel=\"noopener\">Llistat<\/a><a href=\"https:\/\/drive.google.com\/file\/d\/12RwWXD5Vl-qlRlMtNQYY9W7hjbjRsDvq\/view?usp=sharing\" target=\"_blank\" rel=\"noopener\"> provisional de l&#8217;alumnat de CFGM que ha sol.licitat participar en el programa Erasmus+ durant el curs 25-26<\/a><\/p>\n\n\n\n<p><a href=\"https:\/\/drive.google.com\/file\/d\/1OARbdntDyonFXUUF6-2mQcB-eJuEz20T\/view?usp=sharing\" target=\"_blank\" rel=\"noopener\">Llistat definitiu de l&#8217;alumnat de CFGM que ha sol.licitat participar en el programa Erasmus+ durant el curs 25-26<\/a><\/p>\n\n\n\n<p><a href=\"https:\/\/drive.google.com\/file\/d\/1WNeLOtqTrK2pq3rV9dj7v2-kUOFnrfqh\/view?usp=sharing\" target=\"_blank\" rel=\"noopener\">Llistat provisional alumnat GS preseleccionat <\/a><a href=\"https:\/\/drive.google.com\/file\/d\/1WNeLOtqTrK2pq3rV9dj7v2-kUOFnrfqh\/view?usp=sharing\" target=\"_blank\" rel=\"noopener\">per al projecte Erasmus+<\/a><\/p>\n\n\n\n<p><a href=\"https:\/\/drive.google.com\/file\/d\/15gPAisfNAA7YXBMiBNdLEnictLnoKJve\/view?usp=sharing\" target=\"_blank\" rel=\"noopener\">Llistat definitiu alumnat GS preseleccionat per participar en el projecte Erasmus+ curs 25-26<\/a><\/p>\n\n\n\n<p>Llistat alumnes admesos GM i GS Erasmus+&nbsp; &nbsp; <\/p>\n\n\n\n<p><a style=\"color: #2795b6;\" href=\"https:\/\/drive.google.com\/open?id=1a6f2XLKqSbLvk4RkMsvdNfwXxyGLT6y-\" target=\"_blank\" rel=\"noopener noreferrer\">Q\u00fcestionari Erasmus+ selecci\u00f3 alumnat<\/a><\/p>\n\n\n\n<p><a style=\"color: #2795b6;\" href=\"https:\/\/drive.google.com\/open?id=1yNK2u5Rjed77eWYq8nEFZbYkZVC2Yquk\" target=\"_blank\" rel=\"noopener noreferrer\">Declaraci\u00f3 pol\u00edtica Erasmus+<\/a><\/p>\n\n\n\n<p>Criteris selecci\u00f3 alumnes Erasmus+&nbsp; <a href=\"https:\/\/drive.google.com\/file\/d\/1VzuyKvKNIYMGow_agvIIKHE84zicEDpQ\/view?usp=sharing\" target=\"_blank\" rel=\"noopener\">CFGM<\/a>&nbsp; &nbsp; &nbsp;<a href=\"https:\/\/drive.google.com\/file\/d\/1v7Wz8UM4x9qyz8a9u-UuWlsxNZ08ZMql\/view?usp=sharing\" target=\"_blank\" rel=\"noopener\">CFGS<\/a><\/p>\n\n\n\n<p><span style=\"color: #000080;\">&nbsp;<\/span><\/p>\n\n\n\n<figure class=\"wp-block-table\"><table class=\"has-fixed-layout\"><tbody><tr><td><figure><img loading=\"lazy\" decoding=\"async\" class=\"alignnone wp-image-1097 size-medium\" src=\"http:\/\/agora.xtec.cat\/ies-mediterrania-castelldefels\/wp-content\/uploads\/usu1078\/2018\/02\/DSC_0734c-300x245.jpg\" alt=\"\" width=\"300\" height=\"245\" srcset=\"https:\/\/agora.xtec.cat\/ies-mediterrania-castelldefels\/wp-content\/uploads\/usu1078\/2018\/02\/DSC_0734c-300x245.jpg 300w, https:\/\/agora.xtec.cat\/ies-mediterrania-castelldefels\/wp-content\/uploads\/usu1078\/2018\/02\/DSC_0734c.jpg 306w\" sizes=\"auto, (max-width: 300px) 100vw, 300px\" \/><\/figure><\/td><td><a href=\"https:\/\/photos.google.com\/u\/4\/share\/AF1QipO1ahVIZJP6C_hXe6c0AbNq_mnKJqZN6HwD-gzC74xdh2zdY_xQ2BntPBYYqK3ecg?key=NkNCa2ZCTnF4bThnbGtsWTZYVlpWblpFZlNUWWJ3\" target=\"_blank\" rel=\"noopener\">Pr\u00e0ctiques Eramus+&nbsp; \u00c0lbum de fotos<\/a><\/td><\/tr><tr><td><figure><img loading=\"lazy\" decoding=\"async\" class=\"alignleft size-medium wp-image-10210\" src=\"https:\/\/agora.xtec.cat\/ies-mediterrania-castelldefels\/wp-content\/uploads\/usu1078\/2024\/04\/PresT-Erasmus-GS-300x224.jpg\" alt=\"\" width=\"300\" height=\"224\" srcset=\"https:\/\/agora.xtec.cat\/ies-mediterrania-castelldefels\/wp-content\/uploads\/usu1078\/2024\/04\/PresT-Erasmus-GS-300x224.jpg 300w, https:\/\/agora.xtec.cat\/ies-mediterrania-castelldefels\/wp-content\/uploads\/usu1078\/2024\/04\/PresT-Erasmus-GS-200x150.jpg 200w, https:\/\/agora.xtec.cat\/ies-mediterrania-castelldefels\/wp-content\/uploads\/usu1078\/2024\/04\/PresT-Erasmus-GS.jpg 723w\" sizes=\"auto, (max-width: 300px) 100vw, 300px\" \/><\/figure><\/td><td><a href=\"https:\/\/drive.google.com\/file\/d\/1VF8hKz_lHBaxU_xU_qUG991iy8Hq-d0w\/view?usp=sharing\" target=\"_blank\" rel=\"noopener\">Presentaci\u00f3 Erasmus+ GS. Curs 2023-24<\/a><\/td><\/tr><tr><td><figure><img loading=\"lazy\" decoding=\"async\" class=\"alignleft size-medium wp-image-10209\" src=\"https:\/\/agora.xtec.cat\/ies-mediterrania-castelldefels\/wp-content\/uploads\/usu1078\/2024\/04\/PresT-Erasmus-GM-300x226.jpg\" alt=\"\" width=\"300\" height=\"226\" srcset=\"https:\/\/agora.xtec.cat\/ies-mediterrania-castelldefels\/wp-content\/uploads\/usu1078\/2024\/04\/PresT-Erasmus-GM-300x226.jpg 300w, https:\/\/agora.xtec.cat\/ies-mediterrania-castelldefels\/wp-content\/uploads\/usu1078\/2024\/04\/PresT-Erasmus-GM-200x150.jpg 200w, https:\/\/agora.xtec.cat\/ies-mediterrania-castelldefels\/wp-content\/uploads\/usu1078\/2024\/04\/PresT-Erasmus-GM.jpg 715w\" sizes=\"auto, (max-width: 300px) 100vw, 300px\" \/><\/figure><\/td><td><a href=\"https:\/\/drive.google.com\/file\/d\/1jNIjQHUP0FOXaHU9hyGtaY6c_7NCUM6h\/view?usp=sharing\" target=\"_blank\" rel=\"noopener\">Presentaci\u00f3 Erasmus+ GM. Curs 2023-24<\/a><\/td><\/tr><tr><td><figure><img loading=\"lazy\" decoding=\"async\" class=\"alignnone wp-image-2753 size-medium\" src=\"https:\/\/agora.xtec.cat\/ies-mediterrania-castelldefels\/wp-content\/uploads\/usu1078\/2018\/11\/Entrevista-Erasmus-300x169.jpg\" alt=\"\" width=\"300\" height=\"169\" srcset=\"https:\/\/agora.xtec.cat\/ies-mediterrania-castelldefels\/wp-content\/uploads\/usu1078\/2018\/11\/Entrevista-Erasmus-300x169.jpg 300w, https:\/\/agora.xtec.cat\/ies-mediterrania-castelldefels\/wp-content\/uploads\/usu1078\/2018\/11\/Entrevista-Erasmus-768x432.jpg 768w, https:\/\/agora.xtec.cat\/ies-mediterrania-castelldefels\/wp-content\/uploads\/usu1078\/2018\/11\/Entrevista-Erasmus.jpg 1024w\" sizes=\"auto, (max-width: 300px) 100vw, 300px\" \/><\/figure><\/td><td><a href=\"https:\/\/drive.google.com\/open?id=1hz4ENi2yoNi-eSJuH2ZSi030yjclt6R7\" target=\"_blank\" rel=\"noopener noreferrer\">Entrevista alumnes Erasmus+. Curs 2017-18<\/a><\/td><\/tr><\/tbody><\/table><\/figure>\n","protected":false},"excerpt":{"rendered":"<p>Erasmus+ \u00e9s un programa europeu que ofereix la possibilitat de fer el m\u00f2dul o part del m\u00f2dul de la FCT (Formaci\u00f3&nbsp;en Centres de Treball) a l&#8217;estranger. Es tracta d&#8217;estades formatives en empreses o institucions&nbsp;d&#8217;altres pa\u00efsos de la Comunitat Europea. Erasmus Charter for Higher Education 2021-2027 (Carta ECHE) Nou!!! Sol\u00b7licitud Erasmus+ CFGM Nou!!! Sol\u00b7licitud Erasmus+ CFGS [&hellip;]<\/p>\n","protected":false},"author":1,"featured_media":0,"parent":588,"menu_order":20,"comment_status":"closed","ping_status":"closed","template":"","meta":{"_bbp_topic_count":0,"_bbp_reply_count":0,"_bbp_total_topic_count":0,"_bbp_total_reply_count":0,"_bbp_voice_count":0,"_bbp_anonymous_reply_count":0,"_bbp_topic_count_hidden":0,"_bbp_reply_count_hidden":0,"_bbp_forum_subforum_count":0,"site-sidebar-layout":"default","site-content-layout":"","ast-site-content-layout":"default","site-content-style":"default","site-sidebar-style":"default","ast-global-header-display":"","ast-banner-title-visibility":"","ast-main-header-display":"","ast-hfb-above-header-display":"","ast-hfb-below-header-display":"","ast-hfb-mobile-header-display":"","site-post-title":"","ast-breadcrumbs-content":"","ast-featured-img":"","footer-sml-layout":"","theme-transparent-header-meta":"","adv-header-id-meta":"","stick-header-meta":"","header-above-stick-meta":"","header-main-stick-meta":"","header-below-stick-meta":"","astra-migrate-meta-layouts":"set","ast-page-background-enabled":"default","ast-page-background-meta":{"desktop":{"background-color":"var(--ast-global-color-4)","background-image":"","background-repeat":"repeat","background-position":"center center","background-size":"auto","background-attachment":"scroll","background-type":"","background-media":"","overlay-type":"","overlay-color":"","overlay-opacity":"","overlay-gradient":""},"tablet":{"background-color":"","background-image":"","background-repeat":"repeat","background-position":"center center","background-size":"auto","background-attachment":"scroll","background-type":"","background-media":"","overlay-type":"","overlay-color":"","overlay-opacity":"","overlay-gradient":""},"mobile":{"background-color":"","background-image":"","background-repeat":"repeat","background-position":"center center","background-size":"auto","background-attachment":"scroll","background-type":"","background-media":"","overlay-type":"","overlay-color":"","overlay-opacity":"","overlay-gradient":""}},"ast-content-background-meta":{"desktop":{"background-color":"var(--ast-global-color-5)","background-image":"","background-repeat":"repeat","background-position":"center center","background-size":"auto","background-attachment":"scroll","background-type":"","background-media":"","overlay-type":"","overlay-color":"","overlay-opacity":"","overlay-gradient":""},"tablet":{"background-color":"var(--ast-global-color-5)","background-image":"","background-repeat":"repeat","background-position":"center center","background-size":"auto","background-attachment":"scroll","background-type":"","background-media":"","overlay-type":"","overlay-color":"","overlay-opacity":"","overlay-gradient":""},"mobile":{"background-color":"var(--ast-global-color-5)","background-image":"","background-repeat":"repeat","background-position":"center center","background-size":"auto","background-attachment":"scroll","background-type":"","background-media":"","overlay-type":"","overlay-color":"","overlay-opacity":"","overlay-gradient":""}},"footnotes":""},"class_list":["post-1913","page","type-page","status-publish","hentry"],"post_mailing_queue_ids":[],"_links":{"self":[{"href":"https:\/\/agora.xtec.cat\/ies-mediterrania-castelldefels\/wp-json\/wp\/v2\/pages\/1913","targetHints":{"allow":["GET"]}}],"collection":[{"href":"https:\/\/agora.xtec.cat\/ies-mediterrania-castelldefels\/wp-json\/wp\/v2\/pages"}],"about":[{"href":"https:\/\/agora.xtec.cat\/ies-mediterrania-castelldefels\/wp-json\/wp\/v2\/types\/page"}],"author":[{"embeddable":true,"href":"https:\/\/agora.xtec.cat\/ies-mediterrania-castelldefels\/wp-json\/wp\/v2\/users\/1"}],"replies":[{"embeddable":true,"href":"https:\/\/agora.xtec.cat\/ies-mediterrania-castelldefels\/wp-json\/wp\/v2\/comments?post=1913"}],"version-history":[{"count":7,"href":"https:\/\/agora.xtec.cat\/ies-mediterrania-castelldefels\/wp-json\/wp\/v2\/pages\/1913\/revisions"}],"predecessor-version":[{"id":12954,"href":"https:\/\/agora.xtec.cat\/ies-mediterrania-castelldefels\/wp-json\/wp\/v2\/pages\/1913\/revisions\/12954"}],"up":[{"embeddable":true,"href":"https:\/\/agora.xtec.cat\/ies-mediterrania-castelldefels\/wp-json\/wp\/v2\/pages\/588"}],"wp:attachment":[{"href":"https:\/\/agora.xtec.cat\/ies-mediterrania-castelldefels\/wp-json\/wp\/v2\/media?parent=1913"}],"curies":[{"name":"wp","href":"https:\/\/api.w.org\/{rel}","templated":true}]}}