{"id":19,"date":"2014-09-17T14:56:56","date_gmt":"2014-09-17T12:56:56","guid":{"rendered":"http:\/\/agora.xtec.cat\/ies-mediterrania-castelldefels\/?page_id=19"},"modified":"2025-01-14T21:12:49","modified_gmt":"2025-01-14T20:12:49","slug":"linstitut","status":"publish","type":"page","link":"https:\/\/agora.xtec.cat\/ies-mediterrania-castelldefels\/linstitut\/","title":{"rendered":"L&#8217;institut"},"content":{"rendered":"<h2>Presentaci\u00f3<strong>\u00a0<\/strong><\/h2>\n<p>L&#8217;Institut Mediterr\u00e0nia \u00e9s un centre p\u00fablic d\u2019educaci\u00f3 secund\u00e0ria, situat a la part nord de Castelldefels, a tocar dels l\u00edmits del Parc natural del Garraf, al barri de Can Vinader, cosa que li confereix un entorn natural incomparable.<\/p>\n<p>L\u2019institut es va crear el curs 1996-1997, per l\u2019augment demogr\u00e0fic de la poblaci\u00f3 del municipi que calia escolaritzar, amb dos grups de 1r d\u2019ESO. Va comen\u00e7ar a funcionar en barracons provisionals en el lloc on actualment estan situades les pistes esportives. El curs 1998-1999 es va inaugurar l\u2019actual edifici.<\/p>\n<p>De manera progressiva es van anar implantant la resta de nivells d\u2019ESO i van anar creixent fins als 5 grups per nivell actuals. El curs 2000-2001 es va iniciar el Batxillerat, amb un grup inicialment, que ha anat creixent fins als 4 grups actuals, i tamb\u00e9 la Formaci\u00f3 Professional amb el CFGM de <em>Comer\u00e7 <\/em>(actualment <em>Activitats comercials<\/em>) i el CFGS d\u2019<em>Ag\u00e8ncies de viatges i gesti\u00f3 d\u2019esdeveniments<\/em>.<\/p>\n<p>A partir del curs 2006-2007 s\u2019ha anat incrementant l\u2019oferta de Cicles Formatius: aquell curs es va iniciar un nou CFGS de la mateixa fam\u00edlia, el de <em>Gesti\u00f3 d\u2019allotjaments tur\u00edstics <\/em>i el curs seg\u00fcent, el 2007-2008, un CFGM nou, el de <em>Gesti\u00f3 administrativa<\/em>. Ja el curs 2015-2016 s\u2019inicia el nou CFGS de <em>Guia, informaci\u00f3 i assist\u00e8ncia tur\u00edstiques<\/em>; i el 2016-2017, el CFGM de <em>Microsistemes inform\u00e0tics i xarxes<\/em>.<\/p>\n<p>Cal destacar l\u2019aposta del centre per l\u2019oferta de segones lleng\u00fces estrangeres (franc\u00e8s i alemany) a partir de 2n d\u2019ESO i fins a Batxillerat. \u00c9s, a m\u00e9s, un centre especialment dotat d&#8217;instal\u00b7lacions i recursos, tant humans com materials, destinats a la formaci\u00f3 integral de l\u2019alumnat.<\/p>\n<p>En l&#8217;actualitat s&#8217;imparteixen els seg\u00fcents ensenyaments:<\/p>\n<h2>ESO<strong>\u00a0<\/strong><\/h2>\n<p>Tots els cursos d&#8217;ESO<\/p>\n<h2>Batxillerat<strong>\u00a0<\/strong><\/h2>\n<p>&#8211; Human\u00edstic i social<\/p>\n<p>&#8211; Cient\u00edfic i tecnol\u00f2gic<\/p>\n<h2>Batxibac<\/h2>\n<p>&#8211; Human\u00edstic i social<\/p>\n<p>&#8211; Cient\u00edfic i tecnol\u00f2gic<strong>\u00a0<\/strong><\/p>\n<h2>Formaci\u00f3 Professional<\/h2>\n<p>&#8211; Fam\u00edlia d&#8217;Activitats F\u00edsiques i Esportives<\/p>\n<ul>\n<li style=\"list-style-type: none;\">\n<ul style=\"list-style-type: disc;\">\n<li><em>CFGM Guia en el medi natural i de temps de lleure<\/em><\/li>\n<\/ul>\n<\/li>\n<\/ul>\n<p>&#8211; Fam\u00edlia d&#8217;Administraci\u00f3 i Gesti\u00f3<\/p>\n<ul>\n<li style=\"list-style-type: none;\">\n<ul style=\"list-style-type: disc;\">\n<li><em>CFGM Gesti\u00f3 administrativa<\/em><\/li>\n<\/ul>\n<\/li>\n<\/ul>\n<p>&#8211; Fam\u00edlia de Comer\u00e7 i M\u00e0rqueting<\/p>\n<ul>\n<li style=\"list-style-type: none;\">\n<ul style=\"list-style-type: disc;\">\n<li><em>CFGM Activitats comercials<\/em><\/li>\n<\/ul>\n<\/li>\n<\/ul>\n<p>&#8211; Fam\u00edlia d\u2019Inform\u00e0tica i Comunicacions<\/p>\n<ul>\n<li style=\"list-style-type: none;\">\n<ul style=\"list-style-type: disc;\">\n<li><em>CFGM Sistemes microinform\u00e0tics i xarxes<\/em><\/li>\n<\/ul>\n<\/li>\n<\/ul>\n<p>&#8211; Fam\u00edlia d\u2019Hoteleria i Turisme<\/p>\n<ul>\n<li style=\"list-style-type: none;\">\n<ul style=\"list-style-type: disc;\">\n<li><em>CFGS Ag\u00e8ncies de viatges i gesti\u00f3 d\u2019esdeveniments<\/em><\/li>\n<li><em>CFGS Gesti\u00f3 d\u2019allotjaments tur\u00edstics<\/em><\/li>\n<\/ul>\n<\/li>\n<\/ul>\n<p>Esperem que la nostra oferta educativa sigui del vostre inter\u00e9s.<\/p>\n","protected":false},"excerpt":{"rendered":"<p>Presentaci\u00f3\u00a0 L&#8217;Institut Mediterr\u00e0nia \u00e9s un centre p\u00fablic d\u2019educaci\u00f3 secund\u00e0ria, situat a la part nord de Castelldefels, a tocar dels l\u00edmits del Parc natural del Garraf, al barri de Can Vinader, cosa que li confereix un entorn natural incomparable. L\u2019institut es va crear el curs 1996-1997, per l\u2019augment demogr\u00e0fic de la poblaci\u00f3 del municipi que calia [&hellip;]<\/p>\n","protected":false},"author":1,"featured_media":0,"parent":0,"menu_order":0,"comment_status":"closed","ping_status":"closed","template":"page-templates\/side-menu.php","meta":{"_bbp_topic_count":0,"_bbp_reply_count":0,"_bbp_total_topic_count":0,"_bbp_total_reply_count":0,"_bbp_voice_count":0,"_bbp_anonymous_reply_count":0,"_bbp_topic_count_hidden":0,"_bbp_reply_count_hidden":0,"_bbp_forum_subforum_count":0,"site-sidebar-layout":"default","site-content-layout":"","ast-site-content-layout":"","site-content-style":"default","site-sidebar-style":"default","ast-global-header-display":"","ast-banner-title-visibility":"","ast-main-header-display":"","ast-hfb-above-header-display":"","ast-hfb-below-header-display":"","ast-hfb-mobile-header-display":"","site-post-title":"","ast-breadcrumbs-content":"","ast-featured-img":"","footer-sml-layout":"","theme-transparent-header-meta":"","adv-header-id-meta":"","stick-header-meta":"","header-above-stick-meta":"","header-main-stick-meta":"","header-below-stick-meta":"","astra-migrate-meta-layouts":"default","ast-page-background-enabled":"default","ast-page-background-meta":{"desktop":{"background-color":"var(--ast-global-color-4)","background-image":"","background-repeat":"repeat","background-position":"center center","background-size":"auto","background-attachment":"scroll","background-type":"","background-media":"","overlay-type":"","overlay-color":"","overlay-opacity":"","overlay-gradient":""},"tablet":{"background-color":"","background-image":"","background-repeat":"repeat","background-position":"center center","background-size":"auto","background-attachment":"scroll","background-type":"","background-media":"","overlay-type":"","overlay-color":"","overlay-opacity":"","overlay-gradient":""},"mobile":{"background-color":"","background-image":"","background-repeat":"repeat","background-position":"center center","background-size":"auto","background-attachment":"scroll","background-type":"","background-media":"","overlay-type":"","overlay-color":"","overlay-opacity":"","overlay-gradient":""}},"ast-content-background-meta":{"desktop":{"background-color":"var(--ast-global-color-5)","background-image":"","background-repeat":"repeat","background-position":"center center","background-size":"auto","background-attachment":"scroll","background-type":"","background-media":"","overlay-type":"","overlay-color":"","overlay-opacity":"","overlay-gradient":""},"tablet":{"background-color":"var(--ast-global-color-5)","background-image":"","background-repeat":"repeat","background-position":"center center","background-size":"auto","background-attachment":"scroll","background-type":"","background-media":"","overlay-type":"","overlay-color":"","overlay-opacity":"","overlay-gradient":""},"mobile":{"background-color":"var(--ast-global-color-5)","background-image":"","background-repeat":"repeat","background-position":"center center","background-size":"auto","background-attachment":"scroll","background-type":"","background-media":"","overlay-type":"","overlay-color":"","overlay-opacity":"","overlay-gradient":""}},"footnotes":""},"class_list":["post-19","page","type-page","status-publish","hentry"],"post_mailing_queue_ids":[],"_links":{"self":[{"href":"https:\/\/agora.xtec.cat\/ies-mediterrania-castelldefels\/wp-json\/wp\/v2\/pages\/19","targetHints":{"allow":["GET"]}}],"collection":[{"href":"https:\/\/agora.xtec.cat\/ies-mediterrania-castelldefels\/wp-json\/wp\/v2\/pages"}],"about":[{"href":"https:\/\/agora.xtec.cat\/ies-mediterrania-castelldefels\/wp-json\/wp\/v2\/types\/page"}],"author":[{"embeddable":true,"href":"https:\/\/agora.xtec.cat\/ies-mediterrania-castelldefels\/wp-json\/wp\/v2\/users\/1"}],"replies":[{"embeddable":true,"href":"https:\/\/agora.xtec.cat\/ies-mediterrania-castelldefels\/wp-json\/wp\/v2\/comments?post=19"}],"version-history":[{"count":5,"href":"https:\/\/agora.xtec.cat\/ies-mediterrania-castelldefels\/wp-json\/wp\/v2\/pages\/19\/revisions"}],"predecessor-version":[{"id":11514,"href":"https:\/\/agora.xtec.cat\/ies-mediterrania-castelldefels\/wp-json\/wp\/v2\/pages\/19\/revisions\/11514"}],"wp:attachment":[{"href":"https:\/\/agora.xtec.cat\/ies-mediterrania-castelldefels\/wp-json\/wp\/v2\/media?parent=19"}],"curies":[{"name":"wp","href":"https:\/\/api.w.org\/{rel}","templated":true}]}}