{"id":1278,"date":"2018-04-18T13:40:34","date_gmt":"2018-04-18T11:40:34","guid":{"rendered":"http:\/\/agora.xtec.cat\/ies-mediterrania-castelldefels\/?page_id=1278"},"modified":"2024-09-21T20:30:49","modified_gmt":"2024-09-21T18:30:49","slug":"servei-comunitari","status":"publish","type":"page","link":"https:\/\/agora.xtec.cat\/ies-mediterrania-castelldefels\/projectes\/servei-comunitari\/","title":{"rendered":"Servei Comunitari"},"content":{"rendered":"<p>L&#8217;impuls del servei comunitari per a l&#8217;alumnat de secund\u00e0ria obligat\u00f2ria \u00e9s una acci\u00f3 que vol promoure que els alumnes experimentin i protagonitzin accions de comprom\u00eds c\u00edvic, aprenguin en l&#8217;exercic actiu de la ciutadania, i posin en joc els seus coneixements i capacitats al servei de la comunitat.<\/p>\n<p>El projecte de Servei comunitari (alumnat de 4t d\u2019ESO) es vincular\u00e0 amb el Pla catal\u00e0 d\u2019esport a l\u2019escola, tot col\u00b7laborant a dur a terme iniciatives que parteixen de l\u2019alumnat i que tindran una projecci\u00f3 externa.<\/p>\n<p>Podeu trobar m\u00e9s informaci\u00f3n <a href=\"http:\/\/xtec.gencat.cat\/ca\/comunitat\/serveicomunitari\/\" target=\"_blank\" rel=\"noopener noreferrer\">aqu\u00ed<\/a>.<\/p>\n","protected":false},"excerpt":{"rendered":"<p>L&#8217;impuls del servei comunitari per a l&#8217;alumnat de secund\u00e0ria obligat\u00f2ria \u00e9s una acci\u00f3 que vol promoure que els alumnes experimentin i protagonitzin accions de comprom\u00eds c\u00edvic, aprenguin en l&#8217;exercic actiu de la ciutadania, i posin en joc els seus coneixements i capacitats al servei de la comunitat. El projecte de Servei comunitari (alumnat de 4t [&hellip;]<\/p>\n","protected":false},"author":1,"featured_media":0,"parent":1012,"menu_order":120,"comment_status":"closed","ping_status":"closed","template":"page-templates\/side-menu.php","meta":{"_bbp_topic_count":0,"_bbp_reply_count":0,"_bbp_total_topic_count":0,"_bbp_total_reply_count":0,"_bbp_voice_count":0,"_bbp_anonymous_reply_count":0,"_bbp_topic_count_hidden":0,"_bbp_reply_count_hidden":0,"_bbp_forum_subforum_count":0,"site-sidebar-layout":"default","site-content-layout":"","ast-site-content-layout":"","site-content-style":"default","site-sidebar-style":"default","ast-global-header-display":"","ast-banner-title-visibility":"","ast-main-header-display":"","ast-hfb-above-header-display":"","ast-hfb-below-header-display":"","ast-hfb-mobile-header-display":"","site-post-title":"","ast-breadcrumbs-content":"","ast-featured-img":"","footer-sml-layout":"","theme-transparent-header-meta":"","adv-header-id-meta":"","stick-header-meta":"","header-above-stick-meta":"","header-main-stick-meta":"","header-below-stick-meta":"","astra-migrate-meta-layouts":"default","ast-page-background-enabled":"default","ast-page-background-meta":{"desktop":{"background-color":"var(--ast-global-color-4)","background-image":"","background-repeat":"repeat","background-position":"center center","background-size":"auto","background-attachment":"scroll","background-type":"","background-media":"","overlay-type":"","overlay-color":"","overlay-opacity":"","overlay-gradient":""},"tablet":{"background-color":"","background-image":"","background-repeat":"repeat","background-position":"center center","background-size":"auto","background-attachment":"scroll","background-type":"","background-media":"","overlay-type":"","overlay-color":"","overlay-opacity":"","overlay-gradient":""},"mobile":{"background-color":"","background-image":"","background-repeat":"repeat","background-position":"center center","background-size":"auto","background-attachment":"scroll","background-type":"","background-media":"","overlay-type":"","overlay-color":"","overlay-opacity":"","overlay-gradient":""}},"ast-content-background-meta":{"desktop":{"background-color":"var(--ast-global-color-5)","background-image":"","background-repeat":"repeat","background-position":"center center","background-size":"auto","background-attachment":"scroll","background-type":"","background-media":"","overlay-type":"","overlay-color":"","overlay-opacity":"","overlay-gradient":""},"tablet":{"background-color":"var(--ast-global-color-5)","background-image":"","background-repeat":"repeat","background-position":"center center","background-size":"auto","background-attachment":"scroll","background-type":"","background-media":"","overlay-type":"","overlay-color":"","overlay-opacity":"","overlay-gradient":""},"mobile":{"background-color":"var(--ast-global-color-5)","background-image":"","background-repeat":"repeat","background-position":"center center","background-size":"auto","background-attachment":"scroll","background-type":"","background-media":"","overlay-type":"","overlay-color":"","overlay-opacity":"","overlay-gradient":""}},"footnotes":""},"class_list":["post-1278","page","type-page","status-publish","hentry"],"post_mailing_queue_ids":[],"_links":{"self":[{"href":"https:\/\/agora.xtec.cat\/ies-mediterrania-castelldefels\/wp-json\/wp\/v2\/pages\/1278","targetHints":{"allow":["GET"]}}],"collection":[{"href":"https:\/\/agora.xtec.cat\/ies-mediterrania-castelldefels\/wp-json\/wp\/v2\/pages"}],"about":[{"href":"https:\/\/agora.xtec.cat\/ies-mediterrania-castelldefels\/wp-json\/wp\/v2\/types\/page"}],"author":[{"embeddable":true,"href":"https:\/\/agora.xtec.cat\/ies-mediterrania-castelldefels\/wp-json\/wp\/v2\/users\/1"}],"replies":[{"embeddable":true,"href":"https:\/\/agora.xtec.cat\/ies-mediterrania-castelldefels\/wp-json\/wp\/v2\/comments?post=1278"}],"version-history":[{"count":4,"href":"https:\/\/agora.xtec.cat\/ies-mediterrania-castelldefels\/wp-json\/wp\/v2\/pages\/1278\/revisions"}],"predecessor-version":[{"id":10900,"href":"https:\/\/agora.xtec.cat\/ies-mediterrania-castelldefels\/wp-json\/wp\/v2\/pages\/1278\/revisions\/10900"}],"up":[{"embeddable":true,"href":"https:\/\/agora.xtec.cat\/ies-mediterrania-castelldefels\/wp-json\/wp\/v2\/pages\/1012"}],"wp:attachment":[{"href":"https:\/\/agora.xtec.cat\/ies-mediterrania-castelldefels\/wp-json\/wp\/v2\/media?parent=1278"}],"curies":[{"name":"wp","href":"https:\/\/api.w.org\/{rel}","templated":true}]}}