{"id":1265,"date":"2018-04-18T13:33:17","date_gmt":"2018-04-18T11:33:17","guid":{"rendered":"http:\/\/agora.xtec.cat\/ies-mediterrania-castelldefels\/?page_id=1265"},"modified":"2024-10-08T17:38:14","modified_gmt":"2024-10-08T15:38:14","slug":"teatre","status":"publish","type":"page","link":"https:\/\/agora.xtec.cat\/ies-mediterrania-castelldefels\/projectes\/teatre\/","title":{"rendered":"Teatre"},"content":{"rendered":"<p>El curs 2014-15, l&#8217;Institut Mediterr\u00e0nia va recuperar l&#8217;antiga i arrelada tradici\u00f3 teatral que des de la inauguraci\u00f3 del Centre va acompanyar-ne el proc\u00e9s educatiu. L&#8217;objectiu principal d&#8217;aquesta nova etapa \u00e9s arribar a estrenar a final de curs una obra que, tot i estar preparada per un grup d&#8217;alumnat ubicat en un nivell concret, aglutini altres participacions i col\u00b7laboracions, que abasten des d&#8217;alumnat d&#8217;altres cursos fins a professorat i membres del P.A.S.<\/p>\n<p>Podeu trobar m\u00e9s informaci\u00f3 <a href=\"https:\/\/drive.google.com\/open?id=1CdGQJtEYkF5yFu-MQRlNiS6HpVKjwp27\" target=\"_blank\" rel=\"noopener\">aqu\u00ed<\/a>.<\/p>\n<p><img loading=\"lazy\" decoding=\"async\" class=\"alignnone wp-image-3241\" src=\"https:\/\/agora.xtec.cat\/ies-mediterrania-castelldefels\/wp-content\/uploads\/usu1078\/2019\/03\/Teatre-14-15-300x225.jpg\" alt=\"\" width=\"200\" height=\"150\" srcset=\"https:\/\/agora.xtec.cat\/ies-mediterrania-castelldefels\/wp-content\/uploads\/usu1078\/2019\/03\/Teatre-14-15-300x225.jpg 300w, https:\/\/agora.xtec.cat\/ies-mediterrania-castelldefels\/wp-content\/uploads\/usu1078\/2019\/03\/Teatre-14-15-768x576.jpg 768w, https:\/\/agora.xtec.cat\/ies-mediterrania-castelldefels\/wp-content\/uploads\/usu1078\/2019\/03\/Teatre-14-15.jpg 1024w, https:\/\/agora.xtec.cat\/ies-mediterrania-castelldefels\/wp-content\/uploads\/usu1078\/2019\/03\/Teatre-14-15-200x150.jpg 200w\" sizes=\"auto, (max-width: 200px) 100vw, 200px\" \/>\u00a0\u00a0<img loading=\"lazy\" decoding=\"async\" class=\"alignnone wp-image-3242\" src=\"https:\/\/agora.xtec.cat\/ies-mediterrania-castelldefels\/wp-content\/uploads\/usu1078\/2019\/03\/Teatre-15-16-300x200.jpg\" alt=\"\" width=\"225\" height=\"150\" srcset=\"https:\/\/agora.xtec.cat\/ies-mediterrania-castelldefels\/wp-content\/uploads\/usu1078\/2019\/03\/Teatre-15-16-300x200.jpg 300w, https:\/\/agora.xtec.cat\/ies-mediterrania-castelldefels\/wp-content\/uploads\/usu1078\/2019\/03\/Teatre-15-16-768x512.jpg 768w, https:\/\/agora.xtec.cat\/ies-mediterrania-castelldefels\/wp-content\/uploads\/usu1078\/2019\/03\/Teatre-15-16.jpg 1024w\" sizes=\"auto, (max-width: 225px) 100vw, 225px\" \/>\u00a0\u00a0<img loading=\"lazy\" decoding=\"async\" class=\"alignnone wp-image-3243\" src=\"https:\/\/agora.xtec.cat\/ies-mediterrania-castelldefels\/wp-content\/uploads\/usu1078\/2019\/03\/Teatre-16-17-300x247.png\" alt=\"\" width=\"180\" height=\"148\" srcset=\"https:\/\/agora.xtec.cat\/ies-mediterrania-castelldefels\/wp-content\/uploads\/usu1078\/2019\/03\/Teatre-16-17-300x247.png 300w, https:\/\/agora.xtec.cat\/ies-mediterrania-castelldefels\/wp-content\/uploads\/usu1078\/2019\/03\/Teatre-16-17.png 518w\" sizes=\"auto, (max-width: 180px) 100vw, 180px\" \/>\u00a0 <img loading=\"lazy\" decoding=\"async\" class=\"alignnone wp-image-3250\" src=\"https:\/\/agora.xtec.cat\/ies-mediterrania-castelldefels\/wp-content\/uploads\/usu1078\/2019\/03\/Teatre-17-18b-300x184.png\" alt=\"\" width=\"244\" height=\"150\" srcset=\"https:\/\/agora.xtec.cat\/ies-mediterrania-castelldefels\/wp-content\/uploads\/usu1078\/2019\/03\/Teatre-17-18b-300x184.png 300w, https:\/\/agora.xtec.cat\/ies-mediterrania-castelldefels\/wp-content\/uploads\/usu1078\/2019\/03\/Teatre-17-18b.png 575w\" sizes=\"auto, (max-width: 244px) 100vw, 244px\" \/><\/p>\n<table style=\"width: 100%; border-collapse: collapse;\" border=\"1\">\n<tbody>\n<tr>\n<td style=\"width: 21.35%; text-align: center;\">\n<pre><span style=\"color: #3366ff;\"><strong><a href=\"https:\/\/agora.xtec.cat\/ies-mediterrania-castelldefels\/wp-content\/uploads\/usu1078\/2024\/08\/20240603_191625-def2.jpg\" target=\"_blank\" rel=\"noopener\"><img loading=\"lazy\" decoding=\"async\" class=\"alignnone wp-image-10660 size-medium\" src=\"https:\/\/agora.xtec.cat\/ies-mediterrania-castelldefels\/wp-content\/uploads\/usu1078\/2024\/08\/20240603_191625-def2-225x300.jpg\" alt=\"\" width=\"225\" height=\"300\" srcset=\"https:\/\/agora.xtec.cat\/ies-mediterrania-castelldefels\/wp-content\/uploads\/usu1078\/2024\/08\/20240603_191625-def2-225x300.jpg 225w, https:\/\/agora.xtec.cat\/ies-mediterrania-castelldefels\/wp-content\/uploads\/usu1078\/2024\/08\/20240603_191625-def2.jpg 768w\" sizes=\"auto, (max-width: 225px) 100vw, 225px\" \/><\/a>\r\n\r\nCurs 2023-24<\/strong><\/span><\/pre>\n<\/td>\n<td style=\"width: 78.61%;\"><strong><span style=\"color: #ff6600;\">Tiana, mon amour! &#8211; El Musical<\/span><\/strong><\/p>\n<p><a href=\"https:\/\/youtu.be\/sn8UfTqquwo?si=7ESHgFl81flQzWhV\" target=\"_blank\" rel=\"noopener\">Video promocional<\/a><\/p>\n<p><strong><span style=\"color: #ff6600;\">\u00a0<\/span><\/strong><\/td>\n<\/tr>\n<tr>\n<td style=\"width: 21.35%; text-align: center;\">\n<pre><img loading=\"lazy\" decoding=\"async\" class=\"size-medium wp-image-9318 alignnone\" src=\"https:\/\/agora.xtec.cat\/ies-mediterrania-castelldefels\/wp-content\/uploads\/usu1078\/2023\/07\/Andele-228x300.jpg\" alt=\"\" width=\"228\" height=\"300\" srcset=\"https:\/\/agora.xtec.cat\/ies-mediterrania-castelldefels\/wp-content\/uploads\/usu1078\/2023\/07\/Andele-228x300.jpg 228w, https:\/\/agora.xtec.cat\/ies-mediterrania-castelldefels\/wp-content\/uploads\/usu1078\/2023\/07\/Andele.jpg 404w\" sizes=\"auto, (max-width: 228px) 100vw, 228px\" \/>\r\n\r\n<span style=\"color: #3366ff;\"><strong>Curs 2022-23<\/strong><\/span><\/pre>\n<\/td>\n<td style=\"width: 78.61%;\"><strong><span style=\"color: #ff6600;\">\u00c1ndele! &#8211; El Musical<\/span><\/strong><\/p>\n<p><a href=\"https:\/\/drive.google.com\/file\/d\/1m1Vv2phTHE-RmFF6ZsSJzqMCBrN4sXSy\/view?usp=sharing\" target=\"_blank\" rel=\"noopener\">Invitaci\u00f3<\/a>\u00a0\u00a0\u00a0\u00a0<a href=\"https:\/\/drive.google.com\/file\/d\/1d_84hCdJYuAEO5zMcp-kf_r68XSmf6yt\/view?usp=sharing\" target=\"_blank\" rel=\"noopener\"> Llibret\u00a0<\/a>\u00a0\u00a0\u00a0 <a href=\"https:\/\/drive.google.com\/file\/d\/1t7gX3wa_v-IHdSnPthOQACtc8-o9z096\/view?usp=sharing\" target=\"_blank\" rel=\"noopener\">P\u00f2ster<\/a><\/td>\n<\/tr>\n<tr>\n<td style=\"width: 21.35%; text-align: center;\">\n<pre><img loading=\"lazy\" decoding=\"async\" class=\"alignnone wp-image-3179\" src=\"https:\/\/agora.xtec.cat\/ies-mediterrania-castelldefels\/wp-content\/uploads\/usu1078\/2019\/02\/P\u00f2ster-2017-2018_2-225x300.jpg\" alt=\"\" width=\"170\" height=\"227\" srcset=\"https:\/\/agora.xtec.cat\/ies-mediterrania-castelldefels\/wp-content\/uploads\/usu1078\/2019\/02\/P\u00f2ster-2017-2018_2-225x300.jpg 225w, https:\/\/agora.xtec.cat\/ies-mediterrania-castelldefels\/wp-content\/uploads\/usu1078\/2019\/02\/P\u00f2ster-2017-2018_2.jpg 768w\" sizes=\"auto, (max-width: 170px) 100vw, 170px\" \/>\r\n\r\n<span style=\"color: #3366ff;\"><strong>Curs 2017-18<\/strong><\/span><\/pre>\n<\/td>\n<td style=\"width: 78.61%;\"><strong><span style=\"color: #ff6600;\">Una classe de bojos!<\/span><\/strong><\/p>\n<p><a href=\"https:\/\/drive.google.com\/open?id=1xlChBigwVUHitxfDv5ekunGfbad4UvWI\" target=\"_blank\" rel=\"noopener\">Invitaci\u00f3<\/a>\u00a0\u00a0\u00a0\u00a0 <a href=\"https:\/\/drive.google.com\/open?id=1Jg4hBVL5dRHz8xJfrWuQt8Mpb72P3ANG\" target=\"_blank\" rel=\"noopener\">Llibret<\/a>\u00a0\u00a0\u00a0\u00a0 <a href=\"https:\/\/drive.google.com\/open?id=1U9PemPLTXX-rxf6lHmJ8Xr7grmdXBCQt\" target=\"_blank\" rel=\"noopener\">P\u00f2ster<\/a><\/td>\n<\/tr>\n<tr>\n<td style=\"width: 21.35%; text-align: center;\"><img loading=\"lazy\" decoding=\"async\" class=\"alignnone wp-image-3181\" src=\"https:\/\/agora.xtec.cat\/ies-mediterrania-castelldefels\/wp-content\/uploads\/usu1078\/2019\/02\/Poster-2016-2017-225x300.jpg\" alt=\"\" width=\"170\" height=\"227\" srcset=\"https:\/\/agora.xtec.cat\/ies-mediterrania-castelldefels\/wp-content\/uploads\/usu1078\/2019\/02\/Poster-2016-2017-225x300.jpg 225w, https:\/\/agora.xtec.cat\/ies-mediterrania-castelldefels\/wp-content\/uploads\/usu1078\/2019\/02\/Poster-2016-2017-768x1025.jpg 768w, https:\/\/agora.xtec.cat\/ies-mediterrania-castelldefels\/wp-content\/uploads\/usu1078\/2019\/02\/Poster-2016-2017-767x1024.jpg 767w\" sizes=\"auto, (max-width: 170px) 100vw, 170px\" \/><\/p>\n<pre><span style=\"color: #3366ff;\"><strong>Curs 2016-17<\/strong><\/span><\/pre>\n<\/td>\n<td style=\"width: 78.61%;\"><strong><span style=\"color: #ff6600;\">No em diguis Guiu&#8230; digues-me cregut i irresponsable manipulador!<\/span><\/strong><\/p>\n<p><a href=\"https:\/\/drive.google.com\/open?id=1EZf-dwpsJykgXhG08hbuV0_LKBkWmQ9K\" target=\"_blank\" rel=\"noopener\">P\u00f2ster<\/a><\/td>\n<\/tr>\n<tr>\n<td style=\"width: 21.35%; text-align: center;\"><img loading=\"lazy\" decoding=\"async\" class=\"alignnone wp-image-3186\" src=\"https:\/\/agora.xtec.cat\/ies-mediterrania-castelldefels\/wp-content\/uploads\/usu1078\/2019\/02\/P\u00f2ster-2015-2016_2-225x300.jpg\" alt=\"\" width=\"170\" height=\"227\" srcset=\"https:\/\/agora.xtec.cat\/ies-mediterrania-castelldefels\/wp-content\/uploads\/usu1078\/2019\/02\/P\u00f2ster-2015-2016_2-225x300.jpg 225w, https:\/\/agora.xtec.cat\/ies-mediterrania-castelldefels\/wp-content\/uploads\/usu1078\/2019\/02\/P\u00f2ster-2015-2016_2.jpg 768w\" sizes=\"auto, (max-width: 170px) 100vw, 170px\" \/><\/p>\n<pre><span style=\"color: #3366ff;\"><strong>Curs 2015-16<\/strong><\/span><\/pre>\n<\/td>\n<td style=\"width: 78.61%;\"><span style=\"color: #ff6600;\"><strong>No em diguis amic&#8230; digues-me temible professor Tempestine!<\/strong><\/span><\/p>\n<p><a href=\"https:\/\/drive.google.com\/open?id=1P6-dHxsZMF_pvQ3Ob4EPhPi1Idurk3SY\" target=\"_blank\" rel=\"noopener\">Llibret<\/a>\u00a0\u00a0\u00a0\u00a0 <a href=\"https:\/\/drive.google.com\/open?id=1vIQoWX3tUF4iO7C-m02IuEvRSkNNG2IE\" target=\"_blank\" rel=\"noopener\">P\u00f2ster<\/a><\/td>\n<\/tr>\n<tr>\n<td style=\"width: 21.35%; text-align: center;\"><img loading=\"lazy\" decoding=\"async\" class=\"alignnone wp-image-3188\" src=\"https:\/\/agora.xtec.cat\/ies-mediterrania-castelldefels\/wp-content\/uploads\/usu1078\/2019\/02\/P\u00f2ster-2014-2015_2-225x300.jpg\" alt=\"\" width=\"170\" height=\"227\" srcset=\"https:\/\/agora.xtec.cat\/ies-mediterrania-castelldefels\/wp-content\/uploads\/usu1078\/2019\/02\/P\u00f2ster-2014-2015_2-225x300.jpg 225w, https:\/\/agora.xtec.cat\/ies-mediterrania-castelldefels\/wp-content\/uploads\/usu1078\/2019\/02\/P\u00f2ster-2014-2015_2.jpg 768w\" sizes=\"auto, (max-width: 170px) 100vw, 170px\" \/><\/p>\n<pre><span style=\"color: #3366ff;\"><strong>Curs 2014-15<\/strong><\/span><\/pre>\n<\/td>\n<td style=\"width: 78.61%;\"><strong><span style=\"color: #ff6600;\">No em diguis papa&#8230; digues-me benvolgut senyor professor!<\/span><\/strong><\/p>\n<p><a href=\"https:\/\/drive.google.com\/open?id=1H8Ct8HLYUGZPx5k2jSprFHBovLAaltb5\" target=\"_blank\" rel=\"noopener\">Llibret<\/a>\u00a0\u00a0\u00a0\u00a0 <a href=\"https:\/\/drive.google.com\/open?id=1DDeUiMiLRLWatbUCP-vztbnKEoljjqOn\" target=\"_blank\" rel=\"noopener\">P\u00f2ster<\/a><\/td>\n<\/tr>\n<\/tbody>\n<\/table>\n","protected":false},"excerpt":{"rendered":"<p>El curs 2014-15, l&#8217;Institut Mediterr\u00e0nia va recuperar l&#8217;antiga i arrelada tradici\u00f3 teatral que des de la inauguraci\u00f3 del Centre va acompanyar-ne el proc\u00e9s educatiu. L&#8217;objectiu principal d&#8217;aquesta nova etapa \u00e9s arribar a estrenar a final de curs una obra que, tot i estar preparada per un grup d&#8217;alumnat ubicat en un nivell concret, aglutini altres [&hellip;]<\/p>\n","protected":false},"author":1,"featured_media":0,"parent":1012,"menu_order":90,"comment_status":"closed","ping_status":"closed","template":"page-templates\/side-menu.php","meta":{"_bbp_topic_count":0,"_bbp_reply_count":0,"_bbp_total_topic_count":0,"_bbp_total_reply_count":0,"_bbp_voice_count":0,"_bbp_anonymous_reply_count":0,"_bbp_topic_count_hidden":0,"_bbp_reply_count_hidden":0,"_bbp_forum_subforum_count":0,"site-sidebar-layout":"default","site-content-layout":"","ast-site-content-layout":"","site-content-style":"default","site-sidebar-style":"default","ast-global-header-display":"","ast-banner-title-visibility":"","ast-main-header-display":"","ast-hfb-above-header-display":"","ast-hfb-below-header-display":"","ast-hfb-mobile-header-display":"","site-post-title":"","ast-breadcrumbs-content":"","ast-featured-img":"","footer-sml-layout":"","theme-transparent-header-meta":"","adv-header-id-meta":"","stick-header-meta":"","header-above-stick-meta":"","header-main-stick-meta":"","header-below-stick-meta":"","astra-migrate-meta-layouts":"default","ast-page-background-enabled":"default","ast-page-background-meta":{"desktop":{"background-color":"var(--ast-global-color-4)","background-image":"","background-repeat":"repeat","background-position":"center center","background-size":"auto","background-attachment":"scroll","background-type":"","background-media":"","overlay-type":"","overlay-color":"","overlay-opacity":"","overlay-gradient":""},"tablet":{"background-color":"","background-image":"","background-repeat":"repeat","background-position":"center center","background-size":"auto","background-attachment":"scroll","background-type":"","background-media":"","overlay-type":"","overlay-color":"","overlay-opacity":"","overlay-gradient":""},"mobile":{"background-color":"","background-image":"","background-repeat":"repeat","background-position":"center center","background-size":"auto","background-attachment":"scroll","background-type":"","background-media":"","overlay-type":"","overlay-color":"","overlay-opacity":"","overlay-gradient":""}},"ast-content-background-meta":{"desktop":{"background-color":"var(--ast-global-color-5)","background-image":"","background-repeat":"repeat","background-position":"center center","background-size":"auto","background-attachment":"scroll","background-type":"","background-media":"","overlay-type":"","overlay-color":"","overlay-opacity":"","overlay-gradient":""},"tablet":{"background-color":"var(--ast-global-color-5)","background-image":"","background-repeat":"repeat","background-position":"center center","background-size":"auto","background-attachment":"scroll","background-type":"","background-media":"","overlay-type":"","overlay-color":"","overlay-opacity":"","overlay-gradient":""},"mobile":{"background-color":"var(--ast-global-color-5)","background-image":"","background-repeat":"repeat","background-position":"center center","background-size":"auto","background-attachment":"scroll","background-type":"","background-media":"","overlay-type":"","overlay-color":"","overlay-opacity":"","overlay-gradient":""}},"footnotes":""},"class_list":["post-1265","page","type-page","status-publish","hentry"],"post_mailing_queue_ids":[],"_links":{"self":[{"href":"https:\/\/agora.xtec.cat\/ies-mediterrania-castelldefels\/wp-json\/wp\/v2\/pages\/1265","targetHints":{"allow":["GET"]}}],"collection":[{"href":"https:\/\/agora.xtec.cat\/ies-mediterrania-castelldefels\/wp-json\/wp\/v2\/pages"}],"about":[{"href":"https:\/\/agora.xtec.cat\/ies-mediterrania-castelldefels\/wp-json\/wp\/v2\/types\/page"}],"author":[{"embeddable":true,"href":"https:\/\/agora.xtec.cat\/ies-mediterrania-castelldefels\/wp-json\/wp\/v2\/users\/1"}],"replies":[{"embeddable":true,"href":"https:\/\/agora.xtec.cat\/ies-mediterrania-castelldefels\/wp-json\/wp\/v2\/comments?post=1265"}],"version-history":[{"count":6,"href":"https:\/\/agora.xtec.cat\/ies-mediterrania-castelldefels\/wp-json\/wp\/v2\/pages\/1265\/revisions"}],"predecessor-version":[{"id":11161,"href":"https:\/\/agora.xtec.cat\/ies-mediterrania-castelldefels\/wp-json\/wp\/v2\/pages\/1265\/revisions\/11161"}],"up":[{"embeddable":true,"href":"https:\/\/agora.xtec.cat\/ies-mediterrania-castelldefels\/wp-json\/wp\/v2\/pages\/1012"}],"wp:attachment":[{"href":"https:\/\/agora.xtec.cat\/ies-mediterrania-castelldefels\/wp-json\/wp\/v2\/media?parent=1265"}],"curies":[{"name":"wp","href":"https:\/\/api.w.org\/{rel}","templated":true}]}}