{"id":1250,"date":"2018-04-17T12:44:24","date_gmt":"2018-04-17T10:44:24","guid":{"rendered":"http:\/\/agora.xtec.cat\/ies-mediterrania-castelldefels\/?page_id=1250"},"modified":"2026-02-02T10:44:10","modified_gmt":"2026-02-02T09:44:10","slug":"taquilles","status":"publish","type":"page","link":"https:\/\/agora.xtec.cat\/ies-mediterrania-castelldefels\/serveis\/taquilles\/","title":{"rendered":"Guixetes"},"content":{"rendered":"\n<p>L\u2018alumnat pot llogar guixetes per a \u00fas personal deixant un dip\u00f2sit a secretaria, on concretaran les condicions espec\u00edfiques d\u2018\u00fas.<\/p>\n\n\n\n<p class=\"has-medium-font-size\"><b>Qui ho pot demanar?<\/b><\/p>\n\n\n\n<p>L&#8217;alumnat del centre<\/p>\n\n\n\n<p class=\"has-medium-font-size\"><b>On s&#8217;ha de demanar?&nbsp;<\/b><\/p>\n\n\n\n<p>A la secretaria del centre (les fam\u00edlies, en horari d&#8217;atenci\u00f3 al p\u00fablic; l&#8217;alumnat, exclusivament a l&#8217;hora del pati)<\/p>\n\n\n\n<p class=\"has-medium-font-size\"><b>Quin \u00e9s el preu?<\/b><\/p>\n\n\n\n<p>40\u20ac per a tota l&#8217;etapa obligat\u00f2ria (amb possibilitat de mantenir-la en la postobligat\u00f2ria). D&#8217;aquests 40\u20ac, 24\u20ac s\u00f3n en concepte de dip\u00f2sit que es tornaran en acabar-ne l&#8217;\u00fas. Si l&#8217;alumne\/a ha provocat algun desperfecte a la guixeta, l&#8217;import de la reparaci\u00f3 es descomptar\u00e0 del dip\u00f2sit.<\/p>\n","protected":false},"excerpt":{"rendered":"<p>L\u2018alumnat pot llogar guixetes per a \u00fas personal deixant un dip\u00f2sit a secretaria, on concretaran les condicions espec\u00edfiques d\u2018\u00fas. Qui ho pot demanar? L&#8217;alumnat del centre On s&#8217;ha de demanar?&nbsp; A la secretaria del centre (les fam\u00edlies, en horari d&#8217;atenci\u00f3 al p\u00fablic; l&#8217;alumnat, exclusivament a l&#8217;hora del pati) Quin \u00e9s el preu? 40\u20ac per a [&hellip;]<\/p>\n","protected":false},"author":1,"featured_media":0,"parent":63,"menu_order":30,"comment_status":"closed","ping_status":"closed","template":"","meta":{"_bbp_topic_count":0,"_bbp_reply_count":0,"_bbp_total_topic_count":0,"_bbp_total_reply_count":0,"_bbp_voice_count":0,"_bbp_anonymous_reply_count":0,"_bbp_topic_count_hidden":0,"_bbp_reply_count_hidden":0,"_bbp_forum_subforum_count":0,"site-sidebar-layout":"default","site-content-layout":"","ast-site-content-layout":"default","site-content-style":"default","site-sidebar-style":"default","ast-global-header-display":"","ast-banner-title-visibility":"","ast-main-header-display":"","ast-hfb-above-header-display":"","ast-hfb-below-header-display":"","ast-hfb-mobile-header-display":"","site-post-title":"","ast-breadcrumbs-content":"","ast-featured-img":"","footer-sml-layout":"","theme-transparent-header-meta":"","adv-header-id-meta":"","stick-header-meta":"","header-above-stick-meta":"","header-main-stick-meta":"","header-below-stick-meta":"","astra-migrate-meta-layouts":"set","ast-page-background-enabled":"default","ast-page-background-meta":{"desktop":{"background-color":"var(--ast-global-color-4)","background-image":"","background-repeat":"repeat","background-position":"center center","background-size":"auto","background-attachment":"scroll","background-type":"","background-media":"","overlay-type":"","overlay-color":"","overlay-opacity":"","overlay-gradient":""},"tablet":{"background-color":"","background-image":"","background-repeat":"repeat","background-position":"center center","background-size":"auto","background-attachment":"scroll","background-type":"","background-media":"","overlay-type":"","overlay-color":"","overlay-opacity":"","overlay-gradient":""},"mobile":{"background-color":"","background-image":"","background-repeat":"repeat","background-position":"center center","background-size":"auto","background-attachment":"scroll","background-type":"","background-media":"","overlay-type":"","overlay-color":"","overlay-opacity":"","overlay-gradient":""}},"ast-content-background-meta":{"desktop":{"background-color":"var(--ast-global-color-5)","background-image":"","background-repeat":"repeat","background-position":"center center","background-size":"auto","background-attachment":"scroll","background-type":"","background-media":"","overlay-type":"","overlay-color":"","overlay-opacity":"","overlay-gradient":""},"tablet":{"background-color":"var(--ast-global-color-5)","background-image":"","background-repeat":"repeat","background-position":"center center","background-size":"auto","background-attachment":"scroll","background-type":"","background-media":"","overlay-type":"","overlay-color":"","overlay-opacity":"","overlay-gradient":""},"mobile":{"background-color":"var(--ast-global-color-5)","background-image":"","background-repeat":"repeat","background-position":"center center","background-size":"auto","background-attachment":"scroll","background-type":"","background-media":"","overlay-type":"","overlay-color":"","overlay-opacity":"","overlay-gradient":""}},"footnotes":""},"class_list":["post-1250","page","type-page","status-publish","hentry"],"post_mailing_queue_ids":[],"_links":{"self":[{"href":"https:\/\/agora.xtec.cat\/ies-mediterrania-castelldefels\/wp-json\/wp\/v2\/pages\/1250","targetHints":{"allow":["GET"]}}],"collection":[{"href":"https:\/\/agora.xtec.cat\/ies-mediterrania-castelldefels\/wp-json\/wp\/v2\/pages"}],"about":[{"href":"https:\/\/agora.xtec.cat\/ies-mediterrania-castelldefels\/wp-json\/wp\/v2\/types\/page"}],"author":[{"embeddable":true,"href":"https:\/\/agora.xtec.cat\/ies-mediterrania-castelldefels\/wp-json\/wp\/v2\/users\/1"}],"replies":[{"embeddable":true,"href":"https:\/\/agora.xtec.cat\/ies-mediterrania-castelldefels\/wp-json\/wp\/v2\/comments?post=1250"}],"version-history":[{"count":6,"href":"https:\/\/agora.xtec.cat\/ies-mediterrania-castelldefels\/wp-json\/wp\/v2\/pages\/1250\/revisions"}],"predecessor-version":[{"id":12930,"href":"https:\/\/agora.xtec.cat\/ies-mediterrania-castelldefels\/wp-json\/wp\/v2\/pages\/1250\/revisions\/12930"}],"up":[{"embeddable":true,"href":"https:\/\/agora.xtec.cat\/ies-mediterrania-castelldefels\/wp-json\/wp\/v2\/pages\/63"}],"wp:attachment":[{"href":"https:\/\/agora.xtec.cat\/ies-mediterrania-castelldefels\/wp-json\/wp\/v2\/media?parent=1250"}],"curies":[{"name":"wp","href":"https:\/\/api.w.org\/{rel}","templated":true}]}}