{"id":1020,"date":"2018-02-21T21:31:40","date_gmt":"2018-02-21T20:31:40","guid":{"rendered":"http:\/\/agora.xtec.cat\/ies-mediterrania-castelldefels\/?page_id=1020"},"modified":"2024-09-22T11:47:56","modified_gmt":"2024-09-22T09:47:56","slug":"projecte-de-radio","status":"publish","type":"page","link":"https:\/\/agora.xtec.cat\/ies-mediterrania-castelldefels\/projectes\/projecte-de-radio\/","title":{"rendered":"Projecte de r\u00e0dio"},"content":{"rendered":"<p>Radio i Escola, a Radio Castelldefels, tracta d&#8217;otorgar un espai radiof\u00f2nic a les escoles i instituts de la ciutat, que utilitzen la r\u00e0dio com a eina pedag\u00f2gica. Les escoles participants compten\u00a0amb recursos t\u00e8cnics per poder fer productes radiof\u00f2nics integrament per part dels seus alumnes. Aquests productes es poden escoltar cada setmana al programa R\u00e0dio Oberta &#8220;R\u00e0dio i Escola&#8221; de l&#8217;emissora municipal, que s&#8217;emet els dissabtes de 11 a 12 h i els dimecres a les 21 h.\u00a0El coordinador del projecte, i conductor del programa,\u00a0\u00e9s el col\u00b7laborador de R\u00e0dio Castelldefels, Fernando Lorza.<\/p>\n<p>Feu clic a la imatge per accedir a la p\u00e1gina web de <strong>Radio Escola Castelldefels<\/strong><\/p>\n<p><a href=\"http:\/\/blocs.xtec.cat\/radioescolacastelldefels\/\" target=\"_blank\" rel=\"noopener noreferrer\"><img loading=\"lazy\" decoding=\"async\" class=\"wp-image-1310 aligncenter\" src=\"http:\/\/agora.xtec.cat\/ies-mediterrania-castelldefels\/wp-content\/uploads\/usu1078\/2018\/02\/radio-escola-4-300x71.png\" alt=\"\" width=\"508\" height=\"120\" srcset=\"https:\/\/agora.xtec.cat\/ies-mediterrania-castelldefels\/wp-content\/uploads\/usu1078\/2018\/02\/radio-escola-4-300x71.png 300w, https:\/\/agora.xtec.cat\/ies-mediterrania-castelldefels\/wp-content\/uploads\/usu1078\/2018\/02\/radio-escola-4-768x181.png 768w, https:\/\/agora.xtec.cat\/ies-mediterrania-castelldefels\/wp-content\/uploads\/usu1078\/2018\/02\/radio-escola-4.png 816w\" sizes=\"auto, (max-width: 508px) 100vw, 508px\" \/><\/a><\/p>\n<p><img loading=\"lazy\" decoding=\"async\" class=\"alignleft size-medium wp-image-10637\" src=\"https:\/\/agora.xtec.cat\/ies-mediterrania-castelldefels\/wp-content\/uploads\/usu1078\/2024\/08\/RadCas-300x148.jpg\" alt=\"\" width=\"300\" height=\"148\" srcset=\"https:\/\/agora.xtec.cat\/ies-mediterrania-castelldefels\/wp-content\/uploads\/usu1078\/2024\/08\/RadCas-300x148.jpg 300w, https:\/\/agora.xtec.cat\/ies-mediterrania-castelldefels\/wp-content\/uploads\/usu1078\/2024\/08\/RadCas.jpg 384w\" sizes=\"auto, (max-width: 300px) 100vw, 300px\" \/><\/p>\n<p><strong>Programa: 4 maig 2024<\/strong><\/p>\n<p>Un grup de l&#8217;alumnat de 3r d&#8217;ESO juntament amb la Integradora Social i l&#8217;Educadora Social referents del centre, han preparat les preguntes i la conversa que podeu escoltar al programa de <i>R\u00e0dio i Escola<\/i> de R\u00e0dio Castelldefels.<\/p>\n<pre><\/pre>\n<pre>\r\n\r\n<\/pre>\n<pre><a href=\"https:\/\/drive.google.com\/file\/d\/15GqH9YDymP0BF3Cf8UKPItkR4bXhA9sJ\/view?usp=sharing\" target=\"_blank\" rel=\"noopener\"><img loading=\"lazy\" decoding=\"async\" class=\"alignleft wp-image-10644\" src=\"https:\/\/agora.xtec.cat\/ies-mediterrania-castelldefels\/wp-content\/uploads\/usu1078\/2024\/08\/RadEsc-4-5-24-300x34.jpg\" alt=\"\" width=\"494\" height=\"56\" srcset=\"https:\/\/agora.xtec.cat\/ies-mediterrania-castelldefels\/wp-content\/uploads\/usu1078\/2024\/08\/RadEsc-4-5-24-300x34.jpg 300w, https:\/\/agora.xtec.cat\/ies-mediterrania-castelldefels\/wp-content\/uploads\/usu1078\/2024\/08\/RadEsc-4-5-24-768x86.jpg 768w, https:\/\/agora.xtec.cat\/ies-mediterrania-castelldefels\/wp-content\/uploads\/usu1078\/2024\/08\/RadEsc-4-5-24.jpg 911w\" sizes=\"auto, (max-width: 494px) 100vw, 494px\" \/><\/a>\r\n\r\n\r\n\r\n\r\n<\/pre>\n<p><img loading=\"lazy\" decoding=\"async\" class=\"alignleft size-medium wp-image-9168\" src=\"https:\/\/agora.xtec.cat\/ies-mediterrania-castelldefels\/wp-content\/uploads\/usu1078\/2023\/05\/347257539_1298380364087402_1863207705546232653_n-300x169.jpg\" alt=\"\" width=\"300\" height=\"169\" srcset=\"https:\/\/agora.xtec.cat\/ies-mediterrania-castelldefels\/wp-content\/uploads\/usu1078\/2023\/05\/347257539_1298380364087402_1863207705546232653_n-300x169.jpg 300w, https:\/\/agora.xtec.cat\/ies-mediterrania-castelldefels\/wp-content\/uploads\/usu1078\/2023\/05\/347257539_1298380364087402_1863207705546232653_n-1024x576.jpg 1024w, https:\/\/agora.xtec.cat\/ies-mediterrania-castelldefels\/wp-content\/uploads\/usu1078\/2023\/05\/347257539_1298380364087402_1863207705546232653_n-768x432.jpg 768w, https:\/\/agora.xtec.cat\/ies-mediterrania-castelldefels\/wp-content\/uploads\/usu1078\/2023\/05\/347257539_1298380364087402_1863207705546232653_n.jpg 1080w\" sizes=\"auto, (max-width: 300px) 100vw, 300px\" \/><strong>Programa 228. 20 maig 2023<\/strong><\/p>\n<p>Alumnat de CFGS d\u2019hoteleria i turisme i de CFGM d\u2019activitats comercials i SMIX, participant en el programa Erasmus+, i la seva coordinadora de mobilitat Mar Marchante, expliquen les oportunitats que ofereix fer un Erasmus+ i les seves experi\u00e8ncies durant les seves estades a l\u2019estranger.<br \/>\n<iframe style=\"width: 100%;\" src=\"https:\/\/www.ivoox.com\/player_ej_108341447_6_1.html?c1=fc8148\" height=\"200\" frameborder=\"0\" scrolling=\"no\" allowfullscreen=\"allowfullscreen\"><\/iframe><img loading=\"lazy\" decoding=\"async\" class=\"alignleft size-medium wp-image-9404\" src=\"https:\/\/agora.xtec.cat\/ies-mediterrania-castelldefels\/wp-content\/uploads\/usu1078\/2023\/07\/222-INS-Mediterrania-300x168.jpg\" alt=\"\" width=\"300\" height=\"168\" srcset=\"https:\/\/agora.xtec.cat\/ies-mediterrania-castelldefels\/wp-content\/uploads\/usu1078\/2023\/07\/222-INS-Mediterrania-300x168.jpg 300w, https:\/\/agora.xtec.cat\/ies-mediterrania-castelldefels\/wp-content\/uploads\/usu1078\/2023\/07\/222-INS-Mediterrania-768x431.jpg 768w, https:\/\/agora.xtec.cat\/ies-mediterrania-castelldefels\/wp-content\/uploads\/usu1078\/2023\/07\/222-INS-Mediterrania.jpg 999w\" sizes=\"auto, (max-width: 300px) 100vw, 300px\" \/><\/p>\n<p><strong>Programa 222. 25 febrer de 2023<\/strong><\/p>\n<p>Els alumnes de l\u2019aula de acollida, acompanyats per la seva tutora Aurora Conrado, expliquen les seves experi\u00e8ncies personals: els motius pels quals van arribat a Catalunya, els seus costums i del proc\u00e9s d\u2019adaptaci\u00f3 a l\u2019institut.<br \/>\n<iframe style=\"width: 100%;\" src=\"https:\/\/www.ivoox.com\/player_ej_103610104_6_1.html?c1=fc8148\" height=\"200\" frameborder=\"0\" scrolling=\"no\" allowfullscreen=\"allowfullscreen\"><\/iframe><strong><img loading=\"lazy\" decoding=\"async\" class=\"alignleft wp-image-3526 size-medium\" src=\"https:\/\/agora.xtec.cat\/ies-mediterrania-castelldefels\/wp-content\/uploads\/usu1078\/2019\/05\/RiE-204-Mediterrania-1024x590-300x173.jpg\" alt=\"\" width=\"300\" height=\"173\" srcset=\"https:\/\/agora.xtec.cat\/ies-mediterrania-castelldefels\/wp-content\/uploads\/usu1078\/2019\/05\/RiE-204-Mediterrania-1024x590-300x173.jpg 300w, https:\/\/agora.xtec.cat\/ies-mediterrania-castelldefels\/wp-content\/uploads\/usu1078\/2019\/05\/RiE-204-Mediterrania-1024x590-768x443.jpg 768w, https:\/\/agora.xtec.cat\/ies-mediterrania-castelldefels\/wp-content\/uploads\/usu1078\/2019\/05\/RiE-204-Mediterrania-1024x590.jpg 1024w\" sizes=\"auto, (max-width: 300px) 100vw, 300px\" \/><\/strong><\/p>\n<p><strong>Programa 204.\u00a06 maig 2019<\/strong><\/p>\n<p>La Valentina, l\u2019Ang\u00e9lica, l\u2019Albert, la Gabriela, la Candy i l\u2019Arnau s\u00f3n alumnes del cicles formatius del nostre Institut; juntament amb la Mar, professora i coordinadora d\u2019Erasmus parlen dels cicles formatius que ofereix el centre, de les seves experi\u00e8ncies i dels Erasmus que han realitzat a Par\u00eds, Finl\u00e0ndia i Alemanya.<br \/>\n<iframe loading=\"lazy\" id=\"audio_35491848\" style=\"border: 1px solid #eeeeee; width: 100%; box-sizing: border-box;\" src=\"https:\/\/www.ivoox.com\/player_ej_35491848_4_1.html?c1=ff6600\" width=\"300\" height=\"200\" frameborder=\"0\" scrolling=\"no\" allowfullscreen=\"allowfullscreen\"><\/iframe><strong><img loading=\"lazy\" decoding=\"async\" class=\"alignleft wp-image-2576 size-medium\" src=\"https:\/\/agora.xtec.cat\/ies-mediterrania-castelldefels\/wp-content\/uploads\/usu1078\/2018\/11\/RiE-190-Mediterrania-300x158.jpg\" alt=\"\" width=\"300\" height=\"158\" srcset=\"https:\/\/agora.xtec.cat\/ies-mediterrania-castelldefels\/wp-content\/uploads\/usu1078\/2018\/11\/RiE-190-Mediterrania-300x158.jpg 300w, https:\/\/agora.xtec.cat\/ies-mediterrania-castelldefels\/wp-content\/uploads\/usu1078\/2018\/11\/RiE-190-Mediterrania-768x403.jpg 768w, https:\/\/agora.xtec.cat\/ies-mediterrania-castelldefels\/wp-content\/uploads\/usu1078\/2018\/11\/RiE-190-Mediterrania.jpg 1013w\" sizes=\"auto, (max-width: 300px) 100vw, 300px\" \/>Programa 190.\u00a030 octubre 2018<\/strong><\/p>\n<p>Isam, Gerard, Emma, Celia, Sergi, Albert, Ra\u00fal, Alison i Carol, alumnes de periodisme, ens parlen de l\u2019estiu, de l\u2019intercanvi amb Alemanya, de la festa de Halloween, de llegendes urbanes i expliquen alguns acudits.<br \/>\n<iframe loading=\"lazy\" id=\"audio_29712569\" style=\"border: 1px solid #eeeeee; width: 100%; box-sizing: border-box;\" src=\"https:\/\/www.ivoox.com\/player_ej_29712569_4_1.html?c1=ff6600\" width=\"300\" height=\"200\" frameborder=\"0\" scrolling=\"no\" allowfullscreen=\"allowfullscreen\"><\/iframe><br \/>\n<img loading=\"lazy\" decoding=\"async\" class=\"alignleft wp-image-1434 size-medium\" src=\"http:\/\/agora.xtec.cat\/ies-mediterrania-castelldefels\/wp-content\/uploads\/usu1078\/2018\/02\/RiE-185-Mediterrania-300x157.jpg\" alt=\"\" width=\"300\" height=\"157\" srcset=\"https:\/\/agora.xtec.cat\/ies-mediterrania-castelldefels\/wp-content\/uploads\/usu1078\/2018\/02\/RiE-185-Mediterrania-300x157.jpg 300w, https:\/\/agora.xtec.cat\/ies-mediterrania-castelldefels\/wp-content\/uploads\/usu1078\/2018\/02\/RiE-185-Mediterrania-768x403.jpg 768w, https:\/\/agora.xtec.cat\/ies-mediterrania-castelldefels\/wp-content\/uploads\/usu1078\/2018\/02\/RiE-185-Mediterrania.jpg 1012w\" sizes=\"auto, (max-width: 300px) 100vw, 300px\" \/><strong>Programa 185. 12\u00a0juny 2018<\/strong><\/p>\n<p style=\"text-align: left;\">Alumnes del nostre Institut ens parlen\u00a0de mediambient i de les seves activitats com a escola verda, de la import\u00e0ncia de les abelles, de la prehist\u00f2ria i de la filosof\u00eda que fan a primer de batxillerat.<\/p>\n<p><iframe loading=\"lazy\" id=\"audio_26498450\" style=\"border: 1px solid #eeeeee; width: 100%; box-sizing: border-box;\" src=\"https:\/\/www.ivoox.com\/player_ej_26498450_4_1.html?c1=ff6600\" width=\"300\" height=\"200\" frameborder=\"0\" scrolling=\"no\" allowfullscreen=\"allowfullscreen\"><\/iframe><strong><img loading=\"lazy\" decoding=\"async\" class=\"alignleft wp-image-1318 size-medium\" src=\"http:\/\/agora.xtec.cat\/ies-mediterrania-castelldefels\/wp-content\/uploads\/usu1078\/2018\/02\/RiE-179-Mediterrania-2-300x177.jpg\" alt=\"\" width=\"300\" height=\"177\" srcset=\"https:\/\/agora.xtec.cat\/ies-mediterrania-castelldefels\/wp-content\/uploads\/usu1078\/2018\/02\/RiE-179-Mediterrania-2-300x177.jpg 300w, https:\/\/agora.xtec.cat\/ies-mediterrania-castelldefels\/wp-content\/uploads\/usu1078\/2018\/02\/RiE-179-Mediterrania-2-768x453.jpg 768w, https:\/\/agora.xtec.cat\/ies-mediterrania-castelldefels\/wp-content\/uploads\/usu1078\/2018\/02\/RiE-179-Mediterrania-2.jpg 993w\" sizes=\"auto, (max-width: 300px) 100vw, 300px\" \/><strong><strong>Programa 179. 17 mar\u00e7 2018<\/strong><\/strong><\/strong><\/p>\n<p>Alumnes del nostre Institut ens parlen del seu pa\u00eds d&#8217;origen i del projecte Eslora, del Cicle Formatiu que est\u00e1n realitzan i de la seva experi\u00e8ncia a l&#8217;Erasmus que han fet a Finl\u00e0ndia.<br \/>\n<iframe loading=\"lazy\" id=\"audio_24394151\" style=\"border: 1px solid #eeeeee; width: 100%; box-sizing: border-box;\" src=\"https:\/\/www.ivoox.com\/player_ej_24394151_4_1.html?c1=ff6600\" width=\"300\" height=\"200\" frameborder=\"0\" scrolling=\"no\" allowfullscreen=\"allowfullscreen\"><\/iframe><img loading=\"lazy\" decoding=\"async\" class=\"alignleft wp-image-1313 size-medium\" src=\"http:\/\/agora.xtec.cat\/ies-mediterrania-castelldefels\/wp-content\/uploads\/usu1078\/2018\/02\/RiE-173-Mediterrania-2-300x176.jpg\" alt=\"\" width=\"300\" height=\"176\" srcset=\"https:\/\/agora.xtec.cat\/ies-mediterrania-castelldefels\/wp-content\/uploads\/usu1078\/2018\/02\/RiE-173-Mediterrania-2-300x176.jpg 300w, https:\/\/agora.xtec.cat\/ies-mediterrania-castelldefels\/wp-content\/uploads\/usu1078\/2018\/02\/RiE-173-Mediterrania-2-768x449.jpg 768w, https:\/\/agora.xtec.cat\/ies-mediterrania-castelldefels\/wp-content\/uploads\/usu1078\/2018\/02\/RiE-173-Mediterrania-2.jpg 976w\" sizes=\"auto, (max-width: 300px) 100vw, 300px\" \/><\/p>\n<p><strong>Programa 172. 21 gener 2018<\/strong><\/p>\n<p>El Jordi, la Laia i el Marc, que fan 4t d&#8217;ESO i 1r de Batxillerat, ens parlen de la seva assignatura d&#8217;emprenedoria, d&#8217;una conversa &#8220;espacial&#8221; des de l&#8217;UPC i ens porten alguns audios sobre activitats que s&#8217;han realitzat a l&#8217;Institut.<br \/>\n<iframe loading=\"lazy\" id=\"audio_23316514\" style=\"border: 1px solid #eeeeee; width: 100%; box-sizing: border-box;\" src=\"https:\/\/www.ivoox.com\/player_ej_23316514_4_1.html?c1=ff6600\" width=\"300\" height=\"200\" frameborder=\"0\" scrolling=\"no\" allowfullscreen=\"allowfullscreen\"><\/iframe><\/p>\n","protected":false},"excerpt":{"rendered":"<p>Radio i Escola, a Radio Castelldefels, tracta d&#8217;otorgar un espai radiof\u00f2nic a les escoles i instituts de la ciutat, que utilitzen la r\u00e0dio com a eina pedag\u00f2gica. Les escoles participants compten\u00a0amb recursos t\u00e8cnics per poder fer productes radiof\u00f2nics integrament per part dels seus alumnes. Aquests productes es poden escoltar cada setmana al programa R\u00e0dio Oberta [&hellip;]<\/p>\n","protected":false},"author":1,"featured_media":0,"parent":1012,"menu_order":80,"comment_status":"closed","ping_status":"closed","template":"page-templates\/side-menu.php","meta":{"_bbp_topic_count":0,"_bbp_reply_count":0,"_bbp_total_topic_count":0,"_bbp_total_reply_count":0,"_bbp_voice_count":0,"_bbp_anonymous_reply_count":0,"_bbp_topic_count_hidden":0,"_bbp_reply_count_hidden":0,"_bbp_forum_subforum_count":0,"site-sidebar-layout":"default","site-content-layout":"","ast-site-content-layout":"","site-content-style":"default","site-sidebar-style":"default","ast-global-header-display":"","ast-banner-title-visibility":"","ast-main-header-display":"","ast-hfb-above-header-display":"","ast-hfb-below-header-display":"","ast-hfb-mobile-header-display":"","site-post-title":"","ast-breadcrumbs-content":"","ast-featured-img":"","footer-sml-layout":"","theme-transparent-header-meta":"","adv-header-id-meta":"","stick-header-meta":"","header-above-stick-meta":"","header-main-stick-meta":"","header-below-stick-meta":"","astra-migrate-meta-layouts":"default","ast-page-background-enabled":"default","ast-page-background-meta":{"desktop":{"background-color":"var(--ast-global-color-4)","background-image":"","background-repeat":"repeat","background-position":"center center","background-size":"auto","background-attachment":"scroll","background-type":"","background-media":"","overlay-type":"","overlay-color":"","overlay-opacity":"","overlay-gradient":""},"tablet":{"background-color":"","background-image":"","background-repeat":"repeat","background-position":"center center","background-size":"auto","background-attachment":"scroll","background-type":"","background-media":"","overlay-type":"","overlay-color":"","overlay-opacity":"","overlay-gradient":""},"mobile":{"background-color":"","background-image":"","background-repeat":"repeat","background-position":"center center","background-size":"auto","background-attachment":"scroll","background-type":"","background-media":"","overlay-type":"","overlay-color":"","overlay-opacity":"","overlay-gradient":""}},"ast-content-background-meta":{"desktop":{"background-color":"var(--ast-global-color-5)","background-image":"","background-repeat":"repeat","background-position":"center center","background-size":"auto","background-attachment":"scroll","background-type":"","background-media":"","overlay-type":"","overlay-color":"","overlay-opacity":"","overlay-gradient":""},"tablet":{"background-color":"var(--ast-global-color-5)","background-image":"","background-repeat":"repeat","background-position":"center center","background-size":"auto","background-attachment":"scroll","background-type":"","background-media":"","overlay-type":"","overlay-color":"","overlay-opacity":"","overlay-gradient":""},"mobile":{"background-color":"var(--ast-global-color-5)","background-image":"","background-repeat":"repeat","background-position":"center center","background-size":"auto","background-attachment":"scroll","background-type":"","background-media":"","overlay-type":"","overlay-color":"","overlay-opacity":"","overlay-gradient":""}},"footnotes":""},"class_list":["post-1020","page","type-page","status-publish","hentry"],"post_mailing_queue_ids":[],"_links":{"self":[{"href":"https:\/\/agora.xtec.cat\/ies-mediterrania-castelldefels\/wp-json\/wp\/v2\/pages\/1020","targetHints":{"allow":["GET"]}}],"collection":[{"href":"https:\/\/agora.xtec.cat\/ies-mediterrania-castelldefels\/wp-json\/wp\/v2\/pages"}],"about":[{"href":"https:\/\/agora.xtec.cat\/ies-mediterrania-castelldefels\/wp-json\/wp\/v2\/types\/page"}],"author":[{"embeddable":true,"href":"https:\/\/agora.xtec.cat\/ies-mediterrania-castelldefels\/wp-json\/wp\/v2\/users\/1"}],"replies":[{"embeddable":true,"href":"https:\/\/agora.xtec.cat\/ies-mediterrania-castelldefels\/wp-json\/wp\/v2\/comments?post=1020"}],"version-history":[{"count":7,"href":"https:\/\/agora.xtec.cat\/ies-mediterrania-castelldefels\/wp-json\/wp\/v2\/pages\/1020\/revisions"}],"predecessor-version":[{"id":10921,"href":"https:\/\/agora.xtec.cat\/ies-mediterrania-castelldefels\/wp-json\/wp\/v2\/pages\/1020\/revisions\/10921"}],"up":[{"embeddable":true,"href":"https:\/\/agora.xtec.cat\/ies-mediterrania-castelldefels\/wp-json\/wp\/v2\/pages\/1012"}],"wp:attachment":[{"href":"https:\/\/agora.xtec.cat\/ies-mediterrania-castelldefels\/wp-json\/wp\/v2\/media?parent=1020"}],"curies":[{"name":"wp","href":"https:\/\/api.w.org\/{rel}","templated":true}]}}