{"id":1014,"date":"2018-02-21T21:28:43","date_gmt":"2018-02-21T20:28:43","guid":{"rendered":"http:\/\/agora.xtec.cat\/ies-mediterrania-castelldefels\/?page_id=1014"},"modified":"2026-03-01T20:21:06","modified_gmt":"2026-03-01T19:21:06","slug":"mediterrania","status":"publish","type":"page","link":"https:\/\/agora.xtec.cat\/ies-mediterrania-castelldefels\/projectes\/mediterrania\/","title":{"rendered":"+ Mediterr\u00e0nia"},"content":{"rendered":"\n<p>El butllet\u00ed mensual del centre, on pots consultar qu\u00e8 ha estat not\u00edcia durant el mes i qu\u00e8 hi ha previst pel mes seg\u00fcent.<\/p>\n\n\n\n<p>Pots consultar tots els butlletins emesos en els seg\u00fcents enlla\u00e7os:<\/p>\n\n\n\n<p><span style=\"color: #000000;\"><strong>Curs 2025-26<\/strong><\/span><\/p>\n\n\n\n<p><a href=\"https:\/\/drive.google.com\/file\/d\/1yQSkzS2rUwzzY4eTvVtd9bo0Fnu8-9Jc\/view?usp=sharing\" target=\"_blank\" rel=\"noopener\">Octubre<\/a> 2025\u00a0 \u00a0 \u00a0 \u00a0<a href=\"https:\/\/drive.google.com\/file\/d\/1KtYP8nH9Bo63rsO1BgR6seXsw44DJwfh\/view?usp=sharing\" target=\"_blank\" rel=\"noopener\">Novembre<\/a> 2025\u00a0 \u00a0 \u00a0 <a href=\"https:\/\/drive.google.com\/file\/d\/1CcRAgDb5OADeAIWn9nqZYG51jS_wOtjC\/view?usp=sharing\" target=\"_blank\" rel=\"noopener\">\u00a0Desembre<\/a> 2025\u00a0 \u00a0 \u00a0 \u00a0Gener 2026\u00a0 \u00a0 \u00a0 \u00a0<a href=\"https:\/\/drive.google.com\/file\/d\/1ZKgDOwnCbemMWU4Rp18IfAjCCwZbDaF-\/view?usp=sharing\" target=\"_blank\" rel=\"noreferrer noopener\">Febrer<\/a> 2026\u00a0 \u00a0 \u00a0 \u00a0Mar\u00e7 2026<\/p>\n\n\n\n<p class=\"has-medium-font-size\">Abril 2026&nbsp; &nbsp; &nbsp; &nbsp;Maig 2026&nbsp; &nbsp; &nbsp; &nbsp;Juny 2026<\/p>\n\n\n\n<p class=\"has-medium-font-size\"><span style=\"color: #000000;\"><strong>Curs 2024-25<\/strong><\/span><\/p>\n\n\n\n<p><a href=\"https:\/\/drive.google.com\/file\/d\/1jhgAAvIL07XaPch4WmZTLnePIp_qx263\/view?usp=sharing\" target=\"_blank\" rel=\"noopener\">Octubre<\/a> 2024&nbsp; &nbsp; &nbsp; &nbsp;<a href=\"https:\/\/drive.google.com\/file\/d\/1KSMxNavTUsDK6I9VIiLS_I7mw6DVZ_qt\/view?usp=sharing\" target=\"_blank\" rel=\"noopener\">Novembre<\/a> 2024&nbsp; &nbsp; &nbsp; &nbsp;<a href=\"https:\/\/drive.google.com\/file\/d\/1kDMqIKhg8AE63vIvuXf1j8ZiZYVJr-9z\/view?usp=sharing\" target=\"_blank\" rel=\"noopener\">Desembre<\/a> 2024&nbsp; &nbsp; &nbsp; &nbsp;Gener 2025&nbsp; &nbsp; &nbsp; &nbsp;<a href=\"https:\/\/drive.google.com\/file\/d\/1BwrcxQugjGHpLnf87j3UXhZvTvEnuxJ9\/view?usp=sharing\" target=\"_blank\" rel=\"noopener\">Febrer<\/a> 2025&nbsp; &nbsp; &nbsp; &nbsp;<a href=\"https:\/\/drive.google.com\/file\/d\/1BAn96v5WyayMmFJNSdY4zXtSU5xY3_FO\/view?usp=sharing\" target=\"_blank\" rel=\"noopener\">Mar\u00e7<\/a> 2025<\/p>\n\n\n\n<p><a href=\"https:\/\/drive.google.com\/file\/d\/1aEUPKsVSTBzIwfrr2-40as9xtZY0s_Qi\/view?usp=sharing\" target=\"_blank\" rel=\"noopener\">Abril<\/a> 2025&nbsp; &nbsp; &nbsp; &nbsp;<a href=\"https:\/\/drive.google.com\/file\/d\/1iBVKWBzTRpB_qbIUfAAS0gD2m-bDRiau\/view?usp=sharing\" target=\"_blank\" rel=\"noopener\">Maig<\/a> 2025&nbsp; &nbsp; &nbsp; &nbsp;<a href=\"https:\/\/drive.google.com\/file\/d\/1KeNqPHG3WO9s5-pDbP0HyJbmWre0Fqe9\/view?usp=sharing\" target=\"_blank\" rel=\"noopener\">Juny<\/a> 2025<\/p>\n\n\n\n<p class=\"has-medium-font-size\"><span style=\"color: #000000;\"><strong>Curs 2023-24<\/strong><\/span><\/p>\n\n\n\n<p><a href=\"https:\/\/drive.google.com\/file\/d\/1AprmAQZtZW9J6gQiEX_OAVcZjrlvLm0d\/view?usp=sharing\" target=\"_blank\" rel=\"noopener\">Octubre<\/a> 2023&nbsp; &nbsp; &nbsp; &nbsp;<a href=\"https:\/\/drive.google.com\/file\/d\/1CjnXZcY2WKAFVxUhqvyiQuygSCkVFl9N\/view?usp=sharing\" target=\"_blank\" rel=\"noopener\">Novembre<\/a> 2023&nbsp; &nbsp; &nbsp; &nbsp;<a href=\"https:\/\/drive.google.com\/file\/d\/1eDnyYlEQp7E6mw_s82CrfCopf9o_54Zq\/view?usp=sharing\" target=\"_blank\" rel=\"noopener\">Desembre<\/a> 2023&nbsp; &nbsp; &nbsp; &nbsp;Gener 2024&nbsp; &nbsp; &nbsp; &nbsp;<a href=\"https:\/\/drive.google.com\/file\/d\/1og9AOY9Id351HtoFUQLAOsC8Lj-UayF5\/view?usp=sharing\" target=\"_blank\" rel=\"noopener\">Febrer<\/a> 2024&nbsp; &nbsp; &nbsp; &nbsp;<a href=\"https:\/\/drive.google.com\/file\/d\/1d28gMMKWatfLlsxBsevi69SB9WrKQvp6\/view?usp=sharing\" target=\"_blank\" rel=\"noopener\">Mar\u00e7<\/a> 2024<\/p>\n\n\n\n<p><a href=\"https:\/\/drive.google.com\/file\/d\/19O-_tkJgU5FSdfYp3TSJ9N344FQreSQg\/view?usp=drive_link\" target=\"_blank\" rel=\"noopener\">Abril<\/a> 2024&nbsp; &nbsp; &nbsp; &nbsp;<a href=\"https:\/\/drive.google.com\/file\/d\/1bGThtce9tcauJPMVXGgsrc5o5oOQpY-O\/view?usp=sharing\" target=\"_blank\" rel=\"noopener\">Maig<\/a> 2024&nbsp; &nbsp; &nbsp; &nbsp;Juny 2024<\/p>\n\n\n\n<p class=\"has-medium-font-size\"><span style=\"color: #000000;\"><strong>Curs 2022-23<\/strong><\/span><\/p>\n\n\n\n<p><a href=\"https:\/\/drive.google.com\/file\/d\/16k3fw-Tv7JA9PLZHde9EuV5t8Wk_61V8\/view?usp=sharing\" target=\"_blank\" rel=\"noopener\">Octubre<\/a> 2022&nbsp; &nbsp; &nbsp; &nbsp;<a href=\"https:\/\/drive.google.com\/file\/d\/1UolOhdODR1NSDIiGUm2t8-UZCKH6jh-k\/view?usp=share_link\" target=\"_blank\" rel=\"noopener\">Novembre<\/a> 2022&nbsp; &nbsp; &nbsp; &nbsp;<a href=\"https:\/\/drive.google.com\/file\/d\/1SoRkrsqG9_E5qInUAhLlOrhWUX8_6YBt\/view?usp=share_link\" target=\"_blank\" rel=\"noopener\">Desembre<\/a> 2022&nbsp; &nbsp; &nbsp; &nbsp;<a href=\"https:\/\/drive.google.com\/file\/d\/11AvOsOOaNBhUcOg8mdRma9pQ5rFzYqDT\/view?usp=share_link\" target=\"_blank\" rel=\"noopener\">Gener<\/a> 2023&nbsp; &nbsp; &nbsp; &nbsp;<a href=\"https:\/\/drive.google.com\/file\/d\/1tZofV0QKEVkOV5pPHa8Qs_ea1SO21QG-\/view?usp=share_link\" target=\"_blank\" rel=\"noopener\">Febrer<\/a> 2023&nbsp; &nbsp; &nbsp; &nbsp;<a href=\"https:\/\/drive.google.com\/file\/d\/12_QkkpBt18EfpVITemPZI4mdN_Y7Tud4\/view?usp=share_link\" target=\"_blank\" rel=\"noopener\">Mar\u00e7<\/a> 2023<\/p>\n\n\n\n<p><a href=\"https:\/\/drive.google.com\/file\/d\/1_TarNnR1FXpSOtJT7ZLxlinXs8x_qZO7\/view?usp=share_link\" target=\"_blank\" rel=\"noopener\">Abril<\/a> 2023&nbsp; &nbsp; &nbsp; &nbsp;<a href=\"https:\/\/drive.google.com\/file\/d\/1UdqZOO435iwKR_d0XM2eMvSum5arDI2m\/view?usp=share_link\" target=\"_blank\" rel=\"noopener\">Maig<\/a> 2023&nbsp; &nbsp; &nbsp; &nbsp;<a href=\"https:\/\/drive.google.com\/file\/d\/1CIjmYMmrFQtkjRw5x_xCy5fFfLf55C-L\/view?usp=share_link\" target=\"_blank\" rel=\"noopener\">Juny<\/a> 2023<\/p>\n\n\n\n<p class=\"has-medium-font-size\"><span style=\"color: #000000;\"><strong>Curs 2021-22<\/strong><\/span><\/p>\n\n\n\n<p><a href=\"https:\/\/drive.google.com\/file\/d\/1870HpYQcCZJ4NrDVs4bree9pflaHz_2q\/view?usp=sharing\" target=\"_blank\" rel=\"noopener\">Octubre<\/a> 2021&nbsp; &nbsp; &nbsp; &nbsp;<a href=\"https:\/\/drive.google.com\/file\/d\/1R_h241NUl94ENLcyFYJgOxoVpE-kKXsF\/view?usp=sharing\" target=\"_blank\" rel=\"noopener\">Novembre<\/a> 2021&nbsp; &nbsp; &nbsp; &nbsp;<a href=\"https:\/\/drive.google.com\/file\/d\/14hv-8Jifslgo1F63Q6kSKT04K3B-Yg4Z\/view?usp=sharing\" target=\"_blank\" rel=\"noopener\">Desembre<\/a> 2021&nbsp; &nbsp; &nbsp; &nbsp;<a href=\"https:\/\/drive.google.com\/file\/d\/1jBPwpCTAL94MCuvIMYlbv3qiloVl2R42\/view?usp=sharing\" target=\"_blank\" rel=\"noopener\">Gener<\/a> 2022&nbsp; &nbsp; &nbsp; &nbsp;<a href=\"https:\/\/drive.google.com\/file\/d\/1mBhbN1XELKi4R6qtnZNOrnDDMiJ3u_WM\/view?usp=sharing\" target=\"_blank\" rel=\"noopener\">Febrer<\/a> 2022&nbsp; &nbsp; &nbsp; &nbsp;<a href=\"https:\/\/drive.google.com\/file\/d\/1IzyxhOCS4y6PDYi12w01wu24zV1mRut6\/view?usp=sharing\" target=\"_blank\" rel=\"noopener\">Mar\u00e7<\/a> 2022<\/p>\n\n\n\n<p><a href=\"https:\/\/drive.google.com\/file\/d\/1imw8qPVmu4Kq_gSABUwut8Orb_aUXPHE\/view?usp=sharing\" target=\"_blank\" rel=\"noopener\">Abril<\/a> 2022&nbsp; &nbsp; &nbsp; &nbsp;<a href=\"https:\/\/drive.google.com\/file\/d\/1O-RMDXXL6j77I1p1LLq4Q_xqcNF2Fwxv\/view?usp=sharing\" target=\"_blank\" rel=\"noopener\">Maig<\/a> 2022&nbsp; &nbsp; &nbsp; &nbsp;<a href=\"https:\/\/drive.google.com\/file\/d\/1x3Xd_XcBBgD8901kTl8zX-neQesFGuVR\/view?usp=sharing\" target=\"_blank\" rel=\"noopener\">Juny<\/a> 2022<\/p>\n\n\n\n<p class=\"has-medium-font-size\"><span style=\"color: #000000;\"><strong>Curs 2020-21<\/strong><\/span><\/p>\n\n\n\n<p><a href=\"https:\/\/drive.google.com\/file\/d\/1vGoojWo75KnzNRONMHY52orczvIxDAOU\/view?usp=sharing\" target=\"_blank\" rel=\"noopener noreferrer\">Octubre<\/a> 2020&nbsp;&nbsp;&nbsp;&nbsp;&nbsp;&nbsp; <a href=\"https:\/\/drive.google.com\/file\/d\/1XxINEEI684hF9xR_l2Sxhb9sPicx8JEK\/view?usp=sharing\" target=\"_blank\" rel=\"noopener noreferrer\">Novembre<\/a> 2020&nbsp;&nbsp;&nbsp;&nbsp;&nbsp;&nbsp; <a href=\"https:\/\/drive.google.com\/file\/d\/18HoHp-WX0fSlFcuj9yUgF-1OFPMhZ1KU\/view?usp=sharing\" target=\"_blank\" rel=\"noopener noreferrer\">Desembre<\/a> 2020&nbsp;&nbsp;&nbsp;&nbsp;&nbsp;&nbsp; <a href=\"https:\/\/drive.google.com\/file\/d\/1UtLwe4klIrCxXH-eAEVhcOW_FmA9B9Jd\/view?usp=sharing\" target=\"_blank\" rel=\"noopener noreferrer\">Gener<\/a> 2021&nbsp; &nbsp; &nbsp; &nbsp;<a href=\"https:\/\/drive.google.com\/file\/d\/1Y9hITT4OcwTgjM0wpTNd8GbRDWwgTxiw\/view?usp=sharing\" target=\"_blank\" rel=\"noopener noreferrer\">Febrer<\/a> 2021&nbsp; &nbsp; &nbsp; &nbsp;<a href=\"https:\/\/drive.google.com\/file\/d\/1iJT2ZFYazRgR9JuRDXFs9Pa7X2Gtc06O\/view?usp=sharing\" target=\"_blank\" rel=\"noopener noreferrer\">Mar\u00e7<\/a> 2021<\/p>\n\n\n\n<p><a href=\"https:\/\/drive.google.com\/file\/d\/1BenT-Yhzxic0HrcLHFVxE_iTOSGxtgYQ\/view?usp=sharing\" target=\"_blank\" rel=\"noopener noreferrer\">Abril<\/a> 2021&nbsp; &nbsp; &nbsp; &nbsp;<a href=\"https:\/\/drive.google.com\/file\/d\/1HrDICH60OwT1HCzUxipD3momVq-dxM4-\/view?usp=sharing\" target=\"_blank\" rel=\"noopener noreferrer\">Maig<\/a> 2021&nbsp; &nbsp; &nbsp; &nbsp;<a href=\"https:\/\/drive.google.com\/file\/d\/1Wtwn_9-k12AmJ20wb5HCF3g-TMcALZuM\/view?usp=sharing\" target=\"_blank\" rel=\"noopener noreferrer\">Juny<\/a> 2021<\/p>\n\n\n\n<p class=\"has-medium-font-size\"><span style=\"color: #000000;\"><strong>Curs 2019-20<\/strong><\/span><\/p>\n\n\n\n<p><a href=\"https:\/\/drive.google.com\/file\/d\/1OEffBtw-IiHteYfzj9yi-46ziVQz9Oie\/view?usp=sharing\" target=\"_blank\" rel=\"noopener noreferrer\">Octubre<\/a> 2019&nbsp;&nbsp;&nbsp;&nbsp;&nbsp;&nbsp; <a href=\"https:\/\/drive.google.com\/file\/d\/1fYujk_GcTlFxfs8clYox8ZhsPCb1C_ky\/view?usp=sharing\" target=\"_blank\" rel=\"noopener noreferrer\">Novembre<\/a> 2019&nbsp;&nbsp;&nbsp;&nbsp;&nbsp;&nbsp; <a href=\"https:\/\/drive.google.com\/file\/d\/1MxTYi_aLVy_wgfTL93BoVD3UtGI9CT3L\/view?usp=sharing\" target=\"_blank\" rel=\"noopener noreferrer\">Desembre<\/a> 2019&nbsp;&nbsp;&nbsp;&nbsp;&nbsp;&nbsp; <a href=\"https:\/\/drive.google.com\/file\/d\/1dHbwSM66Ggb1Mq96f-CqxuoUJEzy1pmA\/view?usp=sharing\" target=\"_blank\" rel=\"noopener noreferrer\">Gener<\/a> 2020&nbsp; &nbsp; &nbsp; &nbsp;<a href=\"https:\/\/drive.google.com\/file\/d\/1HhGKlr2H8SL1_YZ9ILX2pZRhewbeM1jw\/view?usp=sharing\" target=\"_blank\" rel=\"noopener noreferrer\">Febrer<\/a> 2020&nbsp; &nbsp; &nbsp; &nbsp;<a href=\"https:\/\/drive.google.com\/file\/d\/1b_Xk2mgJG1hyxKxHeXjmqmKJK0_pkAs4\/view?usp=sharing\" target=\"_blank\" rel=\"noopener noreferrer\">Mar\u00e7<\/a> 2020<\/p>\n\n\n\n<p><a href=\"https:\/\/drive.google.com\/file\/d\/1EhtRdRNlgFHyzapZj_R4Dud7brFHPOmk\/view?usp=sharing\" target=\"_blank\" rel=\"noopener noreferrer\">Abril<\/a> 2020&nbsp;&nbsp;&nbsp;&nbsp;&nbsp;&nbsp; <a href=\"https:\/\/drive.google.com\/file\/d\/1dKuHtvyJZBoD-Nos_xWIzeROfcC-ix2z\/view?usp=sharing\" target=\"_blank\" rel=\"noopener noreferrer\">Maig<\/a> 2020&nbsp;&nbsp;&nbsp;&nbsp;&nbsp;&nbsp; <a href=\"https:\/\/drive.google.com\/file\/d\/1LD7Lk8bwyFPO_sSMpY3x1DYb9xER4SkV\/view?usp=sharing\" target=\"_blank\" rel=\"noopener noreferrer\">Juny<\/a> 2020<\/p>\n\n\n\n<p class=\"has-medium-font-size\"><span style=\"color: #000000;\"><strong>Curs 2018-19<\/strong><\/span><\/p>\n\n\n\n<p><a href=\"https:\/\/drive.google.com\/open?id=1h1PQ61Spe_bp1LpbE5N5v28KE-eFmCkT\" target=\"_blank\" rel=\"noopener noreferrer\">Octubre<\/a> 2018&nbsp;&nbsp;&nbsp;&nbsp;&nbsp;&nbsp; <a href=\"https:\/\/drive.google.com\/open?id=1nBbm9i9Vw44yw2RXIqCXvKszypeZX9jS\" target=\"_blank\" rel=\"noopener noreferrer\">Novembre<\/a> 2018&nbsp;&nbsp;&nbsp;&nbsp;&nbsp;&nbsp; <a href=\"https:\/\/drive.google.com\/open?id=1tYTECS73bulX8VnMaVeLluM-d0sfAbd7\" target=\"_blank\" rel=\"noopener noreferrer\">Desembre<\/a> 2018&nbsp;&nbsp;&nbsp;&nbsp;&nbsp;&nbsp; <a href=\"https:\/\/drive.google.com\/open?id=1NirKpZ2FzqyQPem1yC5azBFYKWQVki9P\" target=\"_blank\" rel=\"noopener noreferrer\">Gener<\/a> 2019&nbsp;&nbsp;&nbsp;&nbsp;&nbsp;&nbsp; <a href=\"https:\/\/drive.google.com\/open?id=1y-o_9DvdDIiMfEsQe1URc1U7x2cy5jtJ\" target=\"_blank\" rel=\"noopener noreferrer\">Febrer<\/a> 2019&nbsp;&nbsp;&nbsp;&nbsp;&nbsp;&nbsp; <a href=\"https:\/\/drive.google.com\/open?id=1ro-KouyOl3Di12SZJqiQMcuiwPJG2Lf4\" target=\"_blank\" rel=\"noopener noreferrer\">Mar\u00e7<\/a> 2019<\/p>\n\n\n\n<p><a href=\"https:\/\/drive.google.com\/open?id=19c-yeugXdFodeBK4t4gKlibItM3IF0SZ\" target=\"_blank\" rel=\"noopener noreferrer\">Abril<\/a> 2019 &nbsp;&nbsp; &nbsp;&nbsp; <a href=\"https:\/\/drive.google.com\/open?id=1OuauX9H4JI31s6KMB8L99v7zo-5rS6RM\" target=\"_blank\" rel=\"noopener noreferrer\">Maig<\/a> 2019 &nbsp;&nbsp;&nbsp;&nbsp;&nbsp; <a href=\"https:\/\/drive.google.com\/open?id=1YhN6UI1wWstqE3RptUSTel1vwShP5xit\" target=\"_blank\" rel=\"noopener noreferrer\">Juny<\/a> 2019<\/p>\n\n\n\n<p class=\"has-text-align-left has-medium-font-size\"><span style=\"color: #000000;\"><strong>Curs 2017-18<\/strong><\/span><\/p>\n\n\n\n<p class=\"has-text-align-left\"><a href=\"https:\/\/drive.google.com\/open?id=1DyFCnmoZC8gomyudjjlgILjVKPA1ylMH\" target=\"_blank\" rel=\"noopener noreferrer\">Desembre<\/a> 2017&nbsp;&nbsp;&nbsp;&nbsp;&nbsp;&nbsp; <a href=\"https:\/\/drive.google.com\/open?id=10O03UsRxwjIUTB_UINvch5h-wVN47kRT\" target=\"_blank\" rel=\"noopener noreferrer\">Gener<\/a> 2018&nbsp;&nbsp;&nbsp;&nbsp;&nbsp;&nbsp; <a href=\"https:\/\/drive.google.com\/open?id=1Lnu_IqtvkNFwCR7LoZpwzYR_KadmPUmv\" target=\"_blank\" rel=\"noopener noreferrer\">Febrer<\/a> 2018&nbsp;&nbsp;&nbsp;&nbsp;&nbsp;&nbsp; <a href=\"https:\/\/drive.google.com\/open?id=1yw6p5uQqkG5nN6vR-dzBpfROcnskLn_r\" target=\"_blank\" rel=\"noopener noreferrer\">Mar\u00e7 <\/a>2018&nbsp;&nbsp;&nbsp;&nbsp;&nbsp;&nbsp; <a href=\"https:\/\/drive.google.com\/open?id=12K0e_BIzOl9aiaNgajtcw7n05jZLOytS\" target=\"_blank\" rel=\"noopener noreferrer\">Abril<\/a> 2018&nbsp;&nbsp;&nbsp;&nbsp;&nbsp;&nbsp; <a href=\"https:\/\/drive.google.com\/open?id=1z3dACtvYUwKzIUMs4YnWvX6a0kLEFlov\" target=\"_blank\" rel=\"noopener noreferrer\">Maig <\/a>2018&nbsp;&nbsp;&nbsp;&nbsp;&nbsp;&nbsp; <a href=\"https:\/\/drive.google.com\/open?id=14cuzaDfFgeXyXCngG2CrwvWgACeaXQ_5\" target=\"_blank\" rel=\"noopener noreferrer\">Juny <\/a>2018<\/p>\n","protected":false},"excerpt":{"rendered":"<p>El butllet\u00ed mensual del centre, on pots consultar qu\u00e8 ha estat not\u00edcia durant el mes i qu\u00e8 hi ha previst pel mes seg\u00fcent. Pots consultar tots els butlletins emesos en els seg\u00fcents enlla\u00e7os: Curs 2025-26 Octubre 2025\u00a0 \u00a0 \u00a0 \u00a0Novembre 2025\u00a0 \u00a0 \u00a0 \u00a0Desembre 2025\u00a0 \u00a0 \u00a0 \u00a0Gener 2026\u00a0 \u00a0 \u00a0 \u00a0Febrer 2026\u00a0 \u00a0 \u00a0 [&hellip;]<\/p>\n","protected":false},"author":1,"featured_media":0,"parent":1012,"menu_order":10,"comment_status":"closed","ping_status":"closed","template":"","meta":{"_bbp_topic_count":0,"_bbp_reply_count":0,"_bbp_total_topic_count":0,"_bbp_total_reply_count":0,"_bbp_voice_count":0,"_bbp_anonymous_reply_count":0,"_bbp_topic_count_hidden":0,"_bbp_reply_count_hidden":0,"_bbp_forum_subforum_count":0,"site-sidebar-layout":"default","site-content-layout":"","ast-site-content-layout":"default","site-content-style":"default","site-sidebar-style":"default","ast-global-header-display":"","ast-banner-title-visibility":"","ast-main-header-display":"","ast-hfb-above-header-display":"","ast-hfb-below-header-display":"","ast-hfb-mobile-header-display":"","site-post-title":"","ast-breadcrumbs-content":"","ast-featured-img":"","footer-sml-layout":"","theme-transparent-header-meta":"","adv-header-id-meta":"","stick-header-meta":"","header-above-stick-meta":"","header-main-stick-meta":"","header-below-stick-meta":"","astra-migrate-meta-layouts":"set","ast-page-background-enabled":"default","ast-page-background-meta":{"desktop":{"background-color":"var(--ast-global-color-4)","background-image":"","background-repeat":"repeat","background-position":"center center","background-size":"auto","background-attachment":"scroll","background-type":"","background-media":"","overlay-type":"","overlay-color":"","overlay-opacity":"","overlay-gradient":""},"tablet":{"background-color":"","background-image":"","background-repeat":"repeat","background-position":"center center","background-size":"auto","background-attachment":"scroll","background-type":"","background-media":"","overlay-type":"","overlay-color":"","overlay-opacity":"","overlay-gradient":""},"mobile":{"background-color":"","background-image":"","background-repeat":"repeat","background-position":"center center","background-size":"auto","background-attachment":"scroll","background-type":"","background-media":"","overlay-type":"","overlay-color":"","overlay-opacity":"","overlay-gradient":""}},"ast-content-background-meta":{"desktop":{"background-color":"var(--ast-global-color-5)","background-image":"","background-repeat":"repeat","background-position":"center center","background-size":"auto","background-attachment":"scroll","background-type":"","background-media":"","overlay-type":"","overlay-color":"","overlay-opacity":"","overlay-gradient":""},"tablet":{"background-color":"var(--ast-global-color-5)","background-image":"","background-repeat":"repeat","background-position":"center center","background-size":"auto","background-attachment":"scroll","background-type":"","background-media":"","overlay-type":"","overlay-color":"","overlay-opacity":"","overlay-gradient":""},"mobile":{"background-color":"var(--ast-global-color-5)","background-image":"","background-repeat":"repeat","background-position":"center center","background-size":"auto","background-attachment":"scroll","background-type":"","background-media":"","overlay-type":"","overlay-color":"","overlay-opacity":"","overlay-gradient":""}},"footnotes":""},"class_list":["post-1014","page","type-page","status-publish","hentry"],"post_mailing_queue_ids":[],"_links":{"self":[{"href":"https:\/\/agora.xtec.cat\/ies-mediterrania-castelldefels\/wp-json\/wp\/v2\/pages\/1014","targetHints":{"allow":["GET"]}}],"collection":[{"href":"https:\/\/agora.xtec.cat\/ies-mediterrania-castelldefels\/wp-json\/wp\/v2\/pages"}],"about":[{"href":"https:\/\/agora.xtec.cat\/ies-mediterrania-castelldefels\/wp-json\/wp\/v2\/types\/page"}],"author":[{"embeddable":true,"href":"https:\/\/agora.xtec.cat\/ies-mediterrania-castelldefels\/wp-json\/wp\/v2\/users\/1"}],"replies":[{"embeddable":true,"href":"https:\/\/agora.xtec.cat\/ies-mediterrania-castelldefels\/wp-json\/wp\/v2\/comments?post=1014"}],"version-history":[{"count":6,"href":"https:\/\/agora.xtec.cat\/ies-mediterrania-castelldefels\/wp-json\/wp\/v2\/pages\/1014\/revisions"}],"predecessor-version":[{"id":13031,"href":"https:\/\/agora.xtec.cat\/ies-mediterrania-castelldefels\/wp-json\/wp\/v2\/pages\/1014\/revisions\/13031"}],"up":[{"embeddable":true,"href":"https:\/\/agora.xtec.cat\/ies-mediterrania-castelldefels\/wp-json\/wp\/v2\/pages\/1012"}],"wp:attachment":[{"href":"https:\/\/agora.xtec.cat\/ies-mediterrania-castelldefels\/wp-json\/wp\/v2\/media?parent=1014"}],"curies":[{"name":"wp","href":"https:\/\/api.w.org\/{rel}","templated":true}]}}