{"id":935,"date":"2016-08-08T18:43:20","date_gmt":"2016-08-08T17:43:20","guid":{"rendered":"http:\/\/agora.xtec.cat\/ies-manuel-sales\/?page_id=935"},"modified":"2016-08-08T18:45:58","modified_gmt":"2016-08-08T17:45:58","slug":"premis-201314","status":"publish","type":"page","link":"https:\/\/agora.xtec.cat\/ies-manuel-sales\/serveis\/premis\/premis-201314\/","title":{"rendered":"PREMIS 2013\/14"},"content":{"rendered":"<table>\n<tbody>\n<tr>\n<td><img loading=\"lazy\" decoding=\"async\" class=\"alignleft size-thumbnail wp-image-432\" src=\"http:\/\/agora.xtec.cat\/ies-manuel-sales\/wp-content\/uploads\/usu728\/2015\/09\/medalla-120x150.gif\" alt=\"medalla\" width=\"120\" height=\"150\" \/><\/td>\n<td style=\"vertical-align: top;\">\n<h4 style=\"text-align: right;\"><span style=\"color: #800000;\"><strong>GALERIA DE GUARDONATS<\/strong><\/span><\/h4>\n<h4><\/h4>\n<\/td>\n<td style=\"width: 400px; vertical-align: top;\">\n<h4 style=\"text-align: right;\"><strong>Curs 2013\/14<\/strong><\/h4>\n<\/td>\n<\/tr>\n<tr>\n<td style=\"vertical-align: top;\" colspan=\"2\"><span style=\"color: #993300;\"><strong>PREMI RECERCA JOVE PER AL TREBALL DE VIRG\u00cdNIA LE\u00d3N<\/strong><\/span><\/p>\n<p align=\"justify\">Va estar premiat el treball de recerca &#8220;L&#8217;origen: el Regne Unit. Dest\u00ed: la comarca del Montsi\u00e0&#8221; que va elaborar l&#8217;alumna <strong>Virg\u00ednia Le\u00f3n Roig<\/strong> sota la tutoria de la professora Merc\u00e8 Izquierdo.<\/p>\n<\/td>\n<td style=\"vertical-align: top;\"><img loading=\"lazy\" decoding=\"async\" class=\"alignleft size-medium wp-image-433\" src=\"http:\/\/agora.xtec.cat\/ies-manuel-sales\/wp-content\/uploads\/usu728\/2015\/09\/virginia.jpg\" alt=\"virginia\" width=\"109\" height=\"145\" \/><\/td>\n<\/tr>\n<tr>\n<td style=\"vertical-align: top;\" colspan=\"2\"><span style=\"color: #993300;\"><strong>PREMI (X)PERIMENTA DE V\u00cdDEO I CI\u00c8NCIA<\/strong><\/span><\/p>\n<p style=\"text-align: justify;\">Premi dins de la convocat\u00f2ria <strong>(X)perimenta<\/strong> de l&#8217;organisme Recerca en acci\u00f3. Es tractava del &#8220;Premi a l\u2019originalitat&#8221;, per la realitzaci\u00f3 de v\u00eddeos originals i de qualitat a trav\u00e9s de l\u2019assignatura &#8220;V\u00eddeo i ci\u00e8ncia&#8221;.<\/p>\n<p style=\"text-align: justify;\">Ho van fer els alumnes de 3r d&#8217;ESO amb la coordinaci\u00f3 de la professora Amada Rodr\u00edguez.<\/p>\n<\/td>\n<td style=\"vertical-align: top;\"><iframe loading=\"lazy\" src=\"https:\/\/www.youtube.com\/embed\/3JZFQfLDEYc\" width=\"400\" height=\"225\" frameborder=\"0\" allowfullscreen=\"allowfullscreen\"><\/iframe><\/p>\n<p><strong>NO T&#8217;EMBALIS<\/strong>, el primer dels v\u00eddeos guardonats. Els altres dos v\u00eddeos es poden veure seguint els enlla\u00e7os seg\u00fcents.<\/p>\n<p><strong><a href=\"https:\/\/youtu.be\/KQX6mzTYujM\" target=\"_blank\">SORTIR VOLANT<\/a><\/strong><\/p>\n<p><strong><a href=\"https:\/\/youtu.be\/EJWY9GdnHu8\" target=\"_blank\">UF, QUINA CALOR<\/a><\/strong><\/td>\n<\/tr>\n<\/tbody>\n<\/table>\n","protected":false},"excerpt":{"rendered":"<p>GALERIA DE GUARDONATS<\/p>\n<p>Curs 2013\/14<\/p>\n<p>PREMI RECERCA JOVE PER AL TREBALL DE VIRG\u00cdNIA LE\u00d3N<br \/>\nVa estar premiat el treball de recerca &#8220;L&#8217;origen: el Regne Unit. Dest\u00ed: la comarca del Montsi\u00e0&#8221; que va elaborar l&#8217;alumna Virg\u00ednia Le\u00f3n Roig sota la tutoria de la professora Merc\u00e8 Izquierdo.<\/p>\n<p>PREMI (X)PERIMENTA DE V\u00cdDEO&hellip;  <a href=\"https:\/\/agora.xtec.cat\/ies-manuel-sales\/serveis\/premis\/premis-201314\/\" title=\"Read PREMIS 2013\/14\">Llegeix m\u00e9s\u00bb<\/a><\/p>\n","protected":false},"author":1,"featured_media":0,"parent":431,"menu_order":29,"comment_status":"closed","ping_status":"closed","template":"page-templates\/side-menu.php","meta":{"_bbp_topic_count":0,"_bbp_reply_count":0,"_bbp_total_topic_count":0,"_bbp_total_reply_count":0,"_bbp_voice_count":0,"_bbp_anonymous_reply_count":0,"_bbp_topic_count_hidden":0,"_bbp_reply_count_hidden":0,"_bbp_forum_subforum_count":0,"footnotes":""},"class_list":["post-935","page","type-page","status-publish","hentry"],"post_mailing_queue_ids":[],"_links":{"self":[{"href":"https:\/\/agora.xtec.cat\/ies-manuel-sales\/wp-json\/wp\/v2\/pages\/935","targetHints":{"allow":["GET"]}}],"collection":[{"href":"https:\/\/agora.xtec.cat\/ies-manuel-sales\/wp-json\/wp\/v2\/pages"}],"about":[{"href":"https:\/\/agora.xtec.cat\/ies-manuel-sales\/wp-json\/wp\/v2\/types\/page"}],"author":[{"embeddable":true,"href":"https:\/\/agora.xtec.cat\/ies-manuel-sales\/wp-json\/wp\/v2\/users\/1"}],"replies":[{"embeddable":true,"href":"https:\/\/agora.xtec.cat\/ies-manuel-sales\/wp-json\/wp\/v2\/comments?post=935"}],"version-history":[{"count":1,"href":"https:\/\/agora.xtec.cat\/ies-manuel-sales\/wp-json\/wp\/v2\/pages\/935\/revisions"}],"predecessor-version":[{"id":936,"href":"https:\/\/agora.xtec.cat\/ies-manuel-sales\/wp-json\/wp\/v2\/pages\/935\/revisions\/936"}],"up":[{"embeddable":true,"href":"https:\/\/agora.xtec.cat\/ies-manuel-sales\/wp-json\/wp\/v2\/pages\/431"}],"wp:attachment":[{"href":"https:\/\/agora.xtec.cat\/ies-manuel-sales\/wp-json\/wp\/v2\/media?parent=935"}],"curies":[{"name":"wp","href":"https:\/\/api.w.org\/{rel}","templated":true}]}}