{"id":924,"date":"2016-08-08T18:00:49","date_gmt":"2016-08-08T17:00:49","guid":{"rendered":"http:\/\/agora.xtec.cat\/ies-manuel-sales\/?page_id=924"},"modified":"2016-08-08T18:35:45","modified_gmt":"2016-08-08T17:35:45","slug":"premis-200607","status":"publish","type":"page","link":"https:\/\/agora.xtec.cat\/ies-manuel-sales\/serveis\/premis\/premis-200607\/","title":{"rendered":"PREMIS 2006\/07"},"content":{"rendered":"<table>\n<tbody>\n<tr>\n<td style=\"vertical-align: top;\"><img loading=\"lazy\" decoding=\"async\" class=\"alignleft size-thumbnail wp-image-432\" src=\"http:\/\/agora.xtec.cat\/ies-manuel-sales\/wp-content\/uploads\/usu728\/2015\/09\/medalla-120x150.gif\" alt=\"medalla\" width=\"120\" height=\"150\" \/><\/p>\n<h4 style=\"text-align: right;\"><span style=\"color: #800000;\"><strong>GALERIA DE GUARDONATS<\/strong><\/span><\/h4>\n<\/td>\n<td style=\"vertical-align: top;\" colspan=\"2\">\n<h4 style=\"text-align: right;\"><strong>Curs 2006\/07<\/strong><\/h4>\n<\/td>\n<\/tr>\n<tr>\n<td style=\"vertical-align: top;\" colspan=\"2\"><b><\/b><span style=\"color: #993300;\"><strong>MARC SANS I ALBERT LLAVERIA, PREMI CIRIT PEL SEU TREBALL DE RECERCA<\/strong><\/span><\/p>\n<p style=\"text-align: justify;\">El conseller d&#8217;Innovaci\u00f3, Universitats i Empresa, Josep Huguet, va fer entrega el dissabte, 16 de desembre de 2006, dels premis d&#8217;Investigaci\u00f3 i Innovaci\u00f3 Tecnol\u00f2gica (CIRIT) a 70 alumnes i deu instituts catalans. Huguet destac\u00e0 durant l&#8217;acte la import\u00e0ncia de &#8220;fomentar l&#8217;esperit cient\u00edfic dels joves per tal de promoure futurs investigadors i de dur a la societat els valors de la investigaci\u00f3 cient\u00edfica&#8221;.<\/p>\n<p>Els alumnes premiats del nostre centre van estar <strong>Marc B. Sans i Albert Llaveria<\/strong> amb el seu treball de recerca &#8220;La nidificaci\u00f3 i cria de la cadernera a Sant Rafael i els Valentins&#8221;. A l&#8217;acte van ser acompanyats pels seus pares i per la directora, Pilar Aparicio aix\u00ed com pel seu tutor, Sebasti\u00e0 Sanz.<\/p>\n<\/td>\n<td style=\"width: 350px; vertical-align: top;\"><img loading=\"lazy\" decoding=\"async\" class=\"aligncenter size-medium wp-image-925\" src=\"http:\/\/agora.xtec.cat\/ies-manuel-sales\/wp-content\/uploads\/usu728\/2016\/08\/cirit02-300x200.jpg\" alt=\"Premi CIRIT Marc i Albert\" width=\"300\" height=\"200\" srcset=\"https:\/\/agora.xtec.cat\/ies-manuel-sales\/wp-content\/uploads\/usu728\/2016\/08\/cirit02-300x200.jpg 300w, https:\/\/agora.xtec.cat\/ies-manuel-sales\/wp-content\/uploads\/usu728\/2016\/08\/cirit02-768x512.jpg 768w, https:\/\/agora.xtec.cat\/ies-manuel-sales\/wp-content\/uploads\/usu728\/2016\/08\/cirit02.jpg 800w\" sizes=\"auto, (max-width: 300px) 100vw, 300px\" \/><\/td>\n<\/tr>\n<tr>\n<td style=\"vertical-align: top;\" colspan=\"2\"><span style=\"color: #993300;\"><strong>PREMI JOAN COROMINES PER A N\u00daRIA MASDEU I MIHAELA POIENAR<\/strong><\/span><\/p>\n<p style=\"text-align: justify;\">El nostre centre va obtenir el <strong>Premi Joan Coromines<\/strong> per ser el centre que va presentar m\u00e9s treballs de m\u00e9s qualitat. Es van presentar treballs de N\u00faria Masdeu, Mihaela Poienar i Marta Balada, tots tutoritzats per la professora \u00c0ngela Buj Alfara.<\/p>\n<p style=\"text-align: justify;\">El treball &#8220;Adaptaci\u00f3 ling\u00fc\u00edstica romanesa a Ulldecona&#8221; de <strong>N\u00faria Masdeu i Mihaela Poienar<\/strong> va resultar finalista del Premi Joan Coromines a la millor recerca.<\/p>\n<\/td>\n<td style=\"text-align: center; vertical-align: top;\"><\/td>\n<\/tr>\n<\/tbody>\n<\/table>\n","protected":false},"excerpt":{"rendered":"<p>GALERIA DE GUARDONATS<\/p>\n<p>Curs 2006\/07<\/p>\n<p>MARC SANS I ALBERT LLAVERIA, PREMI CIRIT PEL SEU TREBALL DE RECERCA<br \/>\nEl conseller d&#8217;Innovaci\u00f3, Universitats i Empresa, Josep Huguet, va fer entrega el dissabte, 16 de desembre de 2006, dels premis d&#8217;Investigaci\u00f3 i Innovaci\u00f3 Tecnol\u00f2gica (CIRIT) a 70 alumnes i deu instituts&hellip;  <a href=\"https:\/\/agora.xtec.cat\/ies-manuel-sales\/serveis\/premis\/premis-200607\/\" title=\"Read PREMIS 2006\/07\">Llegeix m\u00e9s\u00bb<\/a><\/p>\n","protected":false},"author":1,"featured_media":0,"parent":431,"menu_order":90,"comment_status":"closed","ping_status":"closed","template":"page-templates\/side-menu.php","meta":{"_bbp_topic_count":0,"_bbp_reply_count":0,"_bbp_total_topic_count":0,"_bbp_total_reply_count":0,"_bbp_voice_count":0,"_bbp_anonymous_reply_count":0,"_bbp_topic_count_hidden":0,"_bbp_reply_count_hidden":0,"_bbp_forum_subforum_count":0,"footnotes":""},"class_list":["post-924","page","type-page","status-publish","hentry"],"post_mailing_queue_ids":[],"_links":{"self":[{"href":"https:\/\/agora.xtec.cat\/ies-manuel-sales\/wp-json\/wp\/v2\/pages\/924","targetHints":{"allow":["GET"]}}],"collection":[{"href":"https:\/\/agora.xtec.cat\/ies-manuel-sales\/wp-json\/wp\/v2\/pages"}],"about":[{"href":"https:\/\/agora.xtec.cat\/ies-manuel-sales\/wp-json\/wp\/v2\/types\/page"}],"author":[{"embeddable":true,"href":"https:\/\/agora.xtec.cat\/ies-manuel-sales\/wp-json\/wp\/v2\/users\/1"}],"replies":[{"embeddable":true,"href":"https:\/\/agora.xtec.cat\/ies-manuel-sales\/wp-json\/wp\/v2\/comments?post=924"}],"version-history":[{"count":1,"href":"https:\/\/agora.xtec.cat\/ies-manuel-sales\/wp-json\/wp\/v2\/pages\/924\/revisions"}],"predecessor-version":[{"id":926,"href":"https:\/\/agora.xtec.cat\/ies-manuel-sales\/wp-json\/wp\/v2\/pages\/924\/revisions\/926"}],"up":[{"embeddable":true,"href":"https:\/\/agora.xtec.cat\/ies-manuel-sales\/wp-json\/wp\/v2\/pages\/431"}],"wp:attachment":[{"href":"https:\/\/agora.xtec.cat\/ies-manuel-sales\/wp-json\/wp\/v2\/media?parent=924"}],"curies":[{"name":"wp","href":"https:\/\/api.w.org\/{rel}","templated":true}]}}