{"id":917,"date":"2016-08-08T17:53:07","date_gmt":"2016-08-08T16:53:07","guid":{"rendered":"http:\/\/agora.xtec.cat\/ies-manuel-sales\/?page_id=917"},"modified":"2016-08-08T18:35:36","modified_gmt":"2016-08-08T17:35:36","slug":"premis-200708","status":"publish","type":"page","link":"https:\/\/agora.xtec.cat\/ies-manuel-sales\/serveis\/premis\/premis-200708\/","title":{"rendered":"PREMIS 2007\/08"},"content":{"rendered":"<table>\n<tbody>\n<tr>\n<td style=\"vertical-align: top;\"><img loading=\"lazy\" decoding=\"async\" class=\"alignleft size-thumbnail wp-image-432\" src=\"http:\/\/agora.xtec.cat\/ies-manuel-sales\/wp-content\/uploads\/usu728\/2015\/09\/medalla-120x150.gif\" alt=\"medalla\" width=\"120\" height=\"150\" \/><\/p>\n<h4 style=\"text-align: right;\"><span style=\"color: #800000;\"><strong>GALERIA DE GUARDONATS<\/strong><\/span><\/h4>\n<\/td>\n<td style=\"vertical-align: top;\" colspan=\"2\">\n<h4 style=\"text-align: right;\"><strong>Curs 2007\/08<\/strong><\/h4>\n<\/td>\n<\/tr>\n<tr>\n<td style=\"vertical-align: top;\" colspan=\"2\"><b><\/b><span style=\"color: #993300;\"><strong>JAEL GRAU CAMPOS, ACC\u00c8SSIT AL PREMI MESTALL <\/strong><\/span><\/p>\n<p style=\"text-align: justify;\">L&#8217;alumna <strong>Jael Grau Campos<\/strong>, amb el seu treball de recerca &#8220;Dona i tradici\u00f3 al tram mitj\u00e0 del riu de la S\u00e8nia&#8221;, va obtenir un acc\u00e8ssit en la VI convocat\u00f2ria del premi Mestall que convoca l&#8217;Associaci\u00f3 d&#8217;Hist\u00f2ria Rural de les Comarques Gironines dins l&#8217;\u00e0mbit de les ci\u00e8ncies socials.<\/p>\n<\/td>\n<td style=\"width: 350px; vertical-align: top;\"><img loading=\"lazy\" decoding=\"async\" class=\"aligncenter  wp-image-918\" src=\"http:\/\/agora.xtec.cat\/ies-manuel-sales\/wp-content\/uploads\/usu728\/2016\/08\/Premi-Mestall-Jael-Grau.jpg\" alt=\"Premi Mestall Jael Grau\" width=\"249\" height=\"298\" \/><\/td>\n<\/tr>\n<tr>\n<td style=\"vertical-align: top;\" colspan=\"2\"><span style=\"color: #993300;\"><strong>MARISA SANCHO, PREMIADA PEL SEU TREBALL DE RECERCA<\/strong> <\/span><\/p>\n<p style=\"text-align: justify;\">L&#8217;alumna, que va fer un treball de recerca sobre &#8220;Els peixos d&#8217;una peixateria&#8221;, ha estat guardonada amb un acc\u00e8ssit de la 3a. Edici\u00f3 del <strong>Premi N\u00daRIA PRADES<\/strong> que organitza l&#8217;IES Els Alfacs de Sant Carles de la R\u00e0pita.<\/p>\n<p style=\"text-align: justify;\">L&#8217;acte d&#8217;entrega de premis es va celebrar el dijous, 20 de novembre, amb la pres\u00e8ncia dels organitzadors i dels premiats aix\u00ed com dels seus familiars i de la representaci\u00f3 del nostre centre.<\/p>\n<\/td>\n<td style=\"text-align: center; vertical-align: top;\"><\/td>\n<\/tr>\n<tr>\n<td style=\"vertical-align: top;\" colspan=\"2\"><span style=\"color: #993300;\"><strong>PREMI DE LA URV PER AL TREBALL DE RECERCA D&#8217;ANGI BARBER\u00c0, C\u00c8SAR MARTINELL I LA CASA DE LA FELIGRESA<\/strong> <\/span><\/p>\n<p style=\"text-align: justify;\">L&#8217;alumna <strong>\u00c0ngels Barber\u00e0 Aparicio<\/strong> ha estat la guanyadora del Premi de Recerca de Batxillerat de la Facultat de Lletres per l&#8217;\u00e0mbit d&#8217;Hist\u00f2ria de l&#8217;Art pel seu treball: &#8220;C\u00e8sar Martinell i la casa de la Feligresa&#8221;.<\/p>\n<p style=\"text-align: justify;\">L&#8217;entrega dels diplomes acreditatius i dels premis es va celebrar el dia 5 de novembre de 2008. El premi consist\u00ed en material bibliogr\u00e0fic per al guanyador i per al centre.<\/p>\n<\/td>\n<td style=\"text-align: center; vertical-align: top;\"><img loading=\"lazy\" decoding=\"async\" class=\"aligncenter  wp-image-919\" src=\"http:\/\/agora.xtec.cat\/ies-manuel-sales\/wp-content\/uploads\/usu728\/2016\/08\/PremiURV.jpg\" alt=\"Premi URV Angi Barber\u00e0\" width=\"261\" height=\"176\" \/><\/td>\n<\/tr>\n<tr>\n<td style=\"vertical-align: top;\" colspan=\"2\"><span style=\"color: #993300;\"><strong>PREMI DE LA URV PER AL TREBALL DE RECERCA D&#8217;ANTONI MANEL MU\u00d1OZ<\/strong><\/span><\/p>\n<p style=\"text-align: justify;\">L&#8217;acte de lliurament de la primera edici\u00f3 dels <strong>Premis Campus Terres de l\u2019Ebre<\/strong> es va fer dijous, 19 de juny de 2008, a l\u2019Aula Magna de l\u2019edifici Bet\u00e0nia, a Tortosa. Les entitats patrocinadores eren Arrossaires del Delta de l&#8217;Ebre i la C\u00e0mara Arrossera del Montsi\u00e0.<\/p>\n<p style=\"text-align: justify;\">El tercer premi de la categoria que premia els treballs de recerca de batxillerat d\u2019Economia i Empresa, dotat amb 100 \u20ac, el va guanyar <strong>Antoni Manel Mu\u00f1oz Borr\u00e0s<\/strong>, pel treball &#8220;Empresa i immigraci\u00f3&#8221;. En aquest cas el jurat va destacar el dif\u00edcil i comprom\u00e8s treball de camp realitzat, el tractament posterior de les dades i les conclusions extretes.<\/p>\n<\/td>\n<td style=\"text-align: center; vertical-align: top;\"><img loading=\"lazy\" decoding=\"async\" class=\"aligncenter size-full wp-image-920\" src=\"http:\/\/agora.xtec.cat\/ies-manuel-sales\/wp-content\/uploads\/usu728\/2016\/08\/PremiURV_ToniManel.jpg\" alt=\"Premi Campus URV Toni Mu\u00f1oz\" width=\"215\" height=\"161\" srcset=\"https:\/\/agora.xtec.cat\/ies-manuel-sales\/wp-content\/uploads\/usu728\/2016\/08\/PremiURV_ToniManel.jpg 215w, https:\/\/agora.xtec.cat\/ies-manuel-sales\/wp-content\/uploads\/usu728\/2016\/08\/PremiURV_ToniManel-200x150.jpg 200w\" sizes=\"auto, (max-width: 215px) 100vw, 215px\" \/><\/td>\n<\/tr>\n<tr>\n<td style=\"vertical-align: top;\" colspan=\"2\"><span style=\"color: #993300;\"><strong>PREMIS RAMON CALVO PER A TREBALLS DE RECERCA<\/strong><\/span><\/p>\n<p style=\"text-align: justify;\">L&#8217;alumne <strong>Dami\u00e0 Bordes<\/strong> guany\u00e0 el 1r premi de la categoria cient\u00edfico-t\u00e8cnica dins la 6a. edici\u00f3 dels <strong>premis Ramon Calvo<\/strong> que organitzava l&#8217;IES Deltebre amb el seu treball de recerca sobre les plantes remeieres.<\/p>\n<p>En la categoria human\u00edstica, el treball de l&#8217;alumna <strong>\u00c0ngels Barber\u00e0<\/strong> sobre C\u00e8sar Martinell i la casa de la Feligresa s&#8217;emport\u00e0 el 2n premi.<\/p>\n<\/td>\n<td style=\"text-align: center; vertical-align: top;\"><img loading=\"lazy\" decoding=\"async\" class=\"aligncenter  wp-image-921\" src=\"http:\/\/agora.xtec.cat\/ies-manuel-sales\/wp-content\/uploads\/usu728\/2016\/08\/Ramon-Calvo-1.jpg\" alt=\"Premi Ramon Calvo Dami\u00e0 Bordes\" width=\"182\" height=\"200\" \/><img loading=\"lazy\" decoding=\"async\" class=\"aligncenter  wp-image-922\" src=\"http:\/\/agora.xtec.cat\/ies-manuel-sales\/wp-content\/uploads\/usu728\/2016\/08\/Ramon-Calvo-2-224x300.jpg\" alt=\"Premi Ramon Calvo Angi Barber\u00e0\" width=\"149\" height=\"199\" srcset=\"https:\/\/agora.xtec.cat\/ies-manuel-sales\/wp-content\/uploads\/usu728\/2016\/08\/Ramon-Calvo-2-224x300.jpg 224w, https:\/\/agora.xtec.cat\/ies-manuel-sales\/wp-content\/uploads\/usu728\/2016\/08\/Ramon-Calvo-2.jpg 240w\" sizes=\"auto, (max-width: 149px) 100vw, 149px\" \/><\/td>\n<\/tr>\n<\/tbody>\n<\/table>\n","protected":false},"excerpt":{"rendered":"<p>GALERIA DE GUARDONATS<\/p>\n<p>Curs 2007\/08<\/p>\n<p>JAEL GRAU CAMPOS, ACC\u00c8SSIT AL PREMI MESTALL<br \/>\nL&#8217;alumna Jael Grau Campos, amb el seu treball de recerca &#8220;Dona i tradici\u00f3 al tram mitj\u00e0 del riu de la S\u00e8nia&#8221;, va obtenir un acc\u00e8ssit en la VI convocat\u00f2ria del premi Mestall que convoca l&#8217;Associaci\u00f3&hellip;  <a href=\"https:\/\/agora.xtec.cat\/ies-manuel-sales\/serveis\/premis\/premis-200708\/\" title=\"Read PREMIS 2007\/08\">Llegeix m\u00e9s\u00bb<\/a><\/p>\n","protected":false},"author":1,"featured_media":0,"parent":431,"menu_order":80,"comment_status":"closed","ping_status":"closed","template":"page-templates\/side-menu.php","meta":{"_bbp_topic_count":0,"_bbp_reply_count":0,"_bbp_total_topic_count":0,"_bbp_total_reply_count":0,"_bbp_voice_count":0,"_bbp_anonymous_reply_count":0,"_bbp_topic_count_hidden":0,"_bbp_reply_count_hidden":0,"_bbp_forum_subforum_count":0,"footnotes":""},"class_list":["post-917","page","type-page","status-publish","hentry"],"post_mailing_queue_ids":[],"_links":{"self":[{"href":"https:\/\/agora.xtec.cat\/ies-manuel-sales\/wp-json\/wp\/v2\/pages\/917","targetHints":{"allow":["GET"]}}],"collection":[{"href":"https:\/\/agora.xtec.cat\/ies-manuel-sales\/wp-json\/wp\/v2\/pages"}],"about":[{"href":"https:\/\/agora.xtec.cat\/ies-manuel-sales\/wp-json\/wp\/v2\/types\/page"}],"author":[{"embeddable":true,"href":"https:\/\/agora.xtec.cat\/ies-manuel-sales\/wp-json\/wp\/v2\/users\/1"}],"replies":[{"embeddable":true,"href":"https:\/\/agora.xtec.cat\/ies-manuel-sales\/wp-json\/wp\/v2\/comments?post=917"}],"version-history":[{"count":1,"href":"https:\/\/agora.xtec.cat\/ies-manuel-sales\/wp-json\/wp\/v2\/pages\/917\/revisions"}],"predecessor-version":[{"id":923,"href":"https:\/\/agora.xtec.cat\/ies-manuel-sales\/wp-json\/wp\/v2\/pages\/917\/revisions\/923"}],"up":[{"embeddable":true,"href":"https:\/\/agora.xtec.cat\/ies-manuel-sales\/wp-json\/wp\/v2\/pages\/431"}],"wp:attachment":[{"href":"https:\/\/agora.xtec.cat\/ies-manuel-sales\/wp-json\/wp\/v2\/media?parent=917"}],"curies":[{"name":"wp","href":"https:\/\/api.w.org\/{rel}","templated":true}]}}