{"id":909,"date":"2016-08-08T17:27:36","date_gmt":"2016-08-08T16:27:36","guid":{"rendered":"http:\/\/agora.xtec.cat\/ies-manuel-sales\/?page_id=909"},"modified":"2016-08-08T17:28:50","modified_gmt":"2016-08-08T16:28:50","slug":"premis-200809","status":"publish","type":"page","link":"https:\/\/agora.xtec.cat\/ies-manuel-sales\/serveis\/premis\/premis-200809\/","title":{"rendered":"PREMIS 2008\/09"},"content":{"rendered":"<table>\n<tbody>\n<tr>\n<td style=\"vertical-align: top;\"><img loading=\"lazy\" decoding=\"async\" class=\"alignleft size-thumbnail wp-image-432\" src=\"http:\/\/agora.xtec.cat\/ies-manuel-sales\/wp-content\/uploads\/usu728\/2015\/09\/medalla-120x150.gif\" alt=\"medalla\" width=\"120\" height=\"150\" \/><\/p>\n<h4 style=\"text-align: right;\"><span style=\"color: #800000;\"><strong>GALERIA DE GUARDONATS<\/strong><\/span><\/h4>\n<\/td>\n<td style=\"vertical-align: top;\" colspan=\"2\">\n<h4 style=\"text-align: right;\"><strong>Curs 2008\/09<\/strong><\/h4>\n<\/td>\n<\/tr>\n<tr>\n<td style=\"vertical-align: top;\" colspan=\"2\"><span style=\"color: #993300;\"><strong>ENTREGA DEL PREMI CIRIT A NASSIRA EL HADRI<\/strong><\/span><\/p>\n<p style=\"text-align: justify;\">El dissabte, 12 de desembre de 2009, s&#8217;entregaren a Barcelona els premis CIRIT corresponents a l&#8217;edici\u00f3 del 2009. Sota la presid\u00e8ncia de l&#8217;Hble. Conseller d&#8217;Universitats, Josep Huguet, l&#8217;alumna del nostre centre <strong>Nassira el Hadri<\/strong> va rebre aquest prestigi\u00f3s guard\u00f3 pel seu treball &#8220;La literatura popular del nord del Marroc&#8221;, incrementant aix\u00ed la col\u00b7lecci\u00f3 de premis que Nassira ha anat recollint des del curs anterior. A l&#8217;acte varen assistir els seus pares, la tutora del treball Anna Forcadell i la directora de l&#8217;Institut, Ma. del Pilar Aparicio. Cal destacar que, en reconeixement a la qualitat del seu treball (ha estat entre els dos primers), Nassira tingu\u00e9 el privilegi de llegir durant l&#8217;acte un parlament en representaci\u00f3 de tots els alumnes premiats.<\/p>\n<\/td>\n<td style=\"width: 350px; vertical-align: top;\"><img loading=\"lazy\" decoding=\"async\" class=\"aligncenter size-medium wp-image-910\" src=\"http:\/\/agora.xtec.cat\/ies-manuel-sales\/wp-content\/uploads\/usu728\/2016\/08\/cirit01-300x121.jpg\" alt=\"Premi CIRIT Nassira\" width=\"300\" height=\"121\" srcset=\"https:\/\/agora.xtec.cat\/ies-manuel-sales\/wp-content\/uploads\/usu728\/2016\/08\/cirit01-300x121.jpg 300w, https:\/\/agora.xtec.cat\/ies-manuel-sales\/wp-content\/uploads\/usu728\/2016\/08\/cirit01.jpg 422w\" sizes=\"auto, (max-width: 300px) 100vw, 300px\" \/><\/td>\n<\/tr>\n<tr>\n<td style=\"vertical-align: top;\" colspan=\"2\"><span style=\"color: #993300;\"><strong>NASSIRA EL HADRI GUANYA EL PRIMER PREMI EN HUMANITATS DEL CONGR\u00c9S ESTATAL &#8220;J\u00d3VENES INVESTIGADORES&#8221;<\/strong><\/span><\/p>\n<p style=\"text-align: justify;\">Celebrat a M\u00e0laga entre el 28 de setembre i el 2 d&#8217;octubre, el <strong>Congr\u00e9s &#8220;J\u00f3venes Investigadores&#8221;<\/strong> organitzat pel Ministeri d&#8217;Igualtat, en la seva XXIIena edici\u00f3 ha comptat amb la participaci\u00f3 de l&#8217;alumna del nostre centre <strong>Nassira El Hadri,<\/strong> amb el seu treball de recerca &#8220;La literatura del Nord del Marroc&#8221;.El treball ha estat guardonat amb el primer premi de l&#8217;\u00e0rea d&#8217;Arts i Humanitats i ser\u00e0 una dels que representaran Espanya en el Certamen Europeu de Joves Investigadors a Lisboa.<\/p>\n<\/td>\n<td style=\"text-align: center; vertical-align: top;\"><img loading=\"lazy\" decoding=\"async\" class=\"aligncenter size-medium wp-image-904\" src=\"http:\/\/agora.xtec.cat\/ies-manuel-sales\/wp-content\/uploads\/usu728\/2016\/08\/INJUVE3-300x230.jpg\" alt=\"Nassira\" width=\"300\" height=\"230\" srcset=\"https:\/\/agora.xtec.cat\/ies-manuel-sales\/wp-content\/uploads\/usu728\/2016\/08\/INJUVE3-300x230.jpg 300w, https:\/\/agora.xtec.cat\/ies-manuel-sales\/wp-content\/uploads\/usu728\/2016\/08\/INJUVE3.jpg 418w\" sizes=\"auto, (max-width: 300px) 100vw, 300px\" \/><\/td>\n<\/tr>\n<tr>\n<td style=\"vertical-align: top;\" colspan=\"2\"><span style=\"color: #993300;\"><strong>PREMI MESTALL PER A MARTA ARNAU<\/strong> <\/span><\/p>\n<p style=\"text-align: justify;\"><strong>Marta Arnau Borr\u00e0s<\/strong> ha guanyat el primer premi de la 7a. Convocat\u00f2ria del Premi Mestall convocat per l&#8217;Associaci\u00f3 d&#8217;hist\u00f2ria rural de les comarques gironines amb el treball &#8220;La Setmana Santa a Ulldecona. El sentiment d&#8217;un poble&#8221;.<\/p>\n<\/td>\n<td style=\"text-align: center; vertical-align: top;\"><\/td>\n<\/tr>\n<tr>\n<td style=\"vertical-align: top;\" colspan=\"2\"><span style=\"color: #993300;\"><strong>PREMI PERE RAMON ROCA PER A NASSIRA EL HADRI<\/strong><\/span><\/p>\n<p style=\"text-align: justify;\"><strong>Nassira el Hadri<\/strong> segueix sumant premis al seu treball de recerca &#8220;La literatura popular del nord del Marroc&#8221;. Ha aconseguit el <strong>primer premi Pere Ramon i Roca<\/strong> de treballs de recerca que cada any convoca Contrapunt &#8211; UNESCO i la Fundaci\u00f3 Universit\u00e0ria Mart\u00ed l&#8217;Hum\u00e0.<\/p>\n<\/td>\n<td style=\"text-align: center; vertical-align: top;\"><\/td>\n<\/tr>\n<tr>\n<td style=\"vertical-align: top;\" colspan=\"2\">\n<p style=\"text-align: justify;\"><span style=\"color: #993300;\"><strong>PREMI ARG\u00d3 DE LA UAB PER A NASSIRA EL HADRI<\/strong><\/span><\/p>\n<p style=\"text-align: justify;\">La Universitat Aut\u00f2noma de Barcelona ha premiat l&#8217;alumna del nostre centre <strong>Nassira el Hadri<\/strong> pel treball de recerca \u201cLa literatura popular del Nord del Marroc\u201d, tutoritzat per Anna Forcadell, dins la VIena convocat\u00f2ria dels <strong>Premis Arg\u00f3<\/strong>. El lliurament de premis es va fer el dimarts, 16 de juny a la sala d&#8217;actes del rectorat.<\/p>\n<\/td>\n<td style=\"text-align: center; vertical-align: top;\"><img loading=\"lazy\" decoding=\"async\" class=\"aligncenter  wp-image-911\" src=\"http:\/\/agora.xtec.cat\/ies-manuel-sales\/wp-content\/uploads\/usu728\/2016\/08\/premiArgo09.jpg\" alt=\"Premi Arg\u00f3 Nassira\" width=\"301\" height=\"224\" \/><\/td>\n<\/tr>\n<tr>\n<td style=\"vertical-align: top;\" colspan=\"2\"><span style=\"color: #993300;\"><strong>PREMIS RAMON CALVO PER A TREBALLS DE RECERCA<\/strong><\/span><\/p>\n<p style=\"text-align: justify;\">En la modalitat cient\u00edfico-t\u00e8cnica el guanyador va estar <strong>Pau Tena Vidal<\/strong> amb el treball de recerca Climatitzaci\u00f3 ecol\u00f2gica d\u2019una piscina. En la branca d\u2019humanitats la guanyadora va estar una alumna de l\u2019IES Deltebre, Neus Bertomeu Fumad\u00f3, amb el treball El TDAH i els nens. El treball All\u00f2 que el temps s\u2019endugu\u00e9. Oficis que s\u2019han perdut de <strong>Maria Fuentes \u00c1vila<\/strong> va rebre un premi com a finalista.<\/p>\n<\/td>\n<td style=\"text-align: center; vertical-align: top;\">\u00a0<img loading=\"lazy\" decoding=\"async\" class=\"aligncenter size-medium wp-image-912\" src=\"http:\/\/agora.xtec.cat\/ies-manuel-sales\/wp-content\/uploads\/usu728\/2016\/08\/RAMONCALVO2009-300x180.jpg\" alt=\"Premi Ramon Calvo Pau Tena\" width=\"300\" height=\"180\" srcset=\"https:\/\/agora.xtec.cat\/ies-manuel-sales\/wp-content\/uploads\/usu728\/2016\/08\/RAMONCALVO2009-300x181.jpg 300w, https:\/\/agora.xtec.cat\/ies-manuel-sales\/wp-content\/uploads\/usu728\/2016\/08\/RAMONCALVO2009.jpg 302w\" sizes=\"auto, (max-width: 300px) 100vw, 300px\" \/><\/td>\n<\/tr>\n<\/tbody>\n<\/table>\n","protected":false},"excerpt":{"rendered":"<p>GALERIA DE GUARDONATS<\/p>\n<p>Curs 2008\/09<\/p>\n<p>ENTREGA DEL PREMI CIRIT A NASSIRA EL HADRI<br \/>\nEl dissabte, 12 de desembre de 2009, s&#8217;entregaren a Barcelona els premis CIRIT corresponents a l&#8217;edici\u00f3 del 2009. Sota la presid\u00e8ncia de l&#8217;Hble. Conseller d&#8217;Universitats, Josep Huguet, l&#8217;alumna del nostre centre Nassira el Hadri va&hellip;  <a href=\"https:\/\/agora.xtec.cat\/ies-manuel-sales\/serveis\/premis\/premis-200809\/\" title=\"Read PREMIS 2008\/09\">Llegeix m\u00e9s\u00bb<\/a><\/p>\n","protected":false},"author":1,"featured_media":0,"parent":431,"menu_order":70,"comment_status":"closed","ping_status":"closed","template":"page-templates\/side-menu.php","meta":{"_bbp_topic_count":0,"_bbp_reply_count":0,"_bbp_total_topic_count":0,"_bbp_total_reply_count":0,"_bbp_voice_count":0,"_bbp_anonymous_reply_count":0,"_bbp_topic_count_hidden":0,"_bbp_reply_count_hidden":0,"_bbp_forum_subforum_count":0,"footnotes":""},"class_list":["post-909","page","type-page","status-publish","hentry"],"post_mailing_queue_ids":[],"_links":{"self":[{"href":"https:\/\/agora.xtec.cat\/ies-manuel-sales\/wp-json\/wp\/v2\/pages\/909","targetHints":{"allow":["GET"]}}],"collection":[{"href":"https:\/\/agora.xtec.cat\/ies-manuel-sales\/wp-json\/wp\/v2\/pages"}],"about":[{"href":"https:\/\/agora.xtec.cat\/ies-manuel-sales\/wp-json\/wp\/v2\/types\/page"}],"author":[{"embeddable":true,"href":"https:\/\/agora.xtec.cat\/ies-manuel-sales\/wp-json\/wp\/v2\/users\/1"}],"replies":[{"embeddable":true,"href":"https:\/\/agora.xtec.cat\/ies-manuel-sales\/wp-json\/wp\/v2\/comments?post=909"}],"version-history":[{"count":1,"href":"https:\/\/agora.xtec.cat\/ies-manuel-sales\/wp-json\/wp\/v2\/pages\/909\/revisions"}],"predecessor-version":[{"id":913,"href":"https:\/\/agora.xtec.cat\/ies-manuel-sales\/wp-json\/wp\/v2\/pages\/909\/revisions\/913"}],"up":[{"embeddable":true,"href":"https:\/\/agora.xtec.cat\/ies-manuel-sales\/wp-json\/wp\/v2\/pages\/431"}],"wp:attachment":[{"href":"https:\/\/agora.xtec.cat\/ies-manuel-sales\/wp-json\/wp\/v2\/media?parent=909"}],"curies":[{"name":"wp","href":"https:\/\/api.w.org\/{rel}","templated":true}]}}