{"id":901,"date":"2016-08-03T17:49:28","date_gmt":"2016-08-03T16:49:28","guid":{"rendered":"http:\/\/agora.xtec.cat\/ies-manuel-sales\/?page_id=901"},"modified":"2016-08-08T17:34:53","modified_gmt":"2016-08-08T16:34:53","slug":"premis-200910","status":"publish","type":"page","link":"https:\/\/agora.xtec.cat\/ies-manuel-sales\/serveis\/premis\/premis-200910\/","title":{"rendered":"PREMIS 2009\/10"},"content":{"rendered":"<table>\n<tbody>\n<tr>\n<td style=\"vertical-align: top;\"><img loading=\"lazy\" decoding=\"async\" class=\"alignleft size-thumbnail wp-image-432\" src=\"http:\/\/agora.xtec.cat\/ies-manuel-sales\/wp-content\/uploads\/usu728\/2015\/09\/medalla-120x150.gif\" alt=\"medalla\" width=\"120\" height=\"150\" \/><\/p>\n<h4 style=\"text-align: right;\"><span style=\"color: #800000;\"><strong>GALERIA DE GUARDONATS<\/strong><\/span><\/h4>\n<\/td>\n<td style=\"vertical-align: top;\" colspan=\"2\">\n<h4 style=\"text-align: right;\"><strong>Curs 2009\/10<\/strong><\/h4>\n<\/td>\n<\/tr>\n<tr>\n<td style=\"vertical-align: top;\" colspan=\"2\"><span style=\"color: #993300;\"><strong>PREMI CIRIT A UN PROJECTE DE RECERCA D&#8217;ESO<\/strong><\/span><\/p>\n<p>En la convocat\u00f2ria 2010 dels <strong>Premis de Recerca Jove (CIRIT)<\/strong> va resultar premiat el projecte de recerca de 4t d&#8217;ESO &#8220;Els bolets de Catalunya&#8221; elaborat pels alumnes <strong>Imane Djemmah Lamraoui, N\u00faria Querol Balagu\u00e9, Maria Obiol Roig i Abdelkamal Jalloul.<\/strong><\/td>\n<td style=\"width: 350px; vertical-align: top;\"><img loading=\"lazy\" decoding=\"async\" class=\"aligncenter size-full wp-image-902\" src=\"http:\/\/agora.xtec.cat\/ies-manuel-sales\/wp-content\/uploads\/usu728\/2016\/08\/Cirit01.jpg\" alt=\"Premi CIRIT 2010\" width=\"400\" height=\"299\" srcset=\"https:\/\/agora.xtec.cat\/ies-manuel-sales\/wp-content\/uploads\/usu728\/2016\/08\/Cirit01.jpg 400w, https:\/\/agora.xtec.cat\/ies-manuel-sales\/wp-content\/uploads\/usu728\/2016\/08\/Cirit01-300x224.jpg 300w, https:\/\/agora.xtec.cat\/ies-manuel-sales\/wp-content\/uploads\/usu728\/2016\/08\/Cirit01-200x150.jpg 200w\" sizes=\"auto, (max-width: 400px) 100vw, 400px\" \/><\/td>\n<\/tr>\n<tr>\n<td style=\"vertical-align: top;\" colspan=\"2\"><span style=\"color: #993300;\"><strong>IMPORTANT DIFUSI\u00d3 DEL TREBALL DE GUILLEM TENA <\/strong><\/span><\/p>\n<p style=\"text-align: justify;\" align=\"justify\">L&#8217;ex-alumne <strong>Guillem Tena Vidal<\/strong> va publicar el llibre del seu treball de recerca que porta per t\u00edtol Petjades d\u2019una guerra. 1936-2009. Juan Isidro Borr\u00e0s, un adolescent en la guerra civil espanyola: la seua vida, la nostra hist\u00f2ria.<\/p>\n<p style=\"text-align: justify;\">El treball de Guillem ha rebut els premis seg\u00fcents:<br \/>\n\u2022 Primer premi als treballs de recerca de batxillerat de la Universitat Ramon Llull.<br \/>\n\u2022 Segon premi Arg\u00f3 de la Universitat Aut\u00f2noma de Barcelona.<br \/>\n\u2022 Segon premi de treballs de recerca de turisme de la Fundaci\u00f3 Gaspar Espunya- CETT.Tamb\u00e9 va rebre el reconeixement de la Universitat de Barcelona on publicaren el treball en la seua biblioteca digital, i de la Universitat de Val\u00e8ncia, on tamb\u00e9 exposaren el treball (llibre i mem\u00f2ria) a la Biblioteca de l\u2019Arxiu Hist\u00f2ric.<\/p>\n<\/td>\n<td style=\"text-align: center; vertical-align: top;\"><img loading=\"lazy\" decoding=\"async\" class=\"aligncenter wp-image-903\" src=\"http:\/\/agora.xtec.cat\/ies-manuel-sales\/wp-content\/uploads\/usu728\/2016\/08\/GuillemTena01.jpg\" alt=\"Guillem Tena\" width=\"306\" height=\"204\" \/><\/td>\n<\/tr>\n<tr>\n<td style=\"vertical-align: top;\" colspan=\"2\"><span style=\"color: #993300;\"><strong>CONCURS EUROPEU DE JOVES INVESTIGADORS<\/strong><\/span><\/p>\n<p style=\"text-align: justify;\">Entre els dies 24 i 29 de setembre se celebr\u00e0 a Lisboa la 22ena. edici\u00f3 del <strong>European Union Contest for Young Scientists (EUCYS)<\/strong>. Aquest concurs europeu reuneix amb car\u00e0cter anual joves de molts pa\u00efsos d&#8217;arreu del m\u00f3n que han estat seleccionats per l&#8217;excel\u00b7l\u00e8ncia dels seus treballs de recerca. En aquesta edici\u00f3 hi participaren 88 projectes. L&#8217;alumna del nostre centre <strong>Nassira El Hadri El Yousfi<\/strong> va ser la representant de tot l&#8217;Estat Espanyol en l&#8217;apartat d&#8217;Humanitats amb el treball de recerca &#8220;La literatura popular del nord del Marroc&#8221;. Va ser seleccionada durant el congr\u00e9s nacional celebrat a M\u00e0laga l&#8217;any 2009. A Lisboa va competir en la seva secci\u00f3 amb 2 treballs m\u00e9s: un hongar\u00e8s i un altre d&#8217;Israel.<\/p>\n<p style=\"text-align: justify;\">Nassira va ser acompanyada per una representaci\u00f3 de l&#8217;Institut i va rebre el recolzament de l&#8217;Ajuntament d&#8217;Ulldecona i el Departament d&#8217;Educaci\u00f3, aix\u00ed com d&#8217;altres entitats p\u00fabliques i privades com La Caixa.Coincidint amb aix\u00f2, el diumenge, 19 de setembre, es va publicar un reportatge sobre el seu treball al Magazine de La Vanguardia on es recollien les experi\u00e8ncies de diversos &#8220;Joves Extraordinaris&#8221;. El concurs va finalitzar sense haver aconseguit la recompensa d&#8217;un premi, per\u00f2, tal com va dir la presidenta del jurat en la cerim\u00f2nia d&#8217;entrega de premis, Mrs. Hagit Messer-Yaron, tots els participants es podien considerar afortunats i guanyadors perqu\u00e8 s\u00f3n els premiats de cada pa\u00eds participant. Esperem que hi hagi m\u00e9s sort en properes edicions.<\/p>\n<\/td>\n<td style=\"text-align: center; vertical-align: top;\">\n<p><figure class=\"figure wp-caption aligncenter\"><img loading=\"lazy\" decoding=\"async\" class=\" wp-image-914\" src=\"http:\/\/agora.xtec.cat\/ies-manuel-sales\/wp-content\/uploads\/usu728\/2016\/08\/DSC03878-257x300.jpg\" alt=\"EUCYS Lisboa Nassira\" width=\"300\" height=\"350\" srcset=\"https:\/\/agora.xtec.cat\/ies-manuel-sales\/wp-content\/uploads\/usu728\/2016\/08\/DSC03878-257x300.jpg 257w, https:\/\/agora.xtec.cat\/ies-manuel-sales\/wp-content\/uploads\/usu728\/2016\/08\/DSC03878.jpg 677w\" sizes=\"auto, (max-width: 300px) 100vw, 300px\" \/><figcaption class=\"wp-caption-text\">Els 3 representants espanyols<\/figcaption><\/figure><\/td>\n<\/tr>\n<tr>\n<td style=\"vertical-align: top;\" colspan=\"2\"><span style=\"color: #993300;\"><strong>ENTREGA DELS PREMIS THE FONIX<\/strong><\/span><\/p>\n<p style=\"text-align: justify;\">El divendres, 28 de maig de 2010, s&#8217;entregaren a Barcelona els premis <strong>The Fonix 2010<\/strong>, concurs d&#8217;angl\u00e8s en el que participen alumnes des de 5\u00e8 de prim\u00e0ria fins a 2n de Batxillerat. En l&#8217;edici\u00f3 d&#8217;aquest any l&#8217;alumne del centre <strong>Alex Gis<\/strong> va quedar 4t del nivell de 3r d&#8217;ESO i va ser guardonat amb un curs extensiu a dist\u00e0ncia d&#8217;angl\u00e8s.A l&#8217;acte varen assistir les professores Merc\u00e8 Izquierdo i Eva Ruiz en representaci\u00f3 del centre acompanyant l&#8217;alumne i els seus pares. L&#8217;acte va comptar amb la intervenci\u00f3 del conegut periodista Marius Serra.<\/p>\n<\/td>\n<td style=\"text-align: center; vertical-align: top;\"><img loading=\"lazy\" decoding=\"async\" class=\"aligncenter size-full wp-image-905\" src=\"http:\/\/agora.xtec.cat\/ies-manuel-sales\/wp-content\/uploads\/usu728\/2016\/08\/fonix01.jpg\" alt=\"Premi Fonix\" width=\"389\" height=\"257\" srcset=\"https:\/\/agora.xtec.cat\/ies-manuel-sales\/wp-content\/uploads\/usu728\/2016\/08\/fonix01.jpg 389w, https:\/\/agora.xtec.cat\/ies-manuel-sales\/wp-content\/uploads\/usu728\/2016\/08\/fonix01-300x198.jpg 300w\" sizes=\"auto, (max-width: 389px) 100vw, 389px\" \/><\/td>\n<\/tr>\n<tr>\n<td style=\"vertical-align: top;\" colspan=\"2\"><span style=\"color: #993300;\"><strong>PREMI RAMON LLULL PER A GUILLEM TENA<\/strong><\/span><\/p>\n<p style=\"text-align: justify;\">La 9a. edici\u00f3 dels <strong>Premis Ramon Llull<\/strong> a Treballs de Recerca de Batxillerat es va cloure amb l&#8217;acte d&#8217;entrega de premis que va tenir lloc el dimecres 26 de maig de 2010 a ESADEFORUM de Barcelona, el qual va comptar amb la participaci\u00f3 de <strong>Guillem Tena Vidal<\/strong> que guany\u00e0 el 1r premi de la secci\u00f3 d&#8217;Humanitats i Ci\u00e8ncies Socials pel seu treball de recerca &#8220;Petjades d&#8217;una guerra&#8221;, escollit d&#8217;entre 95 aspirants. A l&#8217;acte tamb\u00e9 hi va assistir la seva tutora, Dolors Vidal.<\/p>\n<\/td>\n<td style=\"text-align: center; vertical-align: top;\"><img loading=\"lazy\" decoding=\"async\" class=\"aligncenter size-full wp-image-906\" src=\"http:\/\/agora.xtec.cat\/ies-manuel-sales\/wp-content\/uploads\/usu728\/2016\/08\/Premi-Ramon-Llull-Guillem-Tena.jpg\" alt=\"Guillem Tena\" width=\"350\" height=\"233\" srcset=\"https:\/\/agora.xtec.cat\/ies-manuel-sales\/wp-content\/uploads\/usu728\/2016\/08\/Premi-Ramon-Llull-Guillem-Tena.jpg 350w, https:\/\/agora.xtec.cat\/ies-manuel-sales\/wp-content\/uploads\/usu728\/2016\/08\/Premi-Ramon-Llull-Guillem-Tena-300x200.jpg 300w\" sizes=\"auto, (max-width: 350px) 100vw, 350px\" \/><\/td>\n<\/tr>\n<tr>\n<td style=\"vertical-align: top;\" colspan=\"2\"><span style=\"color: #993300;\"><strong>ENTREGA DEL PREMI CETT A PAU TENA VIDAL<\/strong><\/span><\/p>\n<p style=\"text-align: justify;\">El dia 23 d\u2019octubre de 2009 se celebr\u00e0 l\u2019Acte Inaugural del Curs Acad\u00e8mic 2009\/2010 del CETT en el marc del qual es lliuraren els <strong>Premis de la Fundaci\u00f3 Gaspar Espu\u00f1a -CETT<\/strong>, que fomenten el desenvolupament de la investigaci\u00f3, el coneixement del turisme i de l\u2019hoteleria i la formaci\u00f3 dels estudiants.<\/p>\n<p style=\"text-align: justify;\">En la III Edici\u00f3 dels premis als millors treballs de recerca en turisme de batxitllerat, el treball \u201cCLIMATITZACI\u00d3 ECOL\u00d2GICA D\u2019UNA PISCINA\u201d, realitzat per <strong>Pau Tena Vidal<\/strong> de IES Manuel Sales i Ferr\u00e9 d\u2019Ulldecona va rebre el 2n Premi, en el qual el Jurat va valorar el rigor cient\u00edfic del projecte. El premi reconeix tant l\u2019autor com el suport del professor-tutor i del centre de formaci\u00f3 de Batxillerat.<\/p>\n<\/td>\n<td style=\"text-align: center; vertical-align: top;\"><img loading=\"lazy\" decoding=\"async\" class=\"aligncenter size-full wp-image-907\" src=\"http:\/\/agora.xtec.cat\/ies-manuel-sales\/wp-content\/uploads\/usu728\/2016\/08\/PauTena_PremiTurisme.jpg\" alt=\"Pau Tena\" width=\"425\" height=\"281\" srcset=\"https:\/\/agora.xtec.cat\/ies-manuel-sales\/wp-content\/uploads\/usu728\/2016\/08\/PauTena_PremiTurisme.jpg 425w, https:\/\/agora.xtec.cat\/ies-manuel-sales\/wp-content\/uploads\/usu728\/2016\/08\/PauTena_PremiTurisme-300x198.jpg 300w\" sizes=\"auto, (max-width: 425px) 100vw, 425px\" \/><\/td>\n<\/tr>\n<\/tbody>\n<\/table>\n","protected":false},"excerpt":{"rendered":"<p>GALERIA DE GUARDONATS<\/p>\n<p>Curs 2009\/10<\/p>\n<p>PREMI CIRIT A UN PROJECTE DE RECERCA D&#8217;ESO<br \/>\nEn la convocat\u00f2ria 2010 dels Premis de Recerca Jove (CIRIT) va resultar premiat el projecte de recerca de 4t d&#8217;ESO &#8220;Els bolets de Catalunya&#8221; elaborat pels alumnes Imane Djemmah Lamraoui, N\u00faria Querol Balagu\u00e9, Maria Obiol&hellip;  <a href=\"https:\/\/agora.xtec.cat\/ies-manuel-sales\/serveis\/premis\/premis-200910\/\" title=\"Read PREMIS 2009\/10\">Llegeix m\u00e9s\u00bb<\/a><\/p>\n","protected":false},"author":1,"featured_media":0,"parent":431,"menu_order":60,"comment_status":"closed","ping_status":"closed","template":"page-templates\/side-menu.php","meta":{"_bbp_topic_count":0,"_bbp_reply_count":0,"_bbp_total_topic_count":0,"_bbp_total_reply_count":0,"_bbp_voice_count":0,"_bbp_anonymous_reply_count":0,"_bbp_topic_count_hidden":0,"_bbp_reply_count_hidden":0,"_bbp_forum_subforum_count":0,"footnotes":""},"class_list":["post-901","page","type-page","status-publish","hentry"],"post_mailing_queue_ids":[],"_links":{"self":[{"href":"https:\/\/agora.xtec.cat\/ies-manuel-sales\/wp-json\/wp\/v2\/pages\/901","targetHints":{"allow":["GET"]}}],"collection":[{"href":"https:\/\/agora.xtec.cat\/ies-manuel-sales\/wp-json\/wp\/v2\/pages"}],"about":[{"href":"https:\/\/agora.xtec.cat\/ies-manuel-sales\/wp-json\/wp\/v2\/types\/page"}],"author":[{"embeddable":true,"href":"https:\/\/agora.xtec.cat\/ies-manuel-sales\/wp-json\/wp\/v2\/users\/1"}],"replies":[{"embeddable":true,"href":"https:\/\/agora.xtec.cat\/ies-manuel-sales\/wp-json\/wp\/v2\/comments?post=901"}],"version-history":[{"count":3,"href":"https:\/\/agora.xtec.cat\/ies-manuel-sales\/wp-json\/wp\/v2\/pages\/901\/revisions"}],"predecessor-version":[{"id":916,"href":"https:\/\/agora.xtec.cat\/ies-manuel-sales\/wp-json\/wp\/v2\/pages\/901\/revisions\/916"}],"up":[{"embeddable":true,"href":"https:\/\/agora.xtec.cat\/ies-manuel-sales\/wp-json\/wp\/v2\/pages\/431"}],"wp:attachment":[{"href":"https:\/\/agora.xtec.cat\/ies-manuel-sales\/wp-json\/wp\/v2\/media?parent=901"}],"curies":[{"name":"wp","href":"https:\/\/api.w.org\/{rel}","templated":true}]}}