{"id":898,"date":"2016-08-03T17:29:18","date_gmt":"2016-08-03T16:29:18","guid":{"rendered":"http:\/\/agora.xtec.cat\/ies-manuel-sales\/?page_id=898"},"modified":"2016-08-03T17:29:18","modified_gmt":"2016-08-03T16:29:18","slug":"premis-201011","status":"publish","type":"page","link":"https:\/\/agora.xtec.cat\/ies-manuel-sales\/serveis\/premis\/premis-201011\/","title":{"rendered":"PREMIS 2010\/11"},"content":{"rendered":"<table>\n<tbody>\n<tr>\n<td style=\"vertical-align: top;\"><img loading=\"lazy\" decoding=\"async\" class=\"alignleft size-thumbnail wp-image-432\" src=\"http:\/\/agora.xtec.cat\/ies-manuel-sales\/wp-content\/uploads\/usu728\/2015\/09\/medalla-120x150.gif\" alt=\"medalla\" width=\"120\" height=\"150\" \/><\/p>\n<h4 style=\"text-align: right;\"><span style=\"color: #800000;\"><strong>GALERIA DE GUARDONATS<\/strong><\/span><\/h4>\n<\/td>\n<td style=\"vertical-align: top;\" colspan=\"2\">\n<h4 style=\"text-align: right;\"><strong>Curs 2010\/11<\/strong><\/h4>\n<\/td>\n<\/tr>\n<tr>\n<td style=\"vertical-align: top;\" colspan=\"2\"><span style=\"color: #993300;\"><strong>MENCI\u00d3 ESPECIAL DE LA UPF AL TREBALL DE RECERCA DE CRISTINA FUENTES \u00c0VILA<\/strong><\/span><\/p>\n<p style=\"text-align: justify;\" align=\"justify\">La <strong>Universitat Pompeu Fabra<\/strong> va atorgar una de les dues mencions especials del <strong>III Premi UPF- Linguam\u00f3n<\/strong> al millor treball de recerca de batxillerat en l&#8217;\u00e0mbit de les lleng\u00fces i el llenguatge 2011 a la nostra alumna <strong>Cristina Fuentes \u00c0vila<\/strong> pel seu treball &#8220;La dona a la paremiologia: una aproximaci\u00f3&#8221;.<\/p>\n<p style=\"text-align: justify;\" align=\"justify\">L&#8217;acte d&#8217;entrega de premis es va fer el dissabte, 14 de maig de 2011, a Barcelona.<\/p>\n<\/td>\n<td style=\"width: 350px; vertical-align: top;\"><img loading=\"lazy\" decoding=\"async\" class=\"aligncenter size-full wp-image-899\" src=\"http:\/\/agora.xtec.cat\/ies-manuel-sales\/wp-content\/uploads\/usu728\/2016\/08\/concurs_traduccio_Maria-Fuentes.jpg\" alt=\"Premi Cristina Fuentes\" width=\"299\" height=\"400\" srcset=\"https:\/\/agora.xtec.cat\/ies-manuel-sales\/wp-content\/uploads\/usu728\/2016\/08\/concurs_traduccio_Maria-Fuentes.jpg 299w, https:\/\/agora.xtec.cat\/ies-manuel-sales\/wp-content\/uploads\/usu728\/2016\/08\/concurs_traduccio_Maria-Fuentes-224x300.jpg 224w\" sizes=\"auto, (max-width: 299px) 100vw, 299px\" \/><\/td>\n<\/tr>\n<tr>\n<td style=\"vertical-align: top;\" colspan=\"2\"><span style=\"color: #993300;\"><strong>MENCI\u00d3 HONOR\u00cdFICA DEL PREMI CANGUR A JOSEP CASTELL <\/strong><\/span><\/p>\n<p style=\"text-align: justify;\">En l&#8217;edici\u00f3 de les proves <strong>Cangur de Matem\u00e0tiques<\/strong> del curs 2010\/11 es va concedir un premi del 2n nivell del concurs de matem\u00e0tiques CANGUR (4t ESO) consistent en una menci\u00f3 honor\u00edfica al nostre alumne <strong>Josep Castell Queralt<\/strong> per haver quedat dins de l&#8217;1% de les millors puntuacions de tot Catalunya i Andorra, amb una puntuaci\u00f3 de 108,75.<\/p>\n<\/td>\n<td style=\"text-align: center; vertical-align: top;\"><\/td>\n<\/tr>\n<\/tbody>\n<\/table>\n","protected":false},"excerpt":{"rendered":"<p>GALERIA DE GUARDONATS<\/p>\n<p>Curs 2010\/11<\/p>\n<p>MENCI\u00d3 ESPECIAL DE LA UPF AL TREBALL DE RECERCA DE CRISTINA FUENTES \u00c0VILA<br \/>\nLa Universitat Pompeu Fabra va atorgar una de les dues mencions especials del III Premi UPF- Linguam\u00f3n al millor treball de recerca de batxillerat en l&#8217;\u00e0mbit de les lleng\u00fces i&hellip;  <a href=\"https:\/\/agora.xtec.cat\/ies-manuel-sales\/serveis\/premis\/premis-201011\/\" title=\"Read PREMIS 2010\/11\">Llegeix m\u00e9s\u00bb<\/a><\/p>\n","protected":false},"author":1,"featured_media":0,"parent":431,"menu_order":50,"comment_status":"closed","ping_status":"closed","template":"page-templates\/side-menu.php","meta":{"_bbp_topic_count":0,"_bbp_reply_count":0,"_bbp_total_topic_count":0,"_bbp_total_reply_count":0,"_bbp_voice_count":0,"_bbp_anonymous_reply_count":0,"_bbp_topic_count_hidden":0,"_bbp_reply_count_hidden":0,"_bbp_forum_subforum_count":0,"footnotes":""},"class_list":["post-898","page","type-page","status-publish","hentry"],"post_mailing_queue_ids":[],"_links":{"self":[{"href":"https:\/\/agora.xtec.cat\/ies-manuel-sales\/wp-json\/wp\/v2\/pages\/898","targetHints":{"allow":["GET"]}}],"collection":[{"href":"https:\/\/agora.xtec.cat\/ies-manuel-sales\/wp-json\/wp\/v2\/pages"}],"about":[{"href":"https:\/\/agora.xtec.cat\/ies-manuel-sales\/wp-json\/wp\/v2\/types\/page"}],"author":[{"embeddable":true,"href":"https:\/\/agora.xtec.cat\/ies-manuel-sales\/wp-json\/wp\/v2\/users\/1"}],"replies":[{"embeddable":true,"href":"https:\/\/agora.xtec.cat\/ies-manuel-sales\/wp-json\/wp\/v2\/comments?post=898"}],"version-history":[{"count":1,"href":"https:\/\/agora.xtec.cat\/ies-manuel-sales\/wp-json\/wp\/v2\/pages\/898\/revisions"}],"predecessor-version":[{"id":900,"href":"https:\/\/agora.xtec.cat\/ies-manuel-sales\/wp-json\/wp\/v2\/pages\/898\/revisions\/900"}],"up":[{"embeddable":true,"href":"https:\/\/agora.xtec.cat\/ies-manuel-sales\/wp-json\/wp\/v2\/pages\/431"}],"wp:attachment":[{"href":"https:\/\/agora.xtec.cat\/ies-manuel-sales\/wp-json\/wp\/v2\/media?parent=898"}],"curies":[{"name":"wp","href":"https:\/\/api.w.org\/{rel}","templated":true}]}}