{"id":893,"date":"2016-08-03T17:21:40","date_gmt":"2016-08-03T16:21:40","guid":{"rendered":"http:\/\/agora.xtec.cat\/ies-manuel-sales\/?page_id=893"},"modified":"2016-08-03T17:21:40","modified_gmt":"2016-08-03T16:21:40","slug":"premis-201112","status":"publish","type":"page","link":"https:\/\/agora.xtec.cat\/ies-manuel-sales\/serveis\/premis\/premis-201112\/","title":{"rendered":"PREMIS 2011\/12"},"content":{"rendered":"<table>\n<tbody>\n<tr>\n<td style=\"vertical-align: top;\"><img loading=\"lazy\" decoding=\"async\" class=\"alignleft size-thumbnail wp-image-432\" src=\"http:\/\/agora.xtec.cat\/ies-manuel-sales\/wp-content\/uploads\/usu728\/2015\/09\/medalla-120x150.gif\" alt=\"medalla\" width=\"120\" height=\"150\" \/><\/p>\n<h4 style=\"text-align: right;\"><span style=\"color: #800000;\"><strong>GALERIA DE GUARDONATS<\/strong><\/span><\/h4>\n<\/td>\n<td style=\"vertical-align: top;\" colspan=\"2\">\n<h4 style=\"text-align: right;\"><strong>Curs 2011\/12<\/strong><\/h4>\n<\/td>\n<\/tr>\n<tr>\n<td style=\"vertical-align: top;\" colspan=\"2\"><span style=\"color: #993300;\"><strong>DISTINCI\u00d3 DE LES PAU A ALBA SAUCH LABERNIA<br \/>\n<\/strong><\/span><\/p>\n<p style=\"text-align: justify;\">Distinci\u00f3 de les <strong>PAU<\/strong> (Proves d&#8217;acc\u00e9s a la Universitat) a l&#8217;alumna <strong>Alba Sauch Labernia<\/strong> per haver obtingut una qualificaci\u00f3 superior a 9 en la fase general. La cerim\u00f2nia d&#8217;entrega de guardons es va fer el dia 25 de juliol a L&#8217;Auditori de Barcelona.<\/p>\n<\/td>\n<td style=\"width: 350px; vertical-align: top;\"><img loading=\"lazy\" decoding=\"async\" class=\"aligncenter size-full wp-image-894\" src=\"http:\/\/agora.xtec.cat\/ies-manuel-sales\/wp-content\/uploads\/usu728\/2016\/08\/Mencio-PAU-Alba-Sauch-01.jpg\" alt=\"Menci\u00f3 PAU\" width=\"400\" height=\"265\" srcset=\"https:\/\/agora.xtec.cat\/ies-manuel-sales\/wp-content\/uploads\/usu728\/2016\/08\/Mencio-PAU-Alba-Sauch-01.jpg 400w, https:\/\/agora.xtec.cat\/ies-manuel-sales\/wp-content\/uploads\/usu728\/2016\/08\/Mencio-PAU-Alba-Sauch-01-300x199.jpg 300w\" sizes=\"auto, (max-width: 400px) 100vw, 400px\" \/><\/td>\n<\/tr>\n<tr>\n<td style=\"vertical-align: top;\" colspan=\"2\"><span style=\"color: #993300;\"><strong>PREMI ARG\u00d3 A N\u00daRIA QUEROL BALAGU\u00c9<br \/>\n<\/strong><\/span><\/p>\n<p style=\"text-align: justify;\"><strong>Menci\u00f3 honor\u00edfica<\/strong> a treballs de l&#8217;\u00e0mbit art\u00edstic del <strong><a href=\"http:\/\/ice2.uab.cat\/argo\/Premi_argo\/frame.php\" target=\"_blank\">9\u00e8 premi Arg\u00f3<\/a><\/strong> de la Universitat Aut\u00f2noma de Barcelona a l&#8217;alumna <strong>N\u00faria Querol Balagu\u00e9<\/strong> pel seu treball de recerca &#8220;Projecte Balagu\u00e9&#8221;.<\/p>\n<\/td>\n<td style=\"text-align: center; vertical-align: top;\"><\/td>\n<\/tr>\n<tr>\n<td style=\"vertical-align: top;\" colspan=\"2\"><span style=\"color: #993300;\"><strong>CONCURS X(P)RIMENTA 2012<br \/>\n<\/strong><\/span><\/p>\n<p style=\"text-align: justify;\"><strong>Menci\u00f3 del concurs X(p)rimenta 2012<\/strong> de la Fundaci\u00f3 Instituci\u00f3 Catalana de Suport a la Recerca al v\u00eddeo &#8220;La caiguda m\u00e9s lenta&#8221; elaborat pels alumnes <strong>Marilena Budan, Georgiana Caldarariu, Paula Gil Callarisa, Pep Roig Fust\u00e9 i Pau Sorl\u00ed Santamaria<\/strong> amb la professora <strong>Amada Rodr\u00edguez Llorente.<\/strong><\/p>\n<\/td>\n<td style=\"vertical-align: top;\">\u00a0<img loading=\"lazy\" decoding=\"async\" class=\"aligncenter size-full wp-image-896\" src=\"http:\/\/agora.xtec.cat\/ies-manuel-sales\/wp-content\/uploads\/usu728\/2016\/08\/Premi_video_ciencia_1.jpg\" alt=\"Premi V\u00eddeo i Ci\u00e8ncia\" width=\"400\" height=\"299\" srcset=\"https:\/\/agora.xtec.cat\/ies-manuel-sales\/wp-content\/uploads\/usu728\/2016\/08\/Premi_video_ciencia_1.jpg 400w, https:\/\/agora.xtec.cat\/ies-manuel-sales\/wp-content\/uploads\/usu728\/2016\/08\/Premi_video_ciencia_1-300x224.jpg 300w, https:\/\/agora.xtec.cat\/ies-manuel-sales\/wp-content\/uploads\/usu728\/2016\/08\/Premi_video_ciencia_1-200x150.jpg 200w\" sizes=\"auto, (max-width: 400px) 100vw, 400px\" \/><\/td>\n<\/tr>\n<tr>\n<td style=\"vertical-align: top;\" colspan=\"2\"><span style=\"color: #993300;\"><strong>PREMI URV PER AIDA FERR\u00c9 TOM\u00c0S<\/strong> <\/span><\/p>\n<p style=\"text-align: justify;\"><strong>3r premi de la Universitat Rovira i Virgili<\/strong> a l&#8217;alumna <strong>Aida Ferr\u00e9 Tom\u00e0s<\/strong> pel seu treball de recerca &#8220;TDAH, un problema de tots&#8221;.<\/p>\n<\/td>\n<td style=\"vertical-align: top;\"><\/td>\n<\/tr>\n<tr>\n<td style=\"vertical-align: top;\" colspan=\"2\"><span style=\"color: #993300;\"><strong>PREMI IDECE PER A J\u00daLIA TENA VIDAL<br \/>\n<\/strong><\/span><\/p>\n<p style=\"text-align: justify;\"><strong>2n premi<\/strong> del <strong><a href=\"http:\/\/www.idece.cat\/premi-idece-fomentar-projeccio-terres-lebre-p46d151.htm\" target=\"_blank\">I Premi IDECE<\/a> <\/strong>per a fomentar la projecci\u00f3 de les Terres de l&#8217;Ebre al treball de recerca de <strong>J\u00falia Tena Vidal<\/strong> &#8220;Un mar d&#8217;oliveres. Les oliveres i el CO<sub><sup>2<\/sup><\/sub>&#8220;.<\/p>\n<\/td>\n<td style=\"vertical-align: top;\">\n<p style=\"text-align: center;\"><strong><img loading=\"lazy\" decoding=\"async\" class=\"aligncenter size-full wp-image-895\" src=\"http:\/\/agora.xtec.cat\/ies-manuel-sales\/wp-content\/uploads\/usu728\/2016\/08\/premi_julia_tena.jpg\" alt=\"Premi IDECE\" width=\"400\" height=\"298\" srcset=\"https:\/\/agora.xtec.cat\/ies-manuel-sales\/wp-content\/uploads\/usu728\/2016\/08\/premi_julia_tena.jpg 400w, https:\/\/agora.xtec.cat\/ies-manuel-sales\/wp-content\/uploads\/usu728\/2016\/08\/premi_julia_tena-300x224.jpg 300w, https:\/\/agora.xtec.cat\/ies-manuel-sales\/wp-content\/uploads\/usu728\/2016\/08\/premi_julia_tena-200x150.jpg 200w\" sizes=\"auto, (max-width: 400px) 100vw, 400px\" \/><\/strong><\/p>\n<\/td>\n<\/tr>\n<\/tbody>\n<\/table>\n","protected":false},"excerpt":{"rendered":"<p>GALERIA DE GUARDONATS<\/p>\n<p>Curs 2011\/12<\/p>\n<p>DISTINCI\u00d3 DE LES PAU A ALBA SAUCH LABERNIA<\/p>\n<p>Distinci\u00f3 de les PAU (Proves d&#8217;acc\u00e9s a la Universitat) a l&#8217;alumna Alba Sauch Labernia per haver obtingut una qualificaci\u00f3 superior a 9 en la fase general. La cerim\u00f2nia d&#8217;entrega de guardons es va fer el&hellip;  <a href=\"https:\/\/agora.xtec.cat\/ies-manuel-sales\/serveis\/premis\/premis-201112\/\" title=\"Read PREMIS 2011\/12\">Llegeix m\u00e9s\u00bb<\/a><\/p>\n","protected":false},"author":1,"featured_media":0,"parent":431,"menu_order":40,"comment_status":"closed","ping_status":"closed","template":"page-templates\/side-menu.php","meta":{"_bbp_topic_count":0,"_bbp_reply_count":0,"_bbp_total_topic_count":0,"_bbp_total_reply_count":0,"_bbp_voice_count":0,"_bbp_anonymous_reply_count":0,"_bbp_topic_count_hidden":0,"_bbp_reply_count_hidden":0,"_bbp_forum_subforum_count":0,"footnotes":""},"class_list":["post-893","page","type-page","status-publish","hentry"],"post_mailing_queue_ids":[],"_links":{"self":[{"href":"https:\/\/agora.xtec.cat\/ies-manuel-sales\/wp-json\/wp\/v2\/pages\/893","targetHints":{"allow":["GET"]}}],"collection":[{"href":"https:\/\/agora.xtec.cat\/ies-manuel-sales\/wp-json\/wp\/v2\/pages"}],"about":[{"href":"https:\/\/agora.xtec.cat\/ies-manuel-sales\/wp-json\/wp\/v2\/types\/page"}],"author":[{"embeddable":true,"href":"https:\/\/agora.xtec.cat\/ies-manuel-sales\/wp-json\/wp\/v2\/users\/1"}],"replies":[{"embeddable":true,"href":"https:\/\/agora.xtec.cat\/ies-manuel-sales\/wp-json\/wp\/v2\/comments?post=893"}],"version-history":[{"count":1,"href":"https:\/\/agora.xtec.cat\/ies-manuel-sales\/wp-json\/wp\/v2\/pages\/893\/revisions"}],"predecessor-version":[{"id":897,"href":"https:\/\/agora.xtec.cat\/ies-manuel-sales\/wp-json\/wp\/v2\/pages\/893\/revisions\/897"}],"up":[{"embeddable":true,"href":"https:\/\/agora.xtec.cat\/ies-manuel-sales\/wp-json\/wp\/v2\/pages\/431"}],"wp:attachment":[{"href":"https:\/\/agora.xtec.cat\/ies-manuel-sales\/wp-json\/wp\/v2\/media?parent=893"}],"curies":[{"name":"wp","href":"https:\/\/api.w.org\/{rel}","templated":true}]}}