{"id":870,"date":"2016-08-02T13:06:37","date_gmt":"2016-08-02T12:06:37","guid":{"rendered":"http:\/\/agora.xtec.cat\/ies-manuel-sales\/?page_id=870"},"modified":"2016-08-02T16:25:05","modified_gmt":"2016-08-02T15:25:05","slug":"40-aniversari","status":"publish","type":"page","link":"https:\/\/agora.xtec.cat\/ies-manuel-sales\/linstitut\/historia\/40-aniversari\/","title":{"rendered":"40 ANIVERSARI"},"content":{"rendered":"<table>\n<tbody>\n<tr>\n<td style=\"background-color: #f7e092;\">\n<h3 style=\"text-align: center;\"><span style=\"color: #993300;\"><strong>&#8230;UN AHIR PER UN DEM\u00c0&#8230;<\/strong><\/span><\/h3>\n<\/td>\n<td style=\"width: 200px;\"><img loading=\"lazy\" decoding=\"async\" class=\"alignleft wp-image-292\" src=\"http:\/\/agora.xtec.cat\/ies-manuel-sales\/wp-content\/uploads\/usu728\/2014\/09\/logo40MColor.jpg\" alt=\"40 Aniversari\" width=\"200\" height=\"132\" \/><\/td>\n<\/tr>\n<tr>\n<td><b><\/b><span style=\"color: #808000;\"><strong>ACTE DE CLAUSURA DEL 40 ANIVERSARI &#8211; 16\/10\/2009<\/strong><\/span><\/p>\n<p style=\"text-align: justify;\">El divendres, <strong>16 d&#8217;octubre,<\/strong> a les 20:30h, es va clausurar l&#8217;any del 40 aniversari del nostre institut. La sala d&#8217;actes &#8220;Jos\u00e9 C\u00f3rdoba&#8221; es va omplir per escoltar les intervencions de tots els <strong>alcaldes d&#8217;Ulldecona<\/strong> durant aquestos 40 anys, especialment convidats per a l&#8217;ocasi\u00f3. Tamb\u00e9 es va poder escoltar un petit concert a c\u00e0rrec de la <strong>Banda de M\u00fasica d&#8217;Ulldecona<\/strong>. El professor i antic director <strong>Jos\u00e9 C\u00f3rdoba<\/strong> va parlar en nom dels docents i ens va fer reflexionar sobre el m\u00f3n de l&#8217;educaci\u00f3. Tothom va coincidir en la important tasca realitzada durant aquests 40 anys en benefici dels alumnes i d&#8217;Ulldecona.<\/p>\n<p style=\"text-align: justify;\"><img loading=\"lazy\" decoding=\"async\" class=\"aligncenter wp-image-871\" src=\"http:\/\/agora.xtec.cat\/ies-manuel-sales\/wp-content\/uploads\/usu728\/2016\/08\/Clausura40.jpg\" alt=\"Clausura40\" width=\"500\" height=\"226\" srcset=\"https:\/\/agora.xtec.cat\/ies-manuel-sales\/wp-content\/uploads\/usu728\/2016\/08\/Clausura40.jpg 413w, https:\/\/agora.xtec.cat\/ies-manuel-sales\/wp-content\/uploads\/usu728\/2016\/08\/Clausura40-300x136.jpg 300w\" sizes=\"auto, (max-width: 500px) 100vw, 500px\" \/><\/p>\n<\/td>\n<td><\/td>\n<\/tr>\n<tr>\n<td><span style=\"color: #808000;\"><strong>FESTA D&#8217;ANIVERSARI &#8211; 25\/04\/2009<\/strong><\/span><\/p>\n<p style=\"text-align: justify;\">Dissabte, <strong>25 d&#8217;abril de 2009<\/strong>, es va celebrar una gran Festa d&#8217;aniversari adre\u00e7ada a tots els alumnes i exalumnes, professors i exprofessors i personal no docent, per tal de commemorar els 40 anys de l&#8217;institut.<\/p>\n<p style=\"text-align: justify;\"><strong>Programa:<\/strong><\/p>\n<p style=\"text-align: justify;\"><strong>18:00 h.<\/strong> : Recepci\u00f3 de convidats i acreditacions. Visita de portes obertes de les instal\u00b7lacions del centre. Es podien veure diverses exposicions de treballs de l&#8217;alumnat. Al vest\u00edbul principal: Exposici\u00f3 &#8220;Una literatura pr\u00f2pia, dones escriptores&#8221;.<\/p>\n<p style=\"text-align: justify;\"><strong>19:30 h.<\/strong> : Actuaci\u00f3 dels Grallers d&#8217;Ulldecona.<\/p>\n<p style=\"text-align: justify;\"><strong>21:00 h.<\/strong> : Sopar-c\u00f2ctel d&#8217;aniversari, al gimn\u00e0s, a c\u00e0rrec del restaurant &#8220;L&#8217;antic mol\u00ed&#8221;.<\/p>\n<p style=\"text-align: justify;\"><strong>23:00 h.<\/strong> : ROCK SALES NIGHT FEVER. Nit de concerts a la pista d&#8217;esports de l&#8217;IES. Amb les actuacions de PEPET I MARIETA, CULS CULTS, QUART MINVANT, TIPO GOS, HOSTAL ALCANAR, KEMANDO A LO BONZO i LA FAM\u00cdLIA X.<\/p>\n<p style=\"text-align: justify;\"><strong>24:00 h.<\/strong> : SESSI\u00d3 DISCO &#8220;SALES NIGHT FEVER&#8221; a la Sala &#8220;Jos\u00e9 C\u00f3rdoba&#8221; de l&#8217;IES.<\/p>\n<\/td>\n<td style=\"vertical-align: top;\"><img loading=\"lazy\" decoding=\"async\" class=\"aligncenter wp-image-872\" src=\"http:\/\/agora.xtec.cat\/ies-manuel-sales\/wp-content\/uploads\/usu728\/2016\/08\/Pastis.jpg\" alt=\"Pastis\" width=\"200\" height=\"265\" \/><\/td>\n<\/tr>\n<tr>\n<td><b><\/b><span style=\"color: #808000;\"><strong>ACTE DE PRESENTACI\u00d3 &#8211; DIA DE SANT LLUC &#8211; 18\/10\/2008<\/strong><\/span><\/p>\n<p style=\"text-align: justify;\">El dissabte, <strong>18 d&#8217;octubre de 2008<\/strong>, s&#8217;han complit els 40 anys de la inauguraci\u00f3 del nostre centre. A la sala de plens de l&#8217;Ajuntament d&#8217;Ulldecona es va fer, a les 20:30 hores, un acte de presentaci\u00f3 de totes les activitats planificades per tal de commemorar com cal aquesta important efem\u00e8ride. Durant l&#8217;acte, obert al p\u00fablic en general, es va presentar el logotip de l&#8217;aniversari, dissenyat a traves d&#8217;un concurs en el qual ha participat tota la comunitat educativa del centre.<\/p>\n<p style=\"text-align: justify;\"><img loading=\"lazy\" decoding=\"async\" class=\"aligncenter size-full wp-image-873\" src=\"http:\/\/agora.xtec.cat\/ies-manuel-sales\/wp-content\/uploads\/usu728\/2016\/08\/40anys009-1968-Inauguraci\u00f3.jpg\" alt=\"40anys009-1968 Inauguraci\u00f3\" width=\"604\" height=\"428\" srcset=\"https:\/\/agora.xtec.cat\/ies-manuel-sales\/wp-content\/uploads\/usu728\/2016\/08\/40anys009-1968-Inauguraci\u00f3.jpg 604w, https:\/\/agora.xtec.cat\/ies-manuel-sales\/wp-content\/uploads\/usu728\/2016\/08\/40anys009-1968-Inauguraci\u00f3-300x213.jpg 300w\" sizes=\"auto, (max-width: 604px) 100vw, 604px\" \/><\/p>\n<\/td>\n<td><\/td>\n<\/tr>\n<tr>\n<td style=\"vertical-align: top;\"><span style=\"color: #808000;\"><strong>RECULL D&#8217;IMATGES PER AL RECORD<\/strong><\/span><\/p>\n<p>Visiteu el nostre <strong><a href=\"https:\/\/www.facebook.com\/groups\/48564404373\/?ref=bookmarks\" target=\"_blank\">grup de Facebook<\/a><\/strong> on s&#8217;hi recullen imatges i records d&#8217;alumnes i exalumnes.<\/td>\n<td><a href=\"https:\/\/www.facebook.com\/groups\/48564404373\/?ref=bookmarks\"><img loading=\"lazy\" decoding=\"async\" class=\"aligncenter size-thumbnail wp-image-874\" src=\"http:\/\/agora.xtec.cat\/ies-manuel-sales\/wp-content\/uploads\/usu728\/2016\/08\/facebook-logo-150x150.png\" alt=\"facebook-logo\" width=\"150\" height=\"150\" srcset=\"https:\/\/agora.xtec.cat\/ies-manuel-sales\/wp-content\/uploads\/usu728\/2016\/08\/facebook-logo-150x150.png 150w, https:\/\/agora.xtec.cat\/ies-manuel-sales\/wp-content\/uploads\/usu728\/2016\/08\/facebook-logo-300x300.png 300w, https:\/\/agora.xtec.cat\/ies-manuel-sales\/wp-content\/uploads\/usu728\/2016\/08\/facebook-logo.png 311w\" sizes=\"auto, (max-width: 150px) 100vw, 150px\" \/><\/a><\/td>\n<\/tr>\n<\/tbody>\n<\/table>\n","protected":false},"excerpt":{"rendered":"<p>&#8230;UN AHIR PER UN DEM\u00c0&#8230;<\/p>\n<p>ACTE DE CLAUSURA DEL 40 ANIVERSARI &#8211; 16\/10\/2009<br \/>\nEl divendres, 16 d&#8217;octubre, a les 20:30h, es va clausurar l&#8217;any del 40 aniversari del nostre institut. La sala d&#8217;actes &#8220;Jos\u00e9 C\u00f3rdoba&#8221; es va omplir per escoltar les intervencions de tots els alcaldes d&#8217;Ulldecona&hellip;  <a href=\"https:\/\/agora.xtec.cat\/ies-manuel-sales\/linstitut\/historia\/40-aniversari\/\" title=\"Read 40 ANIVERSARI\">Llegeix m\u00e9s\u00bb<\/a><\/p>\n","protected":false},"author":1,"featured_media":0,"parent":27,"menu_order":1,"comment_status":"closed","ping_status":"closed","template":"page-templates\/side-menu.php","meta":{"_bbp_topic_count":0,"_bbp_reply_count":0,"_bbp_total_topic_count":0,"_bbp_total_reply_count":0,"_bbp_voice_count":0,"_bbp_anonymous_reply_count":0,"_bbp_topic_count_hidden":0,"_bbp_reply_count_hidden":0,"_bbp_forum_subforum_count":0,"footnotes":""},"class_list":["post-870","page","type-page","status-publish","hentry"],"post_mailing_queue_ids":[],"_links":{"self":[{"href":"https:\/\/agora.xtec.cat\/ies-manuel-sales\/wp-json\/wp\/v2\/pages\/870","targetHints":{"allow":["GET"]}}],"collection":[{"href":"https:\/\/agora.xtec.cat\/ies-manuel-sales\/wp-json\/wp\/v2\/pages"}],"about":[{"href":"https:\/\/agora.xtec.cat\/ies-manuel-sales\/wp-json\/wp\/v2\/types\/page"}],"author":[{"embeddable":true,"href":"https:\/\/agora.xtec.cat\/ies-manuel-sales\/wp-json\/wp\/v2\/users\/1"}],"replies":[{"embeddable":true,"href":"https:\/\/agora.xtec.cat\/ies-manuel-sales\/wp-json\/wp\/v2\/comments?post=870"}],"version-history":[{"count":3,"href":"https:\/\/agora.xtec.cat\/ies-manuel-sales\/wp-json\/wp\/v2\/pages\/870\/revisions"}],"predecessor-version":[{"id":877,"href":"https:\/\/agora.xtec.cat\/ies-manuel-sales\/wp-json\/wp\/v2\/pages\/870\/revisions\/877"}],"up":[{"embeddable":true,"href":"https:\/\/agora.xtec.cat\/ies-manuel-sales\/wp-json\/wp\/v2\/pages\/27"}],"wp:attachment":[{"href":"https:\/\/agora.xtec.cat\/ies-manuel-sales\/wp-json\/wp\/v2\/media?parent=870"}],"curies":[{"name":"wp","href":"https:\/\/api.w.org\/{rel}","templated":true}]}}