{"id":81,"date":"2014-09-18T10:38:05","date_gmt":"2014-09-18T09:38:05","guid":{"rendered":"http:\/\/agora.xtec.cat\/ies-manuel-sales\/?page_id=81"},"modified":"2024-01-18T19:51:59","modified_gmt":"2024-01-18T18:51:59","slug":"secretaria","status":"publish","type":"page","link":"https:\/\/agora.xtec.cat\/ies-manuel-sales\/secretaria\/","title":{"rendered":"SECRETARIA"},"content":{"rendered":"<table>\n<tbody>\n<tr>\n<td style=\"vertical-align: top;\">Des d&#8217;aquesta secci\u00f3 es pot accedir a diverses opcions de gesti\u00f3 acad\u00e8mica-administrativa relacionades amb l&#8217;escolaritzaci\u00f3 al centre. Clicant a les opcions de l&#8217;esquerra podeu informar-vos d&#8217;algun dels aspectes seg\u00fcents:<span style=\"font-family: Verdana,Arial,Helvetica,sans-serif; font-size: xx-small;\"><br \/>\n<\/span><\/p>\n<ul>\n<li><strong>Beques<\/strong>: informaci\u00f3 sobre les convocat\u00f2ries de beques i ajuts disponibles, gesti\u00f3 dels cobraments i altres.<\/li>\n<li><strong>T\u00edtols<\/strong>: consulteu si teniu disponible el vostre t\u00edtol d&#8217;ESO o Batxillerat.<\/li>\n<li><strong>Historial<\/strong>: consulteu aqu\u00ed quan podeu recollir el vostre historial acad\u00e8mic en acabar els estudis.<\/li>\n<li><strong>Documents<\/strong>: models de documents d&#8217;utilitat per a realitzar diversos tr\u00e0mits.<\/li>\n<li><strong>Preinscripci\u00f3 i matr\u00edcula:<\/strong> Tr\u00e0mits per dur a terme el proc\u00e9s de reserva de pla\u00e7a i matriculaci\u00f3 al centre.<\/li>\n<\/ul>\n<\/td>\n<td style=\"width: 250px; vertical-align: top;\"><img loading=\"lazy\" decoding=\"async\" class=\"wp-image-488 size-full alignright\" src=\"http:\/\/agora.xtec.cat\/ies-manuel-sales\/wp-content\/uploads\/usu728\/2014\/09\/secretaria.jpg\" alt=\"secretaria\" width=\"207\" height=\"237\" \/><\/td>\n<\/tr>\n<tr>\n<td style=\"background-color: #d9abf5; vertical-align: top;\">\n<h4>HORARI D&#8217;ATENCI\u00d3 AL P\u00daBLIC DE SECRETARIA<\/h4>\n<p>De dilluns a divendres, la nostra administrativa, <strong>Lorena Casals<\/strong>, us atendr\u00e0,<\/p>\n<ul>\n<li>de <strong>9:00 a 15:00<\/strong> h<span style=\"font-family: Verdana,Arial,Helvetica,sans-serif; font-size: xx-small;\"><br \/>\n<\/span><\/li>\n<\/ul>\n<\/td>\n<td style=\"vertical-align: top;\"><img loading=\"lazy\" decoding=\"async\" class=\"wp-image-489 alignright\" src=\"http:\/\/agora.xtec.cat\/ies-manuel-sales\/wp-content\/uploads\/usu728\/2014\/09\/hora.jpg\" alt=\"hora\" width=\"150\" height=\"224\" \/><\/td>\n<\/tr>\n<tr>\n<td style=\"background-color: #e4cef2; vertical-align: top;\">\n<h4><strong>VOLEU FER UNA PETICI\u00d3 ?<\/strong><\/h4>\n<h4><iframe loading=\"lazy\" src=\"https:\/\/docs.google.com\/forms\/d\/e\/1FAIpQLSc2ox26NnElZJRtYOBF8coktDfNyrRqp8qCBAGR98QveEmW4g\/viewform?embedded=true\" width=\"640\" height=\"1129\" frameborder=\"0\">S&#8217;est\u00e0 carregant\u2026<\/iframe><\/h4>\n<h4><\/h4>\n<\/td>\n<td style=\"vertical-align: top;\"><\/td>\n<\/tr>\n<tr>\n<td style=\"vertical-align: top;\">\n<h4>AGENDA DE SECRETARIA<\/h4>\n<p><iframe loading=\"lazy\" src=\"https:\/\/www.google.com\/calendar\/embed?title=AGENDA%20DE%20SECRETARIA&amp;showTitle=0&amp;showNav=0&amp;showTabs=0&amp;showCalendars=0&amp;showTz=0&amp;mode=AGENDA&amp;height=400&amp;wkst=2&amp;hl=ca&amp;bgcolor=%23FFFFFF&amp;src=jhrkcv4b31jr497ak2tss77ofo%40group.calendar.google.com&amp;color=%23875509&amp;ctz=Europe%2FMadrid\" width=\"500\" height=\"400\" frameborder=\"0\"><\/iframe><\/td>\n<td style=\"vertical-align: top;\"><\/td>\n<\/tr>\n<\/tbody>\n<\/table>\n","protected":false},"excerpt":{"rendered":"<p>Des d&#8217;aquesta secci\u00f3 es pot accedir a diverses opcions de gesti\u00f3 acad\u00e8mica-administrativa relacionades amb l&#8217;escolaritzaci\u00f3 al centre. Clicant a les opcions de l&#8217;esquerra podeu informar-vos d&#8217;algun dels aspectes seg\u00fcents:<\/p>\n<ul>\n<li>Beques: informaci\u00f3 sobre les convocat\u00f2ries de beques i ajuts disponibles, gesti\u00f3 dels cobraments i altres.<\/li>\n<li>T\u00edtols: consulteu si&hellip;  <a href=\"https:\/\/agora.xtec.cat\/ies-manuel-sales\/secretaria\/\" title=\"Read SECRETARIA\">Llegeix m\u00e9s\u00bb<\/a><br \/>\n","protected":false},"author":1,"featured_media":0,"parent":0,"menu_order":5,"comment_status":"closed","ping_status":"closed","template":"page-templates\/side-menu.php","meta":{"_bbp_topic_count":0,"_bbp_reply_count":0,"_bbp_total_topic_count":0,"_bbp_total_reply_count":0,"_bbp_voice_count":0,"_bbp_anonymous_reply_count":0,"_bbp_topic_count_hidden":0,"_bbp_reply_count_hidden":0,"_bbp_forum_subforum_count":0,"footnotes":""},"class_list":["post-81","page","type-page","status-publish","hentry"],"post_mailing_queue_ids":[],"_links":{"self":[{"href":"https:\/\/agora.xtec.cat\/ies-manuel-sales\/wp-json\/wp\/v2\/pages\/81","targetHints":{"allow":["GET"]}}],"collection":[{"href":"https:\/\/agora.xtec.cat\/ies-manuel-sales\/wp-json\/wp\/v2\/pages"}],"about":[{"href":"https:\/\/agora.xtec.cat\/ies-manuel-sales\/wp-json\/wp\/v2\/types\/page"}],"author":[{"embeddable":true,"href":"https:\/\/agora.xtec.cat\/ies-manuel-sales\/wp-json\/wp\/v2\/users\/1"}],"replies":[{"embeddable":true,"href":"https:\/\/agora.xtec.cat\/ies-manuel-sales\/wp-json\/wp\/v2\/comments?post=81"}],"version-history":[{"count":6,"href":"https:\/\/agora.xtec.cat\/ies-manuel-sales\/wp-json\/wp\/v2\/pages\/81\/revisions"}],"predecessor-version":[{"id":5752,"href":"https:\/\/agora.xtec.cat\/ies-manuel-sales\/wp-json\/wp\/v2\/pages\/81\/revisions\/5752"}],"wp:attachment":[{"href":"https:\/\/agora.xtec.cat\/ies-manuel-sales\/wp-json\/wp\/v2\/media?parent=81"}],"curies":[{"name":"wp","href":"https:\/\/api.w.org\/{rel}","templated":true}]}}