{"id":773,"date":"2016-05-28T23:36:57","date_gmt":"2016-05-28T21:36:57","guid":{"rendered":"http:\/\/agora.xtec.cat\/ies-manuel-sales\/?page_id=773"},"modified":"2023-10-06T13:30:27","modified_gmt":"2023-10-06T11:30:27","slug":"documents","status":"publish","type":"page","link":"https:\/\/agora.xtec.cat\/ies-manuel-sales\/secretaria\/documents\/","title":{"rendered":"DOCUMENTS"},"content":{"rendered":"<table>\n<tbody>\n<tr>\n<td>Models de <strong>documents <\/strong>que podeu emprar per realitzar diversos tr\u00e0mits amb el nostre centre.<\/p>\n<p><span style=\"color: #ff6600;\"><strong>COMUNICACI\u00d3 I AUTORITZACIONS<\/strong><\/span><\/p>\n<ul>\n<li><a href=\"https:\/\/drive.google.com\/file\/d\/0B0ll1BILB5K4VTl5TGN2MHYzZ0E\/view?usp=sharing&amp;resourcekey=0-Yx107jNzIaTBpRPuhIgwtg\" target=\"_blank\" rel=\"noopener noreferrer\">Justificant de falta d&#8217;assist\u00e8ncia a classe (alumnat)<\/a><\/li>\n<li><a href=\"https:\/\/drive.google.com\/file\/d\/0B0ll1BILB5K4QUtfN1J0eTY4MjA\/view?usp=sharing\" target=\"_blank\" rel=\"noopener noreferrer\">Inst\u00e0ncia gen\u00e8rica<\/a>.<\/li>\n<li><a href=\"https:\/\/drive.google.com\/file\/d\/0B0ll1BILB5K4anJLWkpYRUJZTTg\/view?usp=sharing\" target=\"_blank\" rel=\"noopener noreferrer\">Full de comunicaci\u00f3 de les fam\u00edlies amb el centre<\/a><\/li>\n<li><a href=\"https:\/\/drive.google.com\/file\/d\/0B0ll1BILB5K4Vk1hRnVIWjJydU0\/view?usp=sharing\">Comunicaci\u00f3 de vaga (Consell de Delegats)<\/a><\/li>\n<li><a href=\"https:\/\/drive.google.com\/file\/d\/15VSaee1nkZRRvf8fI7ArZ8xmj_DdxN7Y\/view?usp=sharing\" target=\"_blank\" rel=\"noopener\">Autoritzaci\u00f3 de lliurament d&#8217;un certificat<\/a><\/li>\n<\/ul>\n<p><span style=\"color: #008000;\"><strong>GESTI\u00d3 DE T\u00cdTOLS<\/strong><\/span><\/p>\n<ul>\n<li><a href=\"https:\/\/drive.google.com\/open?id=0B0ll1BILB5K4NmxGLU56YnhDb3M\" target=\"_blank\" rel=\"noopener noreferrer\">Autoritzaci\u00f3 a tercers pel lliurament del t\u00edtol acad\u00e8mic.<\/a><\/li>\n<li><a href=\"https:\/\/drive.google.com\/open?id=0B0ll1BILB5K4Yk03WkpXUS1VZUk\" target=\"_blank\" rel=\"noopener noreferrer\">Sol\u00b7licitud de lliurament de t\u00edtol sense resguard<\/a>.<\/li>\n<\/ul>\n<p><span style=\"color: #0000ff;\"><strong>BAIXES I TRASLLATS<\/strong><\/span><\/p>\n<ul>\n<li><a href=\"https:\/\/drive.google.com\/file\/d\/0B0ll1BILB5K4aS1MSFRhYTNRZ0U\/view?usp=sharing\" target=\"_blank\" rel=\"noopener noreferrer\">Sol\u00b7licitud d&#8217;abandonament dels estudis d&#8217;ESO.<\/a><\/li>\n<li><a href=\"https:\/\/drive.google.com\/file\/d\/0B0ll1BILB5K4ZXVGNFU1M2lNX2s\/view?usp=sharing\" target=\"_blank\" rel=\"noopener noreferrer\">Sol\u00b7licitud de baixa acad\u00e8mica de Batxillerat.<\/a><\/li>\n<li><a href=\"https:\/\/drive.google.com\/file\/d\/0B0ll1BILB5K4U0RicFNhSnhYRzQ\/view?usp=sharing\" target=\"_blank\" rel=\"noopener noreferrer\">Sol\u00b7licitud de baixa acad\u00e8mica del Cicle Formatiu.<\/a><\/li>\n<li><a href=\"https:\/\/drive.google.com\/file\/d\/1Yq7MCWb36H9Us712FvjsNItnxl2eq89e\/view?usp=sharing\">Sol\u00b7licitud de baixa acad\u00e8mica del PFI<\/a>.<\/li>\n<li><a href=\"https:\/\/drive.google.com\/file\/d\/0B0ll1BILB5K4UTBMRHdrLUpmOXc\/view?usp=sharing\" target=\"_blank\" rel=\"noopener noreferrer\">Sol\u00b7licitud de trasllat de centre d&#8217;alumnes d&#8217;ESO.<\/a><\/li>\n<\/ul>\n<p><span style=\"color: #339966;\"><strong>PROVES<\/strong><\/span><\/p>\n<ul>\n<li><a href=\"https:\/\/drive.google.com\/file\/d\/0B0ll1BILB5K4YXR6S0pmZGR2bms\/view?usp=sharing\" target=\"_blank\" rel=\"noopener noreferrer\">Sol\u00b7licitud per realitzar proves lliures per obtenir el t\u00edtol d&#8217;ESO.<\/a><\/li>\n<\/ul>\n<\/td>\n<td style=\"width: 200px; vertical-align: top;\"><img loading=\"lazy\" decoding=\"async\" class=\"alignright wp-image-774\" src=\"http:\/\/agora.xtec.cat\/ies-manuel-sales\/wp-content\/uploads\/usu728\/2016\/05\/documents.jpg\" alt=\"Documents\" width=\"170\" height=\"151\" \/><\/td>\n<\/tr>\n<tr>\n<td><em>Tots els documents estan en format &#8220;pdf&#8221;. Si no teniu el programa Adobe Acrobat Reader, us el podeu descarregar al seg\u00fcent <a href=\"https:\/\/get.adobe.com\/es\/reader\/\" target=\"_blank\" rel=\"noopener noreferrer\">enlla\u00e7<\/a>.<\/em><\/td>\n<td><\/td>\n<\/tr>\n<\/tbody>\n<\/table>\n<p>&nbsp;<\/p>\n","protected":false},"excerpt":{"rendered":"<p>Models de documents que podeu emprar per realitzar diversos tr\u00e0mits amb el nostre centre.<br \/>\nCOMUNICACI\u00d3 I AUTORITZACIONS<\/p>\n<ul>\n<li><a href=\"https:\/\/drive.google.com\/file\/d\/0B0ll1BILB5K4VTl5TGN2MHYzZ0E\/view?usp=sharing&amp;resourcekey=0-Yx107jNzIaTBpRPuhIgwtg\" target=\"_blank\" rel=\"noopener noreferrer\">Justificant de falta d&#8217;assist\u00e8ncia a classe (alumnat)<\/a><\/li>\n<li><a href=\"https:\/\/drive.google.com\/file\/d\/0B0ll1BILB5K4QUtfN1J0eTY4MjA\/view?usp=sharing\" target=\"_blank\" rel=\"noopener noreferrer\">Inst\u00e0ncia gen\u00e8rica<\/a>.<\/li>\n<li><a href=\"https:\/\/drive.google.com\/file\/d\/0B0ll1BILB5K4anJLWkpYRUJZTTg\/view?usp=sharing\" target=\"_blank\" rel=\"noopener noreferrer\">Full de comunicaci\u00f3 de les fam\u00edlies amb el centre<\/a><\/li>\n<li><a href=\"https:\/\/drive.google.com\/file\/d\/0B0ll1BILB5K4Vk1hRnVIWjJydU0\/view?usp=sharing\">Comunicaci\u00f3 de&hellip;  <a href=\"https:\/\/agora.xtec.cat\/ies-manuel-sales\/secretaria\/documents\/\" title=\"Read DOCUMENTS\">Llegeix m\u00e9s\u00bb<\/a><br \/>\n","protected":false},"author":1,"featured_media":0,"parent":81,"menu_order":40,"comment_status":"closed","ping_status":"closed","template":"page-templates\/side-menu.php","meta":{"_bbp_topic_count":0,"_bbp_reply_count":0,"_bbp_total_topic_count":0,"_bbp_total_reply_count":0,"_bbp_voice_count":0,"_bbp_anonymous_reply_count":0,"_bbp_topic_count_hidden":0,"_bbp_reply_count_hidden":0,"_bbp_forum_subforum_count":0,"footnotes":""},"class_list":["post-773","page","type-page","status-publish","hentry"],"post_mailing_queue_ids":[],"_links":{"self":[{"href":"https:\/\/agora.xtec.cat\/ies-manuel-sales\/wp-json\/wp\/v2\/pages\/773","targetHints":{"allow":["GET"]}}],"collection":[{"href":"https:\/\/agora.xtec.cat\/ies-manuel-sales\/wp-json\/wp\/v2\/pages"}],"about":[{"href":"https:\/\/agora.xtec.cat\/ies-manuel-sales\/wp-json\/wp\/v2\/types\/page"}],"author":[{"embeddable":true,"href":"https:\/\/agora.xtec.cat\/ies-manuel-sales\/wp-json\/wp\/v2\/users\/1"}],"replies":[{"embeddable":true,"href":"https:\/\/agora.xtec.cat\/ies-manuel-sales\/wp-json\/wp\/v2\/comments?post=773"}],"version-history":[{"count":6,"href":"https:\/\/agora.xtec.cat\/ies-manuel-sales\/wp-json\/wp\/v2\/pages\/773\/revisions"}],"predecessor-version":[{"id":5453,"href":"https:\/\/agora.xtec.cat\/ies-manuel-sales\/wp-json\/wp\/v2\/pages\/773\/revisions\/5453"}],"up":[{"embeddable":true,"href":"https:\/\/agora.xtec.cat\/ies-manuel-sales\/wp-json\/wp\/v2\/pages\/81"}],"wp:attachment":[{"href":"https:\/\/agora.xtec.cat\/ies-manuel-sales\/wp-json\/wp\/v2\/media?parent=773"}],"curies":[{"name":"wp","href":"https:\/\/api.w.org\/{rel}","templated":true}]}}