{"id":767,"date":"2016-05-28T20:11:46","date_gmt":"2016-05-28T18:11:46","guid":{"rendered":"http:\/\/agora.xtec.cat\/ies-manuel-sales\/?page_id=767"},"modified":"2019-01-13T20:42:55","modified_gmt":"2019-01-13T19:42:55","slug":"historials-academics","status":"publish","type":"page","link":"https:\/\/agora.xtec.cat\/ies-manuel-sales\/secretaria\/historials-academics\/","title":{"rendered":"HISTORIALS ACAD\u00c8MICS"},"content":{"rendered":"<table>\n<tbody>\n<tr>\n<td style=\"vertical-align: top;\">\n<p style=\"text-align: justify;\">Tota la vida acad\u00e8mica dels alumnes s&#8217;arxiva a l&#8217;expedient que custodia el centre. Els alumnes tenen aquesta informaci\u00f3 recollida a l&#8217;<strong>HISTORIAL ACAD\u00c8MIC<\/strong> que es pot obtenir a la Secretaria del centre un cop finalitzats els estudis corresponents.<\/p>\n<p style=\"text-align: justify;\">A partir del curs 2007\/08, i per resoluci\u00f3 del Departament d&#8217;Ensenyament, els antics<strong> llibres d&#8217;escolaritat<\/strong> han estat extingits.<\/p>\n<\/td>\n<td style=\"width: 200px; vertical-align: top;\"><img loading=\"lazy\" decoding=\"async\" class=\"alignright  wp-image-769\" src=\"http:\/\/agora.xtec.cat\/ies-manuel-sales\/wp-content\/uploads\/usu728\/2016\/05\/expedient.gif\" alt=\"Expedient\" width=\"159\" height=\"238\" \/><\/td>\n<\/tr>\n<tr>\n<td style=\"background-color: #e9d5eb;\"><span style=\"color: #0000ff;\"><strong>INSTRUCCIONS PER RECOLLIR L&#8217;HISTORIAL ACAD\u00c8MIC<\/strong><\/span><\/p>\n<p>Els Historials es poden recollir en horari d&#8217;atenci\u00f3 al p\u00fablic a la secretaria del centre. Ho podran fer els alumnes titulars o altres persones degudament autoritzades.<\/p>\n<p><strong>ESO<\/strong>: els historials es poden recollir un cop aconseguit el t\u00edtol d&#8217;ESO o, si no \u00e9s aix\u00ed i a petici\u00f3 de l&#8217;interessat, quan es tingui la seguretat que no es continuaran els estudis.<\/p>\n<p><strong>BATXILLERAT<\/strong>: els historials es poden recollir un cop aconseguit el t\u00edtol de Batxillerat.<\/p>\n<p><strong>CICLE FORMATIU<\/strong>: els alumnes que finalitzen el cicle formatiu poden recollir el certificat de CF finalitzat.<\/td>\n<td style=\"background-color: #e9d5eb;\"><\/td>\n<\/tr>\n<tr>\n<td><span style=\"color: #800080;\"><strong>LLIBRES PENDENTS DE RECOLLIR<\/strong><\/span><\/p>\n<p><strong>ESO<\/strong>: Promoci\u00f3 del curs <strong>2007-08<\/strong> i totes les anteriors.<br \/>\n<strong>BATXILLERAT<\/strong>: Promoci\u00f3 del curs<strong> 2007-08<\/strong> i totes les anteriors.<\/p>\n<p><span style=\"color: #800080;\"><strong>HISTORIALS ACAD\u00c8MICS PENDENTS DE RECOLLIR<\/strong><\/span><\/p>\n<p><strong>ESO<\/strong>: Promocions dels cursos <strong>2008-09 fins el curs passat<\/strong>.<br \/>\n<strong>BATXILLERAT<\/strong>: Promocions dels cursos <strong>2008-09 fins el curs passat<\/strong>.<\/p>\n<p style=\"text-align: left;\">Consulteu-nos si el vostre historial (o llibre d&#8217;escolaritat) est\u00e0 pendent de recollir. <a href=\"mailto:ies-manuel-sales@xtec.cat\" target=\"_blank\"><img loading=\"lazy\" decoding=\"async\" class=\" size-full wp-image-768 alignleft\" src=\"http:\/\/agora.xtec.cat\/ies-manuel-sales\/wp-content\/uploads\/usu728\/2016\/05\/correo24t.gif\" alt=\"Enviar un correu\" width=\"55\" height=\"60\" \/><\/a><\/p>\n<\/td>\n<td><\/td>\n<\/tr>\n<\/tbody>\n<\/table>\n<p>&nbsp;<\/p>\n","protected":false},"excerpt":{"rendered":"<p>Tota la vida acad\u00e8mica dels alumnes s&#8217;arxiva a l&#8217;expedient que custodia el centre. Els alumnes tenen aquesta informaci\u00f3 recollida a l&#8217;HISTORIAL ACAD\u00c8MIC que es pot obtenir a la Secretaria del centre un cop finalitzats els estudis corresponents.<br \/>\nA partir del curs 2007\/08, i per resoluci\u00f3 del&hellip;  <a href=\"https:\/\/agora.xtec.cat\/ies-manuel-sales\/secretaria\/historials-academics\/\" title=\"Read HISTORIALS ACAD\u00c8MICS\">Llegeix m\u00e9s\u00bb<\/a><\/p>\n","protected":false},"author":1,"featured_media":0,"parent":81,"menu_order":30,"comment_status":"closed","ping_status":"closed","template":"page-templates\/side-menu.php","meta":{"_bbp_topic_count":0,"_bbp_reply_count":0,"_bbp_total_topic_count":0,"_bbp_total_reply_count":0,"_bbp_voice_count":0,"_bbp_anonymous_reply_count":0,"_bbp_topic_count_hidden":0,"_bbp_reply_count_hidden":0,"_bbp_forum_subforum_count":0,"footnotes":""},"class_list":["post-767","page","type-page","status-publish","hentry"],"post_mailing_queue_ids":[],"_links":{"self":[{"href":"https:\/\/agora.xtec.cat\/ies-manuel-sales\/wp-json\/wp\/v2\/pages\/767","targetHints":{"allow":["GET"]}}],"collection":[{"href":"https:\/\/agora.xtec.cat\/ies-manuel-sales\/wp-json\/wp\/v2\/pages"}],"about":[{"href":"https:\/\/agora.xtec.cat\/ies-manuel-sales\/wp-json\/wp\/v2\/types\/page"}],"author":[{"embeddable":true,"href":"https:\/\/agora.xtec.cat\/ies-manuel-sales\/wp-json\/wp\/v2\/users\/1"}],"replies":[{"embeddable":true,"href":"https:\/\/agora.xtec.cat\/ies-manuel-sales\/wp-json\/wp\/v2\/comments?post=767"}],"version-history":[{"count":2,"href":"https:\/\/agora.xtec.cat\/ies-manuel-sales\/wp-json\/wp\/v2\/pages\/767\/revisions"}],"predecessor-version":[{"id":772,"href":"https:\/\/agora.xtec.cat\/ies-manuel-sales\/wp-json\/wp\/v2\/pages\/767\/revisions\/772"}],"up":[{"embeddable":true,"href":"https:\/\/agora.xtec.cat\/ies-manuel-sales\/wp-json\/wp\/v2\/pages\/81"}],"wp:attachment":[{"href":"https:\/\/agora.xtec.cat\/ies-manuel-sales\/wp-json\/wp\/v2\/media?parent=767"}],"curies":[{"name":"wp","href":"https:\/\/api.w.org\/{rel}","templated":true}]}}