{"id":752,"date":"2016-05-27T19:03:03","date_gmt":"2016-05-27T17:03:03","guid":{"rendered":"http:\/\/agora.xtec.cat\/ies-manuel-sales\/?page_id=752"},"modified":"2024-01-21T11:14:42","modified_gmt":"2024-01-21T10:14:42","slug":"pla-educatiu-dentorn","status":"publish","type":"page","link":"https:\/\/agora.xtec.cat\/ies-manuel-sales\/projectes\/pla-educatiu-dentorn\/","title":{"rendered":"PLA EDUCATIU D&#8217;ENTORN"},"content":{"rendered":"<table>\n<tbody>\n<tr>\n<td>\n<p style=\"text-align: justify;\"><strong>Els Plans educatius<\/strong> <strong>d\u2019entorn <\/strong>s\u00f3n una proposta educativa que vol donar resposta a les m\u00faltiples necessitats de la nostra societat. S\u00f3n instruments per donar una resposta integrada i comunit\u00e0ria a les necessitats educatives, coordinant i dinamitzant l\u2019acci\u00f3 educativa en els diferents \u00e0mbits de la vida dels infants i joves.<\/p>\n<h5><\/h5>\n<h5><span style=\"font-size: 20px;\">ACTIVITATS DEL CURS 2023\/24<\/span><\/h5>\n<p>&nbsp;<\/p>\n<h5><span style=\"color: #993366;\"><strong>A) TALLERS DE SUPORT I REFOR\u00c7 EDUCATIU (ESTUDI ASSISTIT)<br \/>\n<\/strong><\/span><\/h5>\n<p style=\"text-align: justify;\">Els tallers de suport i refor\u00e7 educatiu s\u00f3n una acci\u00f3 educativa, realitzada en horari extraescolar, per ajudar l&#8217;alumnat m\u00e9s vulnerable a adquirir h\u00e0bits i t\u00e8cniques d&#8217;organitzaci\u00f3 i d&#8217;estudi, afavorint una actitud positiva cap a l&#8217;aprenentatge i col\u00b7laborar en l&#8217;adquisici\u00f3 de les compet\u00e8ncies b\u00e0siques en finalitzar l&#8217;etapa educativa. Entre aquestes compet\u00e8ncies es treballaran, preferentment, les vinculades en aprendre a aprendre, a l&#8217;autonomia personal i la compet\u00e8ncia comunicativa (recerca d&#8217;informaci\u00f3, interpretaci\u00f3, responsabilitat, expressi\u00f3 oral i escrita)<\/p>\n<ul>\n<li><strong>Objectius espec\u00edfics:<\/strong><\/li>\n<\/ul>\n<p>\u00b7 Augmentar les expectatives de l&#8217;alumnat en els estudis.<br \/>\n\u00b7 Acompanyar l&#8217;alumnat en la realitzaci\u00f3 de les tasques escolars i l&#8217;adquisici\u00f3 de les compet\u00e8ncies b\u00e0siques.<br \/>\n\u00b7 Promoure t\u00e8cniques d&#8217;estudi i adquirir autonomia personal.<br \/>\n\u00b7 Acompanyar l&#8217;alumnat als espais del territori considerats com a recursos d&#8217;aprenentatge per incentivar el seu \u00fas: biblioteques, ludoteques, espais culturals, espais esportius &#8230;<\/p>\n<p>Coordinaci\u00f3: Anna Forcadell.<\/p>\n<p><strong>HORARIS:<\/strong><\/p>\n<p style=\"padding-left: 40px;\"><span style=\"color: #993300;\"><strong>TALLER 1<\/strong><\/span><\/p>\n<ul>\n<li style=\"list-style-type: none;\">\n<ul>\n<li><b>Dilluns, de 16.30 a 17.30 h <\/b><\/li>\n<li><strong>Dijous, de 16.30 a 17.30 h <\/strong><\/li>\n<\/ul>\n<\/li>\n<\/ul>\n<p style=\"padding-left: 40px;\"><span style=\"color: #993300;\"><strong>TALLER 2<\/strong><\/span><\/p>\n<ul>\n<li style=\"list-style-type: none;\">\n<ul>\n<li><b>Dilluns, de 17.30 a 18.30 h <\/b><\/li>\n<li><strong>Dijous, de 17.30 a 18.30 h<\/strong><\/li>\n<\/ul>\n<\/li>\n<\/ul>\n<p>Empresa de serveis: Fundaci\u00f3 Ulldecona<br \/>\nMonitora: Laia Beltran.<\/p>\n<p>Aquesta actuaci\u00f3 forma part del &#8220;<a href=\"https:\/\/agora.xtec.cat\/ies-manuel-sales\/projectes\/pmoe-proa\/\">PROGRAMA PMOE-PROA+<\/a> 2022-2026&#8243;.<\/p>\n<p>&nbsp;<\/p>\n<h5><span style=\"color: #993366;\"><strong>B) AJUTS PER A ACTIVITATS EXTRAESCOLARS &#8211; &#8220;CONEGUEM EL NOSTRE ENTORN&#8221;<br \/>\n<\/strong><\/span><\/h5>\n<p>El programa subvenciona una part dels imports que han d&#8217;abonar les fam\u00edlies per sortides extraescolars de descoberta de l&#8217;entorn, amb especial atenci\u00f3 als alumnes que presenten necessitats socioecon\u00f2miques.<\/p>\n<p>&nbsp;<\/p>\n<h5><span style=\"color: #993366;\"><strong>C) TALLER DE LLENGUA I CULTURA MARROQUINA<br \/>\n<\/strong><\/span><\/h5>\n<p>El Programa d\u2019Ensenyament de llengua \u00c0rab i Cultura Marroquina (LACM) es desenvolupa pel vigent Conveni de Cooperaci\u00f3 Cultural entre el Departament d\u2019Ensenyament i el Govern del Reino de Marruecos que estableix les bases de l\u2019esmentat Programa.<\/p>\n<p><strong>FINALITAT DE LES CLASSES<\/strong><\/p>\n<ul>\n<li>Garantir els drets pluriling\u00fces de l\u2019alumnat amb classes de llengua \u00e0rab i cultura marroquina a tot l\u2019alumnat del sistema educatiu catal\u00e0 que volunt\u00e0riament ho sol\u00b7licitin.<\/li>\n<li>Facilitar l\u2019adquisici\u00f3 d&#8217;estrat\u00e8gies escolars per al desenvolupament del llenguatge i els h\u00e0bits b\u00e0sics d\u2019assist\u00e8ncia, puntualitat i sostenibilitat de l\u2019esfor\u00e7 de l\u2019aprenentatge.<\/li>\n<li>Millorar les habilitats socials i la cohesi\u00f3 en la diversitat, dins el marc de l\u2019educaci\u00f3 intercultural, amb els principis de conviv\u00e8ncia i inclusi\u00f3.<\/li>\n<\/ul>\n<p><strong>HORARIS:<\/strong><\/p>\n<p>Dimecres, de 16.30 a 18.00 h.<\/p>\n<p>&nbsp;<\/p>\n<h5><span style=\"color: #993366;\"><strong>D) PLA CATAL\u00c0 D&#8217;ESPORT A L&#8217;ESCOLA<\/strong><\/span><\/h5>\n<p style=\"text-align: justify;\">Programa que fomenta l&#8217;esport extraescolar com a mitj\u00e0 de cohesi\u00f3 social i d&#8217;adquisici\u00f3 d&#8217;h\u00e0bits saludables. Teniu m\u00e9s informaci\u00f3 al seg\u00fcent <strong><a href=\"http:\/\/agora.xtec.cat\/ies-manuel-sales\/projectes\/projecte-esportiu-de-centre\/\">enlla\u00e7<\/a><\/strong>.<\/p>\n<p>&nbsp;<\/p>\n<h5><strong><span style=\"color: #993366;\">E) VOLUNTARIAT PER LA LLENGUA<\/span><br \/>\n<\/strong><\/h5>\n<p>Activitats en horari de pati o extraescolar consistents en l&#8217;acompanyament per part de voluntaris de la comunitat educativa a persones nouvingudes que no dominen la llengua catalana per tal de fomentar el seu aprenentatge d&#8217;una manera proactiva i distesa.<\/p>\n<p>Coordinaci\u00f3 LIC: Mireia Bel Garrit.<\/td>\n<td style=\"width: 200px; background-color: #f7d9b0; vertical-align: top;\"><img loading=\"lazy\" decoding=\"async\" class=\" size-full wp-image-753 alignright\" src=\"http:\/\/agora.xtec.cat\/ies-manuel-sales\/wp-content\/uploads\/usu728\/2016\/05\/logo-pee.jpg\" alt=\"Pla Educatiu d'Entorn\" width=\"187\" height=\"80\" \/><\/td>\n<\/tr>\n<tr>\n<td>\n<h5>ENLLA\u00c7OS D&#8217;INTER\u00c8S<\/h5>\n<ul>\n<li><a href=\"http:\/\/xtec.gencat.cat\/ca\/comunitat\/entorn_pee\/\" target=\"_blank\" rel=\"noopener noreferrer\">Els Plans Educatius d&#8217;Entorn<\/a><\/li>\n<\/ul>\n<\/td>\n<td><\/td>\n<\/tr>\n<\/tbody>\n<\/table>\n","protected":false},"excerpt":{"rendered":"<p>Els Plans educatius d\u2019entorn s\u00f3n una proposta educativa que vol donar resposta a les m\u00faltiples necessitats de la nostra societat. S\u00f3n instruments per donar una resposta integrada i comunit\u00e0ria a les necessitats educatives, coordinant i dinamitzant l\u2019acci\u00f3 educativa en els diferents \u00e0mbits de la vida&hellip;  <a href=\"https:\/\/agora.xtec.cat\/ies-manuel-sales\/projectes\/pla-educatiu-dentorn\/\" title=\"Read PLA EDUCATIU D&#8217;ENTORN\">Llegeix m\u00e9s\u00bb<\/a><\/p>\n","protected":false},"author":1,"featured_media":0,"parent":341,"menu_order":50,"comment_status":"closed","ping_status":"closed","template":"page-templates\/side-menu.php","meta":{"_bbp_topic_count":0,"_bbp_reply_count":0,"_bbp_total_topic_count":0,"_bbp_total_reply_count":0,"_bbp_voice_count":0,"_bbp_anonymous_reply_count":0,"_bbp_topic_count_hidden":0,"_bbp_reply_count_hidden":0,"_bbp_forum_subforum_count":0,"footnotes":""},"class_list":["post-752","page","type-page","status-publish","hentry"],"post_mailing_queue_ids":[],"_links":{"self":[{"href":"https:\/\/agora.xtec.cat\/ies-manuel-sales\/wp-json\/wp\/v2\/pages\/752","targetHints":{"allow":["GET"]}}],"collection":[{"href":"https:\/\/agora.xtec.cat\/ies-manuel-sales\/wp-json\/wp\/v2\/pages"}],"about":[{"href":"https:\/\/agora.xtec.cat\/ies-manuel-sales\/wp-json\/wp\/v2\/types\/page"}],"author":[{"embeddable":true,"href":"https:\/\/agora.xtec.cat\/ies-manuel-sales\/wp-json\/wp\/v2\/users\/1"}],"replies":[{"embeddable":true,"href":"https:\/\/agora.xtec.cat\/ies-manuel-sales\/wp-json\/wp\/v2\/comments?post=752"}],"version-history":[{"count":4,"href":"https:\/\/agora.xtec.cat\/ies-manuel-sales\/wp-json\/wp\/v2\/pages\/752\/revisions"}],"predecessor-version":[{"id":5803,"href":"https:\/\/agora.xtec.cat\/ies-manuel-sales\/wp-json\/wp\/v2\/pages\/752\/revisions\/5803"}],"up":[{"embeddable":true,"href":"https:\/\/agora.xtec.cat\/ies-manuel-sales\/wp-json\/wp\/v2\/pages\/341"}],"wp:attachment":[{"href":"https:\/\/agora.xtec.cat\/ies-manuel-sales\/wp-json\/wp\/v2\/media?parent=752"}],"curies":[{"name":"wp","href":"https:\/\/api.w.org\/{rel}","templated":true}]}}