{"id":746,"date":"2016-05-27T18:32:32","date_gmt":"2016-05-27T17:32:32","guid":{"rendered":"http:\/\/agora.xtec.cat\/ies-manuel-sales\/?page_id=746"},"modified":"2024-01-22T17:54:11","modified_gmt":"2024-01-22T16:54:11","slug":"projecte-esportiu-de-centre","status":"publish","type":"page","link":"https:\/\/agora.xtec.cat\/ies-manuel-sales\/projectes\/projecte-esportiu-de-centre\/","title":{"rendered":"PROJECTE ESPORTIU DE CENTRE"},"content":{"rendered":"<table>\n<tbody>\n<tr>\n<td>\n<h5 style=\"text-align: justify;\">PLA CATAL\u00c0 D&#8217;ESPORT A L&#8217;ESCOLA<\/h5>\n<p style=\"text-align: justify;\">El <strong><a href=\"https:\/\/drive.google.com\/file\/d\/1qP6Xv-G71Gakz20vm9eKdvxPL2z2ku_I\/view?usp=sharing\">Projecte Esportiu del centre<\/a><\/strong> contempla des de fa molts cursos la participaci\u00f3 en el Pla Catal\u00e0 d&#8217;Esport a l&#8217;Escola (PCEE), una col\u00b7laboraci\u00f3 entre el Departament d&#8217;Educaci\u00f3 i la Secretaria General de l&#8217;Esport. Els objectius d&#8217;aquest pla s\u00f3n el foment de l&#8217;activitat esportiva entre els joves i la prevenci\u00f3 contra el sedentarisme i l&#8217;obesitat, afavorint uns h\u00e0bits saludables.<\/p>\n<p style=\"text-align: justify;\"><span style=\"color: #008000;\"><strong>ACTIVITATS DEL PLA:<\/strong><\/span><\/p>\n<ul style=\"text-align: justify;\">\n<li>Activitats esportives setmanals, tots els <b>dimarts i divendres, de 16:30 a 18:30 h<\/b>.<\/li>\n<li><b>Sortides mensuals <\/b>en cap de setmana pel terme d\u2019Ulldecona i voltants, amb bicicleta o d\u2019excursi\u00f3.<\/li>\n<li>Sortides per assistir a <b>esdeveniments esportius <\/b>(partits a Barcelona o Val\u00e8ncia).<\/li>\n<li>Activitats esportives en cap de setmana al <b>gimn\u00e0s<\/b> del centre.<\/li>\n<li>Activitats esportives durant l&#8217;<strong>esbarjo<\/strong>, amb periodicitat setmanal.<\/li>\n<\/ul>\n<p style=\"text-align: justify;\">Coordinador: <b>Francisco Le\u00f3n Floro<\/b>.<\/p>\n<\/td>\n<td style=\"width: 200px; vertical-align: top;\"><img loading=\"lazy\" decoding=\"async\" class=\"alignleft wp-image-747\" src=\"http:\/\/agora.xtec.cat\/ies-manuel-sales\/wp-content\/uploads\/usu728\/2016\/05\/logo-pcee.jpg\" alt=\"Logo PCEE\" width=\"180\" height=\"124\" \/><\/td>\n<\/tr>\n<tr>\n<td><a href=\"https:\/\/agora.xtec.cat\/ies-manuel-sales\/wp-content\/uploads\/usu728\/2018\/05\/IMG-20180412-WA0003.jpg\"><img loading=\"lazy\" decoding=\"async\" class=\"alignleft size-large wp-image-2072\" src=\"https:\/\/agora.xtec.cat\/ies-manuel-sales\/wp-content\/uploads\/usu728\/2018\/05\/IMG-20180412-WA0003-1024x638.jpg\" alt=\"Bicicletada 1 ESO\" width=\"1024\" height=\"638\" srcset=\"https:\/\/agora.xtec.cat\/ies-manuel-sales\/wp-content\/uploads\/usu728\/2018\/05\/IMG-20180412-WA0003-1024x638.jpg 1024w, https:\/\/agora.xtec.cat\/ies-manuel-sales\/wp-content\/uploads\/usu728\/2018\/05\/IMG-20180412-WA0003-400x249.jpg 400w, https:\/\/agora.xtec.cat\/ies-manuel-sales\/wp-content\/uploads\/usu728\/2018\/05\/IMG-20180412-WA0003-768x478.jpg 768w, https:\/\/agora.xtec.cat\/ies-manuel-sales\/wp-content\/uploads\/usu728\/2018\/05\/IMG-20180412-WA0003.jpg 1379w\" sizes=\"auto, (max-width: 1024px) 100vw, 1024px\" \/><\/a><\/p>\n<h5><\/h5>\n<\/td>\n<td style=\"width: 200px; background-color: #ebeef7; text-align: center; vertical-align: middle;\"><span style=\"font-size: 16px;\"><a href=\"https:\/\/agora.xtec.cat\/ies-manuel-sales\/categoria\/pcee\/\"><strong>ACTIVITATS DEL PLA CATAL\u00c0 D&#8217;ESPORT A L&#8217;ESCOLA &gt;&gt;&gt;<\/strong><\/a><\/span><\/td>\n<\/tr>\n<tr>\n<td>\n<div>\n<h5 class=\"entry-title\" style=\"text-align: justify;\">PREMIS DEL PLA CATAL\u00c0 DE L\u2019ESPORT 2022\/23<\/h5>\n<p dir=\"auto\" style=\"text-align: justify;\">El dijous, 16 de novembre de 2023, es van lliurar els guardons corresponents a la 4a edici\u00f3 dels <strong>Premis del Pla Catal\u00e0 d\u2019Esport a l\u2019Escola (PCEE)<\/strong> del curs 2022-2023, a l\u2019edifici INEFC de Barcelona.<\/p>\n<p dir=\"auto\" style=\"text-align: justify;\">El nostre Institut Manuel Sales i Ferr\u00e9 va obtenir quatre premis en les seg\u00fcents categories:<\/p>\n<\/div>\n<ul style=\"text-align: justify;\">\n<li dir=\"auto\">Millor centre de Secund\u00e0ria.<\/li>\n<li dir=\"auto\">Millor Associaci\u00f3 Esportiva Escolar (AEE).<\/li>\n<li dir=\"auto\">Millor Dinamitzadora: <strong>Eugenia Le\u00f3n Roig<\/strong><\/li>\n<li dir=\"auto\">Millor Coordinador de Secund\u00e0ria: <strong>Francisco Le\u00f3n Floro<\/strong><\/li>\n<\/ul>\n<div>\n<p dir=\"auto\" style=\"text-align: justify;\">Estem molt contents i agra\u00efts pels reconeixements mencionats. S\u00f3n uns premis aconseguits gr\u00e0cies al suport i col\u00b7laboraci\u00f3 de l\u2019Ajuntament d\u2019Ulldecona, la comunitat educativa, les entitats esportives locals i, especialment per tot l\u2019alumnat que participa en les diferents activitats programades.<\/p>\n<p dir=\"auto\"><a href=\"https:\/\/agora.xtec.cat\/ies-manuel-sales\/general\/premis-del-pla-catala-de-lesport-2022-23\/\"><img loading=\"lazy\" decoding=\"async\" class=\"alignnone wp-image-5577 size-full\" src=\"https:\/\/agora.xtec.cat\/ies-manuel-sales\/wp-content\/uploads\/usu728\/2023\/11\/Premis-PCEE-22-23-01.jpg\" alt=\"Premis PCEE 22\/23\" width=\"1440\" height=\"1440\" srcset=\"https:\/\/agora.xtec.cat\/ies-manuel-sales\/wp-content\/uploads\/usu728\/2023\/11\/Premis-PCEE-22-23-01.jpg 1440w, https:\/\/agora.xtec.cat\/ies-manuel-sales\/wp-content\/uploads\/usu728\/2023\/11\/Premis-PCEE-22-23-01-400x400.jpg 400w, https:\/\/agora.xtec.cat\/ies-manuel-sales\/wp-content\/uploads\/usu728\/2023\/11\/Premis-PCEE-22-23-01-1024x1024.jpg 1024w, https:\/\/agora.xtec.cat\/ies-manuel-sales\/wp-content\/uploads\/usu728\/2023\/11\/Premis-PCEE-22-23-01-150x150.jpg 150w, https:\/\/agora.xtec.cat\/ies-manuel-sales\/wp-content\/uploads\/usu728\/2023\/11\/Premis-PCEE-22-23-01-768x768.jpg 768w\" sizes=\"auto, (max-width: 1440px) 100vw, 1440px\" \/><\/a><\/p>\n<\/div>\n<h5><\/h5>\n<\/td>\n<td><\/td>\n<\/tr>\n<tr>\n<td>\n<div>\n<h5 class=\"entry-title\"><a href=\"https:\/\/agora.xtec.cat\/ies-manuel-sales\/general\/lliurament-dels-premis-del-pla-catala-de-lesport-a-lescola-3a-edicio\/\">PREMIS DEL PLA CATAL\u00c0 DE L\u2019ESPORT 2021\/22 &gt;&gt;&gt;<\/a><\/h5>\n<h5 class=\"entry-title\"><a href=\"https:\/\/agora.xtec.cat\/ies-manuel-sales\/general\/premis-del-pla-catala-desport-a-lescola-a-linstitut-manuel-sales-i-ferre-i-al-coordinador-francisco-leon\/\">PREMIS DEL PLA CATAL\u00c0 DE L\u2019ESPORT 2019\/20 &gt;&gt;&gt;<\/a><\/h5>\n<\/div>\n<\/td>\n<td><\/td>\n<\/tr>\n<tr>\n<td>\n<h5>ENLLA\u00c7OS D&#8217;INTER\u00c8S<\/h5>\n<ul>\n<li><a href=\"http:\/\/blocs.xtec.cat\/esportalescolate\/\" target=\"_blank\" rel=\"noopener noreferrer\">Bloc del Pla Catal\u00e0 d&#8217;Esport a l&#8217;Escola a les Terres de l&#8217;Ebre<\/a><\/li>\n<li><a href=\"http:\/\/esports.gencat.cat\/ca\/arees_dactuacio\/esport_escolar\/pla-catala-desport-a-lescola-pcee\/presentacio\/\" target=\"_blank\" rel=\"noopener noreferrer\">El PCEE a la Secretaria General de l&#8217;Esport<\/a><\/li>\n<\/ul>\n<\/td>\n<td><\/td>\n<\/tr>\n<\/tbody>\n<\/table>\n","protected":false},"excerpt":{"rendered":"<p>PLA CATAL\u00c0 D&#8217;ESPORT A L&#8217;ESCOLA<br \/>\nEl <a href=\"https:\/\/drive.google.com\/file\/d\/1qP6Xv-G71Gakz20vm9eKdvxPL2z2ku_I\/view?usp=sharing\">Projecte Esportiu del centre<\/a> contempla des de fa molts cursos la participaci\u00f3 en el Pla Catal\u00e0 d&#8217;Esport a l&#8217;Escola (PCEE), una col\u00b7laboraci\u00f3 entre el Departament d&#8217;Educaci\u00f3 i la Secretaria General de l&#8217;Esport. Els objectius d&#8217;aquest pla s\u00f3n el foment&hellip;  <a href=\"https:\/\/agora.xtec.cat\/ies-manuel-sales\/projectes\/projecte-esportiu-de-centre\/\" title=\"Read PROJECTE ESPORTIU DE CENTRE\">Llegeix m\u00e9s\u00bb<\/a><\/p>\n","protected":false},"author":1,"featured_media":0,"parent":341,"menu_order":30,"comment_status":"closed","ping_status":"closed","template":"page-templates\/side-menu.php","meta":{"_bbp_topic_count":0,"_bbp_reply_count":0,"_bbp_total_topic_count":0,"_bbp_total_reply_count":0,"_bbp_voice_count":0,"_bbp_anonymous_reply_count":0,"_bbp_topic_count_hidden":0,"_bbp_reply_count_hidden":0,"_bbp_forum_subforum_count":0,"footnotes":""},"class_list":["post-746","page","type-page","status-publish","hentry"],"post_mailing_queue_ids":[],"_links":{"self":[{"href":"https:\/\/agora.xtec.cat\/ies-manuel-sales\/wp-json\/wp\/v2\/pages\/746","targetHints":{"allow":["GET"]}}],"collection":[{"href":"https:\/\/agora.xtec.cat\/ies-manuel-sales\/wp-json\/wp\/v2\/pages"}],"about":[{"href":"https:\/\/agora.xtec.cat\/ies-manuel-sales\/wp-json\/wp\/v2\/types\/page"}],"author":[{"embeddable":true,"href":"https:\/\/agora.xtec.cat\/ies-manuel-sales\/wp-json\/wp\/v2\/users\/1"}],"replies":[{"embeddable":true,"href":"https:\/\/agora.xtec.cat\/ies-manuel-sales\/wp-json\/wp\/v2\/comments?post=746"}],"version-history":[{"count":4,"href":"https:\/\/agora.xtec.cat\/ies-manuel-sales\/wp-json\/wp\/v2\/pages\/746\/revisions"}],"predecessor-version":[{"id":5804,"href":"https:\/\/agora.xtec.cat\/ies-manuel-sales\/wp-json\/wp\/v2\/pages\/746\/revisions\/5804"}],"up":[{"embeddable":true,"href":"https:\/\/agora.xtec.cat\/ies-manuel-sales\/wp-json\/wp\/v2\/pages\/341"}],"wp:attachment":[{"href":"https:\/\/agora.xtec.cat\/ies-manuel-sales\/wp-json\/wp\/v2\/media?parent=746"}],"curies":[{"name":"wp","href":"https:\/\/api.w.org\/{rel}","templated":true}]}}