{"id":7307,"date":"2026-01-29T12:00:08","date_gmt":"2026-01-29T11:00:08","guid":{"rendered":"https:\/\/agora.xtec.cat\/ies-manuel-sales\/?page_id=7307"},"modified":"2026-01-29T12:03:13","modified_gmt":"2026-01-29T11:03:13","slug":"politica-de-qualitat","status":"publish","type":"page","link":"https:\/\/agora.xtec.cat\/ies-manuel-sales\/politica-de-qualitat\/","title":{"rendered":"POL\u00cdTICA DE QUALITAT"},"content":{"rendered":"<p><span style=\"font-weight: 400;\"><img loading=\"lazy\" decoding=\"async\" class=\"alignnone size-full wp-image-7310 aligncenter\" src=\"https:\/\/agora.xtec.cat\/ies-manuel-sales\/wp-content\/uploads\/usu728\/2026\/01\/logo_PQiMC-2.png\" alt=\"\" width=\"638\" height=\"168\" srcset=\"https:\/\/agora.xtec.cat\/ies-manuel-sales\/wp-content\/uploads\/usu728\/2026\/01\/logo_PQiMC-2.png 638w, https:\/\/agora.xtec.cat\/ies-manuel-sales\/wp-content\/uploads\/usu728\/2026\/01\/logo_PQiMC-2-600x158.png 600w\" sizes=\"auto, (max-width: 638px) 100vw, 638px\" \/><\/span><\/p>\n<p><span style=\"font-weight: 400;\">El comprom\u00eds amb la qualitat afecta tota l&#8217;organitzaci\u00f3, i la millora cont\u00ednua \u00e9s una responsabilitat de tot l\u2019equip professional del centre. L\u2019equip directiu vetllar\u00e0 i facilitar\u00e0 el seu assoliment a trav\u00e9s de la seva gesti\u00f3 i amb els mitjans al seu abast. L\u2019institut es compromet a complir els requisits i millorar cont\u00ednuament l\u2019efic\u00e0cia del sistema gestor de qualitat.<\/span><\/p>\n<p><span style=\"font-weight: 400;\">El centre treballa per a l\u2019obtenci\u00f3 de la nova certificaci\u00f3 ISO9001:2015. Actualment, el Cicle Formatiu est\u00e0 implicat en el PQiMC i \u00e9s la comissi\u00f3 de qualitat qui coordina.<\/span><\/p>\n","protected":false},"excerpt":{"rendered":"<p>El comprom\u00eds amb la qualitat afecta tota l&#8217;organitzaci\u00f3, i la millora cont\u00ednua \u00e9s una responsabilitat de tot l\u2019equip professional del centre. L\u2019equip directiu vetllar\u00e0 i facilitar\u00e0 el seu assoliment a trav\u00e9s de la seva gesti\u00f3 i amb els mitjans al seu abast. L\u2019institut es compromet&hellip;  <a href=\"https:\/\/agora.xtec.cat\/ies-manuel-sales\/politica-de-qualitat\/\" title=\"Read POL\u00cdTICA DE QUALITAT\">Llegeix m\u00e9s\u00bb<\/a><\/p>\n","protected":false},"author":483,"featured_media":0,"parent":0,"menu_order":0,"comment_status":"closed","ping_status":"closed","template":"","meta":{"_bbp_topic_count":0,"_bbp_reply_count":0,"_bbp_total_topic_count":0,"_bbp_total_reply_count":0,"_bbp_voice_count":0,"_bbp_anonymous_reply_count":0,"_bbp_topic_count_hidden":0,"_bbp_reply_count_hidden":0,"_bbp_forum_subforum_count":0,"footnotes":""},"class_list":["post-7307","page","type-page","status-publish","hentry"],"post_mailing_queue_ids":[],"_links":{"self":[{"href":"https:\/\/agora.xtec.cat\/ies-manuel-sales\/wp-json\/wp\/v2\/pages\/7307","targetHints":{"allow":["GET"]}}],"collection":[{"href":"https:\/\/agora.xtec.cat\/ies-manuel-sales\/wp-json\/wp\/v2\/pages"}],"about":[{"href":"https:\/\/agora.xtec.cat\/ies-manuel-sales\/wp-json\/wp\/v2\/types\/page"}],"author":[{"embeddable":true,"href":"https:\/\/agora.xtec.cat\/ies-manuel-sales\/wp-json\/wp\/v2\/users\/483"}],"replies":[{"embeddable":true,"href":"https:\/\/agora.xtec.cat\/ies-manuel-sales\/wp-json\/wp\/v2\/comments?post=7307"}],"version-history":[{"count":4,"href":"https:\/\/agora.xtec.cat\/ies-manuel-sales\/wp-json\/wp\/v2\/pages\/7307\/revisions"}],"predecessor-version":[{"id":7312,"href":"https:\/\/agora.xtec.cat\/ies-manuel-sales\/wp-json\/wp\/v2\/pages\/7307\/revisions\/7312"}],"wp:attachment":[{"href":"https:\/\/agora.xtec.cat\/ies-manuel-sales\/wp-json\/wp\/v2\/media?parent=7307"}],"curies":[{"name":"wp","href":"https:\/\/api.w.org\/{rel}","templated":true}]}}