{"id":63,"date":"2014-09-18T10:06:31","date_gmt":"2014-09-18T09:06:31","guid":{"rendered":"http:\/\/agora.xtec.cat\/ies-manuel-sales\/?page_id=63"},"modified":"2024-01-24T18:34:35","modified_gmt":"2024-01-24T17:34:35","slug":"serveis","status":"publish","type":"page","link":"https:\/\/agora.xtec.cat\/ies-manuel-sales\/serveis\/","title":{"rendered":"SERVEIS I ACTIVITATS"},"content":{"rendered":"<table>\n<tbody>\n<tr>\n<td>\n<p style=\"text-align: justify;\">En aquesta secci\u00f3 us presentem les principals activitats extraescolars i serveis del centre. Pel que fa a les <strong>Activitats Extraescolars<\/strong> hi trobareu enlla\u00e7os a les not\u00edcies m\u00e9s destacades de les sortides i excursions dels alumnes aix\u00ed com confer\u00e8ncies, xerrades educatives o festes del curs. Tamb\u00e9 trobareu un enlla\u00e7 a les activitats de la setmana <strong>FEM PINYA<\/strong> per la cohesi\u00f3 i la inclusi\u00f3.<\/p>\n<p style=\"text-align: justify;\">Tamb\u00e9 podeu consultar dins la secci\u00f3 <strong>PREMIS<\/strong> tots aquells treballs i alumnes que han estat guardonats per diverses institucions educatives.<\/p>\n<p style=\"text-align: justify;\">A m\u00e9s a m\u00e9s, podeu consultar la secci\u00f3 dels <strong>Premis Manuel Sales i Ferr\u00e9<\/strong> que convoca el nostre Institut des de l&#8217;any 2019.<\/p>\n<p style=\"text-align: justify;\">Dins la secci\u00f3 <strong>REVISTA<\/strong> podreu descarregar-vos els n\u00fameros publicats de la revista corporativa &#8220;LLETRES DEL M\u00d3N&#8221; de tots els cursos des de la primera publicaci\u00f3.<\/p>\n<p style=\"text-align: justify;\">Tamb\u00e9 us oferim informaci\u00f3 dels diferents <strong>SERVEIS<\/strong> del centre que us poden ser d&#8217;utilitat, com els horaris del Transport escolar.<\/p>\n<\/td>\n<td style=\"width: 200px; vertical-align: top;\" rowspan=\"2\">\n<h4><span style=\"color: #ff6600;\"><img loading=\"lazy\" decoding=\"async\" class=\"alignleft wp-image-411\" src=\"http:\/\/agora.xtec.cat\/ies-manuel-sales\/wp-content\/uploads\/usu728\/2014\/09\/excursio-109x300.jpg\" alt=\"excursio\" width=\"200\" height=\"550\" srcset=\"https:\/\/agora.xtec.cat\/ies-manuel-sales\/wp-content\/uploads\/usu728\/2014\/09\/excursio-109x300.jpg 109w, https:\/\/agora.xtec.cat\/ies-manuel-sales\/wp-content\/uploads\/usu728\/2014\/09\/excursio.jpg 160w\" sizes=\"auto, (max-width: 200px) 100vw, 200px\" \/><\/span><\/h4>\n<p>&nbsp;<\/td>\n<\/tr>\n<tr>\n<td style=\"vertical-align: top;\">\n<h5>\u00a0AGENDA<\/h5>\n<p><iframe loading=\"lazy\" src=\"https:\/\/www.google.com\/calendar\/embed?showNav=0&amp;showTabs=0&amp;showCalendars=0&amp;showTz=0&amp;mode=AGENDA&amp;height=400&amp;wkst=2&amp;hl=ca&amp;bgcolor=%23FFFFFF&amp;src=mf1f5kop63lguog2udccbhe72g%40group.calendar.google.com&amp;color=%237A367A&amp;ctz=Europe%2FMadrid\" width=\"500\" height=\"400\" frameborder=\"0\"><\/iframe><\/td>\n<\/tr>\n<\/tbody>\n<\/table>\n","protected":false},"excerpt":{"rendered":"<p>En aquesta secci\u00f3 us presentem les principals activitats extraescolars i serveis del centre. Pel que fa a les Activitats Extraescolars hi trobareu enlla\u00e7os a les not\u00edcies m\u00e9s destacades de les sortides i excursions dels alumnes aix\u00ed com confer\u00e8ncies, xerrades educatives o festes del curs. Tamb\u00e9&hellip;  <a href=\"https:\/\/agora.xtec.cat\/ies-manuel-sales\/serveis\/\" title=\"Read SERVEIS I ACTIVITATS\">Llegeix m\u00e9s\u00bb<\/a><\/p>\n","protected":false},"author":1,"featured_media":0,"parent":0,"menu_order":4,"comment_status":"closed","ping_status":"closed","template":"page-templates\/side-menu.php","meta":{"_bbp_topic_count":0,"_bbp_reply_count":0,"_bbp_total_topic_count":0,"_bbp_total_reply_count":0,"_bbp_voice_count":0,"_bbp_anonymous_reply_count":0,"_bbp_topic_count_hidden":0,"_bbp_reply_count_hidden":0,"_bbp_forum_subforum_count":0,"footnotes":""},"class_list":["post-63","page","type-page","status-publish","hentry"],"post_mailing_queue_ids":[],"_links":{"self":[{"href":"https:\/\/agora.xtec.cat\/ies-manuel-sales\/wp-json\/wp\/v2\/pages\/63","targetHints":{"allow":["GET"]}}],"collection":[{"href":"https:\/\/agora.xtec.cat\/ies-manuel-sales\/wp-json\/wp\/v2\/pages"}],"about":[{"href":"https:\/\/agora.xtec.cat\/ies-manuel-sales\/wp-json\/wp\/v2\/types\/page"}],"author":[{"embeddable":true,"href":"https:\/\/agora.xtec.cat\/ies-manuel-sales\/wp-json\/wp\/v2\/users\/1"}],"replies":[{"embeddable":true,"href":"https:\/\/agora.xtec.cat\/ies-manuel-sales\/wp-json\/wp\/v2\/comments?post=63"}],"version-history":[{"count":6,"href":"https:\/\/agora.xtec.cat\/ies-manuel-sales\/wp-json\/wp\/v2\/pages\/63\/revisions"}],"predecessor-version":[{"id":5844,"href":"https:\/\/agora.xtec.cat\/ies-manuel-sales\/wp-json\/wp\/v2\/pages\/63\/revisions\/5844"}],"wp:attachment":[{"href":"https:\/\/agora.xtec.cat\/ies-manuel-sales\/wp-json\/wp\/v2\/media?parent=63"}],"curies":[{"name":"wp","href":"https:\/\/api.w.org\/{rel}","templated":true}]}}