{"id":5818,"date":"2024-01-22T19:18:20","date_gmt":"2024-01-22T18:18:20","guid":{"rendered":"https:\/\/agora.xtec.cat\/ies-manuel-sales\/?page_id=5818"},"modified":"2024-01-22T19:18:20","modified_gmt":"2024-01-22T18:18:20","slug":"premis-2018-19","status":"publish","type":"page","link":"https:\/\/agora.xtec.cat\/ies-manuel-sales\/serveis\/premis\/premis-2018-19\/","title":{"rendered":"PREMIS 2018\/19"},"content":{"rendered":"<table>\n<tbody>\n<tr>\n<td><img loading=\"lazy\" decoding=\"async\" class=\"alignleft size-thumbnail wp-image-432\" src=\"http:\/\/agora.xtec.cat\/ies-manuel-sales\/wp-content\/uploads\/usu728\/2015\/09\/medalla-120x150.gif\" alt=\"medalla\" width=\"120\" height=\"150\" \/><\/td>\n<td style=\"text-align: right; vertical-align: top;\">\n<h4><strong>GALERIA DE GUARDONATS<\/strong><\/h4>\n<h4><\/h4>\n<\/td>\n<td style=\"text-align: right; vertical-align: top;\">\n<h4><strong>Curs 2018\/19<\/strong><\/h4>\n<\/td>\n<\/tr>\n<tr>\n<td colspan=\"2\">\n<h4 class=\"entry-title\" style=\"text-align: justify;\">\u00c0NGELA ELIES, PREMI IDECE PEL SEU TREBALL DE RECERCA<\/h4>\n<p style=\"text-align: justify;\">La 8a edici\u00f3 dels Premis IDECE 2019 ha distingit amb el <strong>segon premi<\/strong>, dotat amb 1.000 \u20ac, al treball <em>El turisme a Ulldecona. Un passat per a un futur,<\/em> d\u2019<strong>\u00c0ngela Elies<\/strong>, estudiant de batxillerat durant el curs 2018\/19 del nostre centre. El primer premi, dotat amb 1.500 \u20ac, ha estat atorgat a Marta Bertomeu de l\u2019EMD Els Muntells (Sant Jaume d\u2019Enveja), estudiant de l\u2019Institut de Deltebre, amb el projecte <em>M\u00e9s que un riure,<\/em> un pla de m\u00e0rqueting tur\u00edstic del Delta de l\u2019Ebre. El tercer premi, dotat amb 700 \u20ac, l\u2019ha merescut el treball <em>Les matem\u00e0tiques a la natura<\/em> de Marta Sanz, de l\u2019Institut Els Alfacs de La R\u00e0pita i el quart premi, dotat amb 500 \u20ac, ha estat per al treball <em>El patrimoni industrial d\u2019Alcanar: Los rajolars <\/em>d\u2019\u00c8lia Mart\u00ed, estudiant de l\u2019Institut S\u00f2l de Riu d\u2019Alcanar. Algunes de les alumnes premiades tamb\u00e9 ho van ser en la 1a edici\u00f3 dels Premis Manuel Sales i Ferr\u00e9 organitzats pel nostre centre i l\u2019Ajuntament d\u2019Ulldecona.<\/p>\n<p style=\"text-align: justify;\">Els premis IDECE van ser entregats el divendres, 29 de novembre, en un acte on va participar el delegat del Govern a les Terres de l\u2019Ebre, Xavier Pallar\u00e8s; la vicepresidenta primera de l\u2019Institut per al Desenvolupament de les Comarques de l\u2019Ebre (IDECE), Gemma Carim i, el director de l\u2019IDECE, Albert Salvad\u00f3. A l\u2019acte, tamb\u00e9 hi va assistir el coordinador territorial de Joventut, Joan L. Barber\u00e0. El director de l\u2019IDECE, Albert Salvad\u00f3, ha destacat que \u201cs\u00f3n treballs amb una qualitat de continguts, d\u2019an\u00e0lisi, d\u2019aprofundiment i de metodologia suficientment acreditats per a esdevenir un projecte coherent i d\u2019inter\u00e8s social en el camp del desenvolupament integral de les Terres de l\u2019Ebre\u201d.<\/p>\n<\/td>\n<td style=\"width: 40%; vertical-align: top;\"><img loading=\"lazy\" decoding=\"async\" class=\"alignnone size-large\" src=\"https:\/\/agora.xtec.cat\/ies-manuel-sales\/wp-content\/uploads\/usu728\/2019\/12\/Premis-IDECE-2019.jpg\" width=\"1000\" height=\"700\" \/><\/td>\n<\/tr>\n<tr>\n<td colspan=\"2\">\n<h4 class=\"entry-title\" style=\"text-align: justify;\">PREMIS MANUEL SALES I FERR\u00c9 2019<\/h4>\n<p style=\"text-align: justify;\">El dijous, 17 d\u2019octubre de 2019, a la Sala de Plens de l\u2019Ajuntament d\u2019Ulldecona, es va celebrar l\u2019acte de lliurament dels <strong>Premis Manuel Sales i Ferr\u00e9<\/strong> a treballs de recerca i investigaci\u00f3, en la seva primera edici\u00f3. Durant l\u2019acte es don\u00e0 lectura al veredicte del jurat que atorg\u00e0 el <strong>premi Manuel Sales i Ferr\u00e9 de Sociologia<\/strong> al treball \u201cPerspectiva juvenil dins d\u2019un m\u00f3n verd\u201d elaborat per l\u2019alumna <strong>Bibiana Le\u00f3n Roig<\/strong>, d\u2019Ulldecona; el <strong>premi MSF Terres de l\u2019Ebre<\/strong> al treball \u201cM\u00e9s que un Riure: pla de m\u00e0rqueting tur\u00edstic del Delta de l\u2019Ebre\u201d, elaborat per l\u2019alumna <strong>Marta Bertomeu Sancho<\/strong>, de l\u2019Institut de Deltebre i el <strong>premi<\/strong> <strong>MSF Terres del S\u00e9nia<\/strong> al treball \u201cEl turisme a Ulldecona, un passat per a un futur\u201d, elaborat per l\u2019alumna <strong>\u00c0ngela Elies Antich<\/strong>, de l\u2019Institut Manuel Sales i Ferr\u00e9 d\u2019Ulldecona.<\/p>\n<p style=\"text-align: justify;\">Tanmateix, el jurat va valorar molt positivament la qualitat i l\u2019originalitat d\u2019un altre treball presentat, al qual se li va concedir un <strong>Acc\u00e8ssit.<\/strong> Es tracta del treball \u201cLes matem\u00e0tiques a la natura\u201d elaborat per l\u2019alumna <strong>Marta Sanz Matamoros<\/strong> de l\u2019Institut Els Alfacs de Sant Carles de la R\u00e0pita. Totes les guardonades van exposar breument els objectius i els aspectes m\u00e9s importants dels seus treballs i van rebre els premis consistents en un ordinador port\u00e0til d\u2019\u00faltima generaci\u00f3 valorat en 600\u202f\u20ac aportat per l\u2019Ajuntament d\u2019Ulldecona.<\/p>\n<p style=\"text-align: justify;\">L\u2019alcaldessa, <strong>N\u00faria Ventura<\/strong>, va destacar en el seu parlament la import\u00e0ncia d\u2019aquesta primera edici\u00f3 dels premis, fruit de la bona col\u00b7laboraci\u00f3 entre l\u2019Ajuntament d\u2019Ulldecona i l\u2019Institut Manuel Sales i Ferr\u00e9, que els ha fet possibles, i tamb\u00e9 express\u00e0 el seu desig de continu\u00eftat en pr\u00f2ximes edicions per tal de seguir fomentant l\u2019esperit de recerca entre el jovent dels nostres instituts.<\/p>\n<p style=\"text-align: justify;\">El director, <strong>Ricard Reverter<\/strong>, va glossar la figura de l\u2019eminent soci\u00f2leg <strong>Manuel Sales i Ferr\u00e9<\/strong>, tot destacant la seva visi\u00f3 de futur quan, ja al segle XIX, va impulsar la recerca i la investigaci\u00f3, sobretot en el camp antropol\u00f2gic i a trav\u00e9s de les campanyes arqueol\u00f2giques que ell mateix va impulsar, com a font d\u2019evid\u00e8ncia cient\u00edfica que pugui explicar la hist\u00f2ria de la humanitat i el progr\u00e9s de les societats.<\/p>\n<p style=\"text-align: justify;\">L\u2019acte va servir de cloenda de l\u2019any en el qual hem celebrat el <strong>50\u00e8 Aniversari<\/strong> de la nostra instituci\u00f3, inaugurada un 18 d\u2019octubre de 1968. La projecci\u00f3 d\u2019unes imatges retrospectives i un aperitiu als claustres de l\u2019Ajuntament, compartit amb el p\u00fablic assistent que omplia la sala de plens i les guardonades, van tancar aquesta hist\u00f2rica celebraci\u00f3.<\/p>\n<\/td>\n<td style=\"width: 40%; vertical-align: top;\"><img loading=\"lazy\" decoding=\"async\" class=\"alignnone size-large\" src=\"https:\/\/agora.xtec.cat\/ies-manuel-sales\/wp-content\/uploads\/usu728\/2019\/10\/IMG-20191018-WA0006-1.jpg\" width=\"1436\" height=\"1001\" \/><\/td>\n<\/tr>\n<\/tbody>\n<\/table>\n","protected":false},"excerpt":{"rendered":"<p>GALERIA DE GUARDONATS<\/p>\n<p>Curs 2018\/19<\/p>\n<p>\u00c0NGELA ELIES, PREMI IDECE PEL SEU TREBALL DE RECERCA<br \/>\nLa 8a edici\u00f3 dels Premis IDECE 2019 ha distingit amb el segon premi, dotat amb 1.000 \u20ac, al treball El turisme a Ulldecona. Un passat per a un futur, d\u2019\u00c0ngela Elies, estudiant de batxillerat&hellip;  <a href=\"https:\/\/agora.xtec.cat\/ies-manuel-sales\/serveis\/premis\/premis-2018-19\/\" title=\"Read PREMIS 2018\/19\">Llegeix m\u00e9s\u00bb<\/a><\/p>\n","protected":false},"author":1,"featured_media":0,"parent":431,"menu_order":0,"comment_status":"closed","ping_status":"closed","template":"page-templates\/side-menu.php","meta":{"_bbp_topic_count":0,"_bbp_reply_count":0,"_bbp_total_topic_count":0,"_bbp_total_reply_count":0,"_bbp_voice_count":0,"_bbp_anonymous_reply_count":0,"_bbp_topic_count_hidden":0,"_bbp_reply_count_hidden":0,"_bbp_forum_subforum_count":0,"footnotes":""},"class_list":["post-5818","page","type-page","status-publish","hentry"],"post_mailing_queue_ids":[],"_links":{"self":[{"href":"https:\/\/agora.xtec.cat\/ies-manuel-sales\/wp-json\/wp\/v2\/pages\/5818","targetHints":{"allow":["GET"]}}],"collection":[{"href":"https:\/\/agora.xtec.cat\/ies-manuel-sales\/wp-json\/wp\/v2\/pages"}],"about":[{"href":"https:\/\/agora.xtec.cat\/ies-manuel-sales\/wp-json\/wp\/v2\/types\/page"}],"author":[{"embeddable":true,"href":"https:\/\/agora.xtec.cat\/ies-manuel-sales\/wp-json\/wp\/v2\/users\/1"}],"replies":[{"embeddable":true,"href":"https:\/\/agora.xtec.cat\/ies-manuel-sales\/wp-json\/wp\/v2\/comments?post=5818"}],"version-history":[{"count":1,"href":"https:\/\/agora.xtec.cat\/ies-manuel-sales\/wp-json\/wp\/v2\/pages\/5818\/revisions"}],"predecessor-version":[{"id":5819,"href":"https:\/\/agora.xtec.cat\/ies-manuel-sales\/wp-json\/wp\/v2\/pages\/5818\/revisions\/5819"}],"up":[{"embeddable":true,"href":"https:\/\/agora.xtec.cat\/ies-manuel-sales\/wp-json\/wp\/v2\/pages\/431"}],"wp:attachment":[{"href":"https:\/\/agora.xtec.cat\/ies-manuel-sales\/wp-json\/wp\/v2\/media?parent=5818"}],"curies":[{"name":"wp","href":"https:\/\/api.w.org\/{rel}","templated":true}]}}