{"id":5813,"date":"2024-01-22T18:53:57","date_gmt":"2024-01-22T17:53:57","guid":{"rendered":"https:\/\/agora.xtec.cat\/ies-manuel-sales\/?page_id=5813"},"modified":"2024-01-22T19:09:15","modified_gmt":"2024-01-22T18:09:15","slug":"premis-2019-20","status":"publish","type":"page","link":"https:\/\/agora.xtec.cat\/ies-manuel-sales\/serveis\/premis\/premis-2019-20\/","title":{"rendered":"PREMIS 2019\/20"},"content":{"rendered":"<table>\n<tbody>\n<tr>\n<td><img loading=\"lazy\" decoding=\"async\" class=\"alignleft size-thumbnail wp-image-432\" src=\"http:\/\/agora.xtec.cat\/ies-manuel-sales\/wp-content\/uploads\/usu728\/2015\/09\/medalla-120x150.gif\" alt=\"medalla\" width=\"120\" height=\"150\" \/><\/td>\n<td style=\"text-align: right; vertical-align: top;\">\n<h4><strong>GALERIA DE GUARDONATS<\/strong><\/h4>\n<h4><\/h4>\n<\/td>\n<td style=\"text-align: right; vertical-align: top;\">\n<h4><strong>Curs 2019\/20<\/strong><\/h4>\n<\/td>\n<\/tr>\n<tr>\n<td style=\"vertical-align: top;\" colspan=\"2\">\n<h4 class=\"entry-title\" style=\"text-align: justify;\">PREMIS MANUEL SALES I FERR\u00c9 2020<\/h4>\n<p style=\"text-align: justify;\">El dissabte, 24 d\u2019octubre de 2020, a les 12:00, es va dur a terme l\u2019acte de lliurament dels <strong>premis Manuel Sales i Ferr\u00e9<\/strong> a treballs de recerca i investigaci\u00f3 en la seva <strong>2a edici\u00f3<\/strong>. Al claustre de l\u2019Ajuntament d\u2019Ulldecona i amb restriccions d\u2019aforament per les mesures de protecci\u00f3 contra la COVID19, l\u2019acte va comptar amb la pres\u00e8ncia dels premiats, amb les seves fam\u00edlies i representants dels centres docents, dels membres del jurat, aix\u00ed com d\u2019una representaci\u00f3 del professorat de l\u2019Institut.<\/p>\n<p style=\"text-align: justify;\">En aquesta edici\u00f3 el veredicte del jurat va ser el seg\u00fcent:<\/p>\n<ul>\n<li style=\"text-align: justify;\"><strong>Premi MSF de Sociologia<\/strong> al treball \u201cPrimaveres trencades\u201d de l\u2019alumna <strong>Priscilla Vidal Sol\u00e9<\/strong> de l\u2019Institut Els Alfacs de Sant Carles de la R\u00e0pita.<\/li>\n<li style=\"text-align: justify;\"><strong>Premi MSF Terres de l\u2019Ebre<\/strong> al treball \u201cReconstrucci\u00f3 dels or\u00edgens rapitencs\u201d de l\u2019alumne <strong>Pol Campo Ort\u00ed<\/strong> de l\u2019Institut Els Alfacs de Sant Carles de la R\u00e0pita.<\/li>\n<li style=\"text-align: justify;\"><strong>Premi MSF Terres del S\u00e9nia<\/strong> al treball \u201cLa cuina; podem considerar-la ci\u00e8ncia?\u201d de l\u2019alumna <strong>Iulia Platon Irghiznova<\/strong> de l\u2019Institut Manuel Sales i Ferr\u00e9 d\u2019Ulldecona.<\/li>\n<\/ul>\n<p style=\"text-align: justify;\">En els seus parlaments, els alumnes van exposar les idees principals de llurs treballs i el seu proc\u00e9s d\u2019elaboraci\u00f3. El director, <strong>Ricard Reverter<\/strong>, i l\u2019alcaldessa, <strong>N\u00faria Ventura<\/strong>, van glossar la figura de l\u2019eminent soci\u00f2leg Sales i Ferr\u00e9 i van encoratjar els alumnes a seguir treballant en els seus camps d\u2019estudi pel progr\u00e9s social fonamentat en la investigaci\u00f3 rigorosa i la recerca cont\u00ednua.<\/p>\n<p style=\"text-align: justify;\">Els alumnes van recollir el premi patrocinat per l\u2019<strong>Ajuntament d\u2019Ulldecona<\/strong>, consistent en un ordinador port\u00e0til d\u2019\u00faltima generaci\u00f3.<\/p>\n<\/td>\n<td style=\"width: 40%; vertical-align: top;\"><img loading=\"lazy\" decoding=\"async\" class=\"alignnone size-large\" src=\"https:\/\/agora.xtec.cat\/ies-manuel-sales\/wp-content\/uploads\/usu728\/2020\/10\/WhatsApp-Image-2020-10-24-at-14.21.46.jpeg\" width=\"1462\" height=\"796\" \/><\/td>\n<\/tr>\n<\/tbody>\n<\/table>\n","protected":false},"excerpt":{"rendered":"<p>GALERIA DE GUARDONATS<\/p>\n<p>Curs 2019\/20<\/p>\n<p>PREMIS MANUEL SALES I FERR\u00c9 2020<br \/>\nEl dissabte, 24 d\u2019octubre de 2020, a les 12:00, es va dur a terme l\u2019acte de lliurament dels premis Manuel Sales i Ferr\u00e9 a treballs de recerca i investigaci\u00f3 en la seva 2a edici\u00f3. Al claustre de&hellip;  <a href=\"https:\/\/agora.xtec.cat\/ies-manuel-sales\/serveis\/premis\/premis-2019-20\/\" title=\"Read PREMIS 2019\/20\">Llegeix m\u00e9s\u00bb<\/a><\/p>\n","protected":false},"author":1,"featured_media":0,"parent":431,"menu_order":0,"comment_status":"closed","ping_status":"closed","template":"page-templates\/side-menu.php","meta":{"_bbp_topic_count":0,"_bbp_reply_count":0,"_bbp_total_topic_count":0,"_bbp_total_reply_count":0,"_bbp_voice_count":0,"_bbp_anonymous_reply_count":0,"_bbp_topic_count_hidden":0,"_bbp_reply_count_hidden":0,"_bbp_forum_subforum_count":0,"footnotes":""},"class_list":["post-5813","page","type-page","status-publish","hentry"],"post_mailing_queue_ids":[],"_links":{"self":[{"href":"https:\/\/agora.xtec.cat\/ies-manuel-sales\/wp-json\/wp\/v2\/pages\/5813","targetHints":{"allow":["GET"]}}],"collection":[{"href":"https:\/\/agora.xtec.cat\/ies-manuel-sales\/wp-json\/wp\/v2\/pages"}],"about":[{"href":"https:\/\/agora.xtec.cat\/ies-manuel-sales\/wp-json\/wp\/v2\/types\/page"}],"author":[{"embeddable":true,"href":"https:\/\/agora.xtec.cat\/ies-manuel-sales\/wp-json\/wp\/v2\/users\/1"}],"replies":[{"embeddable":true,"href":"https:\/\/agora.xtec.cat\/ies-manuel-sales\/wp-json\/wp\/v2\/comments?post=5813"}],"version-history":[{"count":3,"href":"https:\/\/agora.xtec.cat\/ies-manuel-sales\/wp-json\/wp\/v2\/pages\/5813\/revisions"}],"predecessor-version":[{"id":5817,"href":"https:\/\/agora.xtec.cat\/ies-manuel-sales\/wp-json\/wp\/v2\/pages\/5813\/revisions\/5817"}],"up":[{"embeddable":true,"href":"https:\/\/agora.xtec.cat\/ies-manuel-sales\/wp-json\/wp\/v2\/pages\/431"}],"wp:attachment":[{"href":"https:\/\/agora.xtec.cat\/ies-manuel-sales\/wp-json\/wp\/v2\/media?parent=5813"}],"curies":[{"name":"wp","href":"https:\/\/api.w.org\/{rel}","templated":true}]}}