{"id":5811,"date":"2024-01-22T18:46:40","date_gmt":"2024-01-22T17:46:40","guid":{"rendered":"https:\/\/agora.xtec.cat\/ies-manuel-sales\/?page_id=5811"},"modified":"2024-01-22T18:56:57","modified_gmt":"2024-01-22T17:56:57","slug":"premis-2020-21","status":"publish","type":"page","link":"https:\/\/agora.xtec.cat\/ies-manuel-sales\/serveis\/premis\/premis-2020-21\/","title":{"rendered":"PREMIS 2020\/21"},"content":{"rendered":"<table>\n<tbody>\n<tr>\n<td><img loading=\"lazy\" decoding=\"async\" class=\"alignleft size-thumbnail wp-image-432\" src=\"http:\/\/agora.xtec.cat\/ies-manuel-sales\/wp-content\/uploads\/usu728\/2015\/09\/medalla-120x150.gif\" alt=\"medalla\" width=\"120\" height=\"150\" \/><\/td>\n<td style=\"text-align: right; vertical-align: top;\">\n<h4><strong>GALERIA DE GUARDONATS<\/strong><\/h4>\n<h4><\/h4>\n<\/td>\n<td style=\"text-align: right; vertical-align: top;\">\n<h4><strong>Curs 2020\/21<\/strong><\/h4>\n<\/td>\n<\/tr>\n<tr>\n<td style=\"vertical-align: top;\" colspan=\"2\">\n<h4 class=\"entry-title\" style=\"text-align: justify;\">PREMIS MANUEL SALES I FERR\u00c9 2021<\/h4>\n<p style=\"text-align: justify;\">La tercera edici\u00f3 dels <strong>premis Manuel Sales i Ferr\u00e9<\/strong> a treballs de recerca i investigaci\u00f3, convocats per l\u2019<strong>Institut Manuel Sales i Ferr\u00e9<\/strong> i l\u2019<strong>Ajuntament d\u2019Ulldecona<\/strong>, es va cloure amb l\u2019acte de lliurament dels guardons celebrat a la sala de plens de l\u2019Ajuntament d\u2019Ulldecona el dissabte, 16 d\u2019octubre de 2021, en el marc de la Fira de Sant Lluc.<\/p>\n<p style=\"text-align: justify;\">En aquesta edici\u00f3 els treballs premiats han estat els seg\u00fcents:<\/p>\n<ul>\n<li style=\"text-align: justify;\">\u201cUna motxilla plena de sentiments: de la casa bressol a casa nostra\u201d, de l\u2019alumna <strong>Daria Torta Cid<\/strong> de l\u2019Institut Ramon Berenguer IV d\u2019Amposta. Premi MSF de <em>Sociologia<\/em>.<\/li>\n<li style=\"text-align: justify;\">\u201cCreaci\u00f3 de sistemes dunars fixats amb vegetaci\u00f3 al Delta de l\u2019Ebre\u201d, de l\u2019alumna <strong>Gemma Llu\u00eds Porres<\/strong> de l\u2019Institut Ramon Berenguer IV d\u2019Amposta. Premi MSF <em>Terres de l\u2019Ebre<\/em>.<\/li>\n<li style=\"text-align: justify;\">\u201cElaboraci\u00f3 d\u2019un perfum: Acqua di l\u2019Ebre\u201d, de l\u2019alumna <strong>Paula P\u00e9rez Izquierdo<\/strong> de l\u2019Institut Els Alfacs de Sant Carles de la R\u00e0pita. Premi MSF <em>Terres del S\u00e9nia<\/em>.<\/li>\n<\/ul>\n<p style=\"text-align: justify;\">L\u2019acte va comptar amb l\u2019assist\u00e8ncia de les alumnes premiades, acompanyades de les seves fam\u00edlies, tutors i representants dels centres educatius. Tamb\u00e9 va comptar amb la participaci\u00f3 del director adjunt dels <strong>Serveis Territorials d\u2019Educaci\u00f3 a les Terres de l\u2019Ebre<\/strong>, Sr. <strong>Mari\u00e0 Cano<\/strong>, aix\u00ed com de la representaci\u00f3 municipal per part de la regidora d\u2019Educaci\u00f3, Sra. <strong>Cati Brusca<\/strong>, i de l\u2019alcaldessa, Sra. <strong>N\u00faria Ventura<\/strong>, la qual adre\u00e7\u00e0 a les premiades unes paraules d\u2019agra\u00efment per la qualitat dels treballs i el desig de continu\u00eftat en la convocat\u00f2ria d\u2019aquests premis en edicions successives.<\/p>\n<p style=\"text-align: justify;\">Des de la primera edici\u00f3 ha anat augmentant el nombre de treballs presentats als premis; uns treballs que demostren la bona feina en recerca que fan els alumnes dels centres de secund\u00e0ria que hi participen. En paraules de l\u2019insigne Manuel Sales, com va recordar el director, Sr. <strong>Ricard Reverter<\/strong>, una bona mostra de la <em>\u201cinvestigaci\u00f3 experimental positiva\u201d<\/em>, imprescindible per al progr\u00e9s de les societats modernes.<\/p>\n<\/td>\n<td style=\"width: 40%; vertical-align: top;\"><img loading=\"lazy\" decoding=\"async\" class=\"alignnone\" src=\"https:\/\/agora.xtec.cat\/ies-manuel-sales\/wp-content\/uploads\/usu728\/2021\/10\/IMG-20211016-WA0047.jpg\" alt=\"\" width=\"406\" height=\"298\" \/><\/td>\n<\/tr>\n<\/tbody>\n<\/table>\n","protected":false},"excerpt":{"rendered":"<p>GALERIA DE GUARDONATS<\/p>\n<p>Curs 2020\/21<\/p>\n<p>PREMIS MANUEL SALES I FERR\u00c9 2021<br \/>\nLa tercera edici\u00f3 dels premis Manuel Sales i Ferr\u00e9 a treballs de recerca i investigaci\u00f3, convocats per l\u2019Institut Manuel Sales i Ferr\u00e9 i l\u2019Ajuntament d\u2019Ulldecona, es va cloure amb l\u2019acte de lliurament dels guardons celebrat a la&hellip;  <a href=\"https:\/\/agora.xtec.cat\/ies-manuel-sales\/serveis\/premis\/premis-2020-21\/\" title=\"Read PREMIS 2020\/21\">Llegeix m\u00e9s\u00bb<\/a><\/p>\n","protected":false},"author":1,"featured_media":0,"parent":431,"menu_order":0,"comment_status":"closed","ping_status":"closed","template":"page-templates\/side-menu.php","meta":{"_bbp_topic_count":0,"_bbp_reply_count":0,"_bbp_total_topic_count":0,"_bbp_total_reply_count":0,"_bbp_voice_count":0,"_bbp_anonymous_reply_count":0,"_bbp_topic_count_hidden":0,"_bbp_reply_count_hidden":0,"_bbp_forum_subforum_count":0,"footnotes":""},"class_list":["post-5811","page","type-page","status-publish","hentry"],"post_mailing_queue_ids":[],"_links":{"self":[{"href":"https:\/\/agora.xtec.cat\/ies-manuel-sales\/wp-json\/wp\/v2\/pages\/5811","targetHints":{"allow":["GET"]}}],"collection":[{"href":"https:\/\/agora.xtec.cat\/ies-manuel-sales\/wp-json\/wp\/v2\/pages"}],"about":[{"href":"https:\/\/agora.xtec.cat\/ies-manuel-sales\/wp-json\/wp\/v2\/types\/page"}],"author":[{"embeddable":true,"href":"https:\/\/agora.xtec.cat\/ies-manuel-sales\/wp-json\/wp\/v2\/users\/1"}],"replies":[{"embeddable":true,"href":"https:\/\/agora.xtec.cat\/ies-manuel-sales\/wp-json\/wp\/v2\/comments?post=5811"}],"version-history":[{"count":2,"href":"https:\/\/agora.xtec.cat\/ies-manuel-sales\/wp-json\/wp\/v2\/pages\/5811\/revisions"}],"predecessor-version":[{"id":5815,"href":"https:\/\/agora.xtec.cat\/ies-manuel-sales\/wp-json\/wp\/v2\/pages\/5811\/revisions\/5815"}],"up":[{"embeddable":true,"href":"https:\/\/agora.xtec.cat\/ies-manuel-sales\/wp-json\/wp\/v2\/pages\/431"}],"wp:attachment":[{"href":"https:\/\/agora.xtec.cat\/ies-manuel-sales\/wp-json\/wp\/v2\/media?parent=5811"}],"curies":[{"name":"wp","href":"https:\/\/api.w.org\/{rel}","templated":true}]}}