{"id":5809,"date":"2024-01-22T18:36:47","date_gmt":"2024-01-22T17:36:47","guid":{"rendered":"https:\/\/agora.xtec.cat\/ies-manuel-sales\/?page_id=5809"},"modified":"2024-01-22T18:36:47","modified_gmt":"2024-01-22T17:36:47","slug":"premis-2021-22","status":"publish","type":"page","link":"https:\/\/agora.xtec.cat\/ies-manuel-sales\/serveis\/premis\/premis-2021-22\/","title":{"rendered":"PREMIS 2021\/22"},"content":{"rendered":"<table>\n<tbody>\n<tr>\n<td style=\"vertical-align: top;\"><img loading=\"lazy\" decoding=\"async\" class=\"alignleft size-thumbnail wp-image-432\" src=\"http:\/\/agora.xtec.cat\/ies-manuel-sales\/wp-content\/uploads\/usu728\/2015\/09\/medalla-120x150.gif\" alt=\"medalla\" width=\"120\" height=\"150\" \/><\/td>\n<td style=\"vertical-align: top; text-align: right;\">\n<h4><strong>GALERIA DE GUARDONATS<\/strong><\/h4>\n<h4><\/h4>\n<\/td>\n<td style=\"vertical-align: top; text-align: right;\">\n<h4><strong>Curs 2021\/22<\/strong><\/h4>\n<\/td>\n<\/tr>\n<tr>\n<td style=\"vertical-align: top;\" colspan=\"2\">\n<h4 class=\"entry-title\" style=\"text-align: justify;\">PREMIS MANUEL SALES I FERR\u00c9 2022<\/h4>\n<p dir=\"auto\" style=\"text-align: justify;\">El dissabte, 29 d\u2019octubre de 2022, es va celebrar l\u2019acte de lliurament dels <strong>Premis Manuel Sales i Ferr\u00e9<\/strong> en la seva <strong>IV Edici\u00f3 2022<\/strong>. Els premis, organitzats pel nostre institut amb la col\u00b7laboraci\u00f3 de l\u2019Ajuntament d\u2019Ulldecona, tenen com a objectiu difondre els treballs de recerca dels alumnes de secund\u00e0ria en les modalitats de Sociologia, Terres de l\u2019Ebre i Terres del S\u00e9nia.<\/p>\n<p dir=\"auto\" style=\"text-align: justify;\">En aquesta ocasi\u00f3 els guardonats han estat:<\/p>\n<ul>\n<li dir=\"auto\" style=\"text-align: justify;\">Premi MSF de Sociologia: <strong>Al\u00e8xia Brusca Forn\u00e9<\/strong>, de l\u2019Institut Els Alfacs de La R\u00e0pita pel treball <em>\u201cLes coeteres del Delta de l\u2019Ebre. La lluita gran\u00edfuga\u201d<\/em>.<\/li>\n<li dir=\"auto\" style=\"text-align: justify;\">Premi MSF Terres de l\u2019Ebre: <strong>Martina Tol\u00f3s Camp\u00e0s<\/strong>, de l\u2019Institut Ramon Berenguer IV d\u2019Amposta pel treball <em>\u201cAvaluaci\u00f3 de la pres\u00e8ncia de tetrodotoxina en mostres de marisc del Delta de l\u2019Ebre\u201d<\/em>.<\/li>\n<li dir=\"auto\" style=\"text-align: justify;\">Premi MSF Terres del S\u00e9nia: <strong>Albert Poy Ventura<\/strong> de l\u2019Institut Manuel Sales i Ferr\u00e9 d\u2019Ulldecona pel treball <em>\u201cVida i obra de Vicent Barrera Carapuig\u201d<\/em>.<\/li>\n<\/ul>\n<p dir=\"auto\" style=\"text-align: justify;\">L\u2019acte, presidit pel director de l\u2019Institut, <strong>Ricard Reverter<\/strong>, i l\u2019alcaldessa d\u2019Ulldecona, <strong>N\u00faria Ventura<\/strong>, es va dur a terme al sal\u00f3 de plens de l\u2019Ajuntament d\u2019Ulldecona, amb la pres\u00e8ncia dels alumnes premiats, els seus tutors i les seves fam\u00edlies, aix\u00ed com dels membres del jurat, del director adjunt dels Serveis Territorials d\u2019Educaci\u00f3 a les Terres de l\u2019Ebre, Sr. <strong>Mari\u00e0 Cano<\/strong>, d\u2019altres regidors del consistori i professorat i personal de l\u2019institut.<\/p>\n<p dir=\"auto\" style=\"text-align: justify;\">Els alumnes van fer una breu exposici\u00f3 dels seus treballs, on van destacar les dificultats que representa la cerca d\u2019informaci\u00f3 i l\u2019esfor\u00e7 que aix\u00f2 implica per a un alumne de batxillerat; dificultats que queden recompensades quan veuen complet el seu treball de recerca. En els parlaments es va destacar tamb\u00e9 la import\u00e0ncia del soci\u00f2leg ulldeconenc Manuel Sales i Ferr\u00e9, que don\u00e0 origen a aquests premis.<\/p>\n<p dir=\"auto\" style=\"text-align: justify;\">Moltes felicitats a l\u2019alumnat premiat, als seus tutors i fam\u00edlies i als centres educatius participants.<\/p>\n<\/td>\n<td style=\"width: 40%; vertical-align: top;\"><img loading=\"lazy\" decoding=\"async\" class=\"alignnone size-full wp-image-4834\" src=\"https:\/\/agora.xtec.cat\/ies-manuel-sales\/wp-content\/uploads\/usu728\/2022\/11\/Premis-MSF-2022-07-1.jpg\" alt=\"\" width=\"1600\" height=\"1197\" srcset=\"https:\/\/agora.xtec.cat\/ies-manuel-sales\/wp-content\/uploads\/usu728\/2022\/11\/Premis-MSF-2022-07-1.jpg 1600w, https:\/\/agora.xtec.cat\/ies-manuel-sales\/wp-content\/uploads\/usu728\/2022\/11\/Premis-MSF-2022-07-1-535x400.jpg 535w, https:\/\/agora.xtec.cat\/ies-manuel-sales\/wp-content\/uploads\/usu728\/2022\/11\/Premis-MSF-2022-07-1-1024x766.jpg 1024w, https:\/\/agora.xtec.cat\/ies-manuel-sales\/wp-content\/uploads\/usu728\/2022\/11\/Premis-MSF-2022-07-1-768x575.jpg 768w, https:\/\/agora.xtec.cat\/ies-manuel-sales\/wp-content\/uploads\/usu728\/2022\/11\/Premis-MSF-2022-07-1-1536x1149.jpg 1536w, https:\/\/agora.xtec.cat\/ies-manuel-sales\/wp-content\/uploads\/usu728\/2022\/11\/Premis-MSF-2022-07-1-200x150.jpg 200w\" sizes=\"auto, (max-width: 1600px) 100vw, 1600px\" \/><\/td>\n<\/tr>\n<tr>\n<td colspan=\"2\">\n<h4 class=\"entry-title\" style=\"text-align: justify;\">PREMI PER A \u00c8LIA ARNAU ABILLEIRA DEL I CONCURS DE RELATS SOBRE SALUT MENTAL<\/h4>\n<p style=\"text-align: justify;\">L\u2019alumna de 2n d\u2019ESO <strong>\u00c8lia Arnau Abilleira<\/strong> ha rebut el premi del <strong>1r concurs de relats \u201cLa <span class=\"il\">salut<\/span> <span class=\"il\">mental<\/span> i benestar emocional \u00e9s la prioritat\u201d <\/strong>amb el relat <strong>\u201cEl diari de la Cloe\u201d.<\/strong> El concurs ha estat organitzat per la Taula de Salut Mental de les Terres de l\u2019Ebre al Montsi\u00e0; una activitat que s\u2019emmarca dins la setmana de la Salut Mental. El guard\u00f3 ha consistit amb un diploma acreditatiu i un val de 100\u20ac bescanviable per material escolar.<\/p>\n<p style=\"text-align: justify;\">L\u2019acte de lliurament celebrat al <strong>Consell Comarcal del Montsi\u00e0<\/strong> ha comptat amb la pres\u00e8ncia del president del Consell, Sr. <strong>Joan Roig Castell<\/strong>, representants del Departament d\u2019Educaci\u00f3 a les Terres de l\u2019Ebre i del servei de Salut Mental, del director de l\u2019Institut, <strong>Ricard Reverter<\/strong> i la professora <strong>Ma. Teresa Gonz\u00e1lez<\/strong>, a part de la mateixa alumna premiada.<\/p>\n<p style=\"text-align: justify;\">La Taula de la Salut Mental de les Terres de l\u2019Ebre organitza aquest concurs per tal de sensibilitzar i desestigmatitzar els problemes de salut mental, a m\u00e9s de convidar els infants i adolescents de les nostres comarques a parlar i expressar-se amb la m\u00e0xima naturalitat sobre aquest tema en l\u2019\u00e0mbit educatiu.<\/p>\n<\/td>\n<td><img loading=\"lazy\" decoding=\"async\" class=\"alignnone size-full wp-image-4062\" src=\"https:\/\/agora.xtec.cat\/ies-manuel-sales\/wp-content\/uploads\/usu728\/2021\/10\/Premis-Salut-Mental-Elia-Arnau-03.jpeg\" alt=\"\" width=\"1300\" height=\"1500\" srcset=\"https:\/\/agora.xtec.cat\/ies-manuel-sales\/wp-content\/uploads\/usu728\/2021\/10\/Premis-Salut-Mental-Elia-Arnau-03.jpeg 1300w, https:\/\/agora.xtec.cat\/ies-manuel-sales\/wp-content\/uploads\/usu728\/2021\/10\/Premis-Salut-Mental-Elia-Arnau-03-347x400.jpeg 347w, https:\/\/agora.xtec.cat\/ies-manuel-sales\/wp-content\/uploads\/usu728\/2021\/10\/Premis-Salut-Mental-Elia-Arnau-03-887x1024.jpeg 887w, https:\/\/agora.xtec.cat\/ies-manuel-sales\/wp-content\/uploads\/usu728\/2021\/10\/Premis-Salut-Mental-Elia-Arnau-03-768x886.jpeg 768w\" sizes=\"auto, (max-width: 1300px) 100vw, 1300px\" \/><\/td>\n<\/tr>\n<\/tbody>\n<\/table>\n","protected":false},"excerpt":{"rendered":"<p>GALERIA DE GUARDONATS<\/p>\n<p>Curs 2021\/22<\/p>\n<p>PREMIS MANUEL SALES I FERR\u00c9 2022<br \/>\nEl dissabte, 29 d\u2019octubre de 2022, es va celebrar l\u2019acte de lliurament dels Premis Manuel Sales i Ferr\u00e9 en la seva IV Edici\u00f3 2022. Els premis, organitzats pel nostre institut amb la col\u00b7laboraci\u00f3 de l\u2019Ajuntament d\u2019Ulldecona, tenen&hellip;  <a href=\"https:\/\/agora.xtec.cat\/ies-manuel-sales\/serveis\/premis\/premis-2021-22\/\" title=\"Read PREMIS 2021\/22\">Llegeix m\u00e9s\u00bb<\/a><\/p>\n","protected":false},"author":1,"featured_media":0,"parent":431,"menu_order":0,"comment_status":"closed","ping_status":"closed","template":"page-templates\/side-menu.php","meta":{"_bbp_topic_count":0,"_bbp_reply_count":0,"_bbp_total_topic_count":0,"_bbp_total_reply_count":0,"_bbp_voice_count":0,"_bbp_anonymous_reply_count":0,"_bbp_topic_count_hidden":0,"_bbp_reply_count_hidden":0,"_bbp_forum_subforum_count":0,"footnotes":""},"class_list":["post-5809","page","type-page","status-publish","hentry"],"post_mailing_queue_ids":[],"_links":{"self":[{"href":"https:\/\/agora.xtec.cat\/ies-manuel-sales\/wp-json\/wp\/v2\/pages\/5809","targetHints":{"allow":["GET"]}}],"collection":[{"href":"https:\/\/agora.xtec.cat\/ies-manuel-sales\/wp-json\/wp\/v2\/pages"}],"about":[{"href":"https:\/\/agora.xtec.cat\/ies-manuel-sales\/wp-json\/wp\/v2\/types\/page"}],"author":[{"embeddable":true,"href":"https:\/\/agora.xtec.cat\/ies-manuel-sales\/wp-json\/wp\/v2\/users\/1"}],"replies":[{"embeddable":true,"href":"https:\/\/agora.xtec.cat\/ies-manuel-sales\/wp-json\/wp\/v2\/comments?post=5809"}],"version-history":[{"count":1,"href":"https:\/\/agora.xtec.cat\/ies-manuel-sales\/wp-json\/wp\/v2\/pages\/5809\/revisions"}],"predecessor-version":[{"id":5810,"href":"https:\/\/agora.xtec.cat\/ies-manuel-sales\/wp-json\/wp\/v2\/pages\/5809\/revisions\/5810"}],"up":[{"embeddable":true,"href":"https:\/\/agora.xtec.cat\/ies-manuel-sales\/wp-json\/wp\/v2\/pages\/431"}],"wp:attachment":[{"href":"https:\/\/agora.xtec.cat\/ies-manuel-sales\/wp-json\/wp\/v2\/media?parent=5809"}],"curies":[{"name":"wp","href":"https:\/\/api.w.org\/{rel}","templated":true}]}}