{"id":5805,"date":"2024-01-22T18:06:07","date_gmt":"2024-01-22T17:06:07","guid":{"rendered":"https:\/\/agora.xtec.cat\/ies-manuel-sales\/?page_id=5805"},"modified":"2024-01-22T19:20:10","modified_gmt":"2024-01-22T18:20:10","slug":"premis-2017-18","status":"publish","type":"page","link":"https:\/\/agora.xtec.cat\/ies-manuel-sales\/serveis\/premis\/premis-2017-18\/","title":{"rendered":"PREMIS 2017\/18"},"content":{"rendered":"<table>\n<tbody>\n<tr>\n<td style=\"vertical-align: top;\"><img loading=\"lazy\" decoding=\"async\" class=\"alignleft size-thumbnail wp-image-432\" src=\"http:\/\/agora.xtec.cat\/ies-manuel-sales\/wp-content\/uploads\/usu728\/2015\/09\/medalla-120x150.gif\" alt=\"medalla\" width=\"120\" height=\"150\" \/><\/td>\n<td style=\"text-align: right; vertical-align: top;\">\n<h4><strong>GALERIA DE GUARDONATS<\/strong><\/h4>\n<h4><\/h4>\n<\/td>\n<td style=\"text-align: right; vertical-align: top;\">\n<h4><strong>Curs 2017\/18<\/strong><\/h4>\n<\/td>\n<\/tr>\n<tr>\n<td style=\"vertical-align: top; text-align: justify;\" colspan=\"2\">\n<h4 class=\"entry-title\">PREMI RECERCA JOVE PER A ENRIC SIM\u00d3 QUERALT<\/h4>\n<p>L\u2019alumne <strong>Enric Sim\u00f3<\/strong>, que va acabar el batxillerat el curs passat, ha obtingut un nou guard\u00f3 pel seu treball de recerca <strong>\u201cLladres de dades a l\u2019era digital\u201d<\/strong> en l\u2019edici\u00f3 2017 dels premis <strong>Recerca Jove<\/strong> per fomentar l\u2019esperit cient\u00edfic del jovent, convocats per l\u2019AGAUR, l\u2019Ag\u00e8ncia de Gesti\u00f3 d\u2019Ajuts Universitaris i de Recerca de la Generalitat de Catalunya.<\/p>\n<p>El treball va estar tutoritzat pel professor Ricard Reverter i l\u2019entrega de premis s&#8217;esdevingu\u00e9 a Barcelona el 22 de desembre de 2018, amb la pres\u00e8ncia del Molt Honorable president de la Generalitat de Catalunya, Sr. Quim Torra.<\/td>\n<td style=\"vertical-align: top;\"><a href=\"https:\/\/agora.xtec.cat\/ies-manuel-sales\/wp-content\/uploads\/usu728\/2019\/01\/PREMIS-RECERCA-JOVE-2018-051.jpg\"><img loading=\"lazy\" decoding=\"async\" class=\"alignleft size-large wp-image-2572\" src=\"https:\/\/agora.xtec.cat\/ies-manuel-sales\/wp-content\/uploads\/usu728\/2019\/01\/PREMIS-RECERCA-JOVE-2018-051-1024x683.jpg\" alt=\"Recerca Jove 2017\" width=\"1024\" height=\"683\" srcset=\"https:\/\/agora.xtec.cat\/ies-manuel-sales\/wp-content\/uploads\/usu728\/2019\/01\/PREMIS-RECERCA-JOVE-2018-051-1024x683.jpg 1024w, https:\/\/agora.xtec.cat\/ies-manuel-sales\/wp-content\/uploads\/usu728\/2019\/01\/PREMIS-RECERCA-JOVE-2018-051-600x400.jpg 600w, https:\/\/agora.xtec.cat\/ies-manuel-sales\/wp-content\/uploads\/usu728\/2019\/01\/PREMIS-RECERCA-JOVE-2018-051-768x512.jpg 768w, https:\/\/agora.xtec.cat\/ies-manuel-sales\/wp-content\/uploads\/usu728\/2019\/01\/PREMIS-RECERCA-JOVE-2018-051.jpg 1500w\" sizes=\"auto, (max-width: 1024px) 100vw, 1024px\" \/><\/a><\/td>\n<\/tr>\n<tr>\n<td style=\"vertical-align: top; text-align: justify;\" colspan=\"2\">\n<h4 class=\"entry-title\">ENTREGA DELS PREMIS DEL CONSELL SOCIAL DE LA URV<\/h4>\n<p>El 30 de novembre de 2017 es va celebrar l\u2019acte de lliurament dels <strong>premis del Consell Social de la Universitat Rovira i Virgili<\/strong> en l\u2019edici\u00f3 del 2017. Al paranimf de la mateixa universitat els 11 alumnes premiats van presentar els seus treballs de recerca i van rebre els premis corresponents.<\/p>\n<p>El nostre centre ha estat d\u2019enhorabona en aquesta edici\u00f3, ja que han estat 2 alumnes de batxillerat els que han rebut un premi. Es tracta d\u2019<strong>Enric Sim\u00f3 Queralt<\/strong> amb el seu treball de recerca <strong>\u201cLladres de dades a l\u2019era digital\u201d<\/strong> tutoritzat pel professor Ricard Reverter que ha obtingut el <strong>premi Rodrigo Miralles<\/strong> i l\u2019alumne <strong>Viorel Ciohodaru<\/strong> amb el treball <strong>\u201cQu\u00e8 bevem? Un estudi sobre la qualitat de l\u2019aigua\u201d<\/strong> tutoritzat per la professora Dolors Vidal que ha obtingut el <strong>premi Eduard Saavedra<\/strong>.<\/p>\n<p>A l\u2019acte, presidit pel rector de la URV i del Consell Social, hi van assistir, a part dels alumnes, els seus familiars, els professors tutors i director, la directora dels Serveis Territorials a les Terres de l\u2019Ebre,<strong> Manolita Cid<\/strong>, i l\u2019alcaldessa d\u2019Ulldecona, <strong>N\u00faria Ventura<\/strong>.<\/p>\n<p>En aquesta edici\u00f3 s\u2019ha produ\u00eft una elevada participaci\u00f3 dels instituts de les Terres de l\u2019Ebre i, m\u00e9s concretament, de la comarca del Montsi\u00e0. De fet, l\u2019Institut Manuel Sales i Ferr\u00e9 ha estat el m\u00e9s premiat de totes les Terres de l\u2019Ebre amb aquests dos treballs.<\/td>\n<td style=\"width: 40%; vertical-align: top;\">\n<p><figure class=\"figure wp-caption alignleft\"><a href=\"https:\/\/agora.xtec.cat\/ies-manuel-sales\/wp-content\/uploads\/usu728\/2017\/12\/Premi-URV-Enric-Sim\u00f3-Viorel-Ciohodaru-2017-03.jpg\"><img loading=\"lazy\" decoding=\"async\" class=\"wp-image-1762 size-medium\" src=\"https:\/\/agora.xtec.cat\/ies-manuel-sales\/wp-content\/uploads\/usu728\/2017\/12\/Premi-URV-Enric-Sim\u00f3-Viorel-Ciohodaru-2017-03-400x225.jpg\" alt=\"Premis URV 2017\" width=\"400\" height=\"225\" srcset=\"https:\/\/agora.xtec.cat\/ies-manuel-sales\/wp-content\/uploads\/usu728\/2017\/12\/Premi-URV-Enric-Sim\u00f3-Viorel-Ciohodaru-2017-03-400x225.jpg 400w, https:\/\/agora.xtec.cat\/ies-manuel-sales\/wp-content\/uploads\/usu728\/2017\/12\/Premi-URV-Enric-Sim\u00f3-Viorel-Ciohodaru-2017-03-768x432.jpg 768w, https:\/\/agora.xtec.cat\/ies-manuel-sales\/wp-content\/uploads\/usu728\/2017\/12\/Premi-URV-Enric-Sim\u00f3-Viorel-Ciohodaru-2017-03.jpg 960w\" sizes=\"auto, (max-width: 400px) 100vw, 400px\" \/><\/a><figcaption class=\"wp-caption-text\">Entrega de premis del Consell Social URV &#8211; Foto: Neus Queralt.<\/figcaption><\/figure><\/td>\n<\/tr>\n<tr>\n<td style=\"vertical-align: top;\" colspan=\"2\">\n<h4 class=\"entry-title\" style=\"text-align: justify;\">PREMI RODRIGO MIRALLES DEL CONSELL SOCIAL DE LA URV PER A ENRIC SIM\u00d3<\/h4>\n<p style=\"text-align: justify;\">L\u2019alumne del nostre centre, <strong>Enric Sim\u00f3 Queralt<\/strong>, ha guanyat el <strong>premi Rodrigo Miralles<\/strong> que convoca el Consell Social de la <strong>Universitat Rovira i Virgili<\/strong>, pel treball de recerca de 2n de Batxillerat <strong>\u201cLladres de dades a l\u2019era digital\u201d<\/strong>, tutoritzat pel professor Ricard Reverter. El treball aborda un tema molt actual: les t\u00e8cniques de captura de dades personals a trav\u00e9s d\u2019internet, conegut com a \u201cPhishing\u201d i les mesures de protecci\u00f3 que podem adoptar els usuaris de recursos digitals.<\/p>\n<p style=\"text-align: justify;\">El premi Rodrigo Miralles es convoca per recon\u00e8ixer els millors treballs la tem\u00e0tica dels quals est\u00e0 relacionada amb el Comprom\u00eds Social i la Solidaritat.<\/p>\n<\/td>\n<td style=\"vertical-align: top;\">\u00a0<a href=\"https:\/\/agora.xtec.cat\/ies-manuel-sales\/wp-content\/uploads\/usu728\/2017\/07\/Enric-Sim\u00f32.jpg\"><img loading=\"lazy\" decoding=\"async\" class=\"alignleft size-full wp-image-1571\" src=\"https:\/\/agora.xtec.cat\/ies-manuel-sales\/wp-content\/uploads\/usu728\/2017\/07\/Enric-Sim\u00f32.jpg\" alt=\"Enric Sim\u00f3\" width=\"342\" height=\"368\" \/><\/a><\/td>\n<\/tr>\n<\/tbody>\n<\/table>\n","protected":false},"excerpt":{"rendered":"<p>GALERIA DE GUARDONATS<\/p>\n<p>Curs 2017\/18<\/p>\n<p>PREMI RECERCA JOVE PER A ENRIC SIM\u00d3 QUERALT<br \/>\nL\u2019alumne Enric Sim\u00f3, que va acabar el batxillerat el curs passat, ha obtingut un nou guard\u00f3 pel seu treball de recerca \u201cLladres de dades a l\u2019era digital\u201d en l\u2019edici\u00f3 2017 dels premis Recerca Jove per&hellip;  <a href=\"https:\/\/agora.xtec.cat\/ies-manuel-sales\/serveis\/premis\/premis-2017-18\/\" title=\"Read PREMIS 2017\/18\">Llegeix m\u00e9s\u00bb<\/a><\/p>\n","protected":false},"author":1,"featured_media":0,"parent":431,"menu_order":25,"comment_status":"closed","ping_status":"closed","template":"page-templates\/side-menu.php","meta":{"_bbp_topic_count":0,"_bbp_reply_count":0,"_bbp_total_topic_count":0,"_bbp_total_reply_count":0,"_bbp_voice_count":0,"_bbp_anonymous_reply_count":0,"_bbp_topic_count_hidden":0,"_bbp_reply_count_hidden":0,"_bbp_forum_subforum_count":0,"footnotes":""},"class_list":["post-5805","page","type-page","status-publish","hentry"],"post_mailing_queue_ids":[],"_links":{"self":[{"href":"https:\/\/agora.xtec.cat\/ies-manuel-sales\/wp-json\/wp\/v2\/pages\/5805","targetHints":{"allow":["GET"]}}],"collection":[{"href":"https:\/\/agora.xtec.cat\/ies-manuel-sales\/wp-json\/wp\/v2\/pages"}],"about":[{"href":"https:\/\/agora.xtec.cat\/ies-manuel-sales\/wp-json\/wp\/v2\/types\/page"}],"author":[{"embeddable":true,"href":"https:\/\/agora.xtec.cat\/ies-manuel-sales\/wp-json\/wp\/v2\/users\/1"}],"replies":[{"embeddable":true,"href":"https:\/\/agora.xtec.cat\/ies-manuel-sales\/wp-json\/wp\/v2\/comments?post=5805"}],"version-history":[{"count":2,"href":"https:\/\/agora.xtec.cat\/ies-manuel-sales\/wp-json\/wp\/v2\/pages\/5805\/revisions"}],"predecessor-version":[{"id":5807,"href":"https:\/\/agora.xtec.cat\/ies-manuel-sales\/wp-json\/wp\/v2\/pages\/5805\/revisions\/5807"}],"up":[{"embeddable":true,"href":"https:\/\/agora.xtec.cat\/ies-manuel-sales\/wp-json\/wp\/v2\/pages\/431"}],"wp:attachment":[{"href":"https:\/\/agora.xtec.cat\/ies-manuel-sales\/wp-json\/wp\/v2\/media?parent=5805"}],"curies":[{"name":"wp","href":"https:\/\/api.w.org\/{rel}","templated":true}]}}