{"id":574,"date":"2016-02-07T21:45:07","date_gmt":"2016-02-07T20:45:07","guid":{"rendered":"http:\/\/agora.xtec.cat\/ies-manuel-sales\/?page_id=574"},"modified":"2021-11-17T23:04:22","modified_gmt":"2021-11-17T22:04:22","slug":"programa-salut-escola","status":"publish","type":"page","link":"https:\/\/agora.xtec.cat\/ies-manuel-sales\/projectes\/programa-salut-escola\/","title":{"rendered":"PROGRAMA SALUT I ESCOLA"},"content":{"rendered":"<table>\n<tbody>\n<tr>\n<td style=\"vertical-align: top;\">\n<h5 align=\"justify\">CONSULTA OBERTA<\/h5>\n<div align=\"justify\">\n<p>El servei Consulta Oberta permet a l\u2019alumnat l\u2019assist\u00e8ncia b\u00e0sica en salut gr\u00e0cies a les hores d\u2019atenci\u00f3 d\u2019una infermera al centre. Aquesta activitat s&#8217;inclou dins el programa Salut i Escola que impulsen de forma conjunta el Departament de Salut i el Departament d&#8217;Educaci\u00f3.<\/p>\n<p>Durant el curs actual es preveu continuar oferint aquest servei d&#8217;acord amb l&#8217;horari i calendari seg\u00fcents:<\/p>\n<\/div>\n<p align=\"justify\"><strong>Horari<\/strong>: tots els <span style=\"color: #ff0000;\"><strong>dijous, de les 10:30 a les 12:15 hores<\/strong><\/span>, a l\u2019aula multiusos. (Els alumnes que en aquesta hora estiguin al Gust per la Lectura hauran de demanar perm\u00eds al professorat)<\/p>\n<\/td>\n<td style=\"width: 200px; vertical-align: top;\"><img loading=\"lazy\" decoding=\"async\" class=\"alignright wp-image-1237 size-full\" src=\"http:\/\/agora.xtec.cat\/ies-manuel-sales\/wp-content\/uploads\/usu728\/2016\/02\/consultaoberta1.jpg\" alt=\"Consulta Oberta\" width=\"200\" height=\"272\" \/><\/td>\n<\/tr>\n<tr>\n<td style=\"vertical-align: top;\">\n<h5 align=\"justify\">ALTRES ACCIONS DE SALUT<\/h5>\n<div align=\"justify\">\n<ul>\n<li>Campanya de vacunaci\u00f3 de la grip per al professorat i personal no docent del centre.<\/li>\n<li>Vacunaci\u00f3 corresponent a l&#8217;edat per a tot l&#8217;alumnat de 1r, 2n i 3r d&#8217;ESO.<\/li>\n<li>Xerrades formatives sobre salut per a tots els nivells educatius.<\/li>\n<\/ul>\n<\/div>\n<\/td>\n<td style=\"width: 200px; vertical-align: top;\"><\/td>\n<\/tr>\n<tr>\n<td style=\"vertical-align: top;\">\n<h5>ENLLA\u00c7OS D&#8217;INTER\u00c8S<\/h5>\n<ul>\n<li><a href=\"http:\/\/salutweb.gencat.cat\/ca\/ambits_tematics\/per_perfils\/centres_educatius\/programa_salut_escola\/\" target=\"_blank\" rel=\"noopener noreferrer\">Departament de Salut. Programa Salut i Escola<\/a>.<\/li>\n<li><a href=\"http:\/\/salutweb.gencat.cat\/web\/sites\/salutweb\/.content\/home\/ambits_tematics\/per_perfils\/centres_educatius\/programa_salut_i_escola\/documents\/arxius\/sansex.pdf\" target=\"_blank\" rel=\"noopener noreferrer\">Orientacions per a l&#8217;educaci\u00f3 afectiva i sexual.<\/a><\/li>\n<li><a href=\"http:\/\/salutweb.gencat.cat\/ca\/ambits_tematics\/per_perfils\/centres_educatius\/menus_escolars\/alimentacio_saludable_etapa_escolar\/\" target=\"_blank\" rel=\"noopener noreferrer\">L&#8217;alimentaci\u00f3 saludable a l&#8217;etapa escolar.<\/a><\/li>\n<li><a href=\"http:\/\/medicaments.gencat.cat\/web\/.content\/minisite\/medicaments\/ciutadania\/1_els_medicaments\/documents\/la_farmaciola_escolar.pdf\" target=\"_blank\" rel=\"noopener noreferrer\">Farmaciola escolar.<\/a><\/li>\n<li><a href=\"mailto:infanciarespon.bsf@gencat.cat\" target=\"_blank\" rel=\"noopener noreferrer\">B\u00fastia per comunicar maltractaments infantils.<\/a> Inf\u00e0ncia Respon.<\/li>\n<\/ul>\n<\/td>\n<td style=\"vertical-align: top;\"><img loading=\"lazy\" decoding=\"async\" class=\"alignright wp-image-576\" src=\"http:\/\/agora.xtec.cat\/ies-manuel-sales\/wp-content\/uploads\/usu728\/2016\/02\/salutiescola.jpg\" alt=\"Salut i Escola\" width=\"180\" height=\"64\" \/><\/td>\n<\/tr>\n<tr>\n<td style=\"vertical-align: top;\">\u00a0<a href=\"http:\/\/agora.xtec.cat\/ies-manuel-sales\/wp-content\/uploads\/usu728\/2016\/02\/piramide2.jpg\"><img loading=\"lazy\" decoding=\"async\" class=\"alignleft size-thumbnail wp-image-581\" src=\"http:\/\/agora.xtec.cat\/ies-manuel-sales\/wp-content\/uploads\/usu728\/2016\/02\/piramide2-150x150.jpg\" alt=\"pir\u00e0mide aliment\u00e0ria\" width=\"150\" height=\"150\" \/><\/a><img loading=\"lazy\" decoding=\"async\" class=\"alignleft wp-image-580\" src=\"http:\/\/agora.xtec.cat\/ies-manuel-sales\/wp-content\/uploads\/usu728\/2016\/02\/bullingno.jpg\" alt=\"No al Bulling\" width=\"123\" height=\"150\" \/><img loading=\"lazy\" decoding=\"async\" class=\"alignleft wp-image-579 size-thumbnail\" src=\"http:\/\/agora.xtec.cat\/ies-manuel-sales\/wp-content\/uploads\/usu728\/2016\/02\/no_fumar-150x150.jpg\" alt=\"No fumeu\" width=\"150\" height=\"150\" \/><\/td>\n<td style=\"background-color: #f7e1e1; text-align: center; vertical-align: middle;\"><a href=\"https:\/\/drive.google.com\/file\/d\/1-D1N-C0BsePacFn3P2f9IKdecxgri2pl\/view?usp=sharing\"><span style=\"font-size: 24px; color: #ff0000;\"><strong>MANUAL DE PRIMERS AUXILIS<\/strong><\/span><\/a><\/td>\n<\/tr>\n<\/tbody>\n<\/table>\n<p>&nbsp;<\/p>\n","protected":false},"excerpt":{"rendered":"<p>CONSULTA OBERTA<\/p>\n<p>El servei Consulta Oberta permet a l\u2019alumnat l\u2019assist\u00e8ncia b\u00e0sica en salut gr\u00e0cies a les hores d\u2019atenci\u00f3 d\u2019una infermera al centre. Aquesta activitat s&#8217;inclou dins el programa Salut i Escola que impulsen de forma conjunta el Departament de Salut i el Departament d&#8217;Educaci\u00f3.<br \/>\nDurant el curs&hellip;  <a href=\"https:\/\/agora.xtec.cat\/ies-manuel-sales\/projectes\/programa-salut-escola\/\" title=\"Read PROGRAMA SALUT I ESCOLA\">Llegeix m\u00e9s\u00bb<\/a><\/p>\n","protected":false},"author":1,"featured_media":0,"parent":341,"menu_order":60,"comment_status":"closed","ping_status":"closed","template":"page-templates\/side-menu.php","meta":{"_bbp_topic_count":0,"_bbp_reply_count":0,"_bbp_total_topic_count":0,"_bbp_total_reply_count":0,"_bbp_voice_count":0,"_bbp_anonymous_reply_count":0,"_bbp_topic_count_hidden":0,"_bbp_reply_count_hidden":0,"_bbp_forum_subforum_count":0,"footnotes":""},"class_list":["post-574","page","type-page","status-publish","hentry"],"post_mailing_queue_ids":[],"_links":{"self":[{"href":"https:\/\/agora.xtec.cat\/ies-manuel-sales\/wp-json\/wp\/v2\/pages\/574","targetHints":{"allow":["GET"]}}],"collection":[{"href":"https:\/\/agora.xtec.cat\/ies-manuel-sales\/wp-json\/wp\/v2\/pages"}],"about":[{"href":"https:\/\/agora.xtec.cat\/ies-manuel-sales\/wp-json\/wp\/v2\/types\/page"}],"author":[{"embeddable":true,"href":"https:\/\/agora.xtec.cat\/ies-manuel-sales\/wp-json\/wp\/v2\/users\/1"}],"replies":[{"embeddable":true,"href":"https:\/\/agora.xtec.cat\/ies-manuel-sales\/wp-json\/wp\/v2\/comments?post=574"}],"version-history":[{"count":3,"href":"https:\/\/agora.xtec.cat\/ies-manuel-sales\/wp-json\/wp\/v2\/pages\/574\/revisions"}],"predecessor-version":[{"id":4095,"href":"https:\/\/agora.xtec.cat\/ies-manuel-sales\/wp-json\/wp\/v2\/pages\/574\/revisions\/4095"}],"up":[{"embeddable":true,"href":"https:\/\/agora.xtec.cat\/ies-manuel-sales\/wp-json\/wp\/v2\/pages\/341"}],"wp:attachment":[{"href":"https:\/\/agora.xtec.cat\/ies-manuel-sales\/wp-json\/wp\/v2\/media?parent=574"}],"curies":[{"name":"wp","href":"https:\/\/api.w.org\/{rel}","templated":true}]}}