{"id":57,"date":"2014-09-17T17:01:07","date_gmt":"2014-09-17T15:01:07","guid":{"rendered":"http:\/\/agora.xtec.cat\/ies-manuel-sales\/?page_id=57"},"modified":"2023-09-19T23:23:07","modified_gmt":"2023-09-19T21:23:07","slug":"projecte-educatiu","status":"publish","type":"page","link":"https:\/\/agora.xtec.cat\/ies-manuel-sales\/linstitut\/projecte-educatiu\/","title":{"rendered":"PROJECTE EDUCATIU"},"content":{"rendered":"<table>\n<tbody>\n<tr>\n<td>\n<h5>EL PROJECTE EDUCATIU DEL NOSTRE CENTRE<\/h5>\n<p>El projecte educatiu del nostre Institut, que incorpora el car\u00e0cter propi del centre, es pot descarregar al seg\u00fcent enlla\u00e7:<\/p>\n<p><strong><a href=\"https:\/\/drive.google.com\/open?id=0B0ll1BILB5K4bkMzQW1Xa0dTak0\" target=\"_blank\" rel=\"noopener noreferrer\">PROJECTE EDUCATIU<\/a><\/strong><\/p>\n<p>Documents <strong>Annexos<\/strong> del Projecte Educatiu (PEC)<\/p>\n<ol>\n<li><a href=\"https:\/\/drive.google.com\/file\/d\/1SS6HF9M7IxENiRuovLnuzfoTs_bzEnCZ\/view?usp=sharing\">Dades hist\u00f2riques d&#8217;Ulldecona<\/a><\/li>\n<li><a href=\"https:\/\/drive.google.com\/file\/d\/11504vxX5DpVGq9HAKvL9ff6T4RMMZT26\/view?usp=sharing\" target=\"_blank\" rel=\"noopener\">Projecte Ling\u00fc\u00edstic<\/a><\/li>\n<li><a href=\"https:\/\/drive.google.com\/file\/d\/12TU-CTwqkB_vDcnElo3Z_J4DcyD7CGE2\/view?usp=sharing\">PI Sostenibilitat i Medi Ambient &#8211; Escola Verda<\/a><\/li>\n<li><a href=\"https:\/\/drive.google.com\/file\/d\/1eU0FcJYnGA6fHIS65VtvL6FNlbq24Ovg\/view?usp=sharing\">Pla d&#8217;Atenci\u00f3 a la Diversitat<\/a><\/li>\n<li><a href=\"https:\/\/drive.google.com\/file\/d\/1Vs5GM6567q-m5q2ipurmSLxNIWrHiJht\/view?usp=sharing\">Pla TAC<\/a><\/li>\n<li><a href=\"https:\/\/drive.google.com\/file\/d\/17Nz0RWHccas5GhOiGI5JIXiQe6_s01Mi\/view?usp=sharing\">Pla d&#8217;Acollida<\/a><\/li>\n<li><a href=\"https:\/\/drive.google.com\/file\/d\/1fYSLR74gprYDlYo34oWEQzHw1G2_Kohj\/view?usp=sharing\">Pla de Coeducaci\u00f3<\/a><\/li>\n<li><a href=\"https:\/\/drive.google.com\/file\/d\/1tqHj4uJCs9PgOCZHZSY610nvA8JU4k_f\/view?usp=sharing\">Projecte Esportiu de Centre<\/a><\/li>\n<li><a href=\"https:\/\/drive.google.com\/file\/d\/1f9NstG7ud3ysZN2lFqjHiDrI-oG7Ocaf\/view?usp=sharing\">Pla d&#8217;Educaci\u00f3 Intercultural<\/a><\/li>\n<li><a href=\"https:\/\/drive.google.com\/file\/d\/1HwhjBTtrU0VisC667cWgLfrS42qw5g5e\/view?usp=sharing\">Pla d&#8217;Educaci\u00f3 Emocional<\/a><\/li>\n<li><a href=\"https:\/\/drive.google.com\/file\/d\/1XIuc8HzXN5wl-n_Z0nj03LQ2OnLkzqcu\/view?usp=sharing\">Pla d&#8217;Educaci\u00f3 per la Pau<\/a><\/li>\n<li><a href=\"https:\/\/drive.google.com\/file\/d\/1cN4k3Iu-kP6uo9sIHjlGQ4k3pQmzg39L\/view?usp=sharing\">Programa de mediaci\u00f3<\/a><\/li>\n<li><a href=\"https:\/\/drive.google.com\/file\/d\/1u5fpxd6irOYnQ53ttjEYgDtZbLtkj-tP\/view?usp=sharing\">Pla d&#8217;Acci\u00f3 Tutorial<\/a><\/li>\n<li><a href=\"https:\/\/drive.google.com\/file\/d\/18vh8E47RGmyAQyYWZiXKlj8iiU4Dw8ub\/view?usp=sharing\">Carta de Comprom\u00eds educatiu<\/a><\/li>\n<li><a href=\"https:\/\/drive.google.com\/file\/d\/1NDIiKBkK-lWQJLDRgOggnw8NykuzAoqu\/view?usp=sharing\">Pla de Diversitat afectivo-sexual i familiar<\/a><\/li>\n<li><a href=\"https:\/\/drive.google.com\/file\/d\/1JQ1mQ7BlrdOMVFShZbccSSF1ZWSal6gH\/view?usp=sharing\">Programa Salut i Escola<\/a><\/li>\n<li><a href=\"https:\/\/drive.google.com\/file\/d\/16heL-HGeDEIAFL8Dp7_QpklGAK5w_rCc\/view?usp=sharing\">Projecte de Conviv\u00e8ncia<\/a><\/li>\n<\/ol>\n<p>\u00c9s important destacar alguns serveis i projectes educatius que atenen diverses necessitats de l&#8217;alumnat, alguns amb secci\u00f3 pr\u00f2pia en aquesta p\u00e0gina web:<\/p>\n<ul>\n<li>Aula d&#8217;Acollida i suport ling\u00fc\u00edstic<\/li>\n<li>Projecte de Diversificaci\u00f3 Curricular (Aula Oberta) i projecte FIO<\/li>\n<li><a href=\"http:\/\/agora.xtec.cat\/ies-manuel-sales\/serveis\/serveis-digitals\/\">Programa Educat 1&#215;1 &#8211; Centre Digital<\/a><\/li>\n<li><a href=\"http:\/\/agora.xtec.cat\/ies-manuel-sales\/projectes\/projecte-esportiu-de-centre\/\">Pla Catal\u00e0 d&#8217;Esport a l&#8217;Escola<\/a><\/li>\n<li><a href=\"http:\/\/agora.xtec.cat\/ies-manuel-sales\/projectes\/programa-salut-escola\/\">Programa Salut i Escola<\/a><\/li>\n<li>Biblioteca i projecte &#8220;Gust per la Lectura&#8221;<\/li>\n<li><a href=\"http:\/\/agora.xtec.cat\/ies-manuel-sales\/serveis\/revista\/\">Revista corporativa &#8220;Lletres del m\u00f3n&#8221;<\/a><\/li>\n<li><a href=\"https:\/\/agora.xtec.cat\/ies-manuel-sales\/categoria\/cor\/\">Grup Coral<\/a><\/li>\n<li>Servei Comunitari<\/li>\n<li><a href=\"http:\/\/agora.xtec.cat\/ies-manuel-sales\/projectes\/gep-generacio-plurilingue\/\">Generaci\u00f3 Pluriling\u00fce (GEP)<\/a><\/li>\n<li>Xarxa de Compet\u00e8ncies B\u00e0siques<\/li>\n<\/ul>\n<\/td>\n<td style=\"width: 300px; vertical-align: top;\"><a href=\"http:\/\/agora.xtec.cat\/ies-manuel-sales\/wp-content\/uploads\/usu728\/2014\/09\/aulasec.png\"><img loading=\"lazy\" decoding=\"async\" class=\"alignright size-medium wp-image-114\" src=\"http:\/\/agora.xtec.cat\/ies-manuel-sales\/wp-content\/uploads\/usu728\/2014\/09\/aulasec-300x87.png\" alt=\"aulasec\" width=\"300\" height=\"87\" srcset=\"https:\/\/agora.xtec.cat\/ies-manuel-sales\/wp-content\/uploads\/usu728\/2014\/09\/aulasec-300x87.png 300w, https:\/\/agora.xtec.cat\/ies-manuel-sales\/wp-content\/uploads\/usu728\/2014\/09\/aulasec-1024x299.png 1024w, https:\/\/agora.xtec.cat\/ies-manuel-sales\/wp-content\/uploads\/usu728\/2014\/09\/aulasec.png 1124w\" sizes=\"auto, (max-width: 300px) 100vw, 300px\" \/><\/a><\/td>\n<\/tr>\n<tr>\n<td><iframe loading=\"lazy\" title=\"YouTube video player\" src=\"\/\/www.youtube.com\/embed\/4f1oam_u6ZE\" width=\"560\" height=\"315\" frameborder=\"0\" allowfullscreen=\"allowfullscreen\"><\/iframe><\/p>\n<p><strong>EL SISTEMA EDUCATIU CATAL\u00c0 EXPLICAT PER A LES FAM\u00cdLIES I L&#8217;ALUMNAT INTERNACIONAL<\/strong><\/td>\n<td style=\"width: 300px; vertical-align: top;\"><\/td>\n<\/tr>\n<\/tbody>\n<\/table>\n<p>&nbsp;<\/p>\n","protected":false},"excerpt":{"rendered":"<p>EL PROJECTE EDUCATIU DEL NOSTRE CENTRE<br \/>\nEl projecte educatiu del nostre Institut, que incorpora el car\u00e0cter propi del centre, es pot descarregar al seg\u00fcent enlla\u00e7:<br \/>\n<a href=\"https:\/\/drive.google.com\/open?id=0B0ll1BILB5K4bkMzQW1Xa0dTak0\" target=\"_blank\" rel=\"noopener noreferrer\">PROJECTE EDUCATIU<\/a><br \/>\nDocuments Annexos del Projecte Educatiu (PEC)<\/p>\n<ol>\n<li><a href=\"https:\/\/drive.google.com\/file\/d\/1SS6HF9M7IxENiRuovLnuzfoTs_bzEnCZ\/view?usp=sharing\">Dades hist\u00f2riques d&#8217;Ulldecona<\/a><\/li>\n<li><a href=\"https:\/\/drive.google.com\/file\/d\/11504vxX5DpVGq9HAKvL9ff6T4RMMZT26\/view?usp=sharing\" target=\"_blank\" rel=\"noopener\">Projecte Ling\u00fc\u00edstic<\/a><\/li>\n<li><a href=\"https:\/\/drive.google.com\/file\/d\/12TU-CTwqkB_vDcnElo3Z_J4DcyD7CGE2\/view?usp=sharing\">PI Sostenibilitat i Medi&hellip;  <a href=\"https:\/\/agora.xtec.cat\/ies-manuel-sales\/linstitut\/projecte-educatiu\/\" title=\"Read PROJECTE EDUCATIU\">Llegeix m\u00e9s\u00bb<\/a><br \/>\n","protected":false},"author":1,"featured_media":0,"parent":19,"menu_order":50,"comment_status":"closed","ping_status":"closed","template":"page-templates\/side-menu.php","meta":{"_bbp_topic_count":0,"_bbp_reply_count":0,"_bbp_total_topic_count":0,"_bbp_total_reply_count":0,"_bbp_voice_count":0,"_bbp_anonymous_reply_count":0,"_bbp_topic_count_hidden":0,"_bbp_reply_count_hidden":0,"_bbp_forum_subforum_count":0,"footnotes":""},"class_list":["post-57","page","type-page","status-publish","hentry"],"post_mailing_queue_ids":[],"_links":{"self":[{"href":"https:\/\/agora.xtec.cat\/ies-manuel-sales\/wp-json\/wp\/v2\/pages\/57","targetHints":{"allow":["GET"]}}],"collection":[{"href":"https:\/\/agora.xtec.cat\/ies-manuel-sales\/wp-json\/wp\/v2\/pages"}],"about":[{"href":"https:\/\/agora.xtec.cat\/ies-manuel-sales\/wp-json\/wp\/v2\/types\/page"}],"author":[{"embeddable":true,"href":"https:\/\/agora.xtec.cat\/ies-manuel-sales\/wp-json\/wp\/v2\/users\/1"}],"replies":[{"embeddable":true,"href":"https:\/\/agora.xtec.cat\/ies-manuel-sales\/wp-json\/wp\/v2\/comments?post=57"}],"version-history":[{"count":4,"href":"https:\/\/agora.xtec.cat\/ies-manuel-sales\/wp-json\/wp\/v2\/pages\/57\/revisions"}],"predecessor-version":[{"id":5419,"href":"https:\/\/agora.xtec.cat\/ies-manuel-sales\/wp-json\/wp\/v2\/pages\/57\/revisions\/5419"}],"up":[{"embeddable":true,"href":"https:\/\/agora.xtec.cat\/ies-manuel-sales\/wp-json\/wp\/v2\/pages\/19"}],"wp:attachment":[{"href":"https:\/\/agora.xtec.cat\/ies-manuel-sales\/wp-json\/wp\/v2\/media?parent=57"}],"curies":[{"name":"wp","href":"https:\/\/api.w.org\/{rel}","templated":true}]}}