{"id":5472,"date":"2023-10-11T18:39:40","date_gmt":"2023-10-11T16:39:40","guid":{"rendered":"https:\/\/agora.xtec.cat\/ies-manuel-sales\/?page_id=5472"},"modified":"2024-10-30T13:15:12","modified_gmt":"2024-10-30T12:15:12","slug":"programa-erasmus","status":"publish","type":"page","link":"https:\/\/agora.xtec.cat\/ies-manuel-sales\/projectes\/gep-generacio-plurilingue\/programa-erasmus\/","title":{"rendered":"PROGRAMA ERASMUS+"},"content":{"rendered":"<table style=\"border-collapse: collapse; width: 100%;\">\n<tbody>\n<tr>\n<td style=\"width: 80%; vertical-align: top; background-color: #daf3f7;\">\n<h5 style=\"text-align: justify;\">ACTIVITATS DEL PROGRAMA ERASMUS+<\/h5>\n<p style=\"text-align: justify;\">El nostre institut participa des del curs 2021\/22 en el programa d&#8217;intercanvis i mobilitat <strong>ERASMUS+<\/strong> finan\u00e7at per la Uni\u00f3 Europea.<\/p>\n<p style=\"text-align: justify;\">Dins d&#8217;aquest programa s&#8217;organitzen activitats com:<\/p>\n<ul style=\"text-align: justify;\">\n<li>Mobilitats del professorat en modalitat de formaci\u00f3 o d&#8217;observaci\u00f3 (<em>jobshadowing<\/em>)<\/li>\n<li>Mobilitats d&#8217;alumnes.<\/li>\n<li>Intercanvi entre centres d&#8217;alumnes i docents.<\/li>\n<\/ul>\n<p style=\"text-align: justify;\">L&#8217;objectiu prioritari d&#8217;aquest programa \u00e9s el foment de l&#8217;aprenentatge de les lleng\u00fces (pluriling\u00fcisme) mitjan\u00e7ant l&#8217;intercanvi d&#8217;experi\u00e8ncies entre centres educatius dels pa\u00efsos europeus.<\/p>\n<p>Totes les activitats s&#8217;inclouen en el projecte <strong>CETE+<\/strong> del Consorci Europeu de Transformaci\u00f3 Educativa.<\/p>\n<p><span style=\"font-size: 10px;\">_______________<\/span><\/p>\n<p style=\"text-align: justify;\"><span style=\"font-size: 10px;\"><em><span style=\"color: #666666;\">El proyecto &#8220;CETE+&#8221; est\u00e1 cofinanciado por el\u00a0programa Erasmus+ de la Uni\u00f3n Europea. El contenido de esta secci\u00f3n de la p\u00e1gina web\u00a0es responsabilidad\u00a0exclusiva del INS Manuel Sales i Ferr\u00e9 y ni la Comisi\u00f3n Europea, ni el Servicio\u00a0Espa\u00f1ol para la Internacionalizaci\u00f3n de la Educaci\u00f3n (SEPIE)\u00a0son responsables del uso que pueda hacerse de la informaci\u00f3n\u00a0aqu\u00ed difundida.<\/span><\/em><\/span><\/p>\n<p style=\"text-align: justify;\"><span style=\"font-size: 10px; color: #000080;\"><em>El projecte \u201cCETE+\u201d est\u00e0 cofinan\u00e7at pel programa Erasmus+ de la Uni\u00f3 Europea. El contingut d&#8217;aquesta secci\u00f3 de la p\u00e0gina web \u00e9s responsabilitat exclusiva de l&#8217;INS Manuel Sales i Ferr\u00e9 i ni la Comissi\u00f3 Europea, ni el Servei Espanyol per a la Internacionalitzaci\u00f3 de l&#8217;Educaci\u00f3 (SEPIE) s\u00f3n responsables de l&#8217;\u00fas que es pugui fer de la informaci\u00f3 difosa aqu\u00ed.<\/em><\/span><\/p>\n<\/td>\n<td style=\"width: 20%; vertical-align: top; background-color: #daf3f7;\"><img loading=\"lazy\" decoding=\"async\" class=\"alignnone size-full wp-image-4402\" src=\"https:\/\/agora.xtec.cat\/ies-manuel-sales\/wp-content\/uploads\/usu728\/2022\/04\/logo-CETE.jpg\" alt=\"\" width=\"400\" height=\"400\" srcset=\"https:\/\/agora.xtec.cat\/ies-manuel-sales\/wp-content\/uploads\/usu728\/2022\/04\/logo-CETE.jpg 400w, https:\/\/agora.xtec.cat\/ies-manuel-sales\/wp-content\/uploads\/usu728\/2022\/04\/logo-CETE-150x150.jpg 150w\" sizes=\"auto, (max-width: 400px) 100vw, 400px\" \/><\/p>\n<p><a href=\"https:\/\/projectes.xtec.cat\/cete\/\" target=\"_blank\" rel=\"noopener\">Projecte CETE+ del Consorci Europeu de Transformaci\u00f3 Educativa<\/a><\/p>\n<p><a href=\"https:\/\/projectes.xtec.cat\/cete\/participants-2\/centres-participants-cete\/\" target=\"_blank\" rel=\"noopener\">Centres participants &gt;&gt;<\/a><\/p>\n<p><strong>#CETE+<\/strong><\/p>\n<p><strong>#EMAILC<\/strong><\/td>\n<\/tr>\n<tr>\n<td style=\"width: 80%; border-style: hidden;\"><strong>MOBILITAT ERASMUS D&#8217;ALUMNAT 2024-25: SELECCI\u00d3 D&#8217;ALUMNAT PARTICIPANT<\/strong><\/p>\n<p><img loading=\"lazy\" decoding=\"async\" class=\"wp-image-6161 aligncenter\" style=\"font-size: 16px; background-color: #ffffff;\" src=\"https:\/\/agora.xtec.cat\/ies-manuel-sales\/wp-content\/uploads\/usu728\/2024\/05\/IMG-20240509-WA0002-533x400.jpg\" alt=\"\" width=\"364\" height=\"273\" srcset=\"https:\/\/agora.xtec.cat\/ies-manuel-sales\/wp-content\/uploads\/usu728\/2024\/05\/IMG-20240509-WA0002-533x400.jpg 533w, https:\/\/agora.xtec.cat\/ies-manuel-sales\/wp-content\/uploads\/usu728\/2024\/05\/IMG-20240509-WA0002-1024x768.jpg 1024w, https:\/\/agora.xtec.cat\/ies-manuel-sales\/wp-content\/uploads\/usu728\/2024\/05\/IMG-20240509-WA0002-768x576.jpg 768w, https:\/\/agora.xtec.cat\/ies-manuel-sales\/wp-content\/uploads\/usu728\/2024\/05\/IMG-20240509-WA0002-1536x1152.jpg 1536w, https:\/\/agora.xtec.cat\/ies-manuel-sales\/wp-content\/uploads\/usu728\/2024\/05\/IMG-20240509-WA0002-200x150.jpg 200w, https:\/\/agora.xtec.cat\/ies-manuel-sales\/wp-content\/uploads\/usu728\/2024\/05\/IMG-20240509-WA0002.jpg 2016w\" sizes=\"auto, (max-width: 364px) 100vw, 364px\" \/><\/p>\n<p>Aquest curs, dins del projecte ERASMUS KA-122 &#8220;Hist\u00f2ria Pluriling\u00fce per tothom&#8221;, s&#8217;han previst dues mobilitats de grup d&#8217;alumnes.<\/p>\n<p>La primera, tindr\u00e0 lloc al mes de mar\u00e7, entre els dies 22 i 30. En aquesta mobilitat, 8 alumnes i dos professors del centre es despla\u00e7aran a Daun (Alemanya) per realitzar un seguit d&#8217;activitats relacionades amb la hist\u00f2ria d&#8217;aquest pa\u00eds, que els permetran poder realitzar el producte final d&#8217;un projecte CLIL en llengua estrangera que realitzaran al llarg del curs a trav\u00e8s de la plataforma Twinspace juntament amb l&#8217;alumnat d&#8217;aquesta localitat.<\/p>\n<p>La mobilitat va dirigida a l&#8217;alumnat de 3r d&#8217;ESO, per\u00f2 malauradament no tot l&#8217;alumnat podr\u00e0 viatjar. \u00c9s per aix\u00f2 que caldr\u00e0 fer una selecci\u00f3 d&#8217;aquells qui estiguin interessats per tal de trobar els 8 alumnes que s&#8217;ajustin m\u00e9s al perfil que es necessita per realitzar aquesta activitat.<\/p>\n<p>Per tal de poder fer la selecci\u00f3 de l&#8217;alumnat participant s&#8217;han establert uns seguit de criteris. Una comissi\u00f3 de selecci\u00f3 ser\u00e0 l&#8217;encarregada d&#8217;avaluar cada aspirant basant-se en les evid\u00e8ncies recollides mitjan\u00e7ant dues fases de selecci\u00f3. La primera fase de selecci\u00f3 consistir\u00e0 en una sol\u00b7licitud de participaci\u00f3 a la qual s&#8217;haur\u00e0 d&#8217;afegir una carta de motivaci\u00f3 en llengua anglesa. La segona fase, consistir\u00e0 en una entrevista personal en llengua anglesa en qu\u00e8 l&#8217;alumne haur\u00e0 de respondre a un seguit de preguntes fetes per la comissi\u00f3.<\/p>\n<p>Trobareu el document complet de criteris de selecci\u00f3 de l&#8217;alumnat per a aquesta mobilitat, juntament amb els terminis de presentaci\u00f3 de la sol\u00b7licitud i els requisits que es demanen per a cada fase al tauler d&#8217;anuncis ERASMUS del centre i tamb\u00e9 clicant sobre el seg\u00fcent enlla\u00e7:<\/p>\n<p><a href=\"https:\/\/agora.xtec.cat\/ies-manuel-sales\/wp-content\/uploads\/usu728\/2024\/10\/Document-seleccio-alumnat-ALEMANYA-Marc-2024-1.pdf\">Document selecci\u00f3 alumnat ALEMANYA Mar\u00e7 2024<\/a><\/p>\n<p>Tal i com s&#8217;especifica al document, la coordinadora de la mobilitat facilitar\u00e0 a l&#8217;alumnat interessat el document model de sol\u00b7licitud que caldr\u00e0 presentar en la primera fase de selecci\u00f3.<\/p>\n<p>Pel que fa a la segona de les mobilitats, encara ens falta acordar alguns detalls amb el centre d&#8217;acollida, per la qual cosa encara no podem fer la selecci\u00f3. Us n&#8217;informarem tan aviat com puguem fer-ne la selecci\u00f3 d&#8217;alumnat.<\/p>\n<p><img loading=\"lazy\" decoding=\"async\" class=\"size-medium wp-image-6445 aligncenter\" src=\"https:\/\/agora.xtec.cat\/ies-manuel-sales\/wp-content\/uploads\/usu728\/2024\/10\/Banner-correus-electronics-KA-122-1-600x157.jpg\" alt=\"\" width=\"600\" height=\"157\" srcset=\"https:\/\/agora.xtec.cat\/ies-manuel-sales\/wp-content\/uploads\/usu728\/2024\/10\/Banner-correus-electronics-KA-122-1-600x157.jpg 600w, https:\/\/agora.xtec.cat\/ies-manuel-sales\/wp-content\/uploads\/usu728\/2024\/10\/Banner-correus-electronics-KA-122-1-768x201.jpg 768w, https:\/\/agora.xtec.cat\/ies-manuel-sales\/wp-content\/uploads\/usu728\/2024\/10\/Banner-correus-electronics-KA-122-1.jpg 926w\" sizes=\"auto, (max-width: 600px) 100vw, 600px\" \/><\/td>\n<td style=\"width: 20%; vertical-align: top;\"><\/td>\n<\/tr>\n<tr>\n<td style=\"width: 80%;\">\n<h5>ACTIVITATS DEL CURS 2023\/24<\/h5>\n<p><strong>PROJECTE KA-122: &#8220;Hist\u00f2ria pluriling\u00fce per tothom&#8221;<\/strong><\/p>\n<p>\u00c9s un projecte que preveu mobilitats d&#8217;alumnes i professors mitjan\u00e7ant intercanvis amb altres centres europeus.<\/p>\n<p><strong>1. ERASMUS+ DAYS<\/strong><\/p>\n<p>Concurs on poden participar tant alumnes com professors, per fer aportacions seguint les instruccions del cartell adjunt.<\/p>\n<p><img loading=\"lazy\" decoding=\"async\" class=\"alignnone size-medium wp-image-5477 aligncenter\" src=\"https:\/\/agora.xtec.cat\/ies-manuel-sales\/wp-content\/uploads\/usu728\/2023\/10\/ErasmusDays-300x400.jpg\" alt=\"Erasmus Days\" width=\"300\" height=\"400\" srcset=\"https:\/\/agora.xtec.cat\/ies-manuel-sales\/wp-content\/uploads\/usu728\/2023\/10\/ErasmusDays-300x400.jpg 300w, https:\/\/agora.xtec.cat\/ies-manuel-sales\/wp-content\/uploads\/usu728\/2023\/10\/ErasmusDays-768x1024.jpg 768w, https:\/\/agora.xtec.cat\/ies-manuel-sales\/wp-content\/uploads\/usu728\/2023\/10\/ErasmusDays-1152x1536.jpg 1152w, https:\/\/agora.xtec.cat\/ies-manuel-sales\/wp-content\/uploads\/usu728\/2023\/10\/ErasmusDays-1536x2048.jpg 1536w, https:\/\/agora.xtec.cat\/ies-manuel-sales\/wp-content\/uploads\/usu728\/2023\/10\/ErasmusDays-scaled.jpg 1920w\" sizes=\"auto, (max-width: 300px) 100vw, 300px\" \/><\/p>\n<p><span style=\"font-size: 10px;\"><em>_______________<\/em><\/span><\/p>\n<p><span style=\"font-size: 10px;\"><em>El proyecto &#8220;Historia pluriling\u00fce para todos&#8221; est\u00e1 cofinanciado por el programa Erasmus+ de la Uni\u00f3n Europea. El contenido de esta secci\u00f3n de la p\u00e1gina web es responsabilidad exclusiva del INS Manuel Sales i Ferr\u00e9 y ni la Comisi\u00f3n Europea, ni el Servicio Espa\u00f1ol para la Internacionalizaci\u00f3n de la Educaci\u00f3n (SEPIE) son responsables del uso que pueda hacerse de la informaci\u00f3n aqu\u00ed difundida.<\/em><\/span><\/p>\n<p><span style=\"font-size: 10px; color: #000080;\"><em>El projecte \u201cHist\u00f2ria pluriling\u00fce per a tots\u201d est\u00e0 cofinan\u00e7at pel programa Erasmus+ de la Uni\u00f3 Europea. El contingut d&#8217;aquesta secci\u00f3 de la p\u00e0gina web \u00e9s responsabilitat exclusiva de l&#8217;INS Manuel Sales i Ferr\u00e9 i ni la Comissi\u00f3 Europea, ni el Servei Espanyol per a la Internacionalitzaci\u00f3 de l&#8217;Educaci\u00f3 (SEPIE) s\u00f3n responsables de l&#8217;\u00fas que es pugui fer de la informaci\u00f3 difosa aqu\u00ed.<\/em><\/span><\/td>\n<td style=\"width: 20%; vertical-align: top;\"><img loading=\"lazy\" decoding=\"async\" class=\"alignnone size-full wp-image-5458\" src=\"https:\/\/agora.xtec.cat\/ies-manuel-sales\/wp-content\/uploads\/usu728\/2023\/10\/ERASMUSDAYS_LOGO_BLUE.jpg\" alt=\"Logo Erasmus Days\" width=\"674\" height=\"264\" srcset=\"https:\/\/agora.xtec.cat\/ies-manuel-sales\/wp-content\/uploads\/usu728\/2023\/10\/ERASMUSDAYS_LOGO_BLUE.jpg 674w, https:\/\/agora.xtec.cat\/ies-manuel-sales\/wp-content\/uploads\/usu728\/2023\/10\/ERASMUSDAYS_LOGO_BLUE-600x235.jpg 600w\" sizes=\"auto, (max-width: 674px) 100vw, 674px\" \/><\/td>\n<\/tr>\n<tr>\n<td style=\"width: 80%; background-color: #daeef7;\">\n<h5><strong>ACTIVITATS DEL CURS 2022\/23<\/strong><\/h5>\n<p style=\"text-align: justify;\"><span style=\"color: #800080;\"><strong>MOBILITAT A WELZHEIM<\/strong><\/span><\/p>\n<p style=\"text-align: justify;\">Entre el 6 i el 13 de maig, dues professores van marxar a Welzheim (Alemanya) com a expertes invitades per la Kastell Realschule de la poblaci\u00f3 de Welzheim, al land del Baden-W\u00fctemberg d\u2019Alemanya.<\/p>\n<p style=\"text-align: justify;\">Es tractava d\u2019un centre de secund\u00e0ria amb el qual vam treballar el curs passat en el projecte eTwinning <em>\u201c\u00c9l\u00e8ves d\u2019Europe \u2013 Self-profiling\u201d<\/em>, amb el qual vam obtenir un segell de qualitat eTwinning.<\/p>\n<p style=\"text-align: justify;\">Les professores invitades, una de llengua francesa i l\u2019altra d\u2019hist\u00f2ria, havien de preparar una sessi\u00f3 en llengua francesa sobre una tem\u00e0tica europea, van escollir treballar el Patrimoni Mundial, tot centrant-se en els b\u00e9ns del patrimoni de la UNESCO que es poden trobar a Europa. Es tractava d\u2019una sessi\u00f3 dirigida a un grup d\u2019uns 30 alumnes que estava format per alumnes alemanys que estudiaven la llengua francesa i un grup d\u2019alumnat franc\u00e8s provinent de la zona de Lyon que en aquells moments es trobava d\u2019intercanvi al centre.<\/p>\n<p><strong><a href=\"https:\/\/agora.xtec.cat\/ies-manuel-sales\/general\/erasmus-de-professorat-a-welzheim\/\">Llegiu la not\u00edcia completa &gt;&gt;&gt;<\/a><\/strong><\/p>\n<p><img loading=\"lazy\" decoding=\"async\" class=\"alignnone wp-image-5260 size-full\" src=\"https:\/\/agora.xtec.cat\/ies-manuel-sales\/wp-content\/uploads\/usu728\/2023\/05\/Erasmus-experts.jpg\" alt=\"\" width=\"1600\" height=\"1201\" srcset=\"https:\/\/agora.xtec.cat\/ies-manuel-sales\/wp-content\/uploads\/usu728\/2023\/05\/Erasmus-experts.jpg 1600w, https:\/\/agora.xtec.cat\/ies-manuel-sales\/wp-content\/uploads\/usu728\/2023\/05\/Erasmus-experts-533x400.jpg 533w, https:\/\/agora.xtec.cat\/ies-manuel-sales\/wp-content\/uploads\/usu728\/2023\/05\/Erasmus-experts-1024x769.jpg 1024w, https:\/\/agora.xtec.cat\/ies-manuel-sales\/wp-content\/uploads\/usu728\/2023\/05\/Erasmus-experts-768x576.jpg 768w, https:\/\/agora.xtec.cat\/ies-manuel-sales\/wp-content\/uploads\/usu728\/2023\/05\/Erasmus-experts-1536x1153.jpg 1536w, https:\/\/agora.xtec.cat\/ies-manuel-sales\/wp-content\/uploads\/usu728\/2023\/05\/Erasmus-experts-200x150.jpg 200w\" sizes=\"auto, (max-width: 1600px) 100vw, 1600px\" \/><\/p>\n<p><span style=\"color: #800080;\"><strong>MOBILITAT A ALEMANYA<\/strong><\/span><\/p>\n<p style=\"text-align: justify;\">Una de les professores d\u2019angl\u00e8s del nostre centre, juntament amb professores de l\u2019INS Mil\u00e0 i Fontanals de Barcelona i de l\u2019INS Mart\u00ed l\u2019Hum\u00e0 de Montblanc, assisteix del 3 al 9 de maig al per\u00edode d\u2019observaci\u00f3 a dos centres alemanys Cecilien Gymnasium i Comenius Gymnasium de D\u00fcsseldorf. La professora del nostre centre est\u00e0 fent l\u2019observaci\u00f3 al Cecilien Gymnasium juntament amb la Goretti Blanch, la t\u00e8cnica docent dels Programes d\u2019Innovaci\u00f3 del Servei de Lleng\u00fces Estrangeres i d\u2019Origen del Departament d\u2019Educaci\u00f3. L\u2019acollida per part del centre alemany ha estat molt bona i ja hem pogut observar moltes classes, des de 5\u00e8 de prim\u00e0ria fins a 2n de Batxillerat. El centre t\u00e9 uns 1000 alumnes i 90 docents i \u00e9s un institut biling\u00fce (angl\u00e8s-alemany), per tant, moltes assignatures com hist\u00f2ria, geografia o pol\u00edtica les fan en angl\u00e8s.<\/p>\n<p><strong><a href=\"https:\/\/agora.xtec.cat\/ies-manuel-sales\/general\/continuem-amb-les-mobilitats-erasmus-dins-el-consorci-cete\/\">Llegiu la not\u00edcia completa &gt;&gt;&gt;<\/a><\/strong><\/p>\n<p><img loading=\"lazy\" decoding=\"async\" class=\"alignnone size-full wp-image-5201\" src=\"https:\/\/agora.xtec.cat\/ies-manuel-sales\/wp-content\/uploads\/usu728\/2023\/05\/IMG-20230505-WA0000.jpg\" alt=\"\" width=\"1024\" height=\"768\" srcset=\"https:\/\/agora.xtec.cat\/ies-manuel-sales\/wp-content\/uploads\/usu728\/2023\/05\/IMG-20230505-WA0000.jpg 1024w, https:\/\/agora.xtec.cat\/ies-manuel-sales\/wp-content\/uploads\/usu728\/2023\/05\/IMG-20230505-WA0000-533x400.jpg 533w, https:\/\/agora.xtec.cat\/ies-manuel-sales\/wp-content\/uploads\/usu728\/2023\/05\/IMG-20230505-WA0000-768x576.jpg 768w, https:\/\/agora.xtec.cat\/ies-manuel-sales\/wp-content\/uploads\/usu728\/2023\/05\/IMG-20230505-WA0000-200x150.jpg 200w\" sizes=\"auto, (max-width: 1024px) 100vw, 1024px\" \/><\/td>\n<td style=\"width: 20%; background-color: #daeef7;\">&nbsp;<\/p>\n<p>&nbsp;<\/td>\n<\/tr>\n<tr>\n<td style=\"width: 80%;\">\n<h5><strong>ACTIVITATS DEL CURS 2021\/22<\/strong><\/h5>\n<p style=\"text-align: justify;\">El nostre centre va organitzar les seg\u00fcents mobilitats per a docents:<\/p>\n<p style=\"text-align: justify;\">\u2013 1 \u2013 <b>Job shadowing<\/b> (durant el mes d\u2019abril de 2022), que va consistir en un per\u00edode d\u2019observaci\u00f3 d\u2019aula d\u2019aproximadament 5 dies en un centre europeu juntament amb professors dels centres INS Mil\u00e0 i Fontanals i INS Salas i Xandri i posterior transfer\u00e8ncia al claustre, per tal de poder aplicar millores en el centre tenint en compte el pla d\u2019acci\u00f3 que s\u2019havia preparat per part de l\u2019equip impulsor Erasmus-GEP del centre. El centre on es va fer la mobilitat va ser el Liceo Gadda Rosselli de Mil\u00e0 i la professora que hi va participar, va ser Teodora Toca.<\/p>\n<p style=\"text-align: justify;\"><strong><a href=\"https:\/\/www.malpensa24.it\/gallarate-erasmus-insegnanti-spagnole\/\">Not\u00edcia de premsa &gt;&gt;&gt;<\/a><\/strong><\/p>\n<p><img loading=\"lazy\" decoding=\"async\" class=\"alignnone wp-image-4651\" src=\"https:\/\/agora.xtec.cat\/ies-manuel-sales\/wp-content\/uploads\/usu728\/2022\/09\/mobilitat-Erasmus-gallarate-Italia-2022.jpg\" sizes=\"auto, (max-width: 600px) 100vw, 600px\" srcset=\"https:\/\/agora.xtec.cat\/ies-manuel-sales\/wp-content\/uploads\/usu728\/2022\/09\/mobilitat-Erasmus-gallarate-Italia-2022.jpg 640w, https:\/\/agora.xtec.cat\/ies-manuel-sales\/wp-content\/uploads\/usu728\/2022\/09\/mobilitat-Erasmus-gallarate-Italia-2022-600x385.jpg 600w\" alt=\"Erasmus+ It\u00e0lia 2022\" width=\"600\" height=\"385\" \/><\/p>\n<p style=\"text-align: justify;\"><strong><a href=\"https:\/\/agora.xtec.cat\/ies-manuel-sales\/general\/comencem-lerasmus-a-linstitut-gadda-rosselli-de-gallarate-italia\/\">Llegiu la not\u00edcia completa &gt;&gt;&gt;<\/a><\/strong><\/p>\n<p style=\"text-align: justify;\">\u2013 2 \u2013 <b>Mobilitat de formaci\u00f3<\/b> entre els dies 4 i 9 de juliol de 2022.\u00a0\u00a0Aquesta mobilitat tenia com a objectiu la formaci\u00f3 del professorat en <strong>metodologia AICLE (CLIL)<\/strong>\u00a0i de\u00a0<strong>Treball per Projectes (PBL)<\/strong>, les quals es poden treballar de manera conjunta. La professora de llengua estrangera del nostre centre, Mireia Bel, juntament amb altres professores del mateix microconsorci EMAILC, van viatjar a Budapest per tal de fer el <strong>curs \u201cCLIL and PBL to Improve Student Engagement\u201d<\/strong>\u00a0a c\u00e0rrec de la professora Judit Feh\u00e9r.<\/p>\n<p><a href=\"https:\/\/agora.xtec.cat\/ies-manuel-sales\/wp-content\/uploads\/usu728\/2022\/07\/mobilitat.jpg\"><img loading=\"lazy\" decoding=\"async\" class=\"alignnone wp-image-4543\" src=\"https:\/\/agora.xtec.cat\/ies-manuel-sales\/wp-content\/uploads\/usu728\/2022\/07\/mobilitat-534x400.jpg\" sizes=\"auto, (max-width: 599px) 100vw, 599px\" srcset=\"https:\/\/agora.xtec.cat\/ies-manuel-sales\/wp-content\/uploads\/usu728\/2022\/07\/mobilitat-534x400.jpg 534w, https:\/\/agora.xtec.cat\/ies-manuel-sales\/wp-content\/uploads\/usu728\/2022\/07\/mobilitat-768x575.jpg 768w, https:\/\/agora.xtec.cat\/ies-manuel-sales\/wp-content\/uploads\/usu728\/2022\/07\/mobilitat-200x150.jpg 200w, https:\/\/agora.xtec.cat\/ies-manuel-sales\/wp-content\/uploads\/usu728\/2022\/07\/mobilitat.jpg 1022w\" alt=\"\" width=\"599\" height=\"449\" \/><\/a><\/p>\n<p><strong><a href=\"https:\/\/agora.xtec.cat\/ies-manuel-sales\/general\/segona-mobilitat-de-professorat-erasmus-dins-el-consorci-cete\/\">Llegiu la not\u00edcia completa &gt;&gt;&gt;<\/a><\/strong><\/td>\n<td style=\"width: 20%;\"><\/td>\n<\/tr>\n<\/tbody>\n<\/table>\n","protected":false},"excerpt":{"rendered":"<p>ACTIVITATS DEL PROGRAMA ERASMUS+<br \/>\nEl nostre institut participa des del curs 2021\/22 en el programa d&#8217;intercanvis i mobilitat ERASMUS+ finan\u00e7at per la Uni\u00f3 Europea.<br \/>\nDins d&#8217;aquest programa s&#8217;organitzen activitats com:<\/p>\n<ul style=\"text-align: justify;\">\n<li>Mobilitats del professorat en modalitat de formaci\u00f3 o d&#8217;observaci\u00f3 (jobshadowing)<\/li>\n<li>Mobilitats d&#8217;alumnes.<\/li>\n<li>Intercanvi entre centres d&#8217;alumnes i docents.<\/li>\n<\/ul>\n<p>L&#8217;objectiu&hellip;  <a href=\"https:\/\/agora.xtec.cat\/ies-manuel-sales\/projectes\/gep-generacio-plurilingue\/programa-erasmus\/\" title=\"Read PROGRAMA ERASMUS+\">Llegeix m\u00e9s\u00bb<\/a><\/p>\n","protected":false},"author":1,"featured_media":0,"parent":2295,"menu_order":2,"comment_status":"closed","ping_status":"closed","template":"page-templates\/side-menu.php","meta":{"_bbp_topic_count":0,"_bbp_reply_count":0,"_bbp_total_topic_count":0,"_bbp_total_reply_count":0,"_bbp_voice_count":0,"_bbp_anonymous_reply_count":0,"_bbp_topic_count_hidden":0,"_bbp_reply_count_hidden":0,"_bbp_forum_subforum_count":0,"footnotes":""},"class_list":["post-5472","page","type-page","status-publish","hentry"],"post_mailing_queue_ids":[],"_links":{"self":[{"href":"https:\/\/agora.xtec.cat\/ies-manuel-sales\/wp-json\/wp\/v2\/pages\/5472","targetHints":{"allow":["GET"]}}],"collection":[{"href":"https:\/\/agora.xtec.cat\/ies-manuel-sales\/wp-json\/wp\/v2\/pages"}],"about":[{"href":"https:\/\/agora.xtec.cat\/ies-manuel-sales\/wp-json\/wp\/v2\/types\/page"}],"author":[{"embeddable":true,"href":"https:\/\/agora.xtec.cat\/ies-manuel-sales\/wp-json\/wp\/v2\/users\/1"}],"replies":[{"embeddable":true,"href":"https:\/\/agora.xtec.cat\/ies-manuel-sales\/wp-json\/wp\/v2\/comments?post=5472"}],"version-history":[{"count":6,"href":"https:\/\/agora.xtec.cat\/ies-manuel-sales\/wp-json\/wp\/v2\/pages\/5472\/revisions"}],"predecessor-version":[{"id":6454,"href":"https:\/\/agora.xtec.cat\/ies-manuel-sales\/wp-json\/wp\/v2\/pages\/5472\/revisions\/6454"}],"up":[{"embeddable":true,"href":"https:\/\/agora.xtec.cat\/ies-manuel-sales\/wp-json\/wp\/v2\/pages\/2295"}],"wp:attachment":[{"href":"https:\/\/agora.xtec.cat\/ies-manuel-sales\/wp-json\/wp\/v2\/media?parent=5472"}],"curies":[{"name":"wp","href":"https:\/\/api.w.org\/{rel}","templated":true}]}}