{"id":5417,"date":"2023-09-19T23:18:05","date_gmt":"2023-09-19T21:18:05","guid":{"rendered":"https:\/\/agora.xtec.cat\/ies-manuel-sales\/?page_id=5417"},"modified":"2025-09-29T17:46:04","modified_gmt":"2025-09-29T15:46:04","slug":"criteris-davaluacio","status":"publish","type":"page","link":"https:\/\/agora.xtec.cat\/ies-manuel-sales\/linstitut\/criteris-davaluacio\/","title":{"rendered":"CRITERIS D&#8217;AVALUACI\u00d3"},"content":{"rendered":"<p>&nbsp;<\/p>\n<table style=\"border-collapse: collapse; width: 100%;\">\n<tbody>\n<tr>\n<td style=\"width: 70.3636%;\">Tot seguit podeu consultar els criteris d\u2019avaluaci\u00f3 del curs actual accedint als seg\u00fcents enlla\u00e7os.<\/p>\n<p><strong>Criteris Generals d&#8217;Avaluaci\u00f3 i Promoci\u00f3 per ensenyaments.<\/strong><\/p>\n<ul>\n<li><a href=\"https:\/\/drive.google.com\/file\/d\/1FKIOr0qOVlfy_lojJdb3TfvLlIoWZilY\/view?usp=drive_link\">Criteris d\u2019Avaluaci\u00f3 d\u2019ESO<\/a><\/li>\n<li><a href=\"https:\/\/drive.google.com\/file\/d\/1vq3MhQJsyD6KC7Ii_g-ryt0GP9YtR2nH\/view?usp=sharing\">Criteris d\u2019Avaluaci\u00f3 de Batxillerat<\/a><\/li>\n<li><a href=\"https:\/\/drive.google.com\/drive\/folders\/1MEj8jxlXiYTiyUlejRMpVJgBluGyT-Is?usp=drive_link\">Criteris d\u2019Avaluaci\u00f3 del Cicle Formatiu de Grau Mitj\u00e0<\/a><\/li>\n<li><a href=\"https:\/\/drive.google.com\/file\/d\/1rpb_t5A5Nn_IUYZdmlePD8Og_zNrClXV\/view?usp=drive_link\">Criteris d\u2019Avaluaci\u00f3 PFI<\/a><\/li>\n<\/ul>\n<p><strong>Criteris d\u2019avaluaci\u00f3 detallats per mat\u00e8ries.<\/strong><\/p>\n<ul>\n<li><a href=\"https:\/\/drive.google.com\/drive\/folders\/1I_8XnSMOlWcUE6Ej93_Rwt_UnDnRrW8A?usp=sharing\">CA Lleng\u00fces: cat\/cast\/cl\u00e0ssiques<\/a><\/li>\n<li><a href=\"https:\/\/drive.google.com\/file\/d\/1uYnmf3XokrBVzHxcghdgzQb-YGnl3QDj\/view?usp=sharing\">CA Matem\u00e0tiques<\/a><\/li>\n<li><a href=\"https:\/\/drive.google.com\/file\/d\/1kLoYKIsjiqsnqaM0k-RKmx8k-DkUAEbx\/view?usp=sharing\">CA Lleng\u00fces estrangeres<\/a><\/li>\n<li><a href=\"https:\/\/drive.google.com\/drive\/folders\/1g1fNIB67UoNXV2iPVxrKUMYd4uLrAB2x?usp=sharing\">CA Ci\u00e8ncies Naturals<\/a><\/li>\n<li><a href=\"https:\/\/drive.google.com\/file\/d\/1A_87n_ymUPGj_w_4dKomMrbwR21FIVxi\/view?usp=sharing\">CA Ci\u00e8ncies Socials<\/a><\/li>\n<li><a href=\"https:\/\/drive.google.com\/file\/d\/1ny0_rY6Rq_NkUbV4DAnaGdYui0MZn43Z\/view?usp=sharing\">CA Educaci\u00f3 F\u00edsica<\/a><\/li>\n<li><a href=\"https:\/\/drive.google.com\/file\/d\/1UbXn7QqzCEoHF-HDF9SN-uUy0t9nLiCA\/view?usp=sharing\">CA \u00c0mbit Art\u00edstic: Dibuix\/M\u00fasica<\/a><\/li>\n<li><a href=\"https:\/\/drive.google.com\/file\/d\/1O-EfpLYEty_9CJfshJZxcOvDLhbcyqUF\/view?usp=sharing\">CA Tecnologia\u00a0<\/a><\/li>\n<li><a href=\"https:\/\/drive.google.com\/file\/d\/1dJA3fdhfO5MSMud2XR54lQzliGqhEiCb\/view?usp=sharing\">CA Religi\u00f3<\/a><\/li>\n<\/ul>\n<\/td>\n<td style=\"width: 29.6364%; vertical-align: top;\"><img loading=\"lazy\" decoding=\"async\" class=\"alignnone size-full wp-image-3556\" src=\"https:\/\/agora.xtec.cat\/ies-manuel-sales\/wp-content\/uploads\/usu728\/2020\/09\/Tutories.jpg\" alt=\"Acci\u00f3 Tutorial\" width=\"900\" height=\"560\" srcset=\"https:\/\/agora.xtec.cat\/ies-manuel-sales\/wp-content\/uploads\/usu728\/2020\/09\/Tutories.jpg 900w, https:\/\/agora.xtec.cat\/ies-manuel-sales\/wp-content\/uploads\/usu728\/2020\/09\/Tutories-600x373.jpg 600w, https:\/\/agora.xtec.cat\/ies-manuel-sales\/wp-content\/uploads\/usu728\/2020\/09\/Tutories-768x478.jpg 768w\" sizes=\"auto, (max-width: 900px) 100vw, 900px\" \/><\/td>\n<\/tr>\n<\/tbody>\n<\/table>\n","protected":false},"excerpt":{"rendered":"<p>&nbsp;<\/p>\n<p>Tot seguit podeu consultar els criteris d\u2019avaluaci\u00f3 del curs actual accedint als seg\u00fcents enlla\u00e7os.<br \/>\nCriteris Generals d&#8217;Avaluaci\u00f3 i Promoci\u00f3 per ensenyaments.<\/p>\n<ul>\n<li><a href=\"https:\/\/drive.google.com\/file\/d\/1FKIOr0qOVlfy_lojJdb3TfvLlIoWZilY\/view?usp=drive_link\">Criteris d\u2019Avaluaci\u00f3 d\u2019ESO<\/a><\/li>\n<li><a href=\"https:\/\/drive.google.com\/file\/d\/1vq3MhQJsyD6KC7Ii_g-ryt0GP9YtR2nH\/view?usp=sharing\">Criteris d\u2019Avaluaci\u00f3 de Batxillerat<\/a><\/li>\n<li><a href=\"https:\/\/drive.google.com\/drive\/folders\/1MEj8jxlXiYTiyUlejRMpVJgBluGyT-Is?usp=drive_link\">Criteris d\u2019Avaluaci\u00f3 del Cicle Formatiu de Grau Mitj\u00e0<\/a><\/li>\n<li><a href=\"https:\/\/drive.google.com\/file\/d\/1rpb_t5A5Nn_IUYZdmlePD8Og_zNrClXV\/view?usp=drive_link\">Criteris d\u2019Avaluaci\u00f3 PFI<\/a><\/li>\n<\/ul>\n<p>Criteris d\u2019avaluaci\u00f3 detallats per mat\u00e8ries.<\/p>\n<ul>\n<li><a href=\"https:\/\/drive.google.com\/drive\/folders\/1I_8XnSMOlWcUE6Ej93_Rwt_UnDnRrW8A?usp=sharing\">CA Lleng\u00fces: cat\/cast\/cl\u00e0ssiques<\/a><\/li>\n<li><a&hellip;  <a href=\"https:\/\/agora.xtec.cat\/ies-manuel-sales\/linstitut\/criteris-davaluacio\/\" title=\"Read CRITERIS D&#8217;AVALUACI\u00d3\">Llegeix m\u00e9s\u00bb<\/a><br \/>\n","protected":false},"author":1,"featured_media":0,"parent":19,"menu_order":51,"comment_status":"closed","ping_status":"closed","template":"page-templates\/side-menu.php","meta":{"_bbp_topic_count":0,"_bbp_reply_count":0,"_bbp_total_topic_count":0,"_bbp_total_reply_count":0,"_bbp_voice_count":0,"_bbp_anonymous_reply_count":0,"_bbp_topic_count_hidden":0,"_bbp_reply_count_hidden":0,"_bbp_forum_subforum_count":0,"footnotes":""},"class_list":["post-5417","page","type-page","status-publish","hentry"],"post_mailing_queue_ids":[],"_links":{"self":[{"href":"https:\/\/agora.xtec.cat\/ies-manuel-sales\/wp-json\/wp\/v2\/pages\/5417","targetHints":{"allow":["GET"]}}],"collection":[{"href":"https:\/\/agora.xtec.cat\/ies-manuel-sales\/wp-json\/wp\/v2\/pages"}],"about":[{"href":"https:\/\/agora.xtec.cat\/ies-manuel-sales\/wp-json\/wp\/v2\/types\/page"}],"author":[{"embeddable":true,"href":"https:\/\/agora.xtec.cat\/ies-manuel-sales\/wp-json\/wp\/v2\/users\/1"}],"replies":[{"embeddable":true,"href":"https:\/\/agora.xtec.cat\/ies-manuel-sales\/wp-json\/wp\/v2\/comments?post=5417"}],"version-history":[{"count":6,"href":"https:\/\/agora.xtec.cat\/ies-manuel-sales\/wp-json\/wp\/v2\/pages\/5417\/revisions"}],"predecessor-version":[{"id":7092,"href":"https:\/\/agora.xtec.cat\/ies-manuel-sales\/wp-json\/wp\/v2\/pages\/5417\/revisions\/7092"}],"up":[{"embeddable":true,"href":"https:\/\/agora.xtec.cat\/ies-manuel-sales\/wp-json\/wp\/v2\/pages\/19"}],"wp:attachment":[{"href":"https:\/\/agora.xtec.cat\/ies-manuel-sales\/wp-json\/wp\/v2\/media?parent=5417"}],"curies":[{"name":"wp","href":"https:\/\/api.w.org\/{rel}","templated":true}]}}