{"id":52,"date":"2014-09-17T16:58:07","date_gmt":"2014-09-17T16:58:07","guid":{"rendered":"http:\/\/agora.xtec.cat\/ies-manuel-sales\/?page_id=52"},"modified":"2025-10-21T15:01:03","modified_gmt":"2025-10-21T13:01:03","slug":"calendari-del-curs","status":"publish","type":"page","link":"https:\/\/agora.xtec.cat\/ies-manuel-sales\/linstitut\/calendari-del-curs\/","title":{"rendered":"CALENDARI DEL CURS"},"content":{"rendered":"<h4><strong>1. Calendari lectiu 2025\/26.<\/strong><\/h4>\n<p><img loading=\"lazy\" decoding=\"async\" class=\"alignnone wp-image-7117 size-large\" src=\"https:\/\/agora.xtec.cat\/ies-manuel-sales\/wp-content\/uploads\/usu728\/2025\/10\/Calendari-curs-escolar_page-0001-e1761050659415-535x1024.jpg\" alt=\"\" width=\"535\" height=\"1024\" srcset=\"https:\/\/agora.xtec.cat\/ies-manuel-sales\/wp-content\/uploads\/usu728\/2025\/10\/Calendari-curs-escolar_page-0001-e1761050659415-535x1024.jpg 535w, https:\/\/agora.xtec.cat\/ies-manuel-sales\/wp-content\/uploads\/usu728\/2025\/10\/Calendari-curs-escolar_page-0001-e1761050659415-209x400.jpg 209w, https:\/\/agora.xtec.cat\/ies-manuel-sales\/wp-content\/uploads\/usu728\/2025\/10\/Calendari-curs-escolar_page-0001-e1761050659415.jpg 702w\" sizes=\"auto, (max-width: 535px) 100vw, 535px\" \/><\/p>\n<h4><strong>2. Calendari escolar: trimestres i avaluacions 2025\/26.<br \/>\n<\/strong><\/h4>\n<h5><\/h5>\n<h5><span style=\"color: #808000; font-size: 20px;\"><strong>ESO &#8211; BATXILLERAT<\/strong><\/span><\/h5>\n<p><strong>Reunions d\u2019inici de curs amb les fam\u00edlies<\/strong>: 22, 23 i 24 de setembre de 2025.<\/p>\n<p><span style=\"background-color: #ccffff; color: #000080;\"><strong>TRIMESTRES I QUADRIMESTRES<\/strong><\/span><\/p>\n<ul>\n<li>1r TRIMESTRE: del 8 de setembre al 4 de desembre de 2025.<\/li>\n<li>2n TRIMESTRE: del 9 de desembre de 2025 al 13 de mar\u00e7 de 2026.<\/li>\n<li><strong>Setmana &#8220;Fem Pinya&#8221;<\/strong> per la inclusi\u00f3 i la cohesi\u00f3 social: del 24 al 27 de mar\u00e7\u00a0 de 2026.<\/li>\n<li>3r TRIMESTRE: del 16 de mar\u00e7 al 19 de juny de 2026.<\/li>\n<\/ul>\n<p><span style=\"color: #000080; background-color: #ccffff;\"><strong>TREBALL DE RECERCA DE BATXILLERAT<\/strong><\/span><\/p>\n<p><b>TREBALL DE RECERCA DE BATXILLERAT (2n BATX)<\/b><\/p>\n<ul>\n<li><span style=\"font-weight: 400;\">Lliurament d\u2019esborrany al tutor\/a: 30 de setembre de 2025.<\/span><\/li>\n<li><span style=\"font-weight: 400;\">Lliurament del treball definitiu: 30 d&#8217;octubre de 2025.<\/span><\/li>\n<li><span style=\"font-weight: 400;\">Exposici\u00f3 oral: 12 de novembre.<\/span><\/li>\n<\/ul>\n<p><b>TREBALL DE RECERCA DE BATXILLERAT (1r BATX)<\/b><\/p>\n<ul>\n<li><span style=\"font-weight: 400;\">Lliurament d\u2019esborrany de la part te\u00f2rica al tutor\/a: fins a finals d\u2019abril de 2026.<\/span><\/li>\n<li><span style=\"font-weight: 400;\">Lliurament d\u2019esborrany de la part pr\u00e0ctica al tutor\/a: fins al 30 de setembre de 2026.<\/span><\/li>\n<li><span style=\"font-weight: 400;\">Avaluaci\u00f3 final de 1r BATX: nota qualitativa.<\/span><\/li>\n<li><span style=\"font-weight: 400;\">Lliurament del treball definitiu: 30 d\u2019octubre de 2026.\u00a0<\/span><\/li>\n<li><span style=\"font-weight: 400;\">Exposici\u00f3 oral: 11 de novembre.<\/span><\/li>\n<\/ul>\n<p><span style=\"color: #000080; background-color: #ccffff;\"><strong>PROVES DE COMPET\u00c8NCIES B\u00c0SIQUES \u2013 2n ESO &#8211; 4t ESO<\/strong><\/span><\/p>\n<ul>\n<li>Proves diagn\u00f2stiques de 2n d&#8217;ESO: del 13 al 17 d&#8217;abril de 2026.<\/li>\n<li>Proves escrites de 4t d&#8217;ESO: 20 i 23 de mar\u00e7 de 2026.<\/li>\n<li>Prova de comunicaci\u00f3 oral de 4t d&#8217;ESO: del 19 de gener al 20 de febrer de 2026.<\/li>\n<\/ul>\n<p><span style=\"color: #000080; background-color: #ccffff;\"><strong>AVALUACIONS ESO<\/strong><\/span><\/p>\n<table style=\"width: 51.9015%; height: 163px;\" width=\"696\">\n<tbody>\n<tr style=\"height: 33px;\">\n<td style=\"width: 30.1449%; height: 33px;\" width=\"212\">Inicial<\/td>\n<td style=\"width: 490px; height: 33px;\" width=\"484\">Del 20 al 22 d&#8217;octubre de 2025. Lliurament de notes: 29 d&#8217;octubre.<\/td>\n<\/tr>\n<tr style=\"height: 33px;\">\n<td style=\"width: 30.1449%; height: 33px;\" width=\"212\">1a. Avaluaci\u00f3<\/td>\n<td style=\"width: 73.3333%; height: 33px;\" width=\"484\">Del 9 a l&#8217;11 de desembre de 2025. Lliurament de notes: 17 de desembre.<\/td>\n<\/tr>\n<tr style=\"height: 33px;\">\n<td style=\"width: 30.1449%; height: 33px;\" width=\"212\">2a. Avaluaci\u00f3<\/td>\n<td style=\"width: 73.3333%; height: 33px;\" width=\"484\">Del 16 al 18 de mar\u00e7 de 2026. Lliurament de notes: 26 de mar\u00e7.<\/td>\n<\/tr>\n<tr style=\"height: 64px;\">\n<td style=\"background-color: #c9f2da; width: 30.1449%; height: 64px;\" width=\"212\"><strong>3a Av. i Final de curs<\/strong><\/td>\n<td style=\"background-color: #c9f2da; width: 73.3333%; height: 64px;\" width=\"484\">1r d&#8217;ESO. 22 de juny de 2026. 2n i 3r d&#8217;ESO 16 i 17 de juny Lliurament de notes: 25 de juny.<br \/>\n4t ESO. 15 de juny de 2026. Lliurament de notes: 18 de juny.<\/td>\n<\/tr>\n<\/tbody>\n<\/table>\n<p><span style=\"color: #000080; background-color: #ccffcc;\"><strong>AVALUACIONS BATXILLERAT<\/strong><\/span><\/p>\n<table>\n<tbody>\n<tr>\n<td width=\"212\">Inicial<\/td>\n<td width=\"492\">Del 20 al 22 d&#8217;octubre de 2025. Lliurament de notes: 29 d&#8217;octubre.<\/td>\n<\/tr>\n<tr>\n<td width=\"212\">1a. Avaluaci\u00f3<\/td>\n<td width=\"492\">Del 9 a l&#8217;11 de desembre de 2025. Lliurament de notes: 17 de desembre.<\/td>\n<\/tr>\n<tr>\n<td width=\"212\">2a. Avaluaci\u00f3<\/td>\n<td width=\"492\">Del 16 al 18 de mar\u00e7 de 2026. Lliurament de notes: 27 de mar\u00e7.<\/td>\n<\/tr>\n<tr>\n<td style=\"background-color: #f2e0b3;\" width=\"212\"><strong>3a Aval. i Final de 2n Bat<\/strong><\/td>\n<td style=\"background-color: #f2e0b3;\" width=\"492\">13 de maig de 2026. Lliurament de notes: 14 de maig.<\/td>\n<\/tr>\n<tr>\n<td width=\"212\">Classes de selectivitat<\/td>\n<td width=\"492\">Del 18 de maig fins a l&#8217;inici de les PAU<\/td>\n<\/tr>\n<tr>\n<td width=\"212\"><strong>PAU<\/strong><\/td>\n<td width=\"492\">Convocat\u00f2ria ordin\u00e0ria: <strong><span style=\"color: #000000;\">9,10 i 11 de juny de 2026.<\/span><\/strong><b><br \/>\n<\/b>Convocat\u00f2ria extraordin\u00e0ria: <span style=\"color: #000000;\"><strong>2, 3 i 4 de setembre de 2026.<br \/>\n<\/strong><\/span><\/td>\n<\/tr>\n<tr>\n<td style=\"background-color: #f2d5f2;\" width=\"212\"><strong>3a Aval. i Final de 1r Bat<\/strong><\/td>\n<td style=\"background-color: #f2d5f2;\" width=\"492\">10 de juny de 2025. Lliurament de notes: 11 de juny.<\/td>\n<\/tr>\n<tr>\n<td width=\"212\">Proves Extraordin\u00e0ries<\/td>\n<td width=\"492\">1r BAT: del 15 al 18 de juny de 2026.<br \/>\n2n BAT: entre el 4 i el 8 de juny de 2026.<\/td>\n<\/tr>\n<tr>\n<td style=\"background-color: #faf687;\" width=\"212\"><strong>Aval. Extraordin\u00e0ria Bat<br \/>\n<\/strong><\/td>\n<td style=\"background-color: #faf687;\" width=\"492\">1r BAT. 23 de juny de 2026. Lliurament de notes: 25 de juny.<br \/>\n2n BAT. 10 de juny de 2026. Lliurament de notes: 11 de juny.<\/td>\n<\/tr>\n<\/tbody>\n<\/table>\n<ul>\n<li><strong>FESTA DE GRADUACI\u00d3 (4t ESO, PFI, 2n BAT i 2n CFGM): <\/strong>divendres, 20 de juny de 2025.<\/li>\n<\/ul>\n<p>&nbsp;<\/p>\n<h5><strong><span style=\"font-size: 20px; color: #808000;\">PROGRAMA DE FORMACI\u00d3 I INSERCI\u00d3 (PFI) AUXILIAR DE CONSTRUCCI\u00d3<\/span><br \/>\n<\/strong><\/h5>\n<p><strong>Reunions d\u2019inici de curs amb pares i tutors\/es<\/strong>: 25 de setembre de 2024.<\/p>\n<p><span style=\"background-color: #ccffff;\"><strong>AVALUACIONS PFI<\/strong><\/span><\/p>\n<table>\n<tbody>\n<tr>\n<td width=\"212\">Avaluaci\u00f3 Inicial<\/td>\n<td width=\"492\">23 d&#8217;octubre de 2024. Lliurament de notes: 30 d&#8217;octubre.<\/td>\n<\/tr>\n<tr>\n<td width=\"212\">1a. Avaluaci\u00f3<\/td>\n<td width=\"492\">4 de desembre de 2024. Lliurament de notes: 4 de desembre.<\/td>\n<\/tr>\n<tr>\n<td width=\"212\">2a. Avaluaci\u00f3<\/td>\n<td width=\"492\">19 de mar\u00e7 de 2025. Lliurament de notes: 21 de mar\u00e7.<\/td>\n<\/tr>\n<tr>\n<td width=\"212\"><strong>Avaluaci\u00f3 Final de curs<\/strong><\/td>\n<td width=\"492\">18 de juny de 2025. Lliurament de notes: 19 de juny.<\/td>\n<\/tr>\n<\/tbody>\n<\/table>\n<h5><\/h5>\n<h5><span style=\"color: #808000; font-size: 20px;\"><strong>CICLE FORMATIU DE GRAU MITJ\u00c0<\/strong><\/span><\/h5>\n<p><strong>Reunions d\u2019inici de curs amb pares i tutors\/es<\/strong>: 25 de setembre de 2024.<\/p>\n<p><span style=\"color: #000080; background-color: #ccffff;\"><strong>TREBALL DE S\u00cdNTESI DEL CICLE FORMATIU<\/strong><\/span><\/p>\n<p><strong>Maig de 2024.<\/strong><\/p>\n<p><span style=\"color: #000080; background-color: #ccffff;\"><strong>AVALUACIONS CICLE FORMATIU<\/strong><\/span><\/p>\n<table>\n<tbody>\n<tr>\n<td width=\"212\">Avaluaci\u00f3 Inicial<\/td>\n<td width=\"492\">23 d&#8217;octubre de 2024. Lliurament de notes: 30 d&#8217;octubre.<\/td>\n<\/tr>\n<tr>\n<td width=\"212\">1a. Avaluaci\u00f3<\/td>\n<td width=\"492\">4 de desembre de 2024. Lliurament de notes: 10 de desembre.<\/td>\n<\/tr>\n<tr>\n<td width=\"212\">2a. Avaluaci\u00f3<\/td>\n<td width=\"492\">19 de mar\u00e7 de 2025. Lliurament de notes: 21 de mar\u00e7.<\/td>\n<\/tr>\n<tr>\n<td style=\"background-color: #f5e1e1;\" width=\"212\"><strong>Avaluaci\u00f3 Final de curs<\/strong><\/td>\n<td style=\"background-color: #f5e1e1;\" width=\"492\">28 de maig de 2025. Lliurament de notes: 29 de maig.<\/td>\n<\/tr>\n<tr>\n<td width=\"212\">Proves extraordin\u00e0ries<\/td>\n<td width=\"492\">Entre el 9 i el 12 de juny de 2025.<\/td>\n<\/tr>\n<tr>\n<td style=\"background-color: #daf7e5;\" width=\"212\"><strong>Final Extraordin\u00e0ria<\/strong><\/td>\n<td style=\"background-color: #daf7e5;\" width=\"492\">12 de juny de 2025. Lliurament de notes: 16 de juny.<\/td>\n<\/tr>\n<\/tbody>\n<\/table>\n","protected":false},"excerpt":{"rendered":"<p>1. Calendari lectiu 2025\/26.<\/p>\n<p>2. Calendari escolar: trimestres i avaluacions 2025\/26.<\/p>\n<p>ESO &#8211; BATXILLERAT<br \/>\nReunions d\u2019inici de curs amb les fam\u00edlies: 22, 23 i 24 de setembre de 2025.<br \/>\nTRIMESTRES I QUADRIMESTRES<\/p>\n<ul>\n<li>1r TRIMESTRE: del 8 de setembre al 4 de desembre de 2025.<\/li>\n<li>2n TRIMESTRE: del 9 de desembre de&hellip;  <a href=\"https:\/\/agora.xtec.cat\/ies-manuel-sales\/linstitut\/calendari-del-curs\/\" title=\"Read CALENDARI DEL CURS\">Llegeix m\u00e9s\u00bb<\/a><br \/>\n","protected":false},"author":1,"featured_media":0,"parent":19,"menu_order":70,"comment_status":"closed","ping_status":"closed","template":"page-templates\/side-menu.php","meta":{"_bbp_topic_count":0,"_bbp_reply_count":0,"_bbp_total_topic_count":0,"_bbp_total_reply_count":0,"_bbp_voice_count":0,"_bbp_anonymous_reply_count":0,"_bbp_topic_count_hidden":0,"_bbp_reply_count_hidden":0,"_bbp_forum_subforum_count":0,"footnotes":""},"class_list":["post-52","page","type-page","status-publish","hentry"],"post_mailing_queue_ids":[],"_links":{"self":[{"href":"https:\/\/agora.xtec.cat\/ies-manuel-sales\/wp-json\/wp\/v2\/pages\/52","targetHints":{"allow":["GET"]}}],"collection":[{"href":"https:\/\/agora.xtec.cat\/ies-manuel-sales\/wp-json\/wp\/v2\/pages"}],"about":[{"href":"https:\/\/agora.xtec.cat\/ies-manuel-sales\/wp-json\/wp\/v2\/types\/page"}],"author":[{"embeddable":true,"href":"https:\/\/agora.xtec.cat\/ies-manuel-sales\/wp-json\/wp\/v2\/users\/1"}],"replies":[{"embeddable":true,"href":"https:\/\/agora.xtec.cat\/ies-manuel-sales\/wp-json\/wp\/v2\/comments?post=52"}],"version-history":[{"count":8,"href":"https:\/\/agora.xtec.cat\/ies-manuel-sales\/wp-json\/wp\/v2\/pages\/52\/revisions"}],"predecessor-version":[{"id":7124,"href":"https:\/\/agora.xtec.cat\/ies-manuel-sales\/wp-json\/wp\/v2\/pages\/52\/revisions\/7124"}],"up":[{"embeddable":true,"href":"https:\/\/agora.xtec.cat\/ies-manuel-sales\/wp-json\/wp\/v2\/pages\/19"}],"wp:attachment":[{"href":"https:\/\/agora.xtec.cat\/ies-manuel-sales\/wp-json\/wp\/v2\/media?parent=52"}],"curies":[{"name":"wp","href":"https:\/\/api.w.org\/{rel}","templated":true}]}}