{"id":515,"date":"2015-11-27T11:28:30","date_gmt":"2015-11-27T10:28:30","guid":{"rendered":"http:\/\/agora.xtec.cat\/ies-manuel-sales\/?page_id=515"},"modified":"2023-04-27T10:41:49","modified_gmt":"2023-04-27T08:41:49","slug":"titols-academics","status":"publish","type":"page","link":"https:\/\/agora.xtec.cat\/ies-manuel-sales\/secretaria\/titols-academics\/","title":{"rendered":"T\u00cdTOLS ACAD\u00c8MICS"},"content":{"rendered":"<table>\n<tbody>\n<tr>\n<td style=\"vertical-align: top;\">\n<p style=\"text-align: justify;\">Els alumnes que completen els estudis corresponents d&#8217;ESO, Batxillerat o Cicle Formatiu de Grau Mitj\u00e0 obtenen el <strong>t\u00edtol acad\u00e8mic<\/strong> que acredita oficialment els seus estudis.<\/p>\n<p style=\"text-align: justify;\">El <strong>t\u00edtol d&#8217;ESO<\/strong> s&#8217;obt\u00e9 autom\u00e0ticament i de forma gratu\u00efta un cop superat l&#8217;\u00faltim curs amb \u00e8xit i es pot recollir, passat un per\u00edode d&#8217;expedici\u00f3, a la Secretaria del centre.<\/p>\n<p style=\"text-align: justify;\">El t\u00edtol de <strong>Batxillerat<\/strong> o de <strong>T\u00e8cnic del Cicle Formatiu<\/strong> s&#8217;ha de sol\u00b7licitar previ pagament de les taxes oficials (mireu la taula) i, passat el per\u00edode d&#8217;expedici\u00f3, es pot recollir a la Secretaria del centre.<\/p>\n<\/td>\n<td style=\"width: 200px; vertical-align: top;\"><img loading=\"lazy\" decoding=\"async\" class=\"alignright size-full wp-image-551\" src=\"http:\/\/agora.xtec.cat\/ies-manuel-sales\/wp-content\/uploads\/usu728\/2015\/11\/diploma.jpg\" alt=\"diploma\" width=\"200\" height=\"200\" srcset=\"https:\/\/agora.xtec.cat\/ies-manuel-sales\/wp-content\/uploads\/usu728\/2015\/11\/diploma.jpg 200w, https:\/\/agora.xtec.cat\/ies-manuel-sales\/wp-content\/uploads\/usu728\/2015\/11\/diploma-150x150.jpg 150w\" sizes=\"auto, (max-width: 200px) 100vw, 200px\" \/><\/td>\n<\/tr>\n<tr>\n<td style=\"background-color: #db4d4d; vertical-align: top;\"><span style=\"color: #ffffff;\"><strong>COM RECOLLIR ELS T\u00cdTOLS<\/strong><\/span><\/td>\n<td style=\"background-color: #db4d4d; vertical-align: top;\"><\/td>\n<\/tr>\n<tr>\n<td style=\"vertical-align: top;\">\n<p style=\"text-align: justify;\">Per a poder recollir el t\u00edtol, tant d&#8217;ESO com de Batxillerat o de T\u00e8cnic del CFGM, la persona interessada ha de presentar el <strong>resguard de sol\u00b7licitud<\/strong>. Pot recollir-lo un familiar de l&#8217;interessat amb l&#8217;autoritzaci\u00f3 degudament signada.<\/p>\n<ul>\n<li><a href=\"https:\/\/drive.google.com\/file\/d\/0B0ll1BILB5K4NmxGLU56YnhDb3M\/view?usp=sharing\" target=\"_blank\" rel=\"noopener noreferrer\">Model d&#8217;autoritzaci\u00f3 per recollir t\u00edtol.<\/a><\/li>\n<li><a href=\"https:\/\/drive.google.com\/file\/d\/0B0ll1BILB5K4Yk03WkpXUS1VZUk\/view?usp=sharing\">Model d&#8217;autoritzaci\u00f3 per recollir t\u00edtol sense resguard.<\/a><\/li>\n<\/ul>\n<\/td>\n<td style=\"vertical-align: top;\"><\/td>\n<\/tr>\n<tr>\n<td style=\"background-color: #3cba79; vertical-align: top;\"><span style=\"color: #ffffff;\"><strong>TAXES<\/strong><\/span><\/td>\n<td style=\"background-color: #3cba79; vertical-align: top;\"><\/td>\n<\/tr>\n<tr>\n<td style=\"vertical-align: top;\">\n<table class=\" alignleft\" style=\"width: 400px;\">\n<tbody>\n<tr>\n<td style=\"background-color: #dbf071; width: 50.9333px;\"><strong>Id<\/strong><\/td>\n<td style=\"background-color: #dbf071; width: 235.583px;\"><strong>Concepte<\/strong><\/td>\n<td style=\"background-color: #dbf071; text-align: right; width: 103.883px;\"><strong>Import<\/strong><\/td>\n<\/tr>\n<tr>\n<td style=\"width: 50.9333px;\">1<\/td>\n<td style=\"width: 235.583px;\">T\u00edtol de Batxillerat<\/td>\n<td style=\"background-color: #dbf071; text-align: right; width: 103.883px;\">69,65 \u20ac<\/td>\n<\/tr>\n<tr>\n<td style=\"width: 50.9333px;\">2<\/td>\n<td style=\"width: 235.583px;\">T\u00edtol de T\u00e8cnic\/a (CFGM)<\/td>\n<td style=\"background-color: #dbf071; text-align: right; width: 103.883px;\">69,65 \u20ac<\/td>\n<\/tr>\n<tr>\n<td style=\"width: 50.9333px;\">3<\/td>\n<td style=\"width: 235.583px;\">Expedici\u00f3 de duplicats<\/td>\n<td style=\"background-color: #dbf071; text-align: right; width: 103.883px;\">17,25 \u20ac<\/td>\n<\/tr>\n<tr>\n<td style=\"width: 394.4px;\" colspan=\"3\"><em>ORDRE EDU\/90\/2023, de 21 d&#8217;abril, per la qual es dona publicitat de les taxes vigents que gestiona el Departament d&#8217;Educaci\u00f3.<\/em><\/td>\n<\/tr>\n<\/tbody>\n<\/table>\n<\/td>\n<td style=\"vertical-align: top;\"><\/td>\n<\/tr>\n<tr>\n<td style=\"vertical-align: top;\">\n<div align=\"center\">\n<p align=\"left\">Les <strong>bonificacions i exempcions<\/strong> de car\u00e0cter general que s&#8217;apliquen a les taxes i preus p\u00fablics s\u00f3n les seg\u00fcents:<\/p>\n<ul>\n<li>\n<div align=\"left\">Els membres de fam\u00edlia nombrosa de categoria general: 50%<\/div>\n<\/li>\n<li>\n<div align=\"left\">Els membres de fam\u00edlies monoparentals: 50%<\/div>\n<\/li>\n<li>\n<div align=\"left\">Els membres de fam\u00edlia nombrosa de categoria especial: 100%<\/div>\n<\/li>\n<li>\n<div align=\"left\">Les v\u00edctimes del terrorisme, aix\u00ed com els seus c\u00f2njuges i els seus fills: 100%<\/div>\n<\/li>\n<li>\n<div align=\"left\">Les persones amb discapacitat igual o superior al 33%: 100%<\/div>\n<\/li>\n<\/ul>\n<p style=\"text-align: justify;\">Si voleu fer una consulta sobre l&#8217;estat d&#8217;expedici\u00f3 del vostre t\u00edtol podeu enviar-nos un correu electr\u00f2nic al seg\u00fcent <strong><a href=\"mailto:secretaria@institutulldecona.cat\">enlla\u00e7<\/a> <\/strong>i, despr\u00e9s de comprovar-ho a la nostra base de dades, us donarem una resposta.<\/p>\n<\/div>\n<\/td>\n<td style=\"vertical-align: top;\"><\/td>\n<\/tr>\n<\/tbody>\n<\/table>\n<p>&nbsp;<\/p>\n","protected":false},"excerpt":{"rendered":"<p>Els alumnes que completen els estudis corresponents d&#8217;ESO, Batxillerat o Cicle Formatiu de Grau Mitj\u00e0 obtenen el t\u00edtol acad\u00e8mic que acredita oficialment els seus estudis.<br \/>\nEl t\u00edtol d&#8217;ESO s&#8217;obt\u00e9 autom\u00e0ticament i de forma gratu\u00efta un cop superat l&#8217;\u00faltim curs amb \u00e8xit i es pot recollir, passat&hellip;  <a href=\"https:\/\/agora.xtec.cat\/ies-manuel-sales\/secretaria\/titols-academics\/\" title=\"Read T\u00cdTOLS ACAD\u00c8MICS\">Llegeix m\u00e9s\u00bb<\/a><\/p>\n","protected":false},"author":1,"featured_media":0,"parent":81,"menu_order":20,"comment_status":"closed","ping_status":"closed","template":"page-templates\/side-menu.php","meta":{"_bbp_topic_count":0,"_bbp_reply_count":0,"_bbp_total_topic_count":0,"_bbp_total_reply_count":0,"_bbp_voice_count":0,"_bbp_anonymous_reply_count":0,"_bbp_topic_count_hidden":0,"_bbp_reply_count_hidden":0,"_bbp_forum_subforum_count":0,"footnotes":""},"class_list":["post-515","page","type-page","status-publish","hentry"],"post_mailing_queue_ids":[],"_links":{"self":[{"href":"https:\/\/agora.xtec.cat\/ies-manuel-sales\/wp-json\/wp\/v2\/pages\/515","targetHints":{"allow":["GET"]}}],"collection":[{"href":"https:\/\/agora.xtec.cat\/ies-manuel-sales\/wp-json\/wp\/v2\/pages"}],"about":[{"href":"https:\/\/agora.xtec.cat\/ies-manuel-sales\/wp-json\/wp\/v2\/types\/page"}],"author":[{"embeddable":true,"href":"https:\/\/agora.xtec.cat\/ies-manuel-sales\/wp-json\/wp\/v2\/users\/1"}],"replies":[{"embeddable":true,"href":"https:\/\/agora.xtec.cat\/ies-manuel-sales\/wp-json\/wp\/v2\/comments?post=515"}],"version-history":[{"count":3,"href":"https:\/\/agora.xtec.cat\/ies-manuel-sales\/wp-json\/wp\/v2\/pages\/515\/revisions"}],"predecessor-version":[{"id":5160,"href":"https:\/\/agora.xtec.cat\/ies-manuel-sales\/wp-json\/wp\/v2\/pages\/515\/revisions\/5160"}],"up":[{"embeddable":true,"href":"https:\/\/agora.xtec.cat\/ies-manuel-sales\/wp-json\/wp\/v2\/pages\/81"}],"wp:attachment":[{"href":"https:\/\/agora.xtec.cat\/ies-manuel-sales\/wp-json\/wp\/v2\/media?parent=515"}],"curies":[{"name":"wp","href":"https:\/\/api.w.org\/{rel}","templated":true}]}}