{"id":507,"date":"2015-10-23T13:03:58","date_gmt":"2015-10-23T12:03:58","guid":{"rendered":"http:\/\/agora.xtec.cat\/ies-manuel-sales\/?page_id=507"},"modified":"2023-11-13T13:14:23","modified_gmt":"2023-11-13T12:14:23","slug":"pisma-ev","status":"publish","type":"page","link":"https:\/\/agora.xtec.cat\/ies-manuel-sales\/projectes\/pisma-ev\/","title":{"rendered":"PI SOSTENIBILITAT I MEDI AMBIENT &#8211; ESCOLA VERDA"},"content":{"rendered":"<p style=\"text-align: left;\" align=\"center\"><span style=\"color: #808000;\"><strong> FEM UN INSTITUT RESPECTU\u00d3S AMB EL MEDI AMBIENT<span style=\"font-family: Verdana,Arial,Helvetica,sans-serif; font-size: xx-small;\"><br \/>\n<\/span><\/strong><\/span><\/p>\n<table>\n<tbody>\n<tr>\n<td style=\"vertical-align: top;\">\n<p style=\"text-align: justify;\">Des del curs 2002\/03 el nostre centre forma part del programa <span style=\"color: #008000;\"><strong>Escoles Verdes<\/strong><\/span> dins del qual s&#8217;intenta prendre consci\u00e8ncia dels problemes de sostenibilitat i medi ambient. L&#8217;alumnat col\u00b7labora des de diversos nivells de participaci\u00f3 en moltes activitats orientades al compliment dels objectius marcats al Pla d&#8217;actuaci\u00f3.<\/p>\n<p>Actualment, aquest projecte est\u00e0 reconegut com a <strong>programa d&#8217;innovaci\u00f3<\/strong> amb el t\u00edtol <strong>&#8220;Sostenibilitat i Medi Ambient&#8221;<\/strong> per part del Departament d&#8217;Educaci\u00f3.<\/td>\n<td style=\"text-align: justify; width: 200px; vertical-align: top;\"><img loading=\"lazy\" decoding=\"async\" class=\" size-full wp-image-508 alignright\" src=\"http:\/\/agora.xtec.cat\/ies-manuel-sales\/wp-content\/uploads\/usu728\/2015\/10\/logo_e_verda.jpg\" alt=\"logo_e_verda\" width=\"146\" height=\"130\" \/><\/td>\n<\/tr>\n<tr>\n<td>\n<h5>COMIT\u00c8 AMBIENTAL I RESPONSABLES DEL PROGRAMA<\/h5>\n<p><strong>Curs 2023\/24<\/strong><\/p>\n<table style=\"height: 596px; width: 43.5089%;\">\n<tbody>\n<tr style=\"height: 28px;\">\n<td style=\"background-color: #5df583; width: 58.6826%; height: 28px;\" colspan=\"2\"><strong>GREENWORKERS<\/strong><\/td>\n<\/tr>\n<tr style=\"height: 28px;\">\n<td style=\"width: 16.1677%; height: 28px;\">1 ESO A<\/td>\n<td style=\"width: 42.5149%;\">\u00c0lex George Lela<\/td>\n<\/tr>\n<tr style=\"height: 28px;\">\n<td style=\"width: 16.1677%; height: 28px;\">1 ESO B<\/td>\n<td style=\"width: 42.5149%;\">Amy Poy Parker<\/td>\n<\/tr>\n<tr style=\"height: 28px;\">\n<td style=\"width: 16.1677%; height: 28px;\">1 ESO C<\/td>\n<td style=\"width: 42.5149%;\">J\u00falia Canalda Vericat<\/td>\n<\/tr>\n<tr style=\"height: 28px;\">\n<td style=\"width: 16.1677%; height: 28px;\">2 ESO A<\/td>\n<td style=\"width: 42.5149%;\">Neo Ort\u00ed Estrella<\/td>\n<\/tr>\n<tr style=\"height: 28px;\">\n<td style=\"width: 16.1677%; height: 28px;\">2 ESO B<\/td>\n<td style=\"width: 42.5149%;\">Nazim Hammoudi Azirou<\/td>\n<\/tr>\n<tr style=\"height: 28px;\">\n<td style=\"width: 16.1677%; height: 28px;\">2 ESO C<\/td>\n<td style=\"width: 42.5149%;\">Quim Sales Revert\u00e9<\/td>\n<\/tr>\n<tr style=\"height: 28px;\">\n<td style=\"width: 16.1677%; height: 28px;\">2 ESO D<\/td>\n<td>Eduard Nicolas Mateescu<\/td>\n<\/tr>\n<tr style=\"height: 28px;\">\n<td style=\"width: 16.1677%; height: 28px;\">3 ESO A<\/td>\n<td style=\"width: 42.5149%;\">Marc Logoteta Roig<\/td>\n<\/tr>\n<tr style=\"height: 28px;\">\n<td style=\"width: 16.1677%; height: 28px;\">3 ESO B<\/td>\n<td style=\"width: 42.5149%;\">N\u00faria Gil Sagrist\u00e0<\/td>\n<\/tr>\n<tr style=\"height: 28px;\">\n<td style=\"width: 16.1677%; height: 28px;\">3 ESO C<\/td>\n<td style=\"width: 42.5149%;\">\u00c0lex Monteso Forcadell<\/td>\n<\/tr>\n<tr style=\"height: 28px;\">\n<td style=\"width: 16.1677%; height: 28px;\">4 ESO A<\/td>\n<td style=\"width: 42.5149%;\">Arantxa Monforte Gil<\/td>\n<\/tr>\n<tr style=\"height: 28px;\">\n<td style=\"width: 16.1677%; height: 28px;\">4 ESO B<\/td>\n<td style=\"width: 42.5149%;\">Lamiae Hcini Tani<\/td>\n<\/tr>\n<tr style=\"height: 29px;\">\n<td style=\"width: 16.1677%; height: 29px;\">4 ESO AO<\/td>\n<td style=\"width: 42.5149%;\">Nicusor Romaniuc Zerni<\/td>\n<\/tr>\n<tr style=\"height: 28px;\">\n<td style=\"width: 16.1677%; height: 28px;\">1 BATX HS<\/td>\n<td style=\"width: 42.5149%;\">Elias Gadhari Bejrhit<\/td>\n<\/tr>\n<tr style=\"height: 29px;\">\n<td style=\"width: 16.1677%; height: 29px;\">1 BATX CT<\/td>\n<td style=\"width: 42.5149%;\">Josep Vericat Forcadell<\/td>\n<\/tr>\n<tr style=\"height: 28px;\">\n<td style=\"width: 16.1677%; height: 28px;\">2 BATX<\/td>\n<td style=\"width: 42.5149%;\">Pol Marz\u00e0 Sard\u00e0<\/td>\n<\/tr>\n<tr style=\"height: 28px;\">\n<td style=\"width: 16.1677%; height: 28px;\">1 CFGM<\/td>\n<td style=\"width: 42.5149%;\">Miquel Nolla L\u00f3pez<\/td>\n<\/tr>\n<tr style=\"height: 28px;\">\n<td style=\"width: 16.1677%; height: 28px;\">2 CFGM<\/td>\n<td style=\"width: 42.5149%;\">Enric Prades Vidal<\/td>\n<\/tr>\n<tr style=\"height: 29px;\">\n<td style=\"width: 16.1677%; height: 29px;\">PFI<\/td>\n<td style=\"width: 42.5149%; height: 29px;\">Magueye Diallo<\/td>\n<\/tr>\n<\/tbody>\n<\/table>\n<\/td>\n<td style=\"vertical-align: top;\"><img loading=\"lazy\" decoding=\"async\" class=\"alignright size-medium wp-image-4906\" src=\"https:\/\/agora.xtec.cat\/ies-manuel-sales\/wp-content\/uploads\/usu728\/2023\/01\/ODS-600x355.jpg\" alt=\"ODS\" width=\"600\" height=\"355\" srcset=\"https:\/\/agora.xtec.cat\/ies-manuel-sales\/wp-content\/uploads\/usu728\/2023\/01\/ODS-600x355.jpg 600w, https:\/\/agora.xtec.cat\/ies-manuel-sales\/wp-content\/uploads\/usu728\/2023\/01\/ODS-1024x605.jpg 1024w, https:\/\/agora.xtec.cat\/ies-manuel-sales\/wp-content\/uploads\/usu728\/2023\/01\/ODS-768x454.jpg 768w, https:\/\/agora.xtec.cat\/ies-manuel-sales\/wp-content\/uploads\/usu728\/2023\/01\/ODS.jpg 1130w\" sizes=\"auto, (max-width: 600px) 100vw, 600px\" \/><\/td>\n<\/tr>\n<tr>\n<td>\n<h5>MEMBRES DEL COMIT\u00c8 AMBIENTAL<\/h5>\n<p><strong>Coordinadores<\/strong>: Milena Rot Pla.<\/p>\n<p><strong>Equip Directiu:<\/strong> Francisco Le\u00f3n, Anna Forcadell.<\/p>\n<p><strong>Alumnat<\/strong>: .<\/td>\n<td><\/td>\n<\/tr>\n<tr>\n<td style=\"vertical-align: top;\">\n<h5>ACTIVITATS PROGRAMADES<\/h5>\n<ul>\n<li>R de Reciclatge.\n<ul>\n<li>Treballem el reciclatge i la separaci\u00f3 de residus de paper i envasos.<\/li>\n<\/ul>\n<\/li>\n<li>Institut.net\n<ul>\n<li>Millorem el nostre entorn mantenint l\u2019escola neta. Treballem per tal d&#8217;aconseguir la m\u00e0xima neteja en tot el recinte i depend\u00e8ncies del centre.<\/li>\n<\/ul>\n<\/li>\n<li>Juguem net. Activitats mediambientals.\n<ul>\n<li>\u00das de la carmanyola pels esmorzars: \u201cDesaluminitza&#8217;t\u201d: Utilitzem embolcalls sostenibles en els nostres esmorzars; STOP al paper d\u2019alumini. Setmana de recollida del paper d\u2019alumini.<\/li>\n<\/ul>\n<\/li>\n<li>Agricultura ecol\u00f2gica.\n<ul>\n<li>Treballem els aspectes de producci\u00f3 ecol\u00f2gica i sostenible a l&#8217;hort escolar.<\/li>\n<\/ul>\n<\/li>\n<li>Curr\u00edculum verd.\n<ul>\n<li>Treball transversal del medi en les \u00e0rees del curr\u00edculum. Es treballa l\u2019assoliment dels continguts de les activitats incloses dins dels diferents projectes i els aspectes curriculars mediambientals.<\/li>\n<\/ul>\n<\/li>\n<li>Camins segurs per una mobilitat sostenible.\n<ul>\n<li>Foment del carril bici per anar a l&#8217;institut amb mitjans m\u00e9s sostenibles. Tancament dels carrers adjacents al centre per anar a peu, amb bici o patinet.<\/li>\n<\/ul>\n<\/li>\n<li>Confer\u00e8ncia Internacional &#8220;Tinguem cura del planeta&#8221;.<\/li>\n<\/ul>\n<\/td>\n<td style=\"vertical-align: top;\">\n<h5><a href=\"http:\/\/agora.xtec.cat\/ies-manuel-sales\/wp-content\/uploads\/usu728\/2018\/07\/planetasostenible01.jpg\"><img loading=\"lazy\" decoding=\"async\" class=\"aligncenter wp-image-2250 size-full\" src=\"http:\/\/agora.xtec.cat\/ies-manuel-sales\/wp-content\/uploads\/usu728\/2018\/07\/planetasostenible01.jpg\" alt=\"\" width=\"872\" height=\"548\" srcset=\"https:\/\/agora.xtec.cat\/ies-manuel-sales\/wp-content\/uploads\/usu728\/2018\/07\/planetasostenible01.jpg 872w, https:\/\/agora.xtec.cat\/ies-manuel-sales\/wp-content\/uploads\/usu728\/2018\/07\/planetasostenible01-400x251.jpg 400w, https:\/\/agora.xtec.cat\/ies-manuel-sales\/wp-content\/uploads\/usu728\/2018\/07\/planetasostenible01-768x483.jpg 768w\" sizes=\"auto, (max-width: 872px) 100vw, 872px\" \/><\/a><\/h5>\n<p>&nbsp;<\/p>\n<p style=\"text-align: center;\"><span style=\"font-size: 20px; color: #008000;\"><strong><a style=\"color: #008000;\" href=\"https:\/\/agora.xtec.cat\/ies-manuel-sales\/categoria\/escola-verda\/\">ACTIVITATS D&#8217;ESCOLA VERDA<\/a><\/strong><\/span><\/p>\n<\/td>\n<\/tr>\n<tr>\n<td style=\"vertical-align: top;\">\n<h5>FUNCIONS DELS GREENWORKERS<\/h5>\n<ul>\n<li>Fer tot el possible per tal que a l\u2019aula respectem el medi ambient.<\/li>\n<li>Ser el portaveu de la tutoria a les reunions de responsables d\u2019aula (portar propostes de la tutoria i informar-ne despr\u00e9s)<\/li>\n<li>Participar activament a les reunions.<\/li>\n<li>Procurar que a l\u2019aula es faci correctament la recollida selectiva de residus.<\/li>\n<li>Intentar que a l\u2019aula no es faci un mal \u00fas de la llum i la calefacci\u00f3.<\/li>\n<li>Assistir (voluntaris i\/o escollits) a les reunions del Comit\u00e8 Ambiental del centre (alumnat, professorat, fam\u00edlies) i als F\u00f2rums o altres reunions d\u2019Escoles Verdes en representaci\u00f3 del centre.<\/li>\n<\/ul>\n<\/td>\n<td style=\"vertical-align: top;\">\n<h5><\/h5>\n<\/td>\n<\/tr>\n<tr>\n<td style=\"background-color: #cbf5b5; vertical-align: top;\">\n<h5>ENLLA\u00c7OS D&#8217;INTER\u00c8S<\/h5>\n<ul>\n<li><a href=\"http:\/\/www.xtec.es\/%7Earodri30\/\" target=\"_blank\" rel=\"noopener noreferrer\">Reciclem !<\/a><\/li>\n<\/ul>\n<\/td>\n<td style=\"background-color: #cbf5b5; vertical-align: top;\"><\/td>\n<\/tr>\n<\/tbody>\n<\/table>\n<p>&nbsp;<\/p>\n","protected":false},"excerpt":{"rendered":"<p> FEM UN INSTITUT RESPECTU\u00d3S AMB EL MEDI AMBIENT<\/p>\n<p>Des del curs 2002\/03 el nostre centre forma part del programa Escoles Verdes dins del qual s&#8217;intenta prendre consci\u00e8ncia dels problemes de sostenibilitat i medi ambient. L&#8217;alumnat col\u00b7labora des de diversos nivells de participaci\u00f3 en moltes activitats&hellip;  <a href=\"https:\/\/agora.xtec.cat\/ies-manuel-sales\/projectes\/pisma-ev\/\" title=\"Read PI SOSTENIBILITAT I MEDI AMBIENT &#8211; ESCOLA VERDA\">Llegeix m\u00e9s\u00bb<\/a><\/p>\n","protected":false},"author":1,"featured_media":0,"parent":341,"menu_order":10,"comment_status":"closed","ping_status":"closed","template":"page-templates\/side-menu.php","meta":{"_bbp_topic_count":0,"_bbp_reply_count":0,"_bbp_total_topic_count":0,"_bbp_total_reply_count":0,"_bbp_voice_count":0,"_bbp_anonymous_reply_count":0,"_bbp_topic_count_hidden":0,"_bbp_reply_count_hidden":0,"_bbp_forum_subforum_count":0,"footnotes":""},"class_list":["post-507","page","type-page","status-publish","hentry"],"post_mailing_queue_ids":[],"_links":{"self":[{"href":"https:\/\/agora.xtec.cat\/ies-manuel-sales\/wp-json\/wp\/v2\/pages\/507","targetHints":{"allow":["GET"]}}],"collection":[{"href":"https:\/\/agora.xtec.cat\/ies-manuel-sales\/wp-json\/wp\/v2\/pages"}],"about":[{"href":"https:\/\/agora.xtec.cat\/ies-manuel-sales\/wp-json\/wp\/v2\/types\/page"}],"author":[{"embeddable":true,"href":"https:\/\/agora.xtec.cat\/ies-manuel-sales\/wp-json\/wp\/v2\/users\/1"}],"replies":[{"embeddable":true,"href":"https:\/\/agora.xtec.cat\/ies-manuel-sales\/wp-json\/wp\/v2\/comments?post=507"}],"version-history":[{"count":6,"href":"https:\/\/agora.xtec.cat\/ies-manuel-sales\/wp-json\/wp\/v2\/pages\/507\/revisions"}],"predecessor-version":[{"id":5567,"href":"https:\/\/agora.xtec.cat\/ies-manuel-sales\/wp-json\/wp\/v2\/pages\/507\/revisions\/5567"}],"up":[{"embeddable":true,"href":"https:\/\/agora.xtec.cat\/ies-manuel-sales\/wp-json\/wp\/v2\/pages\/341"}],"wp:attachment":[{"href":"https:\/\/agora.xtec.cat\/ies-manuel-sales\/wp-json\/wp\/v2\/media?parent=507"}],"curies":[{"name":"wp","href":"https:\/\/api.w.org\/{rel}","templated":true}]}}