{"id":492,"date":"2015-10-07T13:53:42","date_gmt":"2015-10-07T12:53:42","guid":{"rendered":"http:\/\/agora.xtec.cat\/ies-manuel-sales\/?page_id=492"},"modified":"2021-09-26T21:12:58","modified_gmt":"2021-09-26T19:12:58","slug":"beques-i-ajuts","status":"publish","type":"page","link":"https:\/\/agora.xtec.cat\/ies-manuel-sales\/secretaria\/beques-i-ajuts\/","title":{"rendered":"BEQUES I AJUTS"},"content":{"rendered":"<table>\n<tbody>\n<tr>\n<td style=\"vertical-align: top;\">\n<h4>A. BEQUES I AJUTS DEL DEPARTAMENT D&#8217;ENSENYAMENT<\/h4>\n<ol>\n<li><a href=\"http:\/\/www20.gencat.cat\/portal\/site\/OVT\/menuitem.8d9f3f7e23c1cd519e629e30b0c0e1a0\/?vgnextoid=117381196e0e3210VgnVCM1000008d0c1e0aRCRD&amp;vgnextchannel=117381196e0e3210VgnVCM1000008d0c1e0aRCRD&amp;vgnextfmt=detall&amp;contentid=d848ba2cd622c110VgnVCM1000008d0c1e0aRCRD\" target=\"_blank\" rel=\"noopener noreferrer\">Convocat\u00f2ria General de Beques per a l&#8217;alumnat de Batxillerat i Cicles Formatius.<\/a><\/li>\n<li><a href=\"http:\/\/www20.gencat.cat\/portal\/site\/OVT\/menuitem.8d9f3f7e23c1cd519e629e30b0c0e1a0\/?vgnextoid=117381196e0e3210VgnVCM1000008d0c1e0aRCRD&amp;vgnextchannel=117381196e0e3210VgnVCM1000008d0c1e0aRCRD&amp;vgnextfmt=detall&amp;contentid=b8088b4289d2d110VgnVCM1000008d0c1e0aRCRD\" target=\"_blank\" rel=\"noopener noreferrer\">Beques per a alumnes amb necessitats educatives especials.<\/a><\/li>\n<\/ol>\n<h4>B. BEQUES I AJUTS DEL CONSELL COMARCAL DEL MONTSI\u00c0<\/h4>\n<ol>\n<li><a href=\"http:\/\/www.montsia.altanet.org\/educacio\/colonies-destiu-assistencia-llar-dinfants-i-adquisicio-de-llibres-escolars\" target=\"_blank\" rel=\"noopener noreferrer\">Ajuts per a l&#8217;adquisici\u00f3 de llibres de text.<\/a><em><br \/>\n<\/em><\/li>\n<li><a href=\"http:\/\/www.montsia.altanet.org\/ensenyament\/desplacament-i-menjador-escolar\" target=\"_blank\" rel=\"noopener noreferrer\">Ajuts per a despeses de despla\u00e7ament.<\/a><\/li>\n<\/ol>\n<p style=\"text-align: justify;\">Les beques i ajuts del Departament d&#8217;Ensenyament o del Ministeri d&#8217;Educaci\u00f3 s\u00f3n incompatibles amb les del Consell Comarcal del Montsi\u00e0.<\/p>\n<h4>C. AJUTS DE L&#8217;AJUNTAMENT D&#8217;ULLDECONA<\/h4>\n<p><a href=\"https:\/\/ulldecona.cat\/\">Acc\u00e9s al web municipal &gt;&gt;<\/a><\/td>\n<td style=\"width: 200px; vertical-align: top;\"><img loading=\"lazy\" decoding=\"async\" class=\"alignright wp-image-493 size-full\" src=\"http:\/\/agora.xtec.cat\/ies-manuel-sales\/wp-content\/uploads\/usu728\/2015\/10\/beques_gral.jpg\" alt=\"beques_gral\" width=\"150\" height=\"177\" \/><\/td>\n<\/tr>\n<tr>\n<td style=\"vertical-align: top;\">\n<h4 align=\"left\">ENLLA\u00c7OS D&#8217;INTER\u00c8S<\/h4>\n<ul>\n<li><a href=\"http:\/\/ensenyament.gencat.cat\/ca\/serveis-tramits\/beques\/\" target=\"_blank\" rel=\"noopener noreferrer\">P\u00e0gina de beques i ajuts del Departament d&#8217;Educaci\u00f3.<\/a><\/li>\n<li><a href=\"http:\/\/www.mecd.gob.es\/mecd\/servicios-al-ciudadano-mecd\/catalogo\/educacion\/estudiantes\/becas-ayudas\" target=\"_blank\" rel=\"noopener noreferrer\">P\u00e0gina de beques i ajuts gestionats pel Ministeri d&#8217;Educaci\u00f3.<\/a><\/li>\n<\/ul>\n<\/td>\n<td style=\"vertical-align: top;\"><img loading=\"lazy\" decoding=\"async\" class=\"alignright wp-image-494 size-full\" src=\"http:\/\/agora.xtec.cat\/ies-manuel-sales\/wp-content\/uploads\/usu728\/2015\/10\/beca_llibres.jpg\" alt=\"beca_llibres\" width=\"170\" height=\"220\" \/><\/td>\n<\/tr>\n<\/tbody>\n<\/table>\n","protected":false},"excerpt":{"rendered":"<p>A. BEQUES I AJUTS DEL DEPARTAMENT D&#8217;ENSENYAMENT<\/p>\n<ol>\n<li><a href=\"http:\/\/www20.gencat.cat\/portal\/site\/OVT\/menuitem.8d9f3f7e23c1cd519e629e30b0c0e1a0\/?vgnextoid=117381196e0e3210VgnVCM1000008d0c1e0aRCRD&amp;vgnextchannel=117381196e0e3210VgnVCM1000008d0c1e0aRCRD&amp;vgnextfmt=detall&amp;contentid=d848ba2cd622c110VgnVCM1000008d0c1e0aRCRD\" target=\"_blank\" rel=\"noopener noreferrer\">Convocat\u00f2ria General de Beques per a l&#8217;alumnat de Batxillerat i Cicles Formatius.<\/a><\/li>\n<li><a href=\"http:\/\/www20.gencat.cat\/portal\/site\/OVT\/menuitem.8d9f3f7e23c1cd519e629e30b0c0e1a0\/?vgnextoid=117381196e0e3210VgnVCM1000008d0c1e0aRCRD&amp;vgnextchannel=117381196e0e3210VgnVCM1000008d0c1e0aRCRD&amp;vgnextfmt=detall&amp;contentid=b8088b4289d2d110VgnVCM1000008d0c1e0aRCRD\" target=\"_blank\" rel=\"noopener noreferrer\">Beques per a alumnes amb necessitats educatives especials.<\/a><\/li>\n<\/ol>\n<p>B. BEQUES I AJUTS DEL CONSELL COMARCAL DEL MONTSI\u00c0<\/p>\n<ol>\n<li><a href=\"http:\/\/www.montsia.altanet.org\/educacio\/colonies-destiu-assistencia-llar-dinfants-i-adquisicio-de-llibres-escolars\" target=\"_blank\" rel=\"noopener noreferrer\">Ajuts&hellip;  <a href=\"https:\/\/agora.xtec.cat\/ies-manuel-sales\/secretaria\/beques-i-ajuts\/\" title=\"Read BEQUES I AJUTS\">Llegeix m\u00e9s\u00bb<\/a><br \/>\n","protected":false},"author":1,"featured_media":0,"parent":81,"menu_order":10,"comment_status":"closed","ping_status":"closed","template":"page-templates\/side-menu.php","meta":{"_bbp_topic_count":0,"_bbp_reply_count":0,"_bbp_total_topic_count":0,"_bbp_total_reply_count":0,"_bbp_voice_count":0,"_bbp_anonymous_reply_count":0,"_bbp_topic_count_hidden":0,"_bbp_reply_count_hidden":0,"_bbp_forum_subforum_count":0,"footnotes":""},"class_list":["post-492","page","type-page","status-publish","hentry"],"post_mailing_queue_ids":[],"_links":{"self":[{"href":"https:\/\/agora.xtec.cat\/ies-manuel-sales\/wp-json\/wp\/v2\/pages\/492","targetHints":{"allow":["GET"]}}],"collection":[{"href":"https:\/\/agora.xtec.cat\/ies-manuel-sales\/wp-json\/wp\/v2\/pages"}],"about":[{"href":"https:\/\/agora.xtec.cat\/ies-manuel-sales\/wp-json\/wp\/v2\/types\/page"}],"author":[{"embeddable":true,"href":"https:\/\/agora.xtec.cat\/ies-manuel-sales\/wp-json\/wp\/v2\/users\/1"}],"replies":[{"embeddable":true,"href":"https:\/\/agora.xtec.cat\/ies-manuel-sales\/wp-json\/wp\/v2\/comments?post=492"}],"version-history":[{"count":3,"href":"https:\/\/agora.xtec.cat\/ies-manuel-sales\/wp-json\/wp\/v2\/pages\/492\/revisions"}],"predecessor-version":[{"id":4017,"href":"https:\/\/agora.xtec.cat\/ies-manuel-sales\/wp-json\/wp\/v2\/pages\/492\/revisions\/4017"}],"up":[{"embeddable":true,"href":"https:\/\/agora.xtec.cat\/ies-manuel-sales\/wp-json\/wp\/v2\/pages\/81"}],"wp:attachment":[{"href":"https:\/\/agora.xtec.cat\/ies-manuel-sales\/wp-json\/wp\/v2\/media?parent=492"}],"curies":[{"name":"wp","href":"https:\/\/api.w.org\/{rel}","templated":true}]}}