{"id":49,"date":"2014-09-17T16:55:55","date_gmt":"2014-09-17T16:55:55","guid":{"rendered":"http:\/\/agora.xtec.cat\/ies-manuel-sales\/?page_id=49"},"modified":"2024-09-23T14:17:52","modified_gmt":"2024-09-23T12:17:52","slug":"normes-dorganitzacio-i-funcionament","status":"publish","type":"page","link":"https:\/\/agora.xtec.cat\/ies-manuel-sales\/linstitut\/normes-dorganitzacio-i-funcionament\/","title":{"rendered":"NORMES I FUNCIONAMENT"},"content":{"rendered":"<table style=\"width: 100%; height: 619px;\">\n<tbody>\n<tr style=\"height: 161px;\">\n<td style=\"width: 160px; vertical-align: top; height: 161px;\"><img loading=\"lazy\" decoding=\"async\" class=\"alignnone size-large\" src=\"https:\/\/agora.xtec.cat\/escolabaloo\/wp-content\/uploads\/usu902\/2016\/11\/CONVIV%C3%A8NCIA.jpg\" alt=\"Conviv\u00e8ncia\" width=\"239\" height=\"211\" \/><\/td>\n<td style=\"height: 161px;\">\n<h4>PROJECTE DE CONVIV\u00c8NCIA<\/h4>\n<p><span class=\"ms-rteFontFace-14\">El Projecte de conviv\u00e8ncia reflecteix les accions que el centre educatiu desenvolupa per capacitar tots els alumnes i la resta de la comunitat escolar per a la conviv\u00e8ncia i la gesti\u00f3 positiva dels conflictes.<\/span><\/p>\n<p><strong><a href=\"https:\/\/drive.google.com\/file\/d\/16heL-HGeDEIAFL8Dp7_QpklGAK5w_rCc\/view?usp=sharing\">Projecte de conviv\u00e8ncia &#8211; Text complet aprovat pel Consell Escolar el 30\/06\/2021 &gt;&gt;&gt;<\/a><\/strong><\/td>\n<\/tr>\n<tr style=\"height: 184px;\">\n<td style=\"width: 160px; vertical-align: top; height: 184px;\"><img loading=\"lazy\" decoding=\"async\" class=\"alignleft wp-image-114 size-thumbnail\" src=\"http:\/\/agora.xtec.cat\/ies-manuel-sales\/wp-content\/uploads\/usu728\/2014\/09\/aulasec-150x150.png\" alt=\"aulasec\" width=\"150\" height=\"150\" \/><\/td>\n<td style=\"height: 184px;\">\n<h4>NORMES D&#8217;ORGANITZACI\u00d3 I FUNCIONAMENT DEL CENTRE (NOFC)<\/h4>\n<p>La conviv\u00e8ncia al centre i el funcionament general del curs estan regulats per les Normes d&#8217;Organitzaci\u00f3 i Funcionament del Centre. Tot seguit podeu consultar el text \u00edntegre d&#8217;aquestes normes i tamb\u00e9 podeu trobar un recull de les faltes i sancions aplicables en diferents conductes que alterin la conviv\u00e8ncia al centre.<\/p>\n<p><strong><a href=\"https:\/\/drive.google.com\/file\/d\/1z8SA-RklwYJpJtQtwbtI1N9l0gjLebu9\/view?usp=drive_link\" target=\"_blank\" rel=\"noopener noreferrer\">NOFC &#8211; Text complet&gt;&gt;<\/a><\/strong><\/td>\n<\/tr>\n<tr style=\"height: 241px;\">\n<td style=\"height: 241px;\"><\/td>\n<td style=\"height: 241px;\">\n<h4>CONCRECI\u00d3 DE LES NORMES DE CONVIV\u00c8NCIA &#8211; FALTES I SANCIONS<strong><br \/>\n<\/strong><\/h4>\n<p>Com a Annex a les NOFC, el Consell Escolar aprova peri\u00f2dicament la concreci\u00f3 de les normes de conviv\u00e8ncia al centre. En aquest annex es detallen i tipifiquen les faltes d&#8217;actitud i les sancions aplicables en cada cas. Tamb\u00e9 es recullen les normes d&#8217;organitzaci\u00f3 de l&#8217;horari del professorat.<\/p>\n<p><strong><a href=\"https:\/\/drive.google.com\/file\/d\/1Hg34zR4tsmC2U7qrpR37qiJpm05EGWv4\/view?usp=drive_link\" target=\"_blank\" rel=\"noopener\">ANNEX &#8211; Concreci\u00f3 de les Normes de Conviv\u00e8ncia &gt;&gt;<\/a><\/strong><\/p>\n<p><strong><a href=\"https:\/\/drive.google.com\/file\/d\/1gcfKcktEN2Hukq92TBYYT_JllqdDoliW\/view?usp=drive_link\" target=\"_blank\" rel=\"noopener\">ANNEX &#8211; Concreci\u00f3 de les Normes de Conviv\u00e8ncia &#8211; Tipificaci\u00f3 faltes&gt;&gt;<\/a><\/strong><\/p>\n<p>&nbsp;<\/td>\n<\/tr>\n<tr style=\"height: 33px;\">\n<td style=\"height: 33px;\"><\/td>\n<td style=\"height: 33px;\"><\/td>\n<\/tr>\n<\/tbody>\n<\/table>\n<p>&nbsp;<\/p>\n","protected":false},"excerpt":{"rendered":"<p>PROJECTE DE CONVIV\u00c8NCIA<br \/>\nEl Projecte de conviv\u00e8ncia reflecteix les accions que el centre educatiu desenvolupa per capacitar tots els alumnes i la resta de la comunitat escolar per a la conviv\u00e8ncia i la gesti\u00f3 positiva dels conflictes.<br \/>\n<a href=\"https:\/\/drive.google.com\/file\/d\/16heL-HGeDEIAFL8Dp7_QpklGAK5w_rCc\/view?usp=sharing\">Projecte de conviv\u00e8ncia &#8211; Text complet aprovat pel Consell&hellip;  <a href=\"https:\/\/agora.xtec.cat\/ies-manuel-sales\/linstitut\/normes-dorganitzacio-i-funcionament\/\" title=\"Read NORMES I FUNCIONAMENT\">Llegeix m\u00e9s\u00bb<\/a><\/p>\n","protected":false},"author":1,"featured_media":0,"parent":19,"menu_order":60,"comment_status":"closed","ping_status":"closed","template":"page-templates\/side-menu.php","meta":{"_bbp_topic_count":0,"_bbp_reply_count":0,"_bbp_total_topic_count":0,"_bbp_total_reply_count":0,"_bbp_voice_count":0,"_bbp_anonymous_reply_count":0,"_bbp_topic_count_hidden":0,"_bbp_reply_count_hidden":0,"_bbp_forum_subforum_count":0,"footnotes":""},"class_list":["post-49","page","type-page","status-publish","hentry"],"post_mailing_queue_ids":[],"_links":{"self":[{"href":"https:\/\/agora.xtec.cat\/ies-manuel-sales\/wp-json\/wp\/v2\/pages\/49","targetHints":{"allow":["GET"]}}],"collection":[{"href":"https:\/\/agora.xtec.cat\/ies-manuel-sales\/wp-json\/wp\/v2\/pages"}],"about":[{"href":"https:\/\/agora.xtec.cat\/ies-manuel-sales\/wp-json\/wp\/v2\/types\/page"}],"author":[{"embeddable":true,"href":"https:\/\/agora.xtec.cat\/ies-manuel-sales\/wp-json\/wp\/v2\/users\/1"}],"replies":[{"embeddable":true,"href":"https:\/\/agora.xtec.cat\/ies-manuel-sales\/wp-json\/wp\/v2\/comments?post=49"}],"version-history":[{"count":6,"href":"https:\/\/agora.xtec.cat\/ies-manuel-sales\/wp-json\/wp\/v2\/pages\/49\/revisions"}],"predecessor-version":[{"id":6516,"href":"https:\/\/agora.xtec.cat\/ies-manuel-sales\/wp-json\/wp\/v2\/pages\/49\/revisions\/6516"}],"up":[{"embeddable":true,"href":"https:\/\/agora.xtec.cat\/ies-manuel-sales\/wp-json\/wp\/v2\/pages\/19"}],"wp:attachment":[{"href":"https:\/\/agora.xtec.cat\/ies-manuel-sales\/wp-json\/wp\/v2\/media?parent=49"}],"curies":[{"name":"wp","href":"https:\/\/api.w.org\/{rel}","templated":true}]}}