{"id":4868,"date":"2022-12-23T19:57:00","date_gmt":"2022-12-23T18:57:00","guid":{"rendered":"https:\/\/agora.xtec.cat\/ies-manuel-sales\/?page_id=4868"},"modified":"2024-07-24T17:11:57","modified_gmt":"2024-07-24T15:11:57","slug":"centre-formador-mufps","status":"publish","type":"page","link":"https:\/\/agora.xtec.cat\/ies-manuel-sales\/projectes\/centre-formador-mufps\/","title":{"rendered":"CENTRE FORMADOR &#8211; MUFPS"},"content":{"rendered":"<p>&nbsp;<\/p>\n<table style=\"width: 100%; border-collapse: collapse;\">\n<tbody>\n<tr>\n<td style=\"width: 86.6678%; background-color: #ebcece; vertical-align: top;\">\n<h4>CENTRE FORMADOR DEL M\u00c0STER UNIVERSITARI DE<br \/>\nFORMACI\u00d3 DEL PROFESSORAT DE SECUND\u00c0RIA <span style=\"color: #800000;\">(MUFPS)<\/span><\/h4>\n<p>&nbsp;<\/p>\n<p style=\"text-align: justify;\"><span style=\"font-weight: 400;\">Des d\u2019inici de curs 2019-2020, el nostre institut participa activament com a centre formador de l\u2019alumnat de <\/span><b>Pr\u00e0ctiques del M\u00e0ster Universitari de Formaci\u00f3 del Professorat d\u2019Educaci\u00f3 Secund\u00e0ria Obligat\u00f2ria i batxillerat, Formaci\u00f3 professional i Ensenyament d\u2019idiomes <\/b><span style=\"font-weight: 400;\">(MUFPS). El curs 2020-2021 vam ser preseleccionats com a centre de refer\u00e8ncia.<\/span><\/p>\n<p style=\"text-align: justify;\">El curs 2022\/23 hem estat finalment seleccionats com a centre formador MUFPS de refer\u00e8ncia.<\/p>\n<p style=\"text-align: justify;\"><span style=\"font-weight: 400;\">La finalitat d\u2019aquest <\/span><b>programa d\u2019innovaci\u00f3<\/b><span style=\"font-weight: 400;\"> \u00e9s millorar i avan\u00e7ar en el model de pr\u00e0ctiques dels estudiants universitaris en centres formadors de refer\u00e8ncia.<\/span><\/p>\n<\/td>\n<td style=\"width: 13.3322%;\"><img loading=\"lazy\" decoding=\"async\" class=\"wp-image-4867 alignright\" src=\"https:\/\/agora.xtec.cat\/ies-manuel-sales\/wp-content\/uploads\/usu728\/2022\/12\/LOGO-CF-MUFPS-388x400.jpg\" alt=\"Logo MUFPS\" width=\"300\" height=\"310\" srcset=\"https:\/\/agora.xtec.cat\/ies-manuel-sales\/wp-content\/uploads\/usu728\/2022\/12\/LOGO-CF-MUFPS-388x400.jpg 388w, https:\/\/agora.xtec.cat\/ies-manuel-sales\/wp-content\/uploads\/usu728\/2022\/12\/LOGO-CF-MUFPS-994x1024.jpg 994w, https:\/\/agora.xtec.cat\/ies-manuel-sales\/wp-content\/uploads\/usu728\/2022\/12\/LOGO-CF-MUFPS-768x791.jpg 768w, https:\/\/agora.xtec.cat\/ies-manuel-sales\/wp-content\/uploads\/usu728\/2022\/12\/LOGO-CF-MUFPS.jpg 1000w\" sizes=\"auto, (max-width: 300px) 100vw, 300px\" \/><\/td>\n<\/tr>\n<tr>\n<td style=\"width: 86.6678%;\">\n<h4><strong>JUSTIFICACI\u00d3 DEL PROGRAMA<\/strong><\/h4>\n<p style=\"text-align: justify;\"><span style=\"font-weight: 400;\">L&#8217;Institut Manuel Sales i Ferr\u00e9 \u00e9s un centre de titularitat p\u00fablica, de la demarcaci\u00f3 de les Terres de l&#8217;Ebre, situat a Ulldecona. \u00c9s l&#8217;\u00fanic centre de secund\u00e0ria de la localitat que rep alumnat, a m\u00e9s del nucli d&#8217;Ulldecona, dels seus barris i de Sant Rafael del Riu (Castell\u00f3).<\/span><\/p>\n<p style=\"text-align: justify;\"><span style=\"font-weight: 400;\">Tenim una llarga traject\u00f2ria com a centre formador, car fa m\u00e9s de 17 anys que rebem alumnes en pr\u00e0ctiques, tal com queda recollit en la documentaci\u00f3 del centre (PEC, Projecte de Direcci\u00f3 i PGA). La filosofia del centre sempre ha estat de treball en equip (no nom\u00e9s el mentor interactua amb l&#8217;estudiant, sin\u00f3 que tot el Departament Did\u00e0ctic s&#8217;hi implica en el seu acompanyament) i de transpar\u00e8ncia (l&#8217;alumnat en pr\u00e0ctiques ha pogut assistir i participar en totes les situacions que es produeixen en la vida docent). <\/span><\/p>\n<\/td>\n<td style=\"width: 13.3322%;\">\n<p><figure class=\"figure wp-caption alignright\"><a href=\"https:\/\/projectes.xtec.cat\/centresformadors\/wp-content\/uploads\/usu1341\/2021\/02\/2.jpg\" target=\"_blank\" rel=\"https:\/\/projectes.xtec.cat\/centresformadors\/wp-content\/uploads\/usu1341\/2021\/02\/2.jpg noopener\"><img loading=\"lazy\" decoding=\"async\" src=\"https:\/\/projectes.xtec.cat\/centresformadors\/wp-content\/uploads\/usu1341\/2021\/02\/2.jpg\" alt=\"\" width=\"300\" height=\"229\" \/><\/a><figcaption class=\"wp-caption-text\"><em>Principis identitaris<\/em><\/figcaption><\/figure><\/td>\n<\/tr>\n<tr>\n<td style=\"width: 86.6678%;\">\n<h4>OBJECTIUS DEL PROGRAMA<\/h4>\n<ul>\n<li style=\"font-weight: 400;\" aria-level=\"1\"><span style=\"font-weight: 400;\">Assignar valor als centres formadors com a institucions clau en la formaci\u00f3 inicial de la funci\u00f3 docent.<\/span><\/li>\n<li style=\"font-weight: 400;\" aria-level=\"1\"><span style=\"font-weight: 400;\">Professionalitzar i recon\u00e8ixer la tasca d\u2019acompanyament dels mentors\/ores del centre i dels tutors\/ores de les universitats.<\/span><\/li>\n<li style=\"font-weight: 400;\" aria-level=\"1\"><span style=\"font-weight: 400;\">Incorporar l\u2019estudiant universitari al centre formador com a agent actiu que col\u00b7labora en el desenvolupament del projecte educatiu de centre, alhora que es retroalimenta per millorar el desenvolupament professional i personal.<\/span><\/li>\n<li style=\"font-weight: 400;\" aria-level=\"1\"><span style=\"font-weight: 400;\">Promoure la col\u00b7laboraci\u00f3 en projectes de recerca i de transformaci\u00f3 educativa entre les universitats i els centres formadors.<\/span><\/li>\n<\/ul>\n<\/td>\n<td style=\"width: 13.3322%;\"><a href=\"https:\/\/agora.xtec.cat\/ies-manuel-sales\/wp-content\/uploads\/usu728\/2023\/01\/Diana-MUFPS.jpg\"><img loading=\"lazy\" decoding=\"async\" class=\"wp-image-4884 alignright\" src=\"https:\/\/agora.xtec.cat\/ies-manuel-sales\/wp-content\/uploads\/usu728\/2023\/01\/Diana-MUFPS.jpg\" alt=\"\" width=\"300\" height=\"225\" srcset=\"https:\/\/agora.xtec.cat\/ies-manuel-sales\/wp-content\/uploads\/usu728\/2023\/01\/Diana-MUFPS.jpg 960w, https:\/\/agora.xtec.cat\/ies-manuel-sales\/wp-content\/uploads\/usu728\/2023\/01\/Diana-MUFPS-533x400.jpg 533w, https:\/\/agora.xtec.cat\/ies-manuel-sales\/wp-content\/uploads\/usu728\/2023\/01\/Diana-MUFPS-768x576.jpg 768w, https:\/\/agora.xtec.cat\/ies-manuel-sales\/wp-content\/uploads\/usu728\/2023\/01\/Diana-MUFPS-200x150.jpg 200w\" sizes=\"auto, (max-width: 300px) 100vw, 300px\" \/><\/a><\/td>\n<\/tr>\n<tr>\n<td style=\"width: 86.6678%;\">\n<h4>OBJECTIUS DEL CENTRE<\/h4>\n<ul>\n<li style=\"font-weight: 400;\" aria-level=\"1\"><span style=\"font-weight: 400;\">Millorar l\u2019acollida, acompanyament i comunicaci\u00f3.<\/span><\/li>\n<li style=\"font-weight: 400;\" aria-level=\"1\"><span style=\"font-weight: 400;\">Millorar la participaci\u00f3 dels estudiants en pr\u00e0ctiques.<\/span><\/li>\n<li style=\"font-weight: 400;\" aria-level=\"1\"><span style=\"font-weight: 400;\">Millorar la interacci\u00f3 entre la persona tutora\/mentora\/l\u2019estudiant en pr\u00e0ctiques.<\/span><\/li>\n<li style=\"font-weight: 400;\" aria-level=\"1\"><span style=\"font-weight: 400;\">Millorar l\u2019intercanvi pedag\u00f2gic entre el centre, la universitat i l\u2019estudiant.<\/span><\/li>\n<\/ul>\n<\/td>\n<td style=\"width: 13.3322%;\"><\/td>\n<\/tr>\n<tr>\n<td style=\"width: 86.6678%; vertical-align: top;\">\n<h4>PLA D&#8217;ACOLLIDA PER AL PROGRAMA MUFPS<\/h4>\n<p>Benvinguts i benvingudes al Programa d\u2019innovaci\u00f3 pedag\u00f2gica de Pr\u00e0ctiques del M\u00e0ster<br \/>\nUniversitari de Formaci\u00f3 del Professorat d\u2019educaci\u00f3 secund\u00e0ria obligat\u00f2ria i batxillerat (MUFPS)<br \/>\nde l&#8217;Institut Manuel Sales i Ferr\u00e9 d\u2019Ulldecona.<br \/>\nSom un centre petit i molt acollidor i per tal d\u2019assegurar-nos que comenceu de la millor manera<br \/>\npossible us detallem el Pla d\u2019acollida dels estudiants en pr\u00e0ctiques.<br \/>\n<strong>1. Acollida Individual amb Coordinador i Tutor:<\/strong><br \/>\nUnes setmanes abans de comen\u00e7ar les pr\u00e0ctiques, cada estudiant tindr\u00e0 una reuni\u00f3 individual<br \/>\namb el coordinador del programa i el seu tutor assignat. En aquesta reuni\u00f3:<br \/>\n\u27a2 Es far\u00e0 una introducci\u00f3 al programa MUFPS.<br \/>\n\u27a2 S&#8217;explicar\u00e0 l&#8217;estructura i els objectius de les pr\u00e0ctiques.<br \/>\n\u27a2 Es signaran tots els documents necessaris, com ara acords de confidencialitat i<br \/>\nautoritzacions.<br \/>\n\u27a2 Es definir\u00e0 i s&#8217;establir\u00e0 l&#8217;horari de les pr\u00e0ctiques.<br \/>\n<strong>2. Presentaci\u00f3 de l&#8217;Equip Directiu:<\/strong><br \/>\nEl mateix dia de l\u2019acollida individual, es far\u00e0 una presentaci\u00f3 de l&#8217;equip directiu de l&#8217;institut per<br \/>\ntal que els estudiants coneguin les persones clau que els donaran suport durant les seves<br \/>\npr\u00e0ctiques.<br \/>\n<strong>3. Reuni\u00f3 Conjunta amb Alumnes, Coordinador i Equip Impulsor:<\/strong><br \/>\nUn cop completades les reunions individuals, el primer dia tots els estudiants del pr\u00e0cticum,<br \/>\njuntament amb el coordinador del programa i l&#8217;equip impulsor, es reuniran per a una sessi\u00f3<br \/>\nconjunta. En aquesta reuni\u00f3:<br \/>\n\u27a2 Es presentar\u00e0 el funcionament del programa MUFPS i els seus objectius.<br \/>\n\u27a2 Es far\u00e0 una introducci\u00f3 a les tasques i responsabilitats dels estudiants durant les<br \/>\npr\u00e0ctiques.<br \/>\n\u27a2 Cada estudiant emplenar\u00e0 una fitxa d&#8217;informaci\u00f3 personal per al registre del programa.<br \/>\n\u27a2 El coordinador proporcionar\u00e0 tota la documentaci\u00f3 necess\u00e0ria.<br \/>\n<strong>4. Visita Guiada pel Centre:<\/strong><br \/>\nDespr\u00e9s de la reuni\u00f3 conjunta, es realitzar\u00e0 una visita guiada per tots els espais del centre.<br \/>\nAquesta visita t\u00e9 com a objectiu assegurar-se que tots els estudiants coneguin els recursos<br \/>\ndisponibles i se sentin c\u00f2modes en l&#8217;entorn de treball.<\/td>\n<td style=\"width: 13.3322%;\"><\/td>\n<\/tr>\n<tr>\n<td style=\"width: 86.6678%; vertical-align: top;\">\n<h4>EQUIP IMPULSOR<\/h4>\n<ul>\n<li><span style=\"font-weight: 400;\">Anna Forcadell Geira, coordinadora pedag\u00f2gica i coordinadora MUFPS<\/span><\/li>\n<li><span style=\"font-weight: 400;\">J. Rafel Revert\u00e9 Vidal<\/span><\/li>\n<li><span style=\"font-weight: 400;\">Mireia Bel Garrit<\/span><\/li>\n<\/ul>\n<\/td>\n<td style=\"width: 13.3322%;\"><img loading=\"lazy\" decoding=\"async\" class=\"wp-image-4885 alignright\" src=\"https:\/\/agora.xtec.cat\/ies-manuel-sales\/wp-content\/uploads\/usu728\/2023\/01\/grup.png\" alt=\"Equip impulsor\" width=\"300\" height=\"199\" \/><\/td>\n<\/tr>\n<tr>\n<td style=\"width: 86.6678%;\">\n<h4>ACTIVITATS<\/h4>\n<ul>\n<li><span style=\"font-weight: 400;\">Curs de formaci\u00f3 mentors del centre curs 2021-22.<\/span><\/li>\n<li><span style=\"font-weight: 400;\">Reunions de coordinaci\u00f3 2022-23 (equip impulsor-mentors- estudiants de pr\u00e0ctiques)<\/span><\/li>\n<li><span style=\"font-weight: 400;\">Formaci\u00f3 de l\u2019equip impulsor i dels mentors<\/span><\/li>\n<li><span style=\"font-weight: 400;\">Participaci\u00f3 en la comunitat de pr\u00e0ctiques.<\/span><\/li>\n<li>Acollida d&#8217;alumnes en pr\u00e0ctiques\n<ul>\n<li>Curs 2019\/20: 5<\/li>\n<li>Curs 2020\/21: 6<\/li>\n<li>Curs 2021\/22: 3<\/li>\n<li>Curs 2022\/23: 5<\/li>\n<\/ul>\n<\/li>\n<\/ul>\n<\/td>\n<td style=\"width: 13.3322%; text-align: center;\"><iframe loading=\"lazy\" src=\"https:\/\/drive.google.com\/file\/d\/1hbpgr-vsSKqpJX6zsUOSJKiTE64WZeaA\/preview\" width=\"300\" height=\"\"><span data-mce-type=\"bookmark\" style=\"display: inline-block; width: 0px; overflow: hidden; line-height: 0;\" class=\"mce_SELRES_start\">\ufeff<\/span><\/iframe><\/td>\n<\/tr>\n<tr>\n<td style=\"width: 86.6678%; vertical-align: top;\">\n<h4>ENLLA\u00c7OS D&#8217;INTER\u00c8S<\/h4>\n<ul>\n<li><a href=\"https:\/\/educacio.gencat.cat\/ca\/arees-actuacio\/professors\/formacio\/practiques-centres\/\" target=\"_blank\" rel=\"noopener\">Pr\u00e0ctiques en els centres &#8211; Departament d&#8217;Educaci\u00f3<\/a><\/li>\n<li><a href=\"https:\/\/projectes.xtec.cat\/centresformadors\/\" target=\"_blank\" rel=\"noopener\">Programa d&#8217;Innovaci\u00f3 de Centres Formadors de pr\u00e0ctiques MUFPS<\/a><\/li>\n<\/ul>\n<\/td>\n<td style=\"width: 13.3322%;\"><span style=\"font-weight: 400;\"><img loading=\"lazy\" decoding=\"async\" class=\"wp-image-477 alignright\" src=\"https:\/\/agora.xtec.cat\/ies-manuel-sales\/wp-content\/uploads\/usu728\/2014\/09\/teclat.jpg\" alt=\"\" width=\"300\" height=\"200\" srcset=\"https:\/\/agora.xtec.cat\/ies-manuel-sales\/wp-content\/uploads\/usu728\/2014\/09\/teclat.jpg 384w, https:\/\/agora.xtec.cat\/ies-manuel-sales\/wp-content\/uploads\/usu728\/2014\/09\/teclat-300x200.jpg 300w\" sizes=\"auto, (max-width: 300px) 100vw, 300px\" \/><\/span><\/td>\n<\/tr>\n<\/tbody>\n<\/table>\n<p>&nbsp;<\/p>\n","protected":false},"excerpt":{"rendered":"<p>&nbsp;<\/p>\n<p>CENTRE FORMADOR DEL M\u00c0STER UNIVERSITARI DE<br \/>\nFORMACI\u00d3 DEL PROFESSORAT DE SECUND\u00c0RIA (MUFPS)<br \/>\n&nbsp;<br \/>\nDes d\u2019inici de curs 2019-2020, el nostre institut participa activament com a centre formador de l\u2019alumnat de Pr\u00e0ctiques del M\u00e0ster Universitari de Formaci\u00f3 del Professorat d\u2019Educaci\u00f3 Secund\u00e0ria Obligat\u00f2ria i batxillerat, Formaci\u00f3 professional i Ensenyament d\u2019idiomes&hellip;  <a href=\"https:\/\/agora.xtec.cat\/ies-manuel-sales\/projectes\/centre-formador-mufps\/\" title=\"Read CENTRE FORMADOR &#8211; MUFPS\">Llegeix m\u00e9s\u00bb<\/a><\/p>\n","protected":false},"author":1,"featured_media":0,"parent":341,"menu_order":0,"comment_status":"closed","ping_status":"closed","template":"page-templates\/side-menu.php","meta":{"_bbp_topic_count":0,"_bbp_reply_count":0,"_bbp_total_topic_count":0,"_bbp_total_reply_count":0,"_bbp_voice_count":0,"_bbp_anonymous_reply_count":0,"_bbp_topic_count_hidden":0,"_bbp_reply_count_hidden":0,"_bbp_forum_subforum_count":0,"footnotes":""},"class_list":["post-4868","page","type-page","status-publish","hentry"],"post_mailing_queue_ids":[],"_links":{"self":[{"href":"https:\/\/agora.xtec.cat\/ies-manuel-sales\/wp-json\/wp\/v2\/pages\/4868","targetHints":{"allow":["GET"]}}],"collection":[{"href":"https:\/\/agora.xtec.cat\/ies-manuel-sales\/wp-json\/wp\/v2\/pages"}],"about":[{"href":"https:\/\/agora.xtec.cat\/ies-manuel-sales\/wp-json\/wp\/v2\/types\/page"}],"author":[{"embeddable":true,"href":"https:\/\/agora.xtec.cat\/ies-manuel-sales\/wp-json\/wp\/v2\/users\/1"}],"replies":[{"embeddable":true,"href":"https:\/\/agora.xtec.cat\/ies-manuel-sales\/wp-json\/wp\/v2\/comments?post=4868"}],"version-history":[{"count":5,"href":"https:\/\/agora.xtec.cat\/ies-manuel-sales\/wp-json\/wp\/v2\/pages\/4868\/revisions"}],"predecessor-version":[{"id":6296,"href":"https:\/\/agora.xtec.cat\/ies-manuel-sales\/wp-json\/wp\/v2\/pages\/4868\/revisions\/6296"}],"up":[{"embeddable":true,"href":"https:\/\/agora.xtec.cat\/ies-manuel-sales\/wp-json\/wp\/v2\/pages\/341"}],"wp:attachment":[{"href":"https:\/\/agora.xtec.cat\/ies-manuel-sales\/wp-json\/wp\/v2\/media?parent=4868"}],"curies":[{"name":"wp","href":"https:\/\/api.w.org\/{rel}","templated":true}]}}