{"id":46,"date":"2014-09-17T16:53:45","date_gmt":"2014-09-17T15:53:45","guid":{"rendered":"http:\/\/agora.xtec.cat\/ies-manuel-sales\/?page_id=46"},"modified":"2024-09-26T12:58:38","modified_gmt":"2024-09-26T10:58:38","slug":"organigrama","status":"publish","type":"page","link":"https:\/\/agora.xtec.cat\/ies-manuel-sales\/linstitut\/organigrama\/","title":{"rendered":"ORGANIGRAMA"},"content":{"rendered":"<p>Els diferents membres de la comunitat educativa s&#8217;estructuren d&#8217;acord amb el seg\u00fcent organigrama.<\/p>\n<p><a href=\"https:\/\/agora.xtec.cat\/ies-manuel-sales\/wp-content\/uploads\/usu728\/2023\/10\/Organigrama-Institut-v2023.png\"><img loading=\"lazy\" decoding=\"async\" class=\"alignnone size-full wp-image-5486\" src=\"https:\/\/agora.xtec.cat\/ies-manuel-sales\/wp-content\/uploads\/usu728\/2023\/10\/Organigrama-Institut-v2023.png\" alt=\"Organigrama\" width=\"1360\" height=\"1007\" srcset=\"https:\/\/agora.xtec.cat\/ies-manuel-sales\/wp-content\/uploads\/usu728\/2023\/10\/Organigrama-Institut-v2023.png 1360w, https:\/\/agora.xtec.cat\/ies-manuel-sales\/wp-content\/uploads\/usu728\/2023\/10\/Organigrama-Institut-v2023-540x400.png 540w, https:\/\/agora.xtec.cat\/ies-manuel-sales\/wp-content\/uploads\/usu728\/2023\/10\/Organigrama-Institut-v2023-1024x758.png 1024w, https:\/\/agora.xtec.cat\/ies-manuel-sales\/wp-content\/uploads\/usu728\/2023\/10\/Organigrama-Institut-v2023-768x569.png 768w\" sizes=\"auto, (max-width: 1360px) 100vw, 1360px\" \/><\/a><\/p>\n<p>&nbsp;<\/p>\n<ul>\n<li>Direcci\u00f3\n<ul>\n<li>Director\/a<\/li>\n<li>Cap d&#8217;estudis<\/li>\n<li>Secretaria<\/li>\n<li>Coordinaci\u00f3 Pedag\u00f2gica<\/li>\n<li>Cap d&#8217;estudis adjunt<\/li>\n<\/ul>\n<\/li>\n<li>Consell de Direcci\u00f3\n<ul>\n<li>Format per l&#8217;equip directiu + 3 consellers professors del claustre (ESO, BATX, FP)<\/li>\n<\/ul>\n<\/li>\n<li>Consell Escolar\n<ul>\n<li>Director\/a<\/li>\n<li>Cap d&#8217;estudis<\/li>\n<li>Secretaria<\/li>\n<li>6 representants del professorat.<\/li>\n<li>3 representants de l&#8217;alumnat.<\/li>\n<li>3 representants dels pares i mares (un dels quals de l&#8217;AMPA)<\/li>\n<li>1 representant del PAS<\/li>\n<li>1 representant de l&#8217;Ajuntament.<\/li>\n<\/ul>\n<\/li>\n<li>Claustre del Professorat\n<ul>\n<li>Coordinacions de nivell (ESO, Batxillerat i CFGM\/PFI)<\/li>\n<li>Coordinaci\u00f3 Digital<\/li>\n<li>Coordinaci\u00f3 de Prevenci\u00f3 de riscs laborals<\/li>\n<li>Coordinaci\u00f3 d&#8217;activitats i serveis extraescolars<\/li>\n<li>Coordinaci\u00f3 de llengua, interculturalitat i cohesi\u00f3 social<\/li>\n<li>Coordinaci\u00f3 d&#8217;Escola Verda (sostenibilitat)<\/li>\n<li>Coordinaci\u00f3 del Pla Catal\u00e0 d&#8217;Esport a l&#8217;Escola<\/li>\n<li>Coordinaci\u00f3 de Coeducaci\u00f3, Conviv\u00e8ncia i Benestar de l&#8217;Alumnat<\/li>\n<li>Coordinaci\u00f3 de Biblioteca i Pla de Lectura<\/li>\n<li>Coordinaci\u00f3 de la Xarxa de Compet\u00e8ncies B\u00e0siques<\/li>\n<li>Coordinaci\u00f3 de la Generaci\u00f3 Pluriling\u00fce (GEP)<\/li>\n<li>Coordinaci\u00f3 de Salut<\/li>\n<\/ul>\n<\/li>\n<li>Departaments did\u00e0ctics\n<ul>\n<li>Llengua Ling\u00fc\u00edstic<\/li>\n<li>Lleng\u00fces estrangeres<\/li>\n<li>Matem\u00e0tiques<\/li>\n<li>Ci\u00e8ncies Socials i Humanitats<\/li>\n<li>Ci\u00e8ncies Naturals<\/li>\n<li>Tecnologia i Digitalitzaci\u00f3<\/li>\n<li>Art\u00edstic<\/li>\n<li>Educaci\u00f3 f\u00edsica<\/li>\n<li>Orientaci\u00f3<\/li>\n<li>Formaci\u00f3 Professional<\/li>\n<\/ul>\n<\/li>\n<li>Tutories<\/li>\n<li>PAS &#8211; Personal d&#8217;Administraci\u00f3 i Serveis\n<ul>\n<li>2 conserges<\/li>\n<li>1 auxiliar administrativa<\/li>\n<\/ul>\n<\/li>\n<li>PAE &#8211; Personal d&#8217;Atenci\u00f3 Educativa\n<ul>\n<li>1 Integrador\/a Social<\/li>\n<li>1 Educador\/a d&#8217;Educaci\u00f3 Especial<\/li>\n<\/ul>\n<\/li>\n<\/ul>\n","protected":false},"excerpt":{"rendered":"<p>Els diferents membres de la comunitat educativa s&#8217;estructuren d&#8217;acord amb el seg\u00fcent organigrama.<br \/>\n<a href=\"https:\/\/agora.xtec.cat\/ies-manuel-sales\/wp-content\/uploads\/usu728\/2023\/10\/Organigrama-Institut-v2023.png\"><\/a><br \/>\n&nbsp;<\/p>\n<ul>\n<li>Direcci\u00f3\n<ul>\n<li>Director\/a<\/li>\n<li>Cap d&#8217;estudis<\/li>\n<li>Secretaria<\/li>\n<li>Coordinaci\u00f3 Pedag\u00f2gica<\/li>\n<li>Cap d&#8217;estudis adjunt<\/li>\n<\/ul>\n<\/li>\n<li>Consell de Direcci\u00f3\n<ul>\n<li>Format per l&#8217;equip directiu + 3 consellers professors del claustre (ESO, BATX, FP)<\/li>\n<\/ul>\n<\/li>\n<li>Consell Escolar\n<ul>\n<li>Director\/a<\/li>\n<li>Cap d&#8217;estudis<\/li>\n<li>Secretaria<\/li>\n<li>6 representants del professorat.<\/li>\n<li>3 representants de l&#8217;alumnat.<\/li>\n<li>3 representants dels pares i mares&hellip;  <a href=\"https:\/\/agora.xtec.cat\/ies-manuel-sales\/linstitut\/organigrama\/\" title=\"Read ORGANIGRAMA\">Llegeix m\u00e9s\u00bb<\/a><br \/>\n","protected":false},"author":1,"featured_media":0,"parent":19,"menu_order":40,"comment_status":"closed","ping_status":"closed","template":"page-templates\/side-menu.php","meta":{"_bbp_topic_count":0,"_bbp_reply_count":0,"_bbp_total_topic_count":0,"_bbp_total_reply_count":0,"_bbp_voice_count":0,"_bbp_anonymous_reply_count":0,"_bbp_topic_count_hidden":0,"_bbp_reply_count_hidden":0,"_bbp_forum_subforum_count":0,"footnotes":""},"class_list":["post-46","page","type-page","status-publish","hentry"],"post_mailing_queue_ids":[],"_links":{"self":[{"href":"https:\/\/agora.xtec.cat\/ies-manuel-sales\/wp-json\/wp\/v2\/pages\/46","targetHints":{"allow":["GET"]}}],"collection":[{"href":"https:\/\/agora.xtec.cat\/ies-manuel-sales\/wp-json\/wp\/v2\/pages"}],"about":[{"href":"https:\/\/agora.xtec.cat\/ies-manuel-sales\/wp-json\/wp\/v2\/types\/page"}],"author":[{"embeddable":true,"href":"https:\/\/agora.xtec.cat\/ies-manuel-sales\/wp-json\/wp\/v2\/users\/1"}],"replies":[{"embeddable":true,"href":"https:\/\/agora.xtec.cat\/ies-manuel-sales\/wp-json\/wp\/v2\/comments?post=46"}],"version-history":[{"count":6,"href":"https:\/\/agora.xtec.cat\/ies-manuel-sales\/wp-json\/wp\/v2\/pages\/46\/revisions"}],"predecessor-version":[{"id":6349,"href":"https:\/\/agora.xtec.cat\/ies-manuel-sales\/wp-json\/wp\/v2\/pages\/46\/revisions\/6349"}],"up":[{"embeddable":true,"href":"https:\/\/agora.xtec.cat\/ies-manuel-sales\/wp-json\/wp\/v2\/pages\/19"}],"wp:attachment":[{"href":"https:\/\/agora.xtec.cat\/ies-manuel-sales\/wp-json\/wp\/v2\/media?parent=46"}],"curies":[{"name":"wp","href":"https:\/\/api.w.org\/{rel}","templated":true}]}}