{"id":439,"date":"2015-09-17T23:03:30","date_gmt":"2015-09-17T22:03:30","guid":{"rendered":"http:\/\/agora.xtec.cat\/ies-manuel-sales\/?page_id=439"},"modified":"2016-08-02T17:06:05","modified_gmt":"2016-08-02T16:06:05","slug":"premis-201213","status":"publish","type":"page","link":"https:\/\/agora.xtec.cat\/ies-manuel-sales\/serveis\/premis\/premis-201213\/","title":{"rendered":"PREMIS 2012\/13"},"content":{"rendered":"<table>\n<tbody>\n<tr>\n<td style=\"vertical-align: top;\"><img loading=\"lazy\" decoding=\"async\" class=\"alignleft size-thumbnail wp-image-432\" src=\"http:\/\/agora.xtec.cat\/ies-manuel-sales\/wp-content\/uploads\/usu728\/2015\/09\/medalla-120x150.gif\" alt=\"medalla\" width=\"120\" height=\"150\" \/><\/p>\n<h4 style=\"text-align: right;\"><span style=\"color: #800000;\"><strong>GALERIA DE GUARDONATS<\/strong><\/span><\/h4>\n<\/td>\n<td style=\"vertical-align: top;\" colspan=\"2\">\n<h4 style=\"text-align: right;\"><strong>Curs 2012\/13<\/strong><\/h4>\n<\/td>\n<\/tr>\n<tr>\n<td style=\"vertical-align: top;\" colspan=\"2\"><span style=\"color: #993300;\"><strong>PREMI RECERCA JOVE PER A IN\u00c9S VALLS<\/strong><\/span><\/p>\n<p style=\"text-align: justify;\">En aquesta edici\u00f3 dels premis Recerca Jove per fomentar l&#8217;esperit cient\u00edfic (antic CIRIT) que convoca l&#8217;AGAUR va estar premiat el treball <strong>&#8220;La f\u00edsica dels joguets&#8221;<\/strong> que va dur a terme l&#8217;alumna <strong>In\u00e9s Valls Pepi\u00f3<\/strong> i que va tutoritzar la professora Dolors Vidal Segarra.El treball va obtenir el <strong>premi especial &#8220;Ramon Faus i Esteve&#8221;<\/strong> que per primer cop es convocava per guardonar els millors treballs amb tem\u00e0tica sobre la fam\u00edlia en col\u00b7laboraci\u00f3 amb el Departament de Benestar Social.<\/p>\n<\/td>\n<td style=\"width: 350px; vertical-align: top;\"><img loading=\"lazy\" decoding=\"async\" class=\"aligncenter size-full wp-image-891\" src=\"http:\/\/agora.xtec.cat\/ies-manuel-sales\/wp-content\/uploads\/usu728\/2015\/09\/ines_valls.jpg\" alt=\"In\u00e9s Valls\" width=\"250\" height=\"165\" \/><\/td>\n<\/tr>\n<tr>\n<td style=\"vertical-align: top;\" colspan=\"2\"><span style=\"color: #993300;\"><strong>PREMIS DE LA URV<\/strong><\/span><\/p>\n<p style=\"text-align: justify;\">El Campus Terres de l&#8217;Ebre de la Universitat Rovira i Virgili ha concedit dos premis a treballs de recerca de batxillerat. Un primer premi al treball &#8220;La palma. De l&#8217;artesania a la f\u00e0brica (el cas de la f\u00e0brica Matamoros)&#8221; realitzat per <strong>Anna Grau Campos<\/strong> i tutoritzat per la professora Vict\u00f2ria Almuni Balada, i un tercer premi al treball &#8220;M\u00e9s que c\u00f3rrer: la fusi\u00f3 del c\u00f3rrer i la muntanya. Preparats, llestos&#8230; ja!&#8221; elaborat per <strong>Josep Dom\u00e8nech Llobet<\/strong> i tutoritzat per la professora Lara Sancho Revert\u00e9.<\/p>\n<\/td>\n<td style=\"text-align: center; vertical-align: top;\">\n<p><figure class=\"figure wp-caption aligncenter\"><img loading=\"lazy\" decoding=\"async\" class=\"size-medium wp-image-882\" src=\"http:\/\/agora.xtec.cat\/ies-manuel-sales\/wp-content\/uploads\/usu728\/2015\/09\/premis-recerca2013-300x199.jpg\" alt=\"Premis URV 2013\" width=\"300\" height=\"199\" srcset=\"https:\/\/agora.xtec.cat\/ies-manuel-sales\/wp-content\/uploads\/usu728\/2015\/09\/premis-recerca2013-300x199.jpg 300w, https:\/\/agora.xtec.cat\/ies-manuel-sales\/wp-content\/uploads\/usu728\/2015\/09\/premis-recerca2013.jpg 400w\" sizes=\"auto, (max-width: 300px) 100vw, 300px\" \/><figcaption class=\"wp-caption-text\">Els guardonats durant l&#8217;entrega dels premis.<\/figcaption><\/figure><\/td>\n<\/tr>\n<tr>\n<td style=\"vertical-align: top;\" colspan=\"2\"><span style=\"color: #993300;\"><strong>BECA DE LA FUNDACI\u00d3 AMANCIO ORTEGA<\/strong><\/span><\/p>\n<p style=\"text-align: justify;\">La <strong>Fundaci\u00f3 Amancio Ortega<\/strong> ha concedit una beca del Programa \u201cBecas Estudia en Canad\u00e1\u201d a l\u2019alumne de 4t d\u2019ESO <strong>Maximillian Von Wietersheim-Kramsta<\/strong> per a cursar el 1r de Batxillerat al Canad\u00e0. Aquesta beca cobreix l&#8217;estada durant tot el curs a Canad\u00e0 amb totes les despeses pagades.<\/p>\n<\/td>\n<td style=\"vertical-align: top;\">\u00a0<img loading=\"lazy\" decoding=\"async\" class=\"aligncenter size-medium wp-image-883\" src=\"http:\/\/agora.xtec.cat\/ies-manuel-sales\/wp-content\/uploads\/usu728\/2015\/09\/Maxi-254x300.jpg\" alt=\"Maximilian von Wietersheim\" width=\"254\" height=\"300\" srcset=\"https:\/\/agora.xtec.cat\/ies-manuel-sales\/wp-content\/uploads\/usu728\/2015\/09\/Maxi-254x300.jpg 254w, https:\/\/agora.xtec.cat\/ies-manuel-sales\/wp-content\/uploads\/usu728\/2015\/09\/Maxi.jpg 359w\" sizes=\"auto, (max-width: 254px) 100vw, 254px\" \/><\/td>\n<\/tr>\n<tr>\n<td style=\"vertical-align: top;\" colspan=\"2\"><span style=\"color: #993300;\"><strong>PROGRAMA JOVES I CI\u00c8NCIA DE LA FUNDACI\u00d3 CATALUNYA CAIXA<\/strong> <\/span><\/p>\n<p style=\"text-align: justify;\">L&#8217;alumne <strong>Maximilian von Wietersheim<\/strong> ha estat adm\u00e8s al programa <strong>Joves i Ci\u00e8ncia de la Fundaci\u00f3 Catalunya Caixa<\/strong> i l&#8217;Institut de Recerca Biom\u00e8dica de Barcelona. Aquest programa, en la seva 6a. edici\u00f3, ha seleccionat 49 alumnes de tot el pa\u00eds i els ofereix la possibilitat de participar en activitats d&#8217;investigaci\u00f3 totalment becades durant els dos cursos de batxillerat.<\/p>\n<\/td>\n<td style=\"vertical-align: top;\">\u00a0<img loading=\"lazy\" decoding=\"async\" class=\"aligncenter size-medium wp-image-884\" src=\"http:\/\/agora.xtec.cat\/ies-manuel-sales\/wp-content\/uploads\/usu728\/2015\/09\/Maxi-Joves-i-ciencia-300x204.jpg\" alt=\"Joves i Ci\u00e8ncia 2013\" width=\"300\" height=\"204\" srcset=\"https:\/\/agora.xtec.cat\/ies-manuel-sales\/wp-content\/uploads\/usu728\/2015\/09\/Maxi-Joves-i-ciencia-300x204.jpg 300w, https:\/\/agora.xtec.cat\/ies-manuel-sales\/wp-content\/uploads\/usu728\/2015\/09\/Maxi-Joves-i-ciencia.jpg 400w\" sizes=\"auto, (max-width: 300px) 100vw, 300px\" \/><\/td>\n<\/tr>\n<tr>\n<td style=\"vertical-align: top;\" colspan=\"2\"><span style=\"color: #993300;\"><strong>PREMI PATHWAY AL TREBALL &#8220;L&#8217;LHC A L&#8217;INSTI<\/strong><\/span><\/p>\n<p style=\"text-align: justify;\"><strong>&#8220;El treball &#8220;L&#8217;LHC a l&#8217;Insti&#8221;<\/strong> sobre l&#8217;accelerador de part\u00edcules que l&#8217;alumnat de l&#8217;optativa d&#8217;Astronomia ha instal\u00b7lat al passad\u00eds de la planta baixa ha guanyat el 2n premi especial sobre el CERN\/Cosmos en la modalitat de professorat en el concurs <strong>&#8220;Nosotros investigamos&#8221;<\/strong> del projecte <strong>PATHWAY<\/strong> organitzat per la Universitat de Barcelona. Bona feina !<\/p>\n<\/td>\n<td style=\"vertical-align: top;\">\n<p style=\"text-align: center;\">\u00a0<iframe loading=\"lazy\" style=\"border: 1px solid #CCC; border-width: 1px; margin-bottom: 5px; max-width: 100%;\" src=\"\/\/www.slideshare.net\/slideshow\/embed_code\/key\/HEZqpw3OAzkqzn\" width=\"300\" height=\"240\" frameborder=\"0\" marginwidth=\"0\" marginheight=\"0\" scrolling=\"no\" allowfullscreen=\"allowfullscreen\"> <\/iframe><strong><a title=\"El lhc en el instituto\" href=\"\/\/www.slideshare.net\/institutulldecona\/el-lhc-en-el-insti\" target=\"_blank\"><br \/>\nEl lhc en el instituto<\/a> <\/strong> de <strong><a href=\"\/\/www.slideshare.net\/institutulldecona\" target=\"_blank\">Institut Ulldecona<\/a><\/strong><\/p>\n<\/td>\n<\/tr>\n<\/tbody>\n<\/table>\n","protected":false},"excerpt":{"rendered":"<p>GALERIA DE GUARDONATS<\/p>\n<p>Curs 2012\/13<\/p>\n<p>PREMI RECERCA JOVE PER A IN\u00c9S VALLS<br \/>\nEn aquesta edici\u00f3 dels premis Recerca Jove per fomentar l&#8217;esperit cient\u00edfic (antic CIRIT) que convoca l&#8217;AGAUR va estar premiat el treball &#8220;La f\u00edsica dels joguets&#8221; que va dur a terme l&#8217;alumna In\u00e9s Valls Pepi\u00f3 i que&hellip;  <a href=\"https:\/\/agora.xtec.cat\/ies-manuel-sales\/serveis\/premis\/premis-201213\/\" title=\"Read PREMIS 2012\/13\">Llegeix m\u00e9s\u00bb<\/a><\/p>\n","protected":false},"author":1,"featured_media":0,"parent":431,"menu_order":30,"comment_status":"closed","ping_status":"closed","template":"page-templates\/side-menu.php","meta":{"_bbp_topic_count":0,"_bbp_reply_count":0,"_bbp_total_topic_count":0,"_bbp_total_reply_count":0,"_bbp_voice_count":0,"_bbp_anonymous_reply_count":0,"_bbp_topic_count_hidden":0,"_bbp_reply_count_hidden":0,"_bbp_forum_subforum_count":0,"footnotes":""},"class_list":["post-439","page","type-page","status-publish","hentry"],"post_mailing_queue_ids":[],"_links":{"self":[{"href":"https:\/\/agora.xtec.cat\/ies-manuel-sales\/wp-json\/wp\/v2\/pages\/439","targetHints":{"allow":["GET"]}}],"collection":[{"href":"https:\/\/agora.xtec.cat\/ies-manuel-sales\/wp-json\/wp\/v2\/pages"}],"about":[{"href":"https:\/\/agora.xtec.cat\/ies-manuel-sales\/wp-json\/wp\/v2\/types\/page"}],"author":[{"embeddable":true,"href":"https:\/\/agora.xtec.cat\/ies-manuel-sales\/wp-json\/wp\/v2\/users\/1"}],"replies":[{"embeddable":true,"href":"https:\/\/agora.xtec.cat\/ies-manuel-sales\/wp-json\/wp\/v2\/comments?post=439"}],"version-history":[{"count":4,"href":"https:\/\/agora.xtec.cat\/ies-manuel-sales\/wp-json\/wp\/v2\/pages\/439\/revisions"}],"predecessor-version":[{"id":892,"href":"https:\/\/agora.xtec.cat\/ies-manuel-sales\/wp-json\/wp\/v2\/pages\/439\/revisions\/892"}],"up":[{"embeddable":true,"href":"https:\/\/agora.xtec.cat\/ies-manuel-sales\/wp-json\/wp\/v2\/pages\/431"}],"wp:attachment":[{"href":"https:\/\/agora.xtec.cat\/ies-manuel-sales\/wp-json\/wp\/v2\/media?parent=439"}],"curies":[{"name":"wp","href":"https:\/\/api.w.org\/{rel}","templated":true}]}}