{"id":431,"date":"2015-09-12T23:10:26","date_gmt":"2015-09-12T22:10:26","guid":{"rendered":"http:\/\/agora.xtec.cat\/ies-manuel-sales\/?page_id=431"},"modified":"2024-01-22T18:21:28","modified_gmt":"2024-01-22T17:21:28","slug":"premis","status":"publish","type":"page","link":"https:\/\/agora.xtec.cat\/ies-manuel-sales\/serveis\/premis\/","title":{"rendered":"PREMIS"},"content":{"rendered":"<table style=\"width: 100%;\">\n<tbody>\n<tr>\n<td style=\"width: 17.0683%;\"><img loading=\"lazy\" decoding=\"async\" class=\"alignleft size-thumbnail wp-image-432\" src=\"http:\/\/agora.xtec.cat\/ies-manuel-sales\/wp-content\/uploads\/usu728\/2015\/09\/medalla-120x150.gif\" alt=\"medalla\" width=\"120\" height=\"150\" \/><\/td>\n<td style=\"vertical-align: top; width: 41.8675%;\">\n<h4 style=\"text-align: right;\"><span style=\"color: #800000;\"><strong>GALERIA DE GUARDONATS<\/strong><\/span><\/h4>\n<h4><\/h4>\n<\/td>\n<td style=\"width: 40.1606%; vertical-align: top;\">\n<h4 style=\"text-align: right;\"><strong>Curs 2022\/23<\/strong><\/h4>\n<\/td>\n<\/tr>\n<tr>\n<td style=\"background-color: #f5dc82; width: 99.0964%;\" colspan=\"3\"><em>En aquesta secci\u00f3 recollim tots aquells alumnes que han estat guardonats d&#8217;alguna manera pels seus treballs. Si ens hem deixat algun premiat, no dubteu en fer-nos-ho saber.<\/em><\/td>\n<\/tr>\n<tr>\n<td style=\"vertical-align: top; width: 58.9357%;\" colspan=\"2\">\n<h4 class=\"entry-title\" style=\"text-align: justify;\">DISTINCI\u00d3 PAU 2023 A N\u00daRIA VIOLA VALLS<\/h4>\n<p style=\"text-align: justify;\">L\u2019alumna de Batxillerat <strong>N\u00faria Viola Valls<\/strong> ha estat guardonada amb la <strong>Distinci\u00f3 PAU 2023<\/strong> que s\u2019atorga als alumnes que obtenen una qualificaci\u00f3 superior a un 9 a la fase general de les Proves d\u2019Acc\u00e9s a la Universitat (PAU). L\u2019acte de lliurament va tenir lloc el dissabte, 4 de novembre, a la sala Pau Casals de l\u2019Auditori de Barcelona i va comptar amb la pres\u00e8ncia del <strong>Molt Hnble. President de la Generalitat de Catalunya, Pere Aragon\u00e8s<\/strong>, del <strong>Conseller de Recerca i Universitats, Hnble. Joaquim Nadal<\/strong> i de la <strong>Consellera d\u2019Educaci\u00f3, Hnble. Anna Sim\u00f3<\/strong>.<\/p>\n<p style=\"text-align: justify;\">A l\u2019acte hi van assistir tamb\u00e9 com a invitats els familiars dels alumnes i professors o membres dels equips directius dels instituts corresponents. En el nostre cas, hi assistiren els familiars de N\u00faria i el nostre director, Ricard Reverter. Durant els parlaments es va recon\u00e8ixer el gran esfor\u00e7 que han fet tots els alumnes premiats per aconseguir unes qualificacions tan excel\u00b7lents, i el mateix president els va encoratjar a continuar sent tant exigents en el futur en cadascun dels camps professionals on acabaran aplicant tot el que han apr\u00e8s.<\/p>\n<p style=\"text-align: justify;\">Des de l\u2019institut, felicitem la N\u00faria i els seus familiars, aix\u00ed com el professorat que l\u2019ha acompanyada en el seu itinerari formatiu i li desitgem tota classe d\u2019encerts en el seu cam\u00ed cap a l\u2019excel\u00b7l\u00e8ncia.<\/p>\n<\/td>\n<td style=\"width: 40.1606%; vertical-align: top;\"><img loading=\"lazy\" decoding=\"async\" class=\"alignnone size-full wp-image-5547\" src=\"https:\/\/agora.xtec.cat\/ies-manuel-sales\/wp-content\/uploads\/usu728\/2023\/11\/DistincioPAU2023-NuriaViola-01.jpg\" alt=\"Distinci\u00f3 PAU N\u00faria Viola\" width=\"1500\" height=\"2500\" srcset=\"https:\/\/agora.xtec.cat\/ies-manuel-sales\/wp-content\/uploads\/usu728\/2023\/11\/DistincioPAU2023-NuriaViola-01.jpg 1500w, https:\/\/agora.xtec.cat\/ies-manuel-sales\/wp-content\/uploads\/usu728\/2023\/11\/DistincioPAU2023-NuriaViola-01-240x400.jpg 240w, https:\/\/agora.xtec.cat\/ies-manuel-sales\/wp-content\/uploads\/usu728\/2023\/11\/DistincioPAU2023-NuriaViola-01-614x1024.jpg 614w, https:\/\/agora.xtec.cat\/ies-manuel-sales\/wp-content\/uploads\/usu728\/2023\/11\/DistincioPAU2023-NuriaViola-01-768x1280.jpg 768w, https:\/\/agora.xtec.cat\/ies-manuel-sales\/wp-content\/uploads\/usu728\/2023\/11\/DistincioPAU2023-NuriaViola-01-922x1536.jpg 922w, https:\/\/agora.xtec.cat\/ies-manuel-sales\/wp-content\/uploads\/usu728\/2023\/11\/DistincioPAU2023-NuriaViola-01-1229x2048.jpg 1229w\" sizes=\"auto, (max-width: 1500px) 100vw, 1500px\" \/><\/td>\n<\/tr>\n<tr>\n<td style=\"vertical-align: top; width: 58.9357%;\" colspan=\"2\">\n<h4 class=\"entry-title\" style=\"text-align: justify;\">PREMIS MANUEL SALES I FERR\u00c9 2023<\/h4>\n<p style=\"text-align: justify;\">La cinquena edici\u00f3 dels premis Manuel Sales i Ferr\u00e9 a treballs de recerca i investigaci\u00f3, convocats per l\u2019Institut Manuel Sales i Ferr\u00e9 i l\u2019Ajuntament d\u2019Ulldecona, es va cloure amb l\u2019acte de lliurament dels guardons celebrat a la sala de plens de l\u2019Ajuntament d\u2019Ulldecona el dissabte, 21 d\u2019octubre de 2023.En aquesta edici\u00f3 els treballs premiats han estat els seg\u00fcents:<\/p>\n<ul>\n<li style=\"text-align: justify;\" aria-level=\"1\"><i>\u201cSub Iudice: la retirada del monument a la batalla de l\u2019Ebre\u201d<\/i>, de l\u2019alumne <b>Joan Manel Ferr\u00e9 Vericat<\/b> de l\u2019Institut Manuel Sales i Ferr\u00e9 d\u2019Ulldecona. <b>Premi MSF de Sociologia<\/b>.<\/li>\n<li style=\"text-align: justify;\" aria-level=\"1\"><i>\u201cEstudi del temps de reverberaci\u00f3 del Felip Pedrell\u201d<\/i>, de l\u2019alumna <b>Adriana Sainz Sampedro<\/b> de l\u2019Institut Dertosa de Tortosa. <b>Premi MSF Terres de l\u2019Ebre<\/b>.<\/li>\n<li style=\"text-align: justify;\" aria-level=\"1\"><i>\u201cProposta de millora per al Trabucador\u201d<\/i>, de l\u2019alumne <b>Dan Vi\u00f1es Rodr\u00edguez<\/b> de l\u2019Institut Els Alfacs de La R\u00e0pita. <b>Premi MSF Terres del S\u00e9nia<\/b>.<\/li>\n<\/ul>\n<p style=\"text-align: justify;\">L\u2019acte va comptar amb l\u2019assist\u00e8ncia de l\u2019alumnat premiat, amb les seves fam\u00edlies, tutors i representants dels centres educatius. Tamb\u00e9 va comptar amb la participaci\u00f3 de la directora adjunta dels Serveis Territorials d\u2019Educaci\u00f3 a les Terres de l\u2019Ebre, Sra. <strong>\u00c8rika Ferrat\u00e9<\/strong>, aix\u00ed com de la representaci\u00f3 municipal per part de la regidora d\u2019Educaci\u00f3, Sra. <strong>Cati Brusca<\/strong>, i de l\u2019alcaldessa, Sra. <strong>N\u00faria Ventura<\/strong>, la qual adre\u00e7\u00e0 als premiats unes paraules d\u2019agra\u00efment per la qualitat dels treballs i manifest\u00e0 el desig de continu\u00eftat en la convocat\u00f2ria d\u2019aquests premis en edicions successives.Des de la primera edici\u00f3, els treballs presentats als premis demostren la bona feina en recerca que fan els alumnes dels centres de secund\u00e0ria que hi participen. En paraules de l\u2019insigne soci\u00f2leg d\u2019Ulldecona, <strong>Manuel Sales<\/strong>, representen l\u2019\u00e8xit del nostre sistema educatiu actual on s\u2019assoleix <i>\u201cl\u2019ideal que tots, rics i pobres, rebin l\u2019educaci\u00f3 adequada a les seves aptituds\u201d<\/i>, garantint l\u2019equitat i la cohesi\u00f3 social de la societat del nostre temps, com va recordar el director de l\u2019institut, <strong>Ricard Reverter<\/strong>.<\/p>\n<\/td>\n<td style=\"width: 40.1606%; vertical-align: top;\"><img loading=\"lazy\" decoding=\"async\" class=\"alignnone size-full wp-image-5501\" src=\"https:\/\/agora.xtec.cat\/ies-manuel-sales\/wp-content\/uploads\/usu728\/2023\/10\/Premis-MSF-2023-15-scaled.jpg\" alt=\"Premis MSF 2023\" width=\"2560\" height=\"1707\" srcset=\"https:\/\/agora.xtec.cat\/ies-manuel-sales\/wp-content\/uploads\/usu728\/2023\/10\/Premis-MSF-2023-15-scaled.jpg 2560w, https:\/\/agora.xtec.cat\/ies-manuel-sales\/wp-content\/uploads\/usu728\/2023\/10\/Premis-MSF-2023-15-600x400.jpg 600w, https:\/\/agora.xtec.cat\/ies-manuel-sales\/wp-content\/uploads\/usu728\/2023\/10\/Premis-MSF-2023-15-1024x683.jpg 1024w, https:\/\/agora.xtec.cat\/ies-manuel-sales\/wp-content\/uploads\/usu728\/2023\/10\/Premis-MSF-2023-15-768x512.jpg 768w, https:\/\/agora.xtec.cat\/ies-manuel-sales\/wp-content\/uploads\/usu728\/2023\/10\/Premis-MSF-2023-15-1536x1024.jpg 1536w, https:\/\/agora.xtec.cat\/ies-manuel-sales\/wp-content\/uploads\/usu728\/2023\/10\/Premis-MSF-2023-15-2048x1365.jpg 2048w\" sizes=\"auto, (max-width: 2560px) 100vw, 2560px\" \/><\/td>\n<\/tr>\n<tr>\n<td style=\"vertical-align: top;\" colspan=\"2\">\n<h4 class=\"entry-title\" style=\"text-align: justify;\">POL FERR\u00c9 MART\u00cdN, MENCI\u00d3 DINS EL MILLOR 1% DE LA PROVA CANGUR DE LA SOCIETAT CATALANA DE MATEM\u00c0TIQUES<\/h4>\n<p style=\"text-align: justify;\">L\u2019alumne de 4t d\u2019ESO, <strong>Pol Ferr\u00e9 Mart\u00edn,<\/strong> ha aconseguit una menci\u00f3 per formar part del grup de l\u20191% de participants amb millor puntuaci\u00f3 a la prestigiosa <a href=\"https:\/\/www.cangur.org\/cang2023\/\">prova <strong>Cangur<\/strong> <\/a>que cada curs organitza la <strong>Societat Catalana de Matem\u00e0tiques<\/strong>.<\/p>\n<p style=\"text-align: justify;\">Concretament, Pol ha assolit la posici\u00f3 <strong>85<\/strong> del r\u00e0nquing d\u2019un total de 13.991 participants del seu nivell, 4t d\u2019ESO, amb una puntuaci\u00f3 de 95,5 punts. Aquest grup del <strong>millor 1%<\/strong> d\u2019alumnes rebr\u00e0 un diploma de <strong>menci\u00f3 honor\u00edfica<\/strong> i un joc de matem\u00e0tiques.<\/p>\n<p style=\"text-align: justify;\">L\u2019associaci\u00f3 internacional <strong><em>\u201cLe Kangourou sans fronti\u00e8res\u201d<\/em><\/strong> t\u00e9 com a finalitat la promoci\u00f3 de la cultura matem\u00e0tica b\u00e0sica per tots els mitjans i, en particular, per l\u2019organitzaci\u00f3 d\u2019un joc-concurs anual que se celebra el mateix dia en tots els pa\u00efsos participants; l\u2019objectiu d\u2019aquesta activitat \u00e9s estimular i motivar la gran majoria d\u2019alumnes l\u2019inter\u00e8s per les matem\u00e0tiques.<\/p>\n<\/td>\n<td style=\"vertical-align: top; width: 40.1606%;\"><img loading=\"lazy\" decoding=\"async\" class=\"alignnone size-full wp-image-5337\" src=\"https:\/\/agora.xtec.cat\/ies-manuel-sales\/wp-content\/uploads\/usu728\/2023\/06\/Pol-Ferre-Kangur23.jpg\" alt=\"Prova Cangur 2023\" width=\"715\" height=\"250\" srcset=\"https:\/\/agora.xtec.cat\/ies-manuel-sales\/wp-content\/uploads\/usu728\/2023\/06\/Pol-Ferre-Kangur23.jpg 715w, https:\/\/agora.xtec.cat\/ies-manuel-sales\/wp-content\/uploads\/usu728\/2023\/06\/Pol-Ferre-Kangur23-600x210.jpg 600w\" sizes=\"auto, (max-width: 715px) 100vw, 715px\" \/><\/td>\n<\/tr>\n<tr>\n<td style=\"vertical-align: top; width: 58.9357%;\" colspan=\"2\">\n<h4 class=\"entry-title\" style=\"text-align: justify;\">MAR GUIMER\u00c0 BRAU, FINALISTA DELS PREMIS A TREBALLS DE RECERCA DE LA UNIVERSITAT DE BARCELONA<\/h4>\n<p style=\"text-align: justify;\">L\u2019alumna de 2n de Batxillerat, <strong>Mar Guimer\u00e0 Brau<\/strong>, ha estat escollida finalista dels <strong>premis UB-Santander de la Facultat de Medicina i Ci\u00e8ncies de la Salut de la Universitat de Barcelona<\/strong> pel seu treball de recerca <em>\u201c<strong>Els efectes mutus entre el cicle menstrual i l\u2019esport d\u2019elit<\/strong>\u201c. <\/em><\/p>\n<p style=\"text-align: justify;\">La Universitat de Barcelona, amb el prop\u00f2sit de premiar l\u2019esfor\u00e7 dels estudiants de batxillerat en l\u2019aprenentatge i la recerca, i tamb\u00e9 d\u2019establir i consolidar els vincles amb els centres d\u2019ensenyament de secund\u00e0ria, convoca aquests premis per treballs relacionats amb els graus de Ci\u00e8ncies Biom\u00e8diques, Enginyeria Biom\u00e8dica, Infermeria, Medicina, Odontologia i Podologia.<\/p>\n<p style=\"text-align: justify;\">El Premi UB-Santander guardona, en cada modalitat, 5 treballs de recerca de batxillerat. L\u2019ordre dels guanyadors del premi es coneixer\u00e0 durant l\u2019acte de lliurament del premi, el dia 3<strong> de juliol, <\/strong>al Paranimf de l\u2019Edifici Hist\u00f2ric de la Universitat de Barcelona.<\/p>\n<\/td>\n<td style=\"vertical-align: top; width: 40.1606%;\"><img loading=\"lazy\" decoding=\"async\" class=\"alignnone size-full wp-image-5334\" src=\"https:\/\/agora.xtec.cat\/ies-manuel-sales\/wp-content\/uploads\/usu728\/2023\/06\/Mar-Guimera-1.jpg\" alt=\"Premi Mar Guimer\u00e0\" width=\"820\" height=\"414\" srcset=\"https:\/\/agora.xtec.cat\/ies-manuel-sales\/wp-content\/uploads\/usu728\/2023\/06\/Mar-Guimera-1.jpg 820w, https:\/\/agora.xtec.cat\/ies-manuel-sales\/wp-content\/uploads\/usu728\/2023\/06\/Mar-Guimera-1-600x303.jpg 600w, https:\/\/agora.xtec.cat\/ies-manuel-sales\/wp-content\/uploads\/usu728\/2023\/06\/Mar-Guimera-1-768x388.jpg 768w\" sizes=\"auto, (max-width: 820px) 100vw, 820px\" \/><\/td>\n<\/tr>\n<\/tbody>\n<\/table>\n","protected":false},"excerpt":{"rendered":"<p>GALERIA DE GUARDONATS<\/p>\n<p>Curs 2022\/23<\/p>\n<p>En aquesta secci\u00f3 recollim tots aquells alumnes que han estat guardonats d&#8217;alguna manera pels seus treballs. Si ens hem deixat algun premiat, no dubteu en fer-nos-ho saber.<\/p>\n<p>DISTINCI\u00d3 PAU 2023 A N\u00daRIA VIOLA VALLS<br \/>\nL\u2019alumna de Batxillerat N\u00faria Viola Valls ha estat guardonada amb&hellip;  <a href=\"https:\/\/agora.xtec.cat\/ies-manuel-sales\/serveis\/premis\/\" title=\"Read PREMIS\">Llegeix m\u00e9s\u00bb<\/a><\/p>\n","protected":false},"author":1,"featured_media":0,"parent":63,"menu_order":20,"comment_status":"open","ping_status":"closed","template":"page-templates\/side-menu.php","meta":{"_bbp_topic_count":0,"_bbp_reply_count":0,"_bbp_total_topic_count":0,"_bbp_total_reply_count":0,"_bbp_voice_count":0,"_bbp_anonymous_reply_count":0,"_bbp_topic_count_hidden":0,"_bbp_reply_count_hidden":0,"_bbp_forum_subforum_count":0,"footnotes":""},"class_list":["post-431","page","type-page","status-publish","hentry"],"post_mailing_queue_ids":[],"_links":{"self":[{"href":"https:\/\/agora.xtec.cat\/ies-manuel-sales\/wp-json\/wp\/v2\/pages\/431","targetHints":{"allow":["GET"]}}],"collection":[{"href":"https:\/\/agora.xtec.cat\/ies-manuel-sales\/wp-json\/wp\/v2\/pages"}],"about":[{"href":"https:\/\/agora.xtec.cat\/ies-manuel-sales\/wp-json\/wp\/v2\/types\/page"}],"author":[{"embeddable":true,"href":"https:\/\/agora.xtec.cat\/ies-manuel-sales\/wp-json\/wp\/v2\/users\/1"}],"replies":[{"embeddable":true,"href":"https:\/\/agora.xtec.cat\/ies-manuel-sales\/wp-json\/wp\/v2\/comments?post=431"}],"version-history":[{"count":4,"href":"https:\/\/agora.xtec.cat\/ies-manuel-sales\/wp-json\/wp\/v2\/pages\/431\/revisions"}],"predecessor-version":[{"id":5808,"href":"https:\/\/agora.xtec.cat\/ies-manuel-sales\/wp-json\/wp\/v2\/pages\/431\/revisions\/5808"}],"up":[{"embeddable":true,"href":"https:\/\/agora.xtec.cat\/ies-manuel-sales\/wp-json\/wp\/v2\/pages\/63"}],"wp:attachment":[{"href":"https:\/\/agora.xtec.cat\/ies-manuel-sales\/wp-json\/wp\/v2\/media?parent=431"}],"curies":[{"name":"wp","href":"https:\/\/api.w.org\/{rel}","templated":true}]}}