{"id":43,"date":"2014-09-17T16:45:07","date_gmt":"2014-09-17T15:45:07","guid":{"rendered":"http:\/\/agora.xtec.cat\/ies-manuel-sales\/?page_id=43"},"modified":"2024-01-18T19:12:25","modified_gmt":"2024-01-18T18:12:25","slug":"consell-escolar","status":"publish","type":"page","link":"https:\/\/agora.xtec.cat\/ies-manuel-sales\/comunitat-educativa\/consell-escolar\/","title":{"rendered":"CONSELL ESCOLAR"},"content":{"rendered":"<table>\n<tbody>\n<tr>\n<td style=\"vertical-align: top;\">\n<p style=\"text-align: justify;\">El <strong>Consell Escolar<\/strong> del centre \u00e9s el m\u00e0xim \u00f2rgan consultiu i de presa de decisions de tota la comunitat escolar i, de totes les seves funcions, en destaquem les seg\u00fcents:<\/p>\n<ul>\n<li>Aprova el projecte educatiu del centre.<\/li>\n<li>Aprova el pressupost i fiscalitza la gesti\u00f3 econ\u00f2mica del centre.<\/li>\n<li>Aprova les normes de funcionament intern del centre.<\/li>\n<li>Resol conflictes de conviv\u00e8ncia entre membres de la comunitat escolar.<\/li>\n<li>Aprova la programaci\u00f3 general del centre i les activitats complement\u00e0ries i extraescolars.<\/li>\n<li>Avalua el funcionament del centre.<\/li>\n<\/ul>\n<\/td>\n<td style=\"width: 200px; vertical-align: top;\"><img loading=\"lazy\" decoding=\"async\" class=\" wp-image-310 alignright\" src=\"http:\/\/agora.xtec.cat\/ies-manuel-sales\/wp-content\/uploads\/usu728\/2014\/09\/consell2-73x150.gif\" alt=\"consell2\" width=\"125\" height=\"256\" \/><\/td>\n<\/tr>\n<tr>\n<td>Actualment, formen part del Consell Escolar els seg\u00fcents <strong>membres<\/strong>:<\/p>\n<p>1. President i director: Francisco Le\u00f3n Floro.<br \/>\n2. Cap d&#8217;Estudis: Jennifer Gonz\u00e1lez Ausejo.<br \/>\n3. Secretari: Ignasi Tal Subirats.<\/p>\n<p>Representants del <strong>professorat<\/strong>:<\/p>\n<p>4. Mireia Bel Garrit<br \/>\n5. Pietat Tallada Marin\u00e9.<br \/>\n6. J. Rafel Revert\u00e9 Vidal.<br \/>\n7. Enric Salt Mundina.<br \/>\n8. Joaquim Llagostera Castell.<br \/>\n9. Maria Millan Callarisa.<\/p>\n<p>Representants de l&#8217;<strong>alumnat<\/strong>:<\/p>\n<p>10. Emma Otalora Salas.<br \/>\n11. Pep Forcadell Pe\u00f1afiel.<br \/>\n12. Amy Poy Parker.<\/p>\n<p>Representants de <strong>pares i mares<\/strong>:<\/p>\n<p>13. Ma. Carme V\u00e9lez Ortiz<br \/>\n14. Agust\u00ed Juan-Camps Castell.<\/p>\n<p>Representant de l&#8217;<strong>AMPA<\/strong>:<\/p>\n<p>15. Elena G. Roca Pallar\u00e8s.<\/p>\n<p>Representant de l&#8217;<strong>Ajuntament<\/strong>:<\/p>\n<p>16. Caterina Brusca Campos.<\/p>\n<p>Representant del <strong>Personal d&#8217;Administraci\u00f3 i Serveis<\/strong>:<\/p>\n<p>17. Neus Gasc\u00f3 Homs.<\/p>\n<p><span style=\"color: #339966;\"><em>Actualitzat en data: gener de 2024.<\/em><\/span><\/td>\n<td style=\"vertical-align: top;\"><img loading=\"lazy\" decoding=\"async\" class=\" wp-image-311 alignright\" src=\"http:\/\/agora.xtec.cat\/ies-manuel-sales\/wp-content\/uploads\/usu728\/2014\/09\/consell1-150x150.gif\" alt=\"consell1\" width=\"199\" height=\"199\" \/><\/td>\n<\/tr>\n<tr>\n<td>\n<h5>ENLLA\u00c7OS D&#8217;INTER\u00c8S<\/h5>\n<ul>\n<li><a href=\"http:\/\/consellescolarcat.gencat.cat\/ca\/\" target=\"_blank\" rel=\"noopener noreferrer\">Consell Escolar de Catalunya<\/a><\/li>\n<li><a href=\"http:\/\/csda.gencat.cat\/\" target=\"_blank\" rel=\"noopener noreferrer\">Consell Superior d&#8217;Avaluaci\u00f3 del Sistema Educatiu<\/a><\/li>\n<li><a href=\"http:\/\/ensenyament.gencat.cat\/ca\" target=\"_blank\" rel=\"noopener noreferrer\">Departament d&#8217;Ensenyament<\/a><\/li>\n<li><a href=\"http:\/\/queestudiar.gencat.cat\/ca\" target=\"_blank\" rel=\"noopener noreferrer\">Estudiar a Catalunya<\/a><\/li>\n<\/ul>\n<\/td>\n<td><\/td>\n<\/tr>\n<\/tbody>\n<\/table>\n<p>&nbsp;<\/p>\n","protected":false},"excerpt":{"rendered":"<p>El Consell Escolar del centre \u00e9s el m\u00e0xim \u00f2rgan consultiu i de presa de decisions de tota la comunitat escolar i, de totes les seves funcions, en destaquem les seg\u00fcents:<\/p>\n<ul>\n<li>Aprova el projecte educatiu del centre.<\/li>\n<li>Aprova el pressupost i fiscalitza la gesti\u00f3 econ\u00f2mica del centre.<\/li>\n<li>Aprova les&hellip;  <a href=\"https:\/\/agora.xtec.cat\/ies-manuel-sales\/comunitat-educativa\/consell-escolar\/\" title=\"Read CONSELL ESCOLAR\">Llegeix m\u00e9s\u00bb<\/a><br \/>\n","protected":false},"author":1,"featured_media":0,"parent":323,"menu_order":1,"comment_status":"closed","ping_status":"closed","template":"page-templates\/side-menu.php","meta":{"_bbp_topic_count":0,"_bbp_reply_count":0,"_bbp_total_topic_count":0,"_bbp_total_reply_count":0,"_bbp_voice_count":0,"_bbp_anonymous_reply_count":0,"_bbp_topic_count_hidden":0,"_bbp_reply_count_hidden":0,"_bbp_forum_subforum_count":0,"footnotes":""},"class_list":["post-43","page","type-page","status-publish","hentry"],"post_mailing_queue_ids":[],"_links":{"self":[{"href":"https:\/\/agora.xtec.cat\/ies-manuel-sales\/wp-json\/wp\/v2\/pages\/43","targetHints":{"allow":["GET"]}}],"collection":[{"href":"https:\/\/agora.xtec.cat\/ies-manuel-sales\/wp-json\/wp\/v2\/pages"}],"about":[{"href":"https:\/\/agora.xtec.cat\/ies-manuel-sales\/wp-json\/wp\/v2\/types\/page"}],"author":[{"embeddable":true,"href":"https:\/\/agora.xtec.cat\/ies-manuel-sales\/wp-json\/wp\/v2\/users\/1"}],"replies":[{"embeddable":true,"href":"https:\/\/agora.xtec.cat\/ies-manuel-sales\/wp-json\/wp\/v2\/comments?post=43"}],"version-history":[{"count":4,"href":"https:\/\/agora.xtec.cat\/ies-manuel-sales\/wp-json\/wp\/v2\/pages\/43\/revisions"}],"predecessor-version":[{"id":5748,"href":"https:\/\/agora.xtec.cat\/ies-manuel-sales\/wp-json\/wp\/v2\/pages\/43\/revisions\/5748"}],"up":[{"embeddable":true,"href":"https:\/\/agora.xtec.cat\/ies-manuel-sales\/wp-json\/wp\/v2\/pages\/323"}],"wp:attachment":[{"href":"https:\/\/agora.xtec.cat\/ies-manuel-sales\/wp-json\/wp\/v2\/media?parent=43"}],"curies":[{"name":"wp","href":"https:\/\/api.w.org\/{rel}","templated":true}]}}