{"id":4272,"date":"2022-03-01T20:08:13","date_gmt":"2022-03-01T19:08:13","guid":{"rendered":"https:\/\/agora.xtec.cat\/ies-manuel-sales\/?page_id=4272"},"modified":"2022-03-01T20:08:13","modified_gmt":"2022-03-01T19:08:13","slug":"programa-gep-2018-2021","status":"publish","type":"page","link":"https:\/\/agora.xtec.cat\/ies-manuel-sales\/projectes\/gep-generacio-plurilingue\/programa-gep-2018-2021\/","title":{"rendered":"PROGRAMA GEP 2018-2021"},"content":{"rendered":"<table border=\"1\">\n<tbody>\n<tr>\n<td>\n<h3>PROGRAMA GEP 2018-2021<\/h3>\n<p style=\"text-align: justify;\">Els objectius generals del programa s\u00f3n promoure l\u2019aplicaci\u00f3 a l\u2019aula de metodologies per a l\u2019aprenentatge integrat de continguts i llengua estrangera (AICLE); fomentar el desenvolupament de projectes interdisciplinars en llengua estrangera, i oferir pautes per a l\u2019organitzaci\u00f3 educativa i el disseny curricular. A trav\u00e9s del GEP tamb\u00e9 es vol refor\u00e7ar el treball cooperatiu entre el professorat, fomentar la innovaci\u00f3 educativa i promoure l&#8217;intercanvi de bones pr\u00e0ctiques entre els centres educatius participants.<\/p>\n<p style=\"text-align: justify;\">Els <strong>objectius<\/strong> espec\u00edfics del GEP per a aquest per\u00edode s\u00f3n els seg\u00fcents:<\/p>\n<ul>\n<li style=\"text-align: justify;\">Millorar la compet\u00e8ncia comunicativa en llengua estrangera<\/li>\n<li style=\"text-align: justify;\">Desenvolupar compet\u00e8ncies clau per al s. XXI (b\u00e0siques, del pensament i actitudinals o personals)<\/li>\n<li style=\"text-align: justify;\">Fomentar el treball cooperatiu i per projectes<\/li>\n<li style=\"text-align: justify;\">Adquirir estrat\u00e8gies per a l\u2019aprenentatge aut\u00f2nom (aprendre a aprendre)<\/li>\n<\/ul>\n<\/td>\n<td style=\"vertical-align: top;\"><img loading=\"lazy\" decoding=\"async\" class=\"aligncenter size-full wp-image-2296\" src=\"http:\/\/agora.xtec.cat\/ies-manuel-sales\/wp-content\/uploads\/usu728\/2018\/09\/GEP-Logo.jpg\" alt=\"Generaci\u00f3 Pluriling\u00fce\" width=\"339\" height=\"211\" \/><\/td>\n<\/tr>\n<tr>\n<td>\n<h3>EQUIP IMPULSOR<\/h3>\n<ul>\n<li>Ricard Reverter Forcadell, director<\/li>\n<li>Anna Forcadell Geira, coordinadora pedag\u00f2gica<\/li>\n<li>Nat\u00e0lia Gras Subirats, cap de departament de lleng\u00fces estrangeres<\/li>\n<li>Rosa Bort Bordenave<\/li>\n<li>Mireia Bel Garrit<\/li>\n<li>Lluc Ulldemolins Nolla<\/li>\n<li>Albert Roca Gas<\/li>\n<\/ul>\n<\/td>\n<td style=\"vertical-align: top;\"><img loading=\"lazy\" decoding=\"async\" class=\"aligncenter\" src=\"https:\/\/www.upf.edu\/documents\/213082737\/213086671\/small+feedback-2044700_1280.png\/3c789fa8-f582-d76d-298a-f77c9770ed8b?t=1525856315554\" alt=\"GEP Equip Impulsor\" width=\"329\" height=\"210\" \/><\/td>\n<\/tr>\n<tr>\n<td>\n<h3>ACTIVITATS<\/h3>\n<ul>\n<li><strong>Doc\u00e8ncia en angl\u00e8s<\/strong> a les mat\u00e8ries de Matem\u00e0tiques de 1r, 2n i 3r d&#8217;ESO, i F\u00edsica i Qu\u00edmica de 3r d&#8217;ESO.<\/li>\n<li><strong>Suport docent<\/strong> de les professores especialistes d&#8217;angl\u00e8s durant 6 hores setmanals a les mat\u00e8ries no ling\u00fc\u00edstiques.<\/li>\n<li><strong>Formaci\u00f3 GEP<\/strong> del professorat de l&#8217;equip impulsor.<\/li>\n<li>Projecte d&#8217;intercanvi <strong>eTwinning<\/strong> amb escoles europees en llengua francesa.<\/li>\n<li>Implantaci\u00f3 de <strong>mat\u00e8ries optatives en angl\u00e8s<\/strong> com a preparaci\u00f3 de l&#8217;alumnat per a les proves de nivell externes.<\/li>\n<li>Preparaci\u00f3 d&#8217;alumnes per a les <strong>proves DELF<\/strong> de llengua francesa.<\/li>\n<li><strong>Tallers d&#8217;immersi\u00f3 ling\u00fc\u00edstica<\/strong> en llengua anglesa &#8211; curs 2019\/20 (subvencionats pel Fons Social Europeu)<\/li>\n<\/ul>\n<\/td>\n<td style=\"vertical-align: top;\"><img loading=\"lazy\" decoding=\"async\" class=\"aligncenter \" src=\"http:\/\/xtec.gencat.cat\/web\/.content\/projectes\/plurilinguisme\/Accions-llengues\/llengues\/frances\/Imatges\/tree_of_numbers445.jpg_839391210.jpg\" alt=\"Activitats GEP\" width=\"318\" height=\"337\" \/><\/td>\n<\/tr>\n<tr>\n<td>\n<h3>ESTADES D&#8217;IMMERSI\u00d3 LING\u00dc\u00cdSTICA EN ANGL\u00c8S &#8211; 2020\/21<\/h3>\n<p style=\"text-align: justify;\">Durant el curs 2020\/21 s&#8217;han programat unes <strong>estades d&#8217;immersi\u00f3 ling\u00fc\u00edstica<\/strong> en llengua anglesa en l&#8217;alberg de la XANASCAT a <strong>Deltebre<\/strong> per a un grup de 30 alumnes de <strong>3r d&#8217;ESO<\/strong>. Les estades s&#8217;han realitzat del 5 al 9 de juliol de 2021 i han estat finan\u00e7ades totalment pels <em>Fons Socials Europeus<\/em> a trav\u00e9s del <em>Ministeri d&#8217;Educaci\u00f3<\/em> i del <em>Departament d&#8217;Educaci\u00f3<\/em>.<\/p>\n<p style=\"text-align: justify;\">Durant 5 dies els alumnes han fet activitats did\u00e0ctiques i de lleure plenament en angl\u00e8s. Tant en les activitats did\u00e0ctiques com en la resta d\u2019activitats la llengua vehicular ha estat l&#8217;angl\u00e8s. L\u2019equip de monitors nom\u00e9s parlava en la llengua anglesa durant l\u2019estada tret d\u2019en cas de necessitat o emerg\u00e8ncia.<\/p>\n<p style=\"text-align: justify;\">La immersi\u00f3 ling\u00fc\u00edstica converteix l\u2019estada en un marc idoni on els participants poden integrar-se en un entorn el m\u00e9s semblant possible al pa\u00eds originari de la llengua en q\u00fcesti\u00f3 buscant una millor comprensi\u00f3 oral de la llengua. L\u2019alberg de Deltebre tenia com a centre d\u2019inter\u00e8s de l\u2019estada el tema <em><strong>Natural Science<\/strong><\/em>.<\/p>\n<p style=\"text-align: justify;\">Mitjan\u00e7ant el lleure, els participants han pogut prendre consci\u00e8ncia del rol que juga la natura a les seves vides, dels reptes a qu\u00e8 s&#8217;enfronta, i del rol actiu que haurien de prendre per a salvar-la del seu deteriorament.<\/p>\n<p style=\"text-align: justify;\"><a href=\"https:\/\/photos.app.goo.gl\/6krw39jkkwbFeNCV9\"><strong>\u00c0lbum de fotos de les Estades &gt;&gt;&gt;<\/strong><\/a><\/p>\n<p><img loading=\"lazy\" decoding=\"async\" class=\"size-large wp-image-3967 aligncenter\" src=\"https:\/\/agora.xtec.cat\/ies-manuel-sales\/wp-content\/uploads\/usu728\/2021\/07\/1625942176909-1024x768.jpg\" alt=\"Estades Deltebre 2021\" width=\"1024\" height=\"768\" srcset=\"https:\/\/agora.xtec.cat\/ies-manuel-sales\/wp-content\/uploads\/usu728\/2021\/07\/1625942176909-1024x768.jpg 1024w, https:\/\/agora.xtec.cat\/ies-manuel-sales\/wp-content\/uploads\/usu728\/2021\/07\/1625942176909-533x400.jpg 533w, https:\/\/agora.xtec.cat\/ies-manuel-sales\/wp-content\/uploads\/usu728\/2021\/07\/1625942176909-768x576.jpg 768w, https:\/\/agora.xtec.cat\/ies-manuel-sales\/wp-content\/uploads\/usu728\/2021\/07\/1625942176909-200x150.jpg 200w, https:\/\/agora.xtec.cat\/ies-manuel-sales\/wp-content\/uploads\/usu728\/2021\/07\/1625942176909.jpg 1600w\" sizes=\"auto, (max-width: 1024px) 100vw, 1024px\" \/><\/td>\n<td style=\"vertical-align: top;\"><img loading=\"lazy\" decoding=\"async\" class=\"wp-image-2909 alignnone\" src=\"https:\/\/agora.xtec.cat\/ies-manuel-sales\/wp-content\/uploads\/usu728\/2019\/07\/1280px-Logotipo_del_Ministerio_de_Educaci\u00f3n_y_Formaci\u00f3n_Profesional.svg_-600x150.png\" alt=\"\" width=\"320\" height=\"80\" srcset=\"https:\/\/agora.xtec.cat\/ies-manuel-sales\/wp-content\/uploads\/usu728\/2019\/07\/1280px-Logotipo_del_Ministerio_de_Educaci\u00f3n_y_Formaci\u00f3n_Profesional.svg_-600x150.png 600w, https:\/\/agora.xtec.cat\/ies-manuel-sales\/wp-content\/uploads\/usu728\/2019\/07\/1280px-Logotipo_del_Ministerio_de_Educaci\u00f3n_y_Formaci\u00f3n_Profesional.svg_-768x192.png 768w, https:\/\/agora.xtec.cat\/ies-manuel-sales\/wp-content\/uploads\/usu728\/2019\/07\/1280px-Logotipo_del_Ministerio_de_Educaci\u00f3n_y_Formaci\u00f3n_Profesional.svg_-1024x256.png 1024w, https:\/\/agora.xtec.cat\/ies-manuel-sales\/wp-content\/uploads\/usu728\/2019\/07\/1280px-Logotipo_del_Ministerio_de_Educaci\u00f3n_y_Formaci\u00f3n_Profesional.svg_.png 1280w\" sizes=\"auto, (max-width: 320px) 100vw, 320px\" \/><\/p>\n<p><img loading=\"lazy\" decoding=\"async\" class=\"wp-image-2910 alignnone\" src=\"https:\/\/agora.xtec.cat\/ies-manuel-sales\/wp-content\/uploads\/usu728\/2019\/07\/FSEhor_val.png\" alt=\"\" width=\"342\" height=\"78\" srcset=\"https:\/\/agora.xtec.cat\/ies-manuel-sales\/wp-content\/uploads\/usu728\/2019\/07\/FSEhor_val.png 1536w, https:\/\/agora.xtec.cat\/ies-manuel-sales\/wp-content\/uploads\/usu728\/2019\/07\/FSEhor_val-600x137.png 600w, https:\/\/agora.xtec.cat\/ies-manuel-sales\/wp-content\/uploads\/usu728\/2019\/07\/FSEhor_val-768x175.png 768w, https:\/\/agora.xtec.cat\/ies-manuel-sales\/wp-content\/uploads\/usu728\/2019\/07\/FSEhor_val-1024x233.png 1024w\" sizes=\"auto, (max-width: 342px) 100vw, 342px\" \/><\/p>\n<p><strong><a href=\"https:\/\/xanascat.gencat.cat\/ca\/programes\/index-blogs-eil-2021\">Bloc de les Estades &gt;&gt;&gt;<\/a><\/strong><\/p>\n<p>&nbsp;<\/td>\n<\/tr>\n<tr>\n<td>\n<h3>TALLERS D&#8217;IMMERSI\u00d3 LING\u00dc\u00cdSTICA EN ANGL\u00c8S &#8211; 19\/20<\/h3>\n<p style=\"text-align: justify;\">Durant el curs 2019\/20 es van programar unes estades d&#8217;immersi\u00f3 ling\u00fc\u00edstica en llengua anglesa en un alberg de la XANASCAT per a tot l&#8217;alumnat de 3r d&#8217;ESO. Aquesta activitat era finan\u00e7ada pels Fons Socials Europeus a trav\u00e9s del Ministeri d&#8217;Educaci\u00f3 i del Departament d&#8217;Educaci\u00f3. Les mesures de confinament a partir del 12 de mar\u00e7 de 2020 per la pand\u00e8mia de la COVID-19 van obligar a suspendre aquestes estades. Finalment, els recursos que hi havia previstos es van reconvertir en una s\u00e8rie de <strong>Tallers d&#8217;immersi\u00f3 ling\u00fc\u00edstica en angl\u00e8s<\/strong> que s&#8217;han dut a terme al mateix centre durant el primer trimestre del curs 2020\/21.<\/p>\n<ul>\n<li style=\"text-align: justify;\">Tallers d&#8217;immersi\u00f3 ling\u00fc\u00edstica <strong>&#8220;Natural Science&#8221; i &#8220;Reporters&#8221;<\/strong> (4t ESO)<\/li>\n<\/ul>\n<p><a href=\"https:\/\/agora.xtec.cat\/ies-manuel-sales\/wp-content\/uploads\/usu728\/2021\/02\/Tallers_Angl\u00e8s_4ESO.jpg\"><img loading=\"lazy\" decoding=\"async\" class=\"size-medium wp-image-3690 alignnone\" src=\"https:\/\/agora.xtec.cat\/ies-manuel-sales\/wp-content\/uploads\/usu728\/2021\/02\/Tallers_Angl\u00e8s_4ESO-600x400.jpg\" alt=\"Tallers ling\u00fc\u00edstics en angl\u00e8s\" width=\"600\" height=\"400\" srcset=\"https:\/\/agora.xtec.cat\/ies-manuel-sales\/wp-content\/uploads\/usu728\/2021\/02\/Tallers_Angl\u00e8s_4ESO-600x400.jpg 600w, https:\/\/agora.xtec.cat\/ies-manuel-sales\/wp-content\/uploads\/usu728\/2021\/02\/Tallers_Angl\u00e8s_4ESO-768x512.jpg 768w, https:\/\/agora.xtec.cat\/ies-manuel-sales\/wp-content\/uploads\/usu728\/2021\/02\/Tallers_Angl\u00e8s_4ESO-1024x682.jpg 1024w, https:\/\/agora.xtec.cat\/ies-manuel-sales\/wp-content\/uploads\/usu728\/2021\/02\/Tallers_Angl\u00e8s_4ESO.jpg 2000w\" sizes=\"auto, (max-width: 600px) 100vw, 600px\" \/><\/a><\/p>\n<p style=\"text-align: justify;\">Aquests tallers realitzats al centre s\u00f3n els mateixos que el curs passat s&#8217;havien de fer a les col\u00f2nies d&#8217;immersi\u00f3 ling\u00fc\u00edstica, els quals es van haver d&#8217;anul\u00b7lar per la pand\u00e8mia. Els alumnes han participat durant dos dies en activitats guiades per monitors especialitzats que han organitzat activitats relacionades amb les Ci\u00e8ncies Naturals i el m\u00f3n del periodisme (Reporters), tot en llengua anglesa.<\/p>\n<ul style=\"text-align: justify;\">\n<li><strong>Scavenger Hunt &#8211; Escape Room Frankenstein<\/strong> (Tots els grups d&#8217;ESO)<\/li>\n<\/ul>\n<p style=\"text-align: justify;\"><img loading=\"lazy\" decoding=\"async\" class=\"size-medium wp-image-3697 alignnone\" src=\"https:\/\/agora.xtec.cat\/ies-manuel-sales\/wp-content\/uploads\/usu728\/2021\/02\/Scavenger-Hunt-1-ESO-C-533x400.jpg\" alt=\"Scavenger Hunt\" width=\"533\" height=\"400\" srcset=\"https:\/\/agora.xtec.cat\/ies-manuel-sales\/wp-content\/uploads\/usu728\/2021\/02\/Scavenger-Hunt-1-ESO-C-533x400.jpg 533w, https:\/\/agora.xtec.cat\/ies-manuel-sales\/wp-content\/uploads\/usu728\/2021\/02\/Scavenger-Hunt-1-ESO-C-768x576.jpg 768w, https:\/\/agora.xtec.cat\/ies-manuel-sales\/wp-content\/uploads\/usu728\/2021\/02\/Scavenger-Hunt-1-ESO-C-200x150.jpg 200w, https:\/\/agora.xtec.cat\/ies-manuel-sales\/wp-content\/uploads\/usu728\/2021\/02\/Scavenger-Hunt-1-ESO-C.jpg 1000w\" sizes=\"auto, (max-width: 533px) 100vw, 533px\" \/><\/p>\n<p><img loading=\"lazy\" decoding=\"async\" class=\"size-medium wp-image-3698 alignnone\" src=\"https:\/\/agora.xtec.cat\/ies-manuel-sales\/wp-content\/uploads\/usu728\/2021\/02\/Escape-Room-3-ESO-C-533x400.jpg\" alt=\"Escape Room - Frankestein\" width=\"533\" height=\"400\" srcset=\"https:\/\/agora.xtec.cat\/ies-manuel-sales\/wp-content\/uploads\/usu728\/2021\/02\/Escape-Room-3-ESO-C-533x400.jpg 533w, https:\/\/agora.xtec.cat\/ies-manuel-sales\/wp-content\/uploads\/usu728\/2021\/02\/Escape-Room-3-ESO-C-768x576.jpg 768w, https:\/\/agora.xtec.cat\/ies-manuel-sales\/wp-content\/uploads\/usu728\/2021\/02\/Escape-Room-3-ESO-C-1024x768.jpg 1024w, https:\/\/agora.xtec.cat\/ies-manuel-sales\/wp-content\/uploads\/usu728\/2021\/02\/Escape-Room-3-ESO-C-200x150.jpg 200w\" sizes=\"auto, (max-width: 533px) 100vw, 533px\" \/><\/p>\n<p style=\"text-align: justify;\">A <b>scavenger hunt<\/b> is a game in which the organizers prepare a list defining specific items, which the participants seek to gather or complete all items on the list, usually without purchasing them. Participants work in small teams and the goal is to be the first to complete the list or to complete the most items on that list. This activity was performed by all ESO groups.<\/p>\n<p style=\"text-align: justify;\">Another activity in English that all the groups enjoyed was an Escape Room around the cinematographic figure of Frankestein. The students had a great time.<\/p>\n<ul>\n<li style=\"text-align: justify;\">Taller de <strong>teatre musical en angl\u00e8s<\/strong> (Tots els grups d&#8217;ESO)<\/li>\n<\/ul>\n<p><img loading=\"lazy\" decoding=\"async\" class=\"size-medium wp-image-3699 alignnone\" src=\"https:\/\/agora.xtec.cat\/ies-manuel-sales\/wp-content\/uploads\/usu728\/2021\/02\/Teatre-musical-3-ESO-B-533x400.jpg\" alt=\"Teatre Musical angl\u00e8s\" width=\"533\" height=\"400\" srcset=\"https:\/\/agora.xtec.cat\/ies-manuel-sales\/wp-content\/uploads\/usu728\/2021\/02\/Teatre-musical-3-ESO-B-533x400.jpg 533w, https:\/\/agora.xtec.cat\/ies-manuel-sales\/wp-content\/uploads\/usu728\/2021\/02\/Teatre-musical-3-ESO-B-768x576.jpg 768w, https:\/\/agora.xtec.cat\/ies-manuel-sales\/wp-content\/uploads\/usu728\/2021\/02\/Teatre-musical-3-ESO-B-1024x768.jpg 1024w, https:\/\/agora.xtec.cat\/ies-manuel-sales\/wp-content\/uploads\/usu728\/2021\/02\/Teatre-musical-3-ESO-B-200x150.jpg 200w, https:\/\/agora.xtec.cat\/ies-manuel-sales\/wp-content\/uploads\/usu728\/2021\/02\/Teatre-musical-3-ESO-B.jpg 2000w\" sizes=\"auto, (max-width: 533px) 100vw, 533px\" \/><\/p>\n<p style=\"text-align: justify;\">Aquesta activitat va consistir en la realitzaci\u00f3 d&#8217;un taller de teatre musical, combinant el text en angl\u00e8s d&#8217;algunes can\u00e7ons actuals amb un treball coreogr\u00e0fic, amb l&#8217;ajut de monitors especialitzats. Es va fer una sessi\u00f3 d&#8217;una hora en tots els grups d&#8217;ESO. It was a very fun activity!<\/p>\n<ul>\n<li style=\"text-align: justify;\">Taller <strong>&#8220;Learn It!&#8221;<\/strong> de programaci\u00f3 inform\u00e0tica de drons en angl\u00e8s (1r i 2n d&#8217;ESO)<\/li>\n<\/ul>\n<p><img loading=\"lazy\" decoding=\"async\" class=\"size-medium wp-image-3700 alignnone\" src=\"https:\/\/agora.xtec.cat\/ies-manuel-sales\/wp-content\/uploads\/usu728\/2021\/02\/Taller-Learn-it-Drons-1-ESO-600x283.jpg\" alt=\"Taller de drons Learn it!\" width=\"600\" height=\"283\" srcset=\"https:\/\/agora.xtec.cat\/ies-manuel-sales\/wp-content\/uploads\/usu728\/2021\/02\/Taller-Learn-it-Drons-1-ESO-600x283.jpg 600w, https:\/\/agora.xtec.cat\/ies-manuel-sales\/wp-content\/uploads\/usu728\/2021\/02\/Taller-Learn-it-Drons-1-ESO-768x363.jpg 768w, https:\/\/agora.xtec.cat\/ies-manuel-sales\/wp-content\/uploads\/usu728\/2021\/02\/Taller-Learn-it-Drons-1-ESO-1024x484.jpg 1024w, https:\/\/agora.xtec.cat\/ies-manuel-sales\/wp-content\/uploads\/usu728\/2021\/02\/Taller-Learn-it-Drons-1-ESO.jpg 1599w\" sizes=\"auto, (max-width: 600px) 100vw, 600px\" \/><\/p>\n<p style=\"text-align: justify;\">En aquesta activitat, a c\u00e0rrec d&#8217;una entitat associada a la Universitat Rovira i Virgili, els alumnes de 1r i 2n d&#8217;ESO han pogut experimentar amb drons de petit format el disseny d&#8217;ordres de programaci\u00f3 en angl\u00e8s que permeten el vol d&#8217;aquests ginys. Han estat guiats per monitors especialitzats en rob\u00f2tica i programaci\u00f3 inform\u00e0tica.<\/p>\n<p>&nbsp;<\/p>\n<p><strong><a href=\"https:\/\/forms.gle\/jxYZEYshrgid7pB7A\">ENQUESTA DE VALORACI\u00d3 DE L&#8217;ALUMNAT &gt;&gt;&gt;<\/a><\/strong><\/td>\n<td style=\"vertical-align: top;\"><img loading=\"lazy\" decoding=\"async\" class=\"alignleft wp-image-2894 size-medium\" src=\"https:\/\/agora.xtec.cat\/ies-manuel-sales\/wp-content\/uploads\/usu728\/2019\/07\/Teatre-angl\u00e8s-600x400.jpg\" alt=\"Teatre en angl\u00e8s\" width=\"600\" height=\"400\" srcset=\"https:\/\/agora.xtec.cat\/ies-manuel-sales\/wp-content\/uploads\/usu728\/2019\/07\/Teatre-angl\u00e8s-600x400.jpg 600w, https:\/\/agora.xtec.cat\/ies-manuel-sales\/wp-content\/uploads\/usu728\/2019\/07\/Teatre-angl\u00e8s-768x512.jpg 768w, https:\/\/agora.xtec.cat\/ies-manuel-sales\/wp-content\/uploads\/usu728\/2019\/07\/Teatre-angl\u00e8s-1024x682.jpg 1024w, https:\/\/agora.xtec.cat\/ies-manuel-sales\/wp-content\/uploads\/usu728\/2019\/07\/Teatre-angl\u00e8s.jpg 2000w\" sizes=\"auto, (max-width: 600px) 100vw, 600px\" \/><\/p>\n<p>&nbsp;<\/p>\n<p>&nbsp;<\/p>\n<p>&nbsp;<\/p>\n<p>&nbsp;<\/p>\n<p><em><strong>#TallFSE20<\/strong><\/em><\/p>\n<p><img loading=\"lazy\" decoding=\"async\" class=\"wp-image-2909 alignnone\" src=\"https:\/\/agora.xtec.cat\/ies-manuel-sales\/wp-content\/uploads\/usu728\/2019\/07\/1280px-Logotipo_del_Ministerio_de_Educaci\u00f3n_y_Formaci\u00f3n_Profesional.svg_-600x150.png\" alt=\"\" width=\"320\" height=\"80\" srcset=\"https:\/\/agora.xtec.cat\/ies-manuel-sales\/wp-content\/uploads\/usu728\/2019\/07\/1280px-Logotipo_del_Ministerio_de_Educaci\u00f3n_y_Formaci\u00f3n_Profesional.svg_-600x150.png 600w, https:\/\/agora.xtec.cat\/ies-manuel-sales\/wp-content\/uploads\/usu728\/2019\/07\/1280px-Logotipo_del_Ministerio_de_Educaci\u00f3n_y_Formaci\u00f3n_Profesional.svg_-768x192.png 768w, https:\/\/agora.xtec.cat\/ies-manuel-sales\/wp-content\/uploads\/usu728\/2019\/07\/1280px-Logotipo_del_Ministerio_de_Educaci\u00f3n_y_Formaci\u00f3n_Profesional.svg_-1024x256.png 1024w, https:\/\/agora.xtec.cat\/ies-manuel-sales\/wp-content\/uploads\/usu728\/2019\/07\/1280px-Logotipo_del_Ministerio_de_Educaci\u00f3n_y_Formaci\u00f3n_Profesional.svg_.png 1280w\" sizes=\"auto, (max-width: 320px) 100vw, 320px\" \/><\/p>\n<p><img loading=\"lazy\" decoding=\"async\" class=\"wp-image-2910 alignnone\" src=\"https:\/\/agora.xtec.cat\/ies-manuel-sales\/wp-content\/uploads\/usu728\/2019\/07\/FSEhor_val.png\" alt=\"\" width=\"342\" height=\"78\" srcset=\"https:\/\/agora.xtec.cat\/ies-manuel-sales\/wp-content\/uploads\/usu728\/2019\/07\/FSEhor_val.png 1536w, https:\/\/agora.xtec.cat\/ies-manuel-sales\/wp-content\/uploads\/usu728\/2019\/07\/FSEhor_val-600x137.png 600w, https:\/\/agora.xtec.cat\/ies-manuel-sales\/wp-content\/uploads\/usu728\/2019\/07\/FSEhor_val-768x175.png 768w, https:\/\/agora.xtec.cat\/ies-manuel-sales\/wp-content\/uploads\/usu728\/2019\/07\/FSEhor_val-1024x233.png 1024w\" sizes=\"auto, (max-width: 342px) 100vw, 342px\" \/><\/td>\n<\/tr>\n<\/tbody>\n<\/table>\n","protected":false},"excerpt":{"rendered":"<p>PROGRAMA GEP 2018-2021<br \/>\nEls objectius generals del programa s\u00f3n promoure l\u2019aplicaci\u00f3 a l\u2019aula de metodologies per a l\u2019aprenentatge integrat de continguts i llengua estrangera (AICLE); fomentar el desenvolupament de projectes interdisciplinars en llengua estrangera, i oferir pautes per a l\u2019organitzaci\u00f3 educativa i el disseny curricular. A&hellip;  <a href=\"https:\/\/agora.xtec.cat\/ies-manuel-sales\/projectes\/gep-generacio-plurilingue\/programa-gep-2018-2021\/\" title=\"Read PROGRAMA GEP 2018-2021\">Llegeix m\u00e9s\u00bb<\/a><\/p>\n","protected":false},"author":1,"featured_media":0,"parent":2295,"menu_order":0,"comment_status":"closed","ping_status":"closed","template":"page-templates\/side-menu.php","meta":{"_bbp_topic_count":0,"_bbp_reply_count":0,"_bbp_total_topic_count":0,"_bbp_total_reply_count":0,"_bbp_voice_count":0,"_bbp_anonymous_reply_count":0,"_bbp_topic_count_hidden":0,"_bbp_reply_count_hidden":0,"_bbp_forum_subforum_count":0,"footnotes":""},"class_list":["post-4272","page","type-page","status-publish","hentry"],"post_mailing_queue_ids":[],"_links":{"self":[{"href":"https:\/\/agora.xtec.cat\/ies-manuel-sales\/wp-json\/wp\/v2\/pages\/4272","targetHints":{"allow":["GET"]}}],"collection":[{"href":"https:\/\/agora.xtec.cat\/ies-manuel-sales\/wp-json\/wp\/v2\/pages"}],"about":[{"href":"https:\/\/agora.xtec.cat\/ies-manuel-sales\/wp-json\/wp\/v2\/types\/page"}],"author":[{"embeddable":true,"href":"https:\/\/agora.xtec.cat\/ies-manuel-sales\/wp-json\/wp\/v2\/users\/1"}],"replies":[{"embeddable":true,"href":"https:\/\/agora.xtec.cat\/ies-manuel-sales\/wp-json\/wp\/v2\/comments?post=4272"}],"version-history":[{"count":1,"href":"https:\/\/agora.xtec.cat\/ies-manuel-sales\/wp-json\/wp\/v2\/pages\/4272\/revisions"}],"predecessor-version":[{"id":4273,"href":"https:\/\/agora.xtec.cat\/ies-manuel-sales\/wp-json\/wp\/v2\/pages\/4272\/revisions\/4273"}],"up":[{"embeddable":true,"href":"https:\/\/agora.xtec.cat\/ies-manuel-sales\/wp-json\/wp\/v2\/pages\/2295"}],"wp:attachment":[{"href":"https:\/\/agora.xtec.cat\/ies-manuel-sales\/wp-json\/wp\/v2\/media?parent=4272"}],"curies":[{"name":"wp","href":"https:\/\/api.w.org\/{rel}","templated":true}]}}