{"id":3510,"date":"2020-08-25T12:58:57","date_gmt":"2020-08-25T10:58:57","guid":{"rendered":"http:\/\/agora.xtec.cat\/ies-manuel-sales\/?page_id=3510"},"modified":"2024-01-18T18:59:15","modified_gmt":"2024-01-18T17:59:15","slug":"pfi-auxiliar-construccio","status":"publish","type":"page","link":"https:\/\/agora.xtec.cat\/ies-manuel-sales\/estudis\/pfi-auxiliar-construccio\/","title":{"rendered":"PFI AUXILIAR CONSTRUCCI\u00d3"},"content":{"rendered":"<table>\n<tbody>\n<tr style=\"height: 121px;\">\n<td style=\"height: 121px; width: 874.444px;\" colspan=\"2\">\n<h2>PROGRAMA DE FORMACI\u00d3 I INSERCI\u00d3<img loading=\"lazy\" decoding=\"async\" class=\"size-thumbnail wp-image-3520 alignright\" src=\"https:\/\/agora.xtec.cat\/ies-manuel-sales\/wp-content\/uploads\/usu728\/2020\/08\/Logo-PFI-150x150.png\" alt=\"Logo PFIs\" width=\"150\" height=\"150\" \/><\/h2>\n<h4><span style=\"color: #993300;\">AUXILIAR DE CONSTRUCCI\u00d3<\/span><\/h4>\n<\/td>\n<\/tr>\n<tr style=\"height: 31px;\">\n<td style=\"height: 31px; vertical-align: top; width: 607.778px;\">\n<h5>A QUI VA ADRE\u00c7AT?<\/h5>\n<p>A joves, d\u2019entre <strong>16 i 21 anys<\/strong>, que no tenen el t\u00edtol d\u2019ESO (Graduat en Educaci\u00f3 Secund\u00e0ria Obligat\u00f2ria) i volen formar-se en una professi\u00f3.<\/p>\n<h5>QUIN TIPUS DE FORMACI\u00d3 REBR\u00c0S?<\/h5>\n<p><span style=\"color: #000080;\"><strong>M\u00f2duls de formaci\u00f3 professional en el perfil de construcci\u00f3 (665 hores)<\/strong><\/span>: T\u2019iniciar\u00e0s en les\u00a0 tasques corresponents a un nivell b\u00e0sic com a professional en execuci\u00f3, reforma i manteniment d\u2019obres d\u2019edificaci\u00f3. Inclou 180 hores de pr\u00e0ctiques en empreses (FCT).<\/p>\n<ul>\n<li>Obra de paleta b\u00e0sica.<\/li>\n<li>Enguixats i lliscats.<\/li>\n<li>Treballs de pavimentaci\u00f3 exterior i d\u2019urbanitzaci\u00f3.<\/li>\n<li>Treballs amb pedra natural.<\/li>\n<li>Formaci\u00f3 en riscos laborals.<\/li>\n<li>Pr\u00e0ctiques en empreses.<\/li>\n<\/ul>\n<p><span style=\"color: #000080;\"><strong>M\u00f2duls de formaci\u00f3 general (335 hores)<\/strong><\/span>: Obtindr\u00e0s recursos per desenvolupar-te millor personalment i professionalment i per continuar la teva formaci\u00f3.<\/p>\n<ul>\n<li>Estrat\u00e8gies i eines de comunicaci\u00f3.<\/li>\n<li>Coneixement de l\u2019entorn social i territorial.<\/li>\n<li>Estrat\u00e8gies i eines matem\u00e0tiques.<\/li>\n<li>Incorporaci\u00f3 al m\u00f3n professional.<\/li>\n<li>Tutoria personalitzada.<\/li>\n<\/ul>\n<h5>QUINA DURADA T\u00c9 EL PFI?<\/h5>\n<p>El programa \u00e9s de <strong>1000 hores<\/strong>, un curs escolar, de setembre a juny.<\/td>\n<td style=\"width: 265.556px; vertical-align: top;\"><a href=\"https:\/\/agora.xtec.cat\/ies-manuel-sales\/wp-content\/uploads\/usu728\/2020\/08\/PFI-Pedra.jpg\"><img loading=\"lazy\" decoding=\"async\" class=\"alignright wp-image-3517 \" src=\"https:\/\/agora.xtec.cat\/ies-manuel-sales\/wp-content\/uploads\/usu728\/2020\/08\/PFI-Pedra.jpg\" alt=\"Treball amb pedra natural\" width=\"242\" height=\"322\" srcset=\"https:\/\/agora.xtec.cat\/ies-manuel-sales\/wp-content\/uploads\/usu728\/2020\/08\/PFI-Pedra.jpg 480w, https:\/\/agora.xtec.cat\/ies-manuel-sales\/wp-content\/uploads\/usu728\/2020\/08\/PFI-Pedra-300x400.jpg 300w\" sizes=\"auto, (max-width: 242px) 100vw, 242px\" \/><\/a><\/td>\n<\/tr>\n<tr style=\"height: 31px;\">\n<td style=\"height: 31px; vertical-align: top; width: 607.778px;\">\n<h5>QU\u00c8 OBTINDR\u00c9 EN ACABAR EL PFI?<\/h5>\n<ul>\n<li>Certificaci\u00f3 acad\u00e8mica i professional que acredita les compet\u00e8ncies professionals assolides.<\/li>\n<li>Et facilita la superaci\u00f3 de la prova d&#8217;acc\u00e9s als cicles formatius de grau mitj\u00e0.<\/li>\n<li>Obtenci\u00f3 d&#8217;un certificat de professionalitat que emet l&#8217;Administraci\u00f3 laboral.<\/li>\n<li>Acc\u00e9s als centres de formaci\u00f3 d&#8217;adults per obtenir el t\u00edtol de Graduat d\u2019ESO, sense complir el requisit de tenir 18 anys.<\/li>\n<\/ul>\n<h5>I DESPR\u00c9S, QU\u00c8?<\/h5>\n<ul>\n<li>Pots <strong>treballar<\/strong> com auxiliar de construcci\u00f3 en obres d\u2019edificaci\u00f3 i en empreses de pedra natural, que a Ulldecona aglutinen el 60% de la producci\u00f3 de Catalunya.<\/li>\n<li><strong>Pots continuar la formaci\u00f3<\/strong> i matricular-te en un cicle formatiu de grau mitj\u00e0 de la fam\u00edlia professional que t&#8217;agradi, si aproves la Prova d&#8217;Acc\u00e9s a CFGM o a un Centre de Formaci\u00f3 d\u2019Adults per treure\u2019t el Graduat d\u2019ESO.<\/li>\n<\/ul>\n<\/td>\n<td style=\"vertical-align: top; width: 265.556px;\"><a href=\"https:\/\/agora.xtec.cat\/ies-manuel-sales\/wp-content\/uploads\/usu728\/2020\/08\/PFI-Construcci\u00f3.jpg\"><img loading=\"lazy\" decoding=\"async\" class=\"alignleft size-full wp-image-3518\" src=\"https:\/\/agora.xtec.cat\/ies-manuel-sales\/wp-content\/uploads\/usu728\/2020\/08\/PFI-Construcci\u00f3.jpg\" alt=\"Auxiliar de Construcci\u00f3\" width=\"448\" height=\"252\" \/><\/a><\/td>\n<\/tr>\n<tr>\n<td style=\"vertical-align: top; width: 607.778px;\">\n<h5>ENLLA\u00c7OS D&#8217;INTER\u00c8S<\/h5>\n<ul>\n<li><a href=\"http:\/\/queestudiar.gencat.cat\/ca\/estudis\/pfi\/cicles\/edif-obra-civil\/?p_id=4430&amp;estudi\">Informaci\u00f3 del PFI Auxiliar de Construcci\u00f3 (Generalitat de Catalunya) &gt;&gt;&gt;<\/a><\/li>\n<li><a href=\"http:\/\/xtec.gencat.cat\/ca\/recursos\/pfi\/\">Programes de Formaci\u00f3 i Inserci\u00f3 (XTEC) &gt;&gt;&gt;<\/a><\/li>\n<li><a href=\"https:\/\/projectes.xtec.cat\/pfi\/\">P\u00e0gina compartida dels PFI (Nodes) &gt;&gt;&gt;<\/a><\/li>\n<\/ul>\n<\/td>\n<td style=\"vertical-align: top; width: 265.556px;\"><a href=\"https:\/\/agora.xtec.cat\/ies-manuel-sales\/wp-content\/uploads\/usu728\/2020\/08\/PFI-Construcci\u00f31.jpg\"><img loading=\"lazy\" decoding=\"async\" class=\"alignleft size-full wp-image-3519\" src=\"https:\/\/agora.xtec.cat\/ies-manuel-sales\/wp-content\/uploads\/usu728\/2020\/08\/PFI-Construcci\u00f31.jpg\" alt=\"Construcci\u00f3\" width=\"371\" height=\"136\" \/><\/a><\/td>\n<\/tr>\n<\/tbody>\n<\/table>\n","protected":false},"excerpt":{"rendered":"<p>PROGRAMA DE FORMACI\u00d3 I INSERCI\u00d3<br \/>\nAUXILIAR DE CONSTRUCCI\u00d3<\/p>\n<p>A QUI VA ADRE\u00c7AT?<br \/>\nA joves, d\u2019entre 16 i 21 anys, que no tenen el t\u00edtol d\u2019ESO (Graduat en Educaci\u00f3 Secund\u00e0ria Obligat\u00f2ria) i volen formar-se en una professi\u00f3.<br \/>\nQUIN TIPUS DE FORMACI\u00d3 REBR\u00c0S?<br \/>\nM\u00f2duls de formaci\u00f3 professional en el perfil de construcci\u00f3&hellip;  <a href=\"https:\/\/agora.xtec.cat\/ies-manuel-sales\/estudis\/pfi-auxiliar-construccio\/\" title=\"Read PFI AUXILIAR CONSTRUCCI\u00d3\">Llegeix m\u00e9s\u00bb<\/a><\/p>\n","protected":false},"author":1,"featured_media":0,"parent":195,"menu_order":50,"comment_status":"closed","ping_status":"closed","template":"page-templates\/side-menu.php","meta":{"_bbp_topic_count":0,"_bbp_reply_count":0,"_bbp_total_topic_count":0,"_bbp_total_reply_count":0,"_bbp_voice_count":0,"_bbp_anonymous_reply_count":0,"_bbp_topic_count_hidden":0,"_bbp_reply_count_hidden":0,"_bbp_forum_subforum_count":0,"footnotes":""},"class_list":["post-3510","page","type-page","status-publish","hentry"],"post_mailing_queue_ids":[],"_links":{"self":[{"href":"https:\/\/agora.xtec.cat\/ies-manuel-sales\/wp-json\/wp\/v2\/pages\/3510","targetHints":{"allow":["GET"]}}],"collection":[{"href":"https:\/\/agora.xtec.cat\/ies-manuel-sales\/wp-json\/wp\/v2\/pages"}],"about":[{"href":"https:\/\/agora.xtec.cat\/ies-manuel-sales\/wp-json\/wp\/v2\/types\/page"}],"author":[{"embeddable":true,"href":"https:\/\/agora.xtec.cat\/ies-manuel-sales\/wp-json\/wp\/v2\/users\/1"}],"replies":[{"embeddable":true,"href":"https:\/\/agora.xtec.cat\/ies-manuel-sales\/wp-json\/wp\/v2\/comments?post=3510"}],"version-history":[{"count":2,"href":"https:\/\/agora.xtec.cat\/ies-manuel-sales\/wp-json\/wp\/v2\/pages\/3510\/revisions"}],"predecessor-version":[{"id":5746,"href":"https:\/\/agora.xtec.cat\/ies-manuel-sales\/wp-json\/wp\/v2\/pages\/3510\/revisions\/5746"}],"up":[{"embeddable":true,"href":"https:\/\/agora.xtec.cat\/ies-manuel-sales\/wp-json\/wp\/v2\/pages\/195"}],"wp:attachment":[{"href":"https:\/\/agora.xtec.cat\/ies-manuel-sales\/wp-json\/wp\/v2\/media?parent=3510"}],"curies":[{"name":"wp","href":"https:\/\/api.w.org\/{rel}","templated":true}]}}