{"id":341,"date":"2015-08-26T23:50:47","date_gmt":"2015-08-26T22:50:47","guid":{"rendered":"http:\/\/agora.xtec.cat\/ies-manuel-sales\/?page_id=341"},"modified":"2024-01-20T18:12:59","modified_gmt":"2024-01-20T17:12:59","slug":"projectes","status":"publish","type":"page","link":"https:\/\/agora.xtec.cat\/ies-manuel-sales\/projectes\/","title":{"rendered":"PROJECTES"},"content":{"rendered":"<table>\n<tbody>\n<tr>\n<td>\n<p style=\"text-align: justify;\">El nostre centre ha adoptat un comprom\u00eds ferm i decidit per la innovaci\u00f3 educativa, la millora de la qualitat en tots els nivells d&#8217;ensenyament i el progr\u00e9s continu en la cohesi\u00f3 social i la igualtat d&#8217;oportunitats de l&#8217;alumnat. Tamb\u00e9 \u00e9s un centre capdavanter en l&#8217;\u00fas de les Tecnologies de la Informaci\u00f3 amb finalitats did\u00e0ctiques.<\/p>\n<ul>\n<li><a href=\"http:\/\/agora.xtec.cat\/ies-manuel-sales\/serveis\/serveis-digitals\/\">PROJECTE EDUCAT 1&#215;1 &#8211; LLIBRES DIGITALS<\/a><\/li>\n<li><a href=\"http:\/\/agora.xtec.cat\/ies-manuel-sales\/projectes\/escola-verda\/\">SOSTENIBILITAT I MEDI AMBIENT &#8211; ESCOLA VERDA<\/a><\/li>\n<li><a href=\"http:\/\/agora.xtec.cat\/ies-manuel-sales\/projectes\/gep-generacio-plurilingue\/\">GENERACI\u00d3 PLURILING\u00dcE<\/a><\/li>\n<li><a href=\"https:\/\/agora.xtec.cat\/ies-manuel-sales\/projectes\/gep-generacio-plurilingue\/programa-erasmus\/\">PROGRAMES ERASMUS+<\/a><\/li>\n<li><a href=\"http:\/\/agora.xtec.cat\/ies-manuel-sales\/projectes\/projecte-esportiu-de-centre\/\">PLA CATAL\u00c0 D&#8217;ESPORT A L&#8217;ESCOLA<\/a><\/li>\n<li><a href=\"http:\/\/agora.xtec.cat\/ies-manuel-sales\/projectes\/pla-educatiu-dentorn\/\">PLA EDUCATIU D&#8217;ENTORN<\/a><\/li>\n<li><a href=\"http:\/\/agora.xtec.cat\/ies-manuel-sales\/categoria\/cor\/\">GRUP CORAL DE L&#8217;INSTITUT<\/a><\/li>\n<li><a href=\"http:\/\/agora.xtec.cat\/ies-manuel-sales\/projectes\/programa-salut-escola\/\">PROGRAMA DE SALUT ESCOLAR<\/a><\/li>\n<li><a href=\"https:\/\/agora.xtec.cat\/ies-manuel-sales\/categoria\/xarxa-cb\/\">XARXA DE COMPET\u00c8NCIES B\u00c0SIQUES<\/a><\/li>\n<li><a href=\"https:\/\/agora.xtec.cat\/ies-manuel-sales\/projectes\/centre-formador-mufps\/\">CENTRE FORMADOR DEL PROFESSORAT &#8211; MUFPS<\/a><\/li>\n<li><a href=\"https:\/\/agora.xtec.cat\/ies-manuel-sales\/projectes\/pmoe-proa\/\">PROGRAMA PMOE-PROA+<\/a><\/li>\n<\/ul>\n<\/td>\n<td style=\"width: 300px; vertical-align: top;\"><img loading=\"lazy\" decoding=\"async\" class=\"alignright size-medium wp-image-1253\" src=\"http:\/\/agora.xtec.cat\/ies-manuel-sales\/wp-content\/uploads\/usu728\/2015\/08\/trabajo-en-equipo-2-300x225.jpg\" alt=\"Projectes\" width=\"300\" height=\"225\" srcset=\"https:\/\/agora.xtec.cat\/ies-manuel-sales\/wp-content\/uploads\/usu728\/2015\/08\/trabajo-en-equipo-2-300x225.jpg 300w, https:\/\/agora.xtec.cat\/ies-manuel-sales\/wp-content\/uploads\/usu728\/2015\/08\/trabajo-en-equipo-2-768x576.jpg 768w, https:\/\/agora.xtec.cat\/ies-manuel-sales\/wp-content\/uploads\/usu728\/2015\/08\/trabajo-en-equipo-2-1024x768.jpg 1024w, https:\/\/agora.xtec.cat\/ies-manuel-sales\/wp-content\/uploads\/usu728\/2015\/08\/trabajo-en-equipo-2-200x150.jpg 200w, https:\/\/agora.xtec.cat\/ies-manuel-sales\/wp-content\/uploads\/usu728\/2015\/08\/trabajo-en-equipo-2.jpg 1200w\" sizes=\"auto, (max-width: 300px) 100vw, 300px\" \/><\/td>\n<\/tr>\n<\/tbody>\n<\/table>\n","protected":false},"excerpt":{"rendered":"<p>El nostre centre ha adoptat un comprom\u00eds ferm i decidit per la innovaci\u00f3 educativa, la millora de la qualitat en tots els nivells d&#8217;ensenyament i el progr\u00e9s continu en la cohesi\u00f3 social i la igualtat d&#8217;oportunitats de l&#8217;alumnat. Tamb\u00e9 \u00e9s un centre capdavanter en l&#8217;\u00fas&hellip;  <a href=\"https:\/\/agora.xtec.cat\/ies-manuel-sales\/projectes\/\" title=\"Read PROJECTES\">Llegeix m\u00e9s\u00bb<\/a><\/p>\n","protected":false},"author":1,"featured_media":0,"parent":0,"menu_order":6,"comment_status":"closed","ping_status":"closed","template":"page-templates\/side-menu.php","meta":{"_bbp_topic_count":0,"_bbp_reply_count":0,"_bbp_total_topic_count":0,"_bbp_total_reply_count":0,"_bbp_voice_count":0,"_bbp_anonymous_reply_count":0,"_bbp_topic_count_hidden":0,"_bbp_reply_count_hidden":0,"_bbp_forum_subforum_count":0,"footnotes":""},"class_list":["post-341","page","type-page","status-publish","hentry"],"post_mailing_queue_ids":[],"_links":{"self":[{"href":"https:\/\/agora.xtec.cat\/ies-manuel-sales\/wp-json\/wp\/v2\/pages\/341","targetHints":{"allow":["GET"]}}],"collection":[{"href":"https:\/\/agora.xtec.cat\/ies-manuel-sales\/wp-json\/wp\/v2\/pages"}],"about":[{"href":"https:\/\/agora.xtec.cat\/ies-manuel-sales\/wp-json\/wp\/v2\/types\/page"}],"author":[{"embeddable":true,"href":"https:\/\/agora.xtec.cat\/ies-manuel-sales\/wp-json\/wp\/v2\/users\/1"}],"replies":[{"embeddable":true,"href":"https:\/\/agora.xtec.cat\/ies-manuel-sales\/wp-json\/wp\/v2\/comments?post=341"}],"version-history":[{"count":4,"href":"https:\/\/agora.xtec.cat\/ies-manuel-sales\/wp-json\/wp\/v2\/pages\/341\/revisions"}],"predecessor-version":[{"id":5800,"href":"https:\/\/agora.xtec.cat\/ies-manuel-sales\/wp-json\/wp\/v2\/pages\/341\/revisions\/5800"}],"wp:attachment":[{"href":"https:\/\/agora.xtec.cat\/ies-manuel-sales\/wp-json\/wp\/v2\/media?parent=341"}],"curies":[{"name":"wp","href":"https:\/\/api.w.org\/{rel}","templated":true}]}}